{"id":26164,"date":"2025-03-28T14:31:57","date_gmt":"2025-03-28T06:31:57","guid":{"rendered":"https:\/\/fizzyvape.eu\/product\/fizzy-boom-blabar-vattenmelon-bubblegum-13000-puffs\/"},"modified":"2025-03-28T14:31:57","modified_gmt":"2025-03-28T06:31:57","slug":"fizzy-boom-blabar-vattenmelon-bubblegum-13000-puffs","status":"publish","type":"product","link":"https:\/\/fizzyvape.eu\/sv\/produkt\/fizzy-boom-blabar-vattenmelon-bubblegum-13000-puffs\/","title":{"rendered":"Fizzy Boom Bl\u00e5b\u00e4r Vattenmelon Bubblegum &#8211; 13000 Puffs"},"content":{"rendered":"<div>\n<h2><strong>Fizzy Boom Bl\u00e5b\u00e4r Vattenmelon Bubblegum 13000 Puffs &#8211; Premium Nostalgisk Frukt Fusion Eng\u00e5ngs Vape<\/strong><\/h2>\n<p>Kliv upp f\u00f6r att uppleva <strong>Fizzy Boom Blueberry Watermelon Bubblegum 13000 Puffs<\/strong> &#8211; d\u00e4r fyllig bl\u00e5b\u00e4rssyrlighet (6\/10) kolliderar med saftig vattenmelons\u00f6tma (7\/10), allt f\u00f6rpackat i en barndomsfavorit bubblegum twist (5\/10), avslutad med en lekfull 4\/10 isig utandning. Denna premium eng\u00e5ngsbl\u00e5sare levererar <strong>13 000 ultrasmidiga bloss<\/strong> av denna karnevalinspirerade smak i v\u00e5r <strong>eleganta, mattlackade<\/strong> design med <strong>dubbla n\u00e4tspolar<\/strong> f\u00f6r maximal smak och molnproduktion. <\/p>\n<h3><strong>Varf\u00f6r v\u00e4lja Fizzy Boom Blueberry Watermelon Bubblegum 13000 Puffs?<\/strong><\/h3>\n<p>\ud83e\uded0 <strong>Triple Flavor Wonderland<\/strong> &#8211; 40% syrlighet av bl\u00e5b\u00e4r, 40% saftighet av vattenmelon, 20% nostalgi av bubbelgum (ingen artificiell eftersmak)<br \/>\n\ud83c\udf6c <strong>Lekfull Iced Finish<\/strong> &#8211; 4\/10 kylniv\u00e5 g\u00f6r den rolig och uppfriskande<br \/>\n\u26a1 <strong>F\u00f6rl\u00e4ngd 13.000 puffar<\/strong> &#8211; r\u00e4cker i 3-4 veckor (b\u00e4ttre \u00e4n vanliga eng\u00e5ngsartiklar)<br \/>\n\ud83d\udd0b <strong>Smart USB-C-laddning<\/strong> &#8211; Fullt uppladdningsbar f\u00f6r att njuta av alla 21 ml e-juice<br \/>\n\ud83d\udc8e <strong>Premium Circus-Tent Design<\/strong> &#8211; Levande f\u00e4rgschema med l\u00e4ckages\u00e4ker konstruktion <\/p>\n<h3><strong>Nikotinalternativ:<\/strong><\/h3>\n<p>&#8211; 2% (20mg\/mL) &#8211; Smidig upplevelse f\u00f6r avslappnade vapers<br \/>\n&#8211; 5% (50mg\/mL) &#8211; Tillfredsst\u00e4llande halshit f\u00f6r tidigare r\u00f6kare<\/p>\n<\/div>\n<div>\n<h3>Specifikationer<\/h3>\n<table>\n<tbody>\n<tr>\n<td>Puffar<\/td>\n<td><strong>13000+ Puffar<\/strong><\/td>\n<\/tr>\n<tr>\n<td>Kapacitet f\u00f6r e-v\u00e4tska<\/td>\n<td><strong>21 ml<\/strong><\/td>\n<\/tr>\n<tr>\n<td>Batteriets kapacitet<\/td>\n<td><strong>650 mAh<\/strong><\/td>\n<\/tr>\n<tr>\n<td>N\u00e4tspole<\/td>\n<td><strong>1.4\u03a9<\/strong><\/td>\n<\/tr>\n<tr>\n<td>Storlek<\/td>\n<td><strong>52,8 * 76,5 * 25 mm<\/strong><\/td>\n<\/tr>\n<tr>\n<td>Eng\u00e5ngsbruk eller inte<\/td>\n<td><strong>Eng\u00e5ngsbruk<\/strong><\/td>\n<\/tr>\n<tr>\n<td>Laddningsmetod<\/td>\n<td><strong>Kabel<\/strong><\/td>\n<\/tr>\n<tr>\n<td>Aktiveringsmetod<\/td>\n<td><strong>Sensor<\/strong><\/td>\n<\/tr>\n<tr>\n<td>Nikotinniv\u00e5<\/td>\n<td><strong>2% (20mg\/mL) &amp; 5% (50mg\/mL)<\/strong><\/td>\n<\/tr>\n<tr>\n<td>Smak\u00e4mnen<\/td>\n<td><strong>12<\/strong><\/td>\n<\/tr>\n<tr>\n<td>F\u00f6rpackning<\/td>\n<td><strong>1 f\u00f6rpackning<\/strong><\/td>\n<\/tr>\n<tr>\n<td>Laddningstid<\/td>\n<td><strong>2 timmar<\/strong><\/td>\n<\/tr>\n<tr>\n<td>F\u00f6rvaring<\/td>\n<td><strong>Undvik milj\u00f6er med h\u00f6ga temperaturer och f\u00f6rvara p\u00e5 en sval och torr plats.<\/strong><\/td>\n<\/tr>\n<tr>\n<td>Personer som \u00e4r f\u00f6rbjudna att anv\u00e4nda<\/td>\n<td><strong>Minder\u00e5riga, gravida kvinnor och personer som \u00e4r allergiska mot produktens ingredienser.<\/strong><\/td>\n<\/tr>\n<tr>\n<td>F\u00f6rsiktighet<\/td>\n<td><strong>Sv\u00e4lj inte detta \u00e4mne. Vid f\u00f6rt\u00e4ring, sk\u00f6lj munnen noggrant och omedelbart. Upps\u00f6k l\u00e4kare om du k\u00e4nner dig d\u00e5lig.  <\/strong><\/td>\n<\/tr>\n<\/tbody>\n<\/table>\n<h3><strong>Fizzy Boom <\/strong>13000 Puffs Smaklista:<\/h3>\n<ol>\n<li><a href=\"https:\/\/fizzyvape.eu\/product\/fizzy-boom-peach-13000-puffs\/\">Persika<\/a><\/li>\n<li><a href=\"https:\/\/fizzyvape.eu\/sv\/produkt\/fizzy-boom-blabarsis-13000-puffar\/\">Bl\u00e5b\u00e4rsis<\/a><\/li>\n<li><a href=\"https:\/\/fizzyvape.eu\/sv\/produkt\/fizzy-boom-grape-ice-13000-puffar\/\">Grape Ice<\/a><\/li>\n<li><a href=\"https:\/\/fizzyvape.eu\/sv\/produkt\/fizzy-boom-jordgubb-13000-puffar\/\">Jordgubbar<\/a><\/li>\n<li><a href=\"https:\/\/fizzyvape.eu\/sv\/produkt\/fizzy-boom-vattenmelon-is-13000-puffar\/\">Vattenmelon-is<\/a><\/li>\n<li><a href=\"https:\/\/fizzyvape.eu\/sv\/produkt\/fizzy-boom-blabar-vattenmelon-bubblegum-13000-puffs\/\">Bl\u00e5b\u00e4r Vattenmelon Bubblegum<\/a><\/li>\n<li><a href=\"https:\/\/fizzyvape.eu\/sv\/produkt\/fizzy-boom-sour-apple-13000-puffar\/\">Surt \u00e4pple<\/a><\/li>\n<li><a href=\"https:\/\/fizzyvape.eu\/sv\/produkt\/fizzy-boom-vattenmelon-korsbar-13000-puffar\/\">Vattenmelon K\u00f6rsb\u00e4r<\/a><\/li>\n<li><a href=\"https:\/\/fizzyvape.eu\/sv\/produkt\/fizzy-boom-blabar-melon-13000-puffar\/\">Bl\u00e5b\u00e4r Melon<\/a><\/li>\n<li><a href=\"https:\/\/fizzyvape.eu\/sv\/produkt\/fizzy-boom-kiwi-berry-ice-13000-puffar\/\">Kiwi Berry Ice<\/a><\/li>\n<li><a href=\"https:\/\/fizzyvape.eu\/sv\/produkt\/fizzy-boom-blabar-hallon-citron-13000-puffar\/\">Bl\u00e5b\u00e4r Hallon Citron<\/a><\/li>\n<li><a href=\"https:\/\/fizzyvape.eu\/sv\/produkt\/fizzy-boom-jordgubb-vattenmelon-granatapple-13000-puffar\/\">Jordgubb Vattenmelon Granat\u00e4pple<\/a><\/li>\n<\/ol>\n<h3>Vanliga fr\u00e5gor om Fizzy Boom Blueberry Watermelon Bubblegum Vape<\/h3>\n<ul>\n<li class=\"\" data-start=\"68\" data-end=\"336\">\n<p class=\"\" data-start=\"71\" data-end=\"336\"><strong data-start=\"71\" data-end=\"153\">Vilka smaker kan jag f\u00f6rv\u00e4nta mig av Fizzy Great Pineapple Peach Passion Fruit Vape?<\/strong><br data-start=\"153\" data-end=\"156\">Fizzy Great erbjuder en tropisk blandning av syrlig ananas, saftig persika och exotisk passionsfrukt, perfekt balanserad med en uppfriskande isig utandning f\u00f6r en smidig r\u00f6kupplevelse.<\/p>\n<\/li>\n<li class=\"\" data-start=\"338\" data-end=\"556\">\n<p class=\"\" data-start=\"341\" data-end=\"556\"><strong data-start=\"341\" data-end=\"415\">Hur l\u00e4nge h\u00e5ller Fizzy Great Pineapple Peach Passion Fruit Vape?<\/strong><br data-start=\"415\" data-end=\"418\">Med en h\u00f6gkapacitetsdesign levererar denna eng\u00e5ngsvape <strong data-start=\"480\" data-end=\"497\">13 000+ puffar<\/strong>, vilket varar cirka <strong data-start=\"521\" data-end=\"534\">3-4 veckor<\/strong> beroende p\u00e5 anv\u00e4ndning.<\/p>\n<\/li>\n<li class=\"\" data-start=\"558\" data-end=\"739\">\n<p class=\"\" data-start=\"561\" data-end=\"739\"><strong data-start=\"561\" data-end=\"602\">\u00c4r Fizzy Great vape uppladdningsbar?<\/strong><br data-start=\"602\" data-end=\"605\">Ja! Den har <strong data-start=\"625\" data-end=\"648\">snabbladdning via USB-C<\/strong>, s\u00e5 att du f\u00e5r ut mesta m\u00f6jliga av dess <strong data-start=\"687\" data-end=\"713\">21 ml e-juice-kapacitet<\/strong> utan att sl\u00f6sa en droppe. <\/p>\n<\/li>\n<li class=\"\" data-start=\"741\" data-end=\"949\">\n<p class=\"\" data-start=\"744\" data-end=\"949\"><strong data-start=\"744\" data-end=\"786\">Vilka nikotinstyrkor finns tillg\u00e4ngliga?<\/strong><br data-start=\"786\" data-end=\"789\">Denna vape finns i tv\u00e5 alternativ: <strong data-start=\"824\" data-end=\"840\">2% (20mg\/mL)<\/strong> f\u00f6r en mjuk upplevelse och <strong data-start=\"869\" data-end=\"885\">5% (50mg\/mL<\/strong> ) f\u00f6r en starkare halseffekt, vilket tillgodoser olika preferenser.<\/p>\n<\/li>\n<\/ul>\n<\/div>\n","protected":false},"excerpt":{"rendered":"<p>Upplev <strong>Fizzy Boom Blueberry Watermelon Bubblegum 13 000 puffar<\/strong>, en blandning av syrliga bl\u00e5b\u00e4r, fruktig vattenmelon och klassiska bubbelgumsmaker med 4\/10 cool is, 13 000+ puffar av len r\u00f6k och USB-C-laddning f\u00f6r l\u00e5ng livsl\u00e4ngd!<\/p>\n","protected":false},"featured_media":21177,"comment_status":"open","ping_status":"closed","template":"","meta":{"iawp_total_views":0},"product_brand":[],"product_cat":[318],"product_tag":[319],"class_list":{"0":"post-26164","1":"product","2":"type-product","3":"status-publish","4":"has-post-thumbnail","6":"product_cat-boom-sv","7":"product_tag-13000-puffar","9":"first","10":"outofstock","11":"shipping-taxable","12":"purchasable","13":"product-type-variable"},"yoast_head":"<!-- This site is optimized with the Yoast SEO Premium plugin v24.8 (Yoast SEO v24.8) - https:\/\/yoast.com\/wordpress\/plugins\/seo\/ -->\n<title>Fizzy Boom Bl\u00e5b\u00e4r Vattenmelon Bubblegum - 13000 Puffs - fizzyvape.eu<\/title>\n<meta name=\"robots\" content=\"index, follow, max-snippet:-1, max-image-preview:large, max-video-preview:-1\" \/>\n<link rel=\"canonical\" href=\"https:\/\/fizzyvape.eu\/sv\/produkt\/fizzy-boom-blabar-vattenmelon-bubblegum-13000-puffs\/\" \/>\n<meta property=\"og:locale\" content=\"sv_SE\" \/>\n<meta property=\"og:type\" content=\"article\" \/>\n<meta property=\"og:title\" content=\"Fizzy Boom Bl\u00e5b\u00e4r Vattenmelon Bubblegum - 13000 Puffs\" \/>\n<meta property=\"og:description\" content=\"Upplev Fizzy Boom Blueberry Watermelon Bubblegum 13 000 puffar, en blandning av syrliga bl\u00e5b\u00e4r, fruktig vattenmelon och klassiska bubbelgumsmaker med 4\/10 cool is, 13 000+ puffar av len r\u00f6k och USB-C-laddning f\u00f6r l\u00e5ng livsl\u00e4ngd!\" \/>\n<meta property=\"og:url\" content=\"https:\/\/fizzyvape.eu\/sv\/produkt\/fizzy-boom-blabar-vattenmelon-bubblegum-13000-puffs\/\" \/>\n<meta property=\"og:site_name\" content=\"fizzyvape.eu\" \/>\n<meta property=\"og:image\" content=\"https:\/\/www.fizzyvape.eu\/wp-content\/uploads\/2025\/03\/FizzyVape-Boom-Blueberry-Watermelon-Bubblegum-13000puff-4.jpg\" \/>\n\t<meta property=\"og:image:width\" content=\"1500\" \/>\n\t<meta property=\"og:image:height\" content=\"1500\" \/>\n\t<meta property=\"og:image:type\" content=\"image\/jpeg\" \/>\n<meta name=\"twitter:card\" content=\"summary_large_image\" \/>\n<meta name=\"twitter:label1\" content=\"Tillg\u00e4nglig\" \/>\n\t<meta name=\"twitter:data1\" content=\"Slut i lager\" \/>\n<script type=\"application\/ld+json\" class=\"yoast-schema-graph\">{\"@context\":\"https:\/\/schema.org\",\"@graph\":[{\"@type\":\"WebPage\",\"@id\":\"https:\/\/fizzyvape.eu\/sv\/produkt\/fizzy-boom-blabar-vattenmelon-bubblegum-13000-puffs\/\",\"url\":\"https:\/\/fizzyvape.eu\/sv\/produkt\/fizzy-boom-blabar-vattenmelon-bubblegum-13000-puffs\/\",\"name\":\"Fizzy Boom Bl\u00e5b\u00e4r Vattenmelon Bubblegum - 13000 Puffs - fizzyvape.eu\",\"isPartOf\":{\"@id\":\"https:\/\/www.fizzyvape.eu\/sv\/#website\"},\"primaryImageOfPage\":{\"@id\":\"https:\/\/fizzyvape.eu\/sv\/produkt\/fizzy-boom-blabar-vattenmelon-bubblegum-13000-puffs\/#primaryimage\"},\"image\":{\"@id\":\"https:\/\/fizzyvape.eu\/sv\/produkt\/fizzy-boom-blabar-vattenmelon-bubblegum-13000-puffs\/#primaryimage\"},\"thumbnailUrl\":\"https:\/\/fizzyvape.eu\/wp-content\/uploads\/2025\/03\/FizzyVape-Boom-Blueberry-Watermelon-Bubblegum-13000puff-4.jpg\",\"datePublished\":\"2025-03-28T06:31:57+00:00\",\"breadcrumb\":{\"@id\":\"https:\/\/fizzyvape.eu\/sv\/produkt\/fizzy-boom-blabar-vattenmelon-bubblegum-13000-puffs\/#breadcrumb\"},\"inLanguage\":\"sv-SE\",\"potentialAction\":[{\"@type\":\"ReadAction\",\"target\":[\"https:\/\/fizzyvape.eu\/sv\/produkt\/fizzy-boom-blabar-vattenmelon-bubblegum-13000-puffs\/\"]}]},{\"@type\":\"ImageObject\",\"inLanguage\":\"sv-SE\",\"@id\":\"https:\/\/fizzyvape.eu\/sv\/produkt\/fizzy-boom-blabar-vattenmelon-bubblegum-13000-puffs\/#primaryimage\",\"url\":\"https:\/\/fizzyvape.eu\/wp-content\/uploads\/2025\/03\/FizzyVape-Boom-Blueberry-Watermelon-Bubblegum-13000puff-4.jpg\",\"contentUrl\":\"https:\/\/fizzyvape.eu\/wp-content\/uploads\/2025\/03\/FizzyVape-Boom-Blueberry-Watermelon-Bubblegum-13000puff-4.jpg\",\"width\":1500,\"height\":1500,\"caption\":\"FizzyVape-Boom-Blueberry Watermelon-Bubblegum-13000puff\"},{\"@type\":\"BreadcrumbList\",\"@id\":\"https:\/\/fizzyvape.eu\/sv\/produkt\/fizzy-boom-blabar-vattenmelon-bubblegum-13000-puffs\/#breadcrumb\",\"itemListElement\":[{\"@type\":\"ListItem\",\"position\":1,\"name\":\"Home\",\"item\":\"https:\/\/fizzyvape.eu\/sv\/\"},{\"@type\":\"ListItem\",\"position\":2,\"name\":\"Butik\",\"item\":\"https:\/\/fizzyvape.eu\/sv\/butik\/\"},{\"@type\":\"ListItem\",\"position\":3,\"name\":\"Fizzy Boom Bl\u00e5b\u00e4r Vattenmelon Bubblegum &#8211; 13000 Puffs\"}]},{\"@type\":\"WebSite\",\"@id\":\"https:\/\/www.fizzyvape.eu\/sv\/#website\",\"url\":\"https:\/\/www.fizzyvape.eu\/sv\/\",\"name\":\"fizzyvape.eu\",\"description\":\"Refreshing Vapes. Unforgettable Taste.\",\"publisher\":{\"@id\":\"https:\/\/www.fizzyvape.eu\/sv\/#organization\"},\"potentialAction\":[{\"@type\":\"SearchAction\",\"target\":{\"@type\":\"EntryPoint\",\"urlTemplate\":\"https:\/\/www.fizzyvape.eu\/sv\/?s={search_term_string}\"},\"query-input\":{\"@type\":\"PropertyValueSpecification\",\"valueRequired\":true,\"valueName\":\"search_term_string\"}}],\"inLanguage\":\"sv-SE\"},{\"@type\":\"Organization\",\"@id\":\"https:\/\/www.fizzyvape.eu\/sv\/#organization\",\"name\":\"fizzyvape.eu\",\"url\":\"https:\/\/www.fizzyvape.eu\/sv\/\",\"logo\":{\"@type\":\"ImageObject\",\"inLanguage\":\"sv-SE\",\"@id\":\"https:\/\/www.fizzyvape.eu\/sv\/#\/schema\/logo\/image\/\",\"url\":\"https:\/\/fizzyvape.eu\/wp-content\/uploads\/2019\/06\/print-1.svg\",\"contentUrl\":\"https:\/\/fizzyvape.eu\/wp-content\/uploads\/2019\/06\/print-1.svg\",\"width\":124,\"height\":37,\"caption\":\"fizzyvape.eu\"},\"image\":{\"@id\":\"https:\/\/www.fizzyvape.eu\/sv\/#\/schema\/logo\/image\/\"}}]}<\/script>\n<meta property=\"og:availability\" content=\"out of stock\" \/>\n<meta property=\"product:availability\" content=\"out of stock\" \/>\n<meta property=\"product:condition\" content=\"new\" \/>\n<!-- \/ Yoast SEO Premium plugin. -->","yoast_head_json":{"title":"Fizzy Boom Bl\u00e5b\u00e4r Vattenmelon Bubblegum - 13000 Puffs - fizzyvape.eu","robots":{"index":"index","follow":"follow","max-snippet":"max-snippet:-1","max-image-preview":"max-image-preview:large","max-video-preview":"max-video-preview:-1"},"canonical":"https:\/\/fizzyvape.eu\/sv\/produkt\/fizzy-boom-blabar-vattenmelon-bubblegum-13000-puffs\/","og_locale":"sv_SE","og_type":"article","og_title":"Fizzy Boom Bl\u00e5b\u00e4r Vattenmelon Bubblegum - 13000 Puffs","og_description":"Upplev Fizzy Boom Blueberry Watermelon Bubblegum 13 000 puffar, en blandning av syrliga bl\u00e5b\u00e4r, fruktig vattenmelon och klassiska bubbelgumsmaker med 4\/10 cool is, 13 000+ puffar av len r\u00f6k och USB-C-laddning f\u00f6r l\u00e5ng livsl\u00e4ngd!","og_url":"https:\/\/fizzyvape.eu\/sv\/produkt\/fizzy-boom-blabar-vattenmelon-bubblegum-13000-puffs\/","og_site_name":"fizzyvape.eu","og_image":[{"width":1500,"height":1500,"url":"https:\/\/www.fizzyvape.eu\/wp-content\/uploads\/2025\/03\/FizzyVape-Boom-Blueberry-Watermelon-Bubblegum-13000puff-4.jpg","type":"image\/jpeg"}],"twitter_card":"summary_large_image","twitter_misc":{"Tillg\u00e4nglig":"Slut i lager"},"schema":{"@context":"https:\/\/schema.org","@graph":[{"@type":"WebPage","@id":"https:\/\/fizzyvape.eu\/sv\/produkt\/fizzy-boom-blabar-vattenmelon-bubblegum-13000-puffs\/","url":"https:\/\/fizzyvape.eu\/sv\/produkt\/fizzy-boom-blabar-vattenmelon-bubblegum-13000-puffs\/","name":"Fizzy Boom Bl\u00e5b\u00e4r Vattenmelon Bubblegum - 13000 Puffs - fizzyvape.eu","isPartOf":{"@id":"https:\/\/www.fizzyvape.eu\/sv\/#website"},"primaryImageOfPage":{"@id":"https:\/\/fizzyvape.eu\/sv\/produkt\/fizzy-boom-blabar-vattenmelon-bubblegum-13000-puffs\/#primaryimage"},"image":{"@id":"https:\/\/fizzyvape.eu\/sv\/produkt\/fizzy-boom-blabar-vattenmelon-bubblegum-13000-puffs\/#primaryimage"},"thumbnailUrl":"https:\/\/fizzyvape.eu\/wp-content\/uploads\/2025\/03\/FizzyVape-Boom-Blueberry-Watermelon-Bubblegum-13000puff-4.jpg","datePublished":"2025-03-28T06:31:57+00:00","breadcrumb":{"@id":"https:\/\/fizzyvape.eu\/sv\/produkt\/fizzy-boom-blabar-vattenmelon-bubblegum-13000-puffs\/#breadcrumb"},"inLanguage":"sv-SE","potentialAction":[{"@type":"ReadAction","target":["https:\/\/fizzyvape.eu\/sv\/produkt\/fizzy-boom-blabar-vattenmelon-bubblegum-13000-puffs\/"]}]},{"@type":"ImageObject","inLanguage":"sv-SE","@id":"https:\/\/fizzyvape.eu\/sv\/produkt\/fizzy-boom-blabar-vattenmelon-bubblegum-13000-puffs\/#primaryimage","url":"https:\/\/fizzyvape.eu\/wp-content\/uploads\/2025\/03\/FizzyVape-Boom-Blueberry-Watermelon-Bubblegum-13000puff-4.jpg","contentUrl":"https:\/\/fizzyvape.eu\/wp-content\/uploads\/2025\/03\/FizzyVape-Boom-Blueberry-Watermelon-Bubblegum-13000puff-4.jpg","width":1500,"height":1500,"caption":"FizzyVape-Boom-Blueberry Watermelon-Bubblegum-13000puff"},{"@type":"BreadcrumbList","@id":"https:\/\/fizzyvape.eu\/sv\/produkt\/fizzy-boom-blabar-vattenmelon-bubblegum-13000-puffs\/#breadcrumb","itemListElement":[{"@type":"ListItem","position":1,"name":"Home","item":"https:\/\/fizzyvape.eu\/sv\/"},{"@type":"ListItem","position":2,"name":"Butik","item":"https:\/\/fizzyvape.eu\/sv\/butik\/"},{"@type":"ListItem","position":3,"name":"Fizzy Boom Bl\u00e5b\u00e4r Vattenmelon Bubblegum &#8211; 13000 Puffs"}]},{"@type":"WebSite","@id":"https:\/\/www.fizzyvape.eu\/sv\/#website","url":"https:\/\/www.fizzyvape.eu\/sv\/","name":"fizzyvape.eu","description":"Refreshing Vapes. Unforgettable Taste.","publisher":{"@id":"https:\/\/www.fizzyvape.eu\/sv\/#organization"},"potentialAction":[{"@type":"SearchAction","target":{"@type":"EntryPoint","urlTemplate":"https:\/\/www.fizzyvape.eu\/sv\/?s={search_term_string}"},"query-input":{"@type":"PropertyValueSpecification","valueRequired":true,"valueName":"search_term_string"}}],"inLanguage":"sv-SE"},{"@type":"Organization","@id":"https:\/\/www.fizzyvape.eu\/sv\/#organization","name":"fizzyvape.eu","url":"https:\/\/www.fizzyvape.eu\/sv\/","logo":{"@type":"ImageObject","inLanguage":"sv-SE","@id":"https:\/\/www.fizzyvape.eu\/sv\/#\/schema\/logo\/image\/","url":"https:\/\/fizzyvape.eu\/wp-content\/uploads\/2019\/06\/print-1.svg","contentUrl":"https:\/\/fizzyvape.eu\/wp-content\/uploads\/2019\/06\/print-1.svg","width":124,"height":37,"caption":"fizzyvape.eu"},"image":{"@id":"https:\/\/www.fizzyvape.eu\/sv\/#\/schema\/logo\/image\/"}}]},"og_availability":"out of stock","product_availability":"out of stock","product_condition":"new"},"tiered_pricing_type":"fixed","tiered_pricing_fixed_rules":[],"tiered_pricing_product_settings":{"layout":"default","base_unit_name":{"singular":null,"plural":null},"default_variation":null},"tiered_pricing_minimum_quantity":null,"tiered_pricing_roles_data":[],"tiered_pricing_percentage_rules":[],"tiered_pricing_maximum_quantity":null,"tiered_pricing_quantity_step":null,"_links":{"self":[{"href":"https:\/\/fizzyvape.eu\/sv\/wp-json\/wp\/v2\/product\/26164","targetHints":{"allow":["GET"]}}],"collection":[{"href":"https:\/\/fizzyvape.eu\/sv\/wp-json\/wp\/v2\/product"}],"about":[{"href":"https:\/\/fizzyvape.eu\/sv\/wp-json\/wp\/v2\/types\/product"}],"replies":[{"embeddable":true,"href":"https:\/\/fizzyvape.eu\/sv\/wp-json\/wp\/v2\/comments?post=26164"}],"version-history":[{"count":0,"href":"https:\/\/fizzyvape.eu\/sv\/wp-json\/wp\/v2\/product\/26164\/revisions"}],"wp:featuredmedia":[{"embeddable":true,"href":"https:\/\/fizzyvape.eu\/sv\/wp-json\/wp\/v2\/media\/21177"}],"wp:attachment":[{"href":"https:\/\/fizzyvape.eu\/sv\/wp-json\/wp\/v2\/media?parent=26164"}],"wp:term":[{"taxonomy":"product_brand","embeddable":true,"href":"https:\/\/fizzyvape.eu\/sv\/wp-json\/wp\/v2\/product_brand?post=26164"},{"taxonomy":"product_cat","embeddable":true,"href":"https:\/\/fizzyvape.eu\/sv\/wp-json\/wp\/v2\/product_cat?post=26164"},{"taxonomy":"product_tag","embeddable":true,"href":"https:\/\/fizzyvape.eu\/sv\/wp-json\/wp\/v2\/product_tag?post=26164"}],"curies":[{"name":"wp","href":"https:\/\/api.w.org\/{rel}","templated":true}]}}