{"id":26194,"date":"2025-03-26T16:37:27","date_gmt":"2025-03-26T08:37:27","guid":{"rendered":"https:\/\/fizzyvape.eu\/product\/fizzy-great-mango-peach-10000-puffar\/"},"modified":"2025-03-26T08:37:27","modified_gmt":"2025-03-26T00:37:27","slug":"fizzy-great-mango-peach-10000-puffar","status":"publish","type":"product","link":"https:\/\/fizzyvape.eu\/sv\/produkt\/fizzy-great-mango-peach-10000-puffar\/","title":{"rendered":"Fizzy Great Mango Peach &#8211; 10000 puffar"},"content":{"rendered":"<div>\n<h3><strong>Fizzy Great Mango Peach 10000 Puffs &#8211; Tropisk Duo Lycka i varje puff!<\/strong><\/h3>\n<p>Sk\u00e4m bort dig med den <strong>perfekta tropiska parningen<\/strong> av <strong>solmogna mango och saftiga per<\/strong> sikor med <strong>Fizzy Great Mango Peach 10000 Puffs<\/strong>! Denna premium eng\u00e5ngs vape blandar den <strong>l\u00e4ckra s\u00f6tman av mango<\/strong> med den sl\u00e4ta <strong>, sammetslen smaken av persika<\/strong>, vilket skapar en oemotst\u00e5ndligt uppfriskande vapingupplevelse. Njut av <strong>10 000 ultra-smidiga puffar<\/strong> av denna expertbalanserade smakduo, allt i en <strong>snygg, underh\u00e5llsfri enhet<\/strong> som \u00e4r redo att njuta direkt ur l\u00e5dan.  <\/p>\n<h2><strong>Viktiga funktioner<\/strong><\/h2>\n<p>\u2714 <strong>10 000 puffar<\/strong> &#8211; F\u00f6rl\u00e4ngd vapingnjutning i flera veckor<br \/>\n\u2714 <strong>Mango Peach Fusion<\/strong> &#8211; Tropisk s\u00f6tma m\u00f6ter saftig stenfrukt<br \/>\n\u2714 <strong>Snygg och b\u00e4rbar<\/strong> &#8211; Kompakt, fickv\u00e4nlig design (53\u00d730\u00d785,3 mm)<br \/>\n\u2714 <strong>F\u00f6rfylld och f\u00f6rladdad<\/strong> &#8211; 18 ml e-v\u00e4tska | 650 mAh batteri<br \/>\n\u2714 <strong>Mesh Coil Technology<\/strong> &#8211; Rik, j\u00e4mn smak och t\u00e4ta moln <\/p>\n<h3><strong>Varf\u00f6r v\u00e4lja Fizzy Great?<\/strong><\/h3>\n<p>\ud83e\udd6d <strong>Premium tropisk smak<\/strong> &#8211; Labbtestad f\u00f6r autentisk fruktsmak<br \/>\n\ud83d\udd0b <strong>Prestanda hela dagen<\/strong> &#8211; stor kapacitet f\u00f6r e-v\u00e4tska och batteri med l\u00e5ng livsl\u00e4ngd<br \/>\n\u2708\ufe0f <strong>Resev\u00e4nlig<\/strong> &#8211; L\u00e4cks\u00e4ker och TSA-kompatibel (d\u00e4r det \u00e4r till\u00e5tet)<br \/>\n\u26a1 <strong>Omedelbar tillfredsst\u00e4llelse<\/strong> &#8211; ingen laddning eller p\u00e5fyllning beh\u00f6vs <\/p>\n<h3>Paketets inneh\u00e5ll<\/h3>\n<p>1 \u00d7 Fizzy Great Mango Peach 10000 Puffs Enhet<\/p>\n<\/div>\n<div>\n<h3>Specifikationer<\/h3>\n<table>\n<tbody>\n<tr>\n<td>Puffar<\/td>\n<td><strong>10000+ puffar<\/strong><\/td>\n<\/tr>\n<tr>\n<td>Kapacitet f\u00f6r e-v\u00e4tska<\/td>\n<td><strong>18 ml<\/strong><\/td>\n<\/tr>\n<tr>\n<td>Batteriets kapacitet<\/td>\n<td><strong>650 mAh<\/strong><\/td>\n<\/tr>\n<tr>\n<td>N\u00e4tspole<\/td>\n<td><strong>1.4\u03a9<\/strong><\/td>\n<\/tr>\n<tr>\n<td>Storlek<\/td>\n<td><strong>53*30*85,3 mm<\/strong><\/td>\n<\/tr>\n<tr>\n<td>Eng\u00e5ngsbruk eller inte<\/td>\n<td><strong>Eng\u00e5ngsbruk<\/strong><\/td>\n<\/tr>\n<tr>\n<td>Laddningsmetod<\/td>\n<td><strong>Kabel<\/strong><\/td>\n<\/tr>\n<tr>\n<td>Aktiveringsmetod<\/td>\n<td><strong>Sensor<\/strong><\/td>\n<\/tr>\n<tr>\n<td>Nikotinniv\u00e5<\/td>\n<td><strong>5%(50mg\/ml)<\/strong><\/td>\n<\/tr>\n<tr>\n<td>Smak\u00e4mnen<\/td>\n<td><strong>10<\/strong><\/td>\n<\/tr>\n<tr>\n<td>F\u00f6rpackning<\/td>\n<td><strong>1 f\u00f6rpackning<\/strong><\/td>\n<\/tr>\n<tr>\n<td>Laddningstid<\/td>\n<td><strong>2 timmar<\/strong><\/td>\n<\/tr>\n<tr>\n<td>F\u00f6rvaring<\/td>\n<td><strong>Undvik milj\u00f6er med h\u00f6ga temperaturer och f\u00f6rvara p\u00e5 en sval och torr plats.<\/strong><\/td>\n<\/tr>\n<tr>\n<td>Personer som \u00e4r f\u00f6rbjudna att anv\u00e4nda<\/td>\n<td><strong>Minder\u00e5riga, gravida kvinnor och personer som \u00e4r allergiska mot produktens ingredienser.<\/strong><\/td>\n<\/tr>\n<tr>\n<td>F\u00f6rsiktighet<\/td>\n<td><strong>Sv\u00e4lj inte detta \u00e4mne. Vid f\u00f6rt\u00e4ring, sk\u00f6lj munnen noggrant och omedelbart. Upps\u00f6k l\u00e4kare om du k\u00e4nner dig d\u00e5lig.  <\/strong><\/td>\n<\/tr>\n<\/tbody>\n<\/table>\n<h3><strong>Fizzy Great<\/strong> 10000 Puffs Smaklista:<\/h3>\n<ol>\n<li><a href=\"https:\/\/fizzyvape.eu\/product\/fizzy-great-watermelon-10000-puffs\/\">Vattenmelon<\/a><\/li>\n<li><a href=\"https:\/\/fizzyvape.eu\/product\/fizzy-great-blueberry-ice-10000-puffs\/\">Bl\u00e5b\u00e4rsis<\/a><\/li>\n<li><a href=\"https:\/\/fizzyvape.eu\/product\/fizzy-great-grape-ice-10000-puffs\/\">Grape Ice<\/a><\/li>\n<li><a href=\"https:\/\/fizzyvape.eu\/product\/fizzy-great-lychee-lemon-10000-puffs\/\">Lychee Citron<\/a><\/li>\n<li><a href=\"https:\/\/fizzyvape.eu\/product\/fizzy-great-pineapple-peach-passion-fruit-10000-puffs\/\">Ananas Persika Passionsfrukt<\/a><\/li>\n<li><a href=\"https:\/\/fizzyvape.eu\/product\/fizzy-great-raspberry-grape-10000-puffs\/\">Hallon Druva<\/a><\/li>\n<li><a href=\"https:\/\/fizzyvape.eu\/product\/fizzy-great-peach-10000-puffs\/\">Persika<\/a><\/li>\n<li><a href=\"https:\/\/fizzyvape.eu\/sv\/produkt\/fizzy-great-mango-peach-10000-puffar\/\">Mango Persika<\/a><\/li>\n<li><a href=\"https:\/\/fizzyvape.eu\/product\/fizzy-great-mixed-berry-10000-puffs\/\">Blandade b\u00e4r<\/a><\/li>\n<li><a href=\"https:\/\/fizzyvape.eu\/product\/fizzy-great-watermelon-strawberry-lemonade-10000-puffs\/\">Vattenmelon Jordgubbslimonad<\/a><\/li>\n<\/ol>\n<h3><strong>Vanliga fr\u00e5gor om <\/strong><strong>Fizzy Great Mango Peach 10000 Puffs <\/strong><strong>Vape<\/strong><\/h3>\n<ol start=\"1\">\n<li><strong>Hur m\u00e5nga dagar r\u00e4cker de 10.000 puffarna?<\/strong><br \/>\nVanligtvis 1-3 veckor (500-700 puffar\/dag). L\u00e4ttanv\u00e4ndare njuter av 3+ veckor! <\/li>\n<li><strong>\u00c4r mango- eller persikosmaken mer dominerande?<\/strong><br \/>\nDet \u00e4r en perfekt harmoni! Du kommer att smaka den <strong>tropiska mangos\u00f6tman f\u00f6rst<\/strong>, f\u00f6ljt av en <strong>len persikof\u00e4rg &#8211; ingen av dem tar<\/strong>\u00f6ver den andra. <\/li>\n<li><strong>Kr\u00e4ver den h\u00e4r enheten n\u00e5got underh\u00e5ll?<\/strong><br \/>\nNej, inte alls! Fizzy Great Grape Ice \u00e4r en eng\u00e5ngsapparat utan behov av laddning, p\u00e5fyllning eller byte av spole. Anv\u00e4nd den helt enkelt direkt fr\u00e5n f\u00f6rpackningen tills den \u00e4r slut.  <\/li>\n<li><strong>Vilken nikotinstyrka finns tillg\u00e4nglig?<\/strong><br \/>\nDenna enhet inneh\u00e5ller 5% (50 mg) nikotinsalt, vilket ger en tillfredsst\u00e4llande tr\u00e4ff i halsen utan h\u00e5rdhet.<\/li>\n<li><strong>\u00c4r detta l\u00e4mpligt f\u00f6r att vaping hela dagen?<\/strong><br \/>\nAbsolut! E-v\u00e4tskekapaciteten p\u00e5 18 ml och batteriet p\u00e5 650 mAh \u00e4r utformade f\u00f6r anv\u00e4ndning hela dagen. De flesta anv\u00e4ndare tycker att en enhet r\u00e4cker genom deras dagliga aktiviteter utan att beh\u00f6va en backup.  <\/li>\n<\/ol>\n<\/div>\n","protected":false},"excerpt":{"rendered":"<p><strong>Fizzy Great Mango Peach 10000 Puffs<\/strong> &#8211; En <strong>tropisk smakexplosion<\/strong> som blandar <strong>saftig mango<\/strong> och <strong>sammetslen persika<\/strong> i varje puff! Njut av <strong>10 000 ultramjuka puffar<\/strong> av denna perfekt balanserade duo, som drivs av <strong>mesh coil-teknik<\/strong> f\u00f6r rik, j\u00e4mn \u00e5nga. <strong>F\u00f6rfylld, f\u00f6rladdad och klar att anv\u00e4nda &#8211; inget<\/strong>underh\u00e5ll, bara ren tropisk lycka i en snygg, b\u00e4rbar design. <\/p>\n","protected":false},"featured_media":20233,"comment_status":"open","ping_status":"closed","template":"","meta":{"iawp_total_views":0},"product_brand":[],"product_cat":[268],"product_tag":[269,361],"class_list":{"0":"post-26194","1":"product","2":"type-product","3":"status-publish","4":"has-post-thumbnail","6":"product_cat-great-sv","7":"product_tag-10000-puffar","8":"product_tag-mango-persika","10":"first","11":"outofstock","12":"shipping-taxable","13":"purchasable","14":"product-type-variable"},"yoast_head":"<!-- This site is optimized with the Yoast SEO Premium plugin v24.8 (Yoast SEO v24.8) - https:\/\/yoast.com\/wordpress\/plugins\/seo\/ -->\n<title>Fizzy Great Mango Peach - 10000 puffar - fizzyvape.eu<\/title>\n<meta name=\"robots\" content=\"index, follow, max-snippet:-1, max-image-preview:large, max-video-preview:-1\" \/>\n<link rel=\"canonical\" href=\"https:\/\/fizzyvape.eu\/sv\/produkt\/fizzy-great-mango-peach-10000-puffar\/\" \/>\n<meta property=\"og:locale\" content=\"sv_SE\" \/>\n<meta property=\"og:type\" content=\"article\" \/>\n<meta property=\"og:title\" content=\"Fizzy Great Mango Peach - 10000 puffar\" \/>\n<meta property=\"og:description\" content=\"Fizzy Great Mango Peach 10000 Puffs - En tropisk smakexplosion som blandar saftig mango och sammetslen persika i varje puff! Njut av 10 000 ultramjuka puffar av denna perfekt balanserade duo, som drivs av mesh coil-teknik f\u00f6r rik, j\u00e4mn \u00e5nga. F\u00f6rfylld, f\u00f6rladdad och klar att anv\u00e4nda - ingetunderh\u00e5ll, bara ren tropisk lycka i en snygg, b\u00e4rbar design.\" \/>\n<meta property=\"og:url\" content=\"https:\/\/fizzyvape.eu\/sv\/produkt\/fizzy-great-mango-peach-10000-puffar\/\" \/>\n<meta property=\"og:site_name\" content=\"fizzyvape.eu\" \/>\n<meta property=\"og:image\" content=\"https:\/\/fizzyvape.eu\/wp-content\/uploads\/2025\/03\/FizzyVape-Great-Mango-Peach-10000puff.jpg\" \/>\n\t<meta property=\"og:image:width\" content=\"1057\" \/>\n\t<meta property=\"og:image:height\" content=\"1037\" \/>\n\t<meta property=\"og:image:type\" content=\"image\/jpeg\" \/>\n<meta name=\"twitter:card\" content=\"summary_large_image\" \/>\n<meta name=\"twitter:label1\" content=\"Tillg\u00e4nglig\" \/>\n\t<meta name=\"twitter:data1\" content=\"Slut i lager\" \/>\n<script type=\"application\/ld+json\" class=\"yoast-schema-graph\">{\"@context\":\"https:\/\/schema.org\",\"@graph\":[{\"@type\":\"WebPage\",\"@id\":\"https:\/\/fizzyvape.eu\/sv\/produkt\/fizzy-great-mango-peach-10000-puffar\/\",\"url\":\"https:\/\/fizzyvape.eu\/sv\/produkt\/fizzy-great-mango-peach-10000-puffar\/\",\"name\":\"Fizzy Great Mango Peach - 10000 puffar - fizzyvape.eu\",\"isPartOf\":{\"@id\":\"https:\/\/www.fizzyvape.eu\/sv\/#website\"},\"primaryImageOfPage\":{\"@id\":\"https:\/\/fizzyvape.eu\/sv\/produkt\/fizzy-great-mango-peach-10000-puffar\/#primaryimage\"},\"image\":{\"@id\":\"https:\/\/fizzyvape.eu\/sv\/produkt\/fizzy-great-mango-peach-10000-puffar\/#primaryimage\"},\"thumbnailUrl\":\"https:\/\/fizzyvape.eu\/wp-content\/uploads\/2025\/03\/FizzyVape-Great-Mango-Peach-10000puff.jpg\",\"datePublished\":\"2025-03-26T08:37:27+00:00\",\"breadcrumb\":{\"@id\":\"https:\/\/fizzyvape.eu\/sv\/produkt\/fizzy-great-mango-peach-10000-puffar\/#breadcrumb\"},\"inLanguage\":\"sv-SE\",\"potentialAction\":[{\"@type\":\"ReadAction\",\"target\":[\"https:\/\/fizzyvape.eu\/sv\/produkt\/fizzy-great-mango-peach-10000-puffar\/\"]}]},{\"@type\":\"ImageObject\",\"inLanguage\":\"sv-SE\",\"@id\":\"https:\/\/fizzyvape.eu\/sv\/produkt\/fizzy-great-mango-peach-10000-puffar\/#primaryimage\",\"url\":\"https:\/\/fizzyvape.eu\/wp-content\/uploads\/2025\/03\/FizzyVape-Great-Mango-Peach-10000puff.jpg\",\"contentUrl\":\"https:\/\/fizzyvape.eu\/wp-content\/uploads\/2025\/03\/FizzyVape-Great-Mango-Peach-10000puff.jpg\",\"width\":1057,\"height\":1037,\"caption\":\"FizzyVape-Great-Mango Peach-10000puff\"},{\"@type\":\"BreadcrumbList\",\"@id\":\"https:\/\/fizzyvape.eu\/sv\/produkt\/fizzy-great-mango-peach-10000-puffar\/#breadcrumb\",\"itemListElement\":[{\"@type\":\"ListItem\",\"position\":1,\"name\":\"Home\",\"item\":\"https:\/\/fizzyvape.eu\/sv\/\"},{\"@type\":\"ListItem\",\"position\":2,\"name\":\"Butik\",\"item\":\"https:\/\/fizzyvape.eu\/sv\/butik\/\"},{\"@type\":\"ListItem\",\"position\":3,\"name\":\"Fizzy Great Mango Peach &#8211; 10000 puffar\"}]},{\"@type\":\"WebSite\",\"@id\":\"https:\/\/www.fizzyvape.eu\/sv\/#website\",\"url\":\"https:\/\/www.fizzyvape.eu\/sv\/\",\"name\":\"fizzyvape.eu\",\"description\":\"Refreshing Vapes. Unforgettable Taste.\",\"publisher\":{\"@id\":\"https:\/\/www.fizzyvape.eu\/sv\/#organization\"},\"potentialAction\":[{\"@type\":\"SearchAction\",\"target\":{\"@type\":\"EntryPoint\",\"urlTemplate\":\"https:\/\/www.fizzyvape.eu\/sv\/?s={search_term_string}\"},\"query-input\":{\"@type\":\"PropertyValueSpecification\",\"valueRequired\":true,\"valueName\":\"search_term_string\"}}],\"inLanguage\":\"sv-SE\"},{\"@type\":\"Organization\",\"@id\":\"https:\/\/www.fizzyvape.eu\/sv\/#organization\",\"name\":\"fizzyvape.eu\",\"url\":\"https:\/\/www.fizzyvape.eu\/sv\/\",\"logo\":{\"@type\":\"ImageObject\",\"inLanguage\":\"sv-SE\",\"@id\":\"https:\/\/www.fizzyvape.eu\/sv\/#\/schema\/logo\/image\/\",\"url\":\"https:\/\/fizzyvape.eu\/wp-content\/uploads\/2019\/06\/print-1.svg\",\"contentUrl\":\"https:\/\/fizzyvape.eu\/wp-content\/uploads\/2019\/06\/print-1.svg\",\"width\":124,\"height\":37,\"caption\":\"fizzyvape.eu\"},\"image\":{\"@id\":\"https:\/\/www.fizzyvape.eu\/sv\/#\/schema\/logo\/image\/\"}}]}<\/script>\n<meta property=\"og:availability\" content=\"out of stock\" \/>\n<meta property=\"product:availability\" content=\"out of stock\" \/>\n<meta property=\"product:condition\" content=\"new\" \/>\n<!-- \/ Yoast SEO Premium plugin. -->","yoast_head_json":{"title":"Fizzy Great Mango Peach - 10000 puffar - fizzyvape.eu","robots":{"index":"index","follow":"follow","max-snippet":"max-snippet:-1","max-image-preview":"max-image-preview:large","max-video-preview":"max-video-preview:-1"},"canonical":"https:\/\/fizzyvape.eu\/sv\/produkt\/fizzy-great-mango-peach-10000-puffar\/","og_locale":"sv_SE","og_type":"article","og_title":"Fizzy Great Mango Peach - 10000 puffar","og_description":"Fizzy Great Mango Peach 10000 Puffs - En tropisk smakexplosion som blandar saftig mango och sammetslen persika i varje puff! Njut av 10 000 ultramjuka puffar av denna perfekt balanserade duo, som drivs av mesh coil-teknik f\u00f6r rik, j\u00e4mn \u00e5nga. F\u00f6rfylld, f\u00f6rladdad och klar att anv\u00e4nda - ingetunderh\u00e5ll, bara ren tropisk lycka i en snygg, b\u00e4rbar design.","og_url":"https:\/\/fizzyvape.eu\/sv\/produkt\/fizzy-great-mango-peach-10000-puffar\/","og_site_name":"fizzyvape.eu","og_image":[{"width":1057,"height":1037,"url":"https:\/\/fizzyvape.eu\/wp-content\/uploads\/2025\/03\/FizzyVape-Great-Mango-Peach-10000puff.jpg","type":"image\/jpeg"}],"twitter_card":"summary_large_image","twitter_misc":{"Tillg\u00e4nglig":"Slut i lager"},"schema":{"@context":"https:\/\/schema.org","@graph":[{"@type":"WebPage","@id":"https:\/\/fizzyvape.eu\/sv\/produkt\/fizzy-great-mango-peach-10000-puffar\/","url":"https:\/\/fizzyvape.eu\/sv\/produkt\/fizzy-great-mango-peach-10000-puffar\/","name":"Fizzy Great Mango Peach - 10000 puffar - fizzyvape.eu","isPartOf":{"@id":"https:\/\/www.fizzyvape.eu\/sv\/#website"},"primaryImageOfPage":{"@id":"https:\/\/fizzyvape.eu\/sv\/produkt\/fizzy-great-mango-peach-10000-puffar\/#primaryimage"},"image":{"@id":"https:\/\/fizzyvape.eu\/sv\/produkt\/fizzy-great-mango-peach-10000-puffar\/#primaryimage"},"thumbnailUrl":"https:\/\/fizzyvape.eu\/wp-content\/uploads\/2025\/03\/FizzyVape-Great-Mango-Peach-10000puff.jpg","datePublished":"2025-03-26T08:37:27+00:00","breadcrumb":{"@id":"https:\/\/fizzyvape.eu\/sv\/produkt\/fizzy-great-mango-peach-10000-puffar\/#breadcrumb"},"inLanguage":"sv-SE","potentialAction":[{"@type":"ReadAction","target":["https:\/\/fizzyvape.eu\/sv\/produkt\/fizzy-great-mango-peach-10000-puffar\/"]}]},{"@type":"ImageObject","inLanguage":"sv-SE","@id":"https:\/\/fizzyvape.eu\/sv\/produkt\/fizzy-great-mango-peach-10000-puffar\/#primaryimage","url":"https:\/\/fizzyvape.eu\/wp-content\/uploads\/2025\/03\/FizzyVape-Great-Mango-Peach-10000puff.jpg","contentUrl":"https:\/\/fizzyvape.eu\/wp-content\/uploads\/2025\/03\/FizzyVape-Great-Mango-Peach-10000puff.jpg","width":1057,"height":1037,"caption":"FizzyVape-Great-Mango Peach-10000puff"},{"@type":"BreadcrumbList","@id":"https:\/\/fizzyvape.eu\/sv\/produkt\/fizzy-great-mango-peach-10000-puffar\/#breadcrumb","itemListElement":[{"@type":"ListItem","position":1,"name":"Home","item":"https:\/\/fizzyvape.eu\/sv\/"},{"@type":"ListItem","position":2,"name":"Butik","item":"https:\/\/fizzyvape.eu\/sv\/butik\/"},{"@type":"ListItem","position":3,"name":"Fizzy Great Mango Peach &#8211; 10000 puffar"}]},{"@type":"WebSite","@id":"https:\/\/www.fizzyvape.eu\/sv\/#website","url":"https:\/\/www.fizzyvape.eu\/sv\/","name":"fizzyvape.eu","description":"Refreshing Vapes. Unforgettable Taste.","publisher":{"@id":"https:\/\/www.fizzyvape.eu\/sv\/#organization"},"potentialAction":[{"@type":"SearchAction","target":{"@type":"EntryPoint","urlTemplate":"https:\/\/www.fizzyvape.eu\/sv\/?s={search_term_string}"},"query-input":{"@type":"PropertyValueSpecification","valueRequired":true,"valueName":"search_term_string"}}],"inLanguage":"sv-SE"},{"@type":"Organization","@id":"https:\/\/www.fizzyvape.eu\/sv\/#organization","name":"fizzyvape.eu","url":"https:\/\/www.fizzyvape.eu\/sv\/","logo":{"@type":"ImageObject","inLanguage":"sv-SE","@id":"https:\/\/www.fizzyvape.eu\/sv\/#\/schema\/logo\/image\/","url":"https:\/\/fizzyvape.eu\/wp-content\/uploads\/2019\/06\/print-1.svg","contentUrl":"https:\/\/fizzyvape.eu\/wp-content\/uploads\/2019\/06\/print-1.svg","width":124,"height":37,"caption":"fizzyvape.eu"},"image":{"@id":"https:\/\/www.fizzyvape.eu\/sv\/#\/schema\/logo\/image\/"}}]},"og_availability":"out of stock","product_availability":"out of stock","product_condition":"new"},"tiered_pricing_type":"fixed","tiered_pricing_fixed_rules":[],"tiered_pricing_product_settings":{"layout":"default","base_unit_name":{"singular":null,"plural":null},"default_variation":null},"tiered_pricing_minimum_quantity":null,"tiered_pricing_roles_data":[],"tiered_pricing_percentage_rules":[],"tiered_pricing_maximum_quantity":null,"tiered_pricing_quantity_step":null,"_links":{"self":[{"href":"https:\/\/fizzyvape.eu\/sv\/wp-json\/wp\/v2\/product\/26194","targetHints":{"allow":["GET"]}}],"collection":[{"href":"https:\/\/fizzyvape.eu\/sv\/wp-json\/wp\/v2\/product"}],"about":[{"href":"https:\/\/fizzyvape.eu\/sv\/wp-json\/wp\/v2\/types\/product"}],"replies":[{"embeddable":true,"href":"https:\/\/fizzyvape.eu\/sv\/wp-json\/wp\/v2\/comments?post=26194"}],"version-history":[{"count":0,"href":"https:\/\/fizzyvape.eu\/sv\/wp-json\/wp\/v2\/product\/26194\/revisions"}],"wp:featuredmedia":[{"embeddable":true,"href":"https:\/\/fizzyvape.eu\/sv\/wp-json\/wp\/v2\/media\/20233"}],"wp:attachment":[{"href":"https:\/\/fizzyvape.eu\/sv\/wp-json\/wp\/v2\/media?parent=26194"}],"wp:term":[{"taxonomy":"product_brand","embeddable":true,"href":"https:\/\/fizzyvape.eu\/sv\/wp-json\/wp\/v2\/product_brand?post=26194"},{"taxonomy":"product_cat","embeddable":true,"href":"https:\/\/fizzyvape.eu\/sv\/wp-json\/wp\/v2\/product_cat?post=26194"},{"taxonomy":"product_tag","embeddable":true,"href":"https:\/\/fizzyvape.eu\/sv\/wp-json\/wp\/v2\/product_tag?post=26194"}],"curies":[{"name":"wp","href":"https:\/\/api.w.org\/{rel}","templated":true}]}}