{"id":26249,"date":"2025-03-26T17:37:12","date_gmt":"2025-03-26T09:37:12","guid":{"rendered":"https:\/\/fizzyvape.eu\/product\/fizzy-pandora-mango-12000-puffar\/"},"modified":"2025-03-26T17:37:12","modified_gmt":"2025-03-26T09:37:12","slug":"fizzy-pandora-mango-12000-puffar","status":"publish","type":"product","link":"https:\/\/fizzyvape.eu\/sv\/produkt\/fizzy-pandora-mango-12000-puffar\/","title":{"rendered":"Fizzy Pandora Mango &#8211; 12000 puffar"},"content":{"rendered":"<div>\n<h2><strong>Fizzy Pandora Mango 12000 puffar &#8211; den ultimata upplevelsen med eng\u00e5ngsvape<\/strong><\/h2>\n<p>Sk\u00e4m bort dig i det tropiska paradiset med <strong>Fizzy Pandora Mango 12000 Puffs<\/strong> &#8211; en premium eng\u00e5ngsvape utformad f\u00f6r l\u00e5ngvarig smak och smidig tillfredsst\u00e4llelse. Denna eleganta och b\u00e4rbara enhet \u00e4r fylld med <strong>massiva 12 000 puffar<\/strong> och levererar en explosion av saftig mango med en fizzy twist, vilket garanterar en of\u00f6rgl\u00f6mlig vapingupplevelse. <\/p>\n<h2><strong>Viktiga funktioner<\/strong><\/h2>\n<p>\u2714 <strong>12 000 ultral\u00e5nga puffar<\/strong> &#8211; Njut av <strong>l\u00e5ngvarig<\/strong> vaping utan frekventa byten.<br \/>\n\u2714 <strong>Rik och uppfriskande smak<\/strong> &#8211; S\u00f6t, syrlig mango med en mousserande finish.<br \/>\n\u2714 <strong>J\u00e4mn och j\u00e4mn dragning<\/strong> &#8211; Avancerad mesh-spolteknik f\u00f6r optimal smak- och \u00e5ngproduktion.<br \/>\n\u2714 <strong>Snygg och b\u00e4rbar<\/strong> &#8211; L\u00e4tt, fickv\u00e4nlig design f\u00f6r vaping n\u00e4r du \u00e4r p\u00e5 spr\u00e5ng.<br \/>\n\u2714 <strong>Inget underh\u00e5ll kr\u00e4vs<\/strong> &#8211; Klar att anv\u00e4nda direkt ur l\u00e5dan &#8211; ingen p\u00e5fyllning eller byte av spole kr\u00e4vs.<\/p>\n<h3><strong>Varf\u00f6r v\u00e4lja Fizzy Pandora Mango 12000 Puffs?<\/strong><\/h3>\n<p>\ud83c\udf34 <strong>L\u00e5ng livsl\u00e4ngd<\/strong> &#8211; En enhet h\u00e5ller l\u00e4ngre \u00e4n vanliga eng\u00e5ngsartiklar.<br \/>\n\u26a1 <strong>Kraftfull och uppladdningsbar<\/strong> &#8211; du beh\u00f6ver inte oroa dig f\u00f6r batteritiden.<br \/>\n\ud83c\udf79 <strong>Exotisk smak<\/strong> &#8211; En perfekt balans mellan s\u00f6tma och fr\u00e4sighet.<br \/>\n\ud83d\udca8 <strong>Smooth &amp; Satisfying<\/strong> &#8211; H\u00f6gkvalitativa nikotinsalter f\u00f6r en j\u00e4mn effekt i halsen.<\/p>\n<h3>Paketets inneh\u00e5ll<\/h3>\n<p>1 \u00d7 Fizzy Pandora Mango12000 Puffs Enhet<\/p>\n<\/div>\n<div>\n<h3>Specifikationer<\/h3>\n<table>\n<tbody>\n<tr>\n<td>Puffar<\/td>\n<td><strong>12000+ puffar<\/strong><\/td>\n<\/tr>\n<tr>\n<td>Kapacitet f\u00f6r e-v\u00e4tska<\/td>\n<td><strong>20 ml<\/strong><\/td>\n<\/tr>\n<tr>\n<td>Batteriets kapacitet<\/td>\n<td><strong>650 mAh<\/strong><\/td>\n<\/tr>\n<tr>\n<td>N\u00e4tspole<\/td>\n<td><strong>1.4\u03a9<\/strong><\/td>\n<\/tr>\n<tr>\n<td>storlek<\/td>\n<td><strong>48 * 20,6 * 88 mm<\/strong><\/td>\n<\/tr>\n<tr>\n<td>Eng\u00e5ngsbruk eller inte<\/td>\n<td><strong>Eng\u00e5ngsbruk<\/strong><\/td>\n<\/tr>\n<tr>\n<td>Laddningsmetod<\/td>\n<td><strong>Kabel<\/strong><\/td>\n<\/tr>\n<tr>\n<td>Aktiveringsmetod<\/td>\n<td><strong>Sensor<\/strong><\/td>\n<\/tr>\n<tr>\n<td>Nikotinniv\u00e5<\/td>\n<td><strong>5%(50mg\/ml)<\/strong><\/td>\n<\/tr>\n<tr>\n<td>Smak\u00e4mnen<\/td>\n<td><strong>12<\/strong><\/td>\n<\/tr>\n<tr>\n<td>F\u00f6rpackning<\/td>\n<td><strong>1 f\u00f6rpackning<\/strong><\/td>\n<\/tr>\n<tr>\n<td>Laddningstid<\/td>\n<td><strong>2 timmar<\/strong><\/td>\n<\/tr>\n<tr>\n<td>F\u00f6rvaring<\/td>\n<td><strong>Undvik milj\u00f6er med h\u00f6ga temperaturer och f\u00f6rvara p\u00e5 en sval och torr plats.<\/strong><\/td>\n<\/tr>\n<tr>\n<td>Personer som \u00e4r f\u00f6rbjudna att anv\u00e4nda<\/td>\n<td><strong>Minder\u00e5riga, gravida kvinnor och personer som \u00e4r allergiska mot produktens ingredienser.<\/strong><\/td>\n<\/tr>\n<tr>\n<td>F\u00f6rsiktighet<\/td>\n<td><strong>Sv\u00e4lj inte detta \u00e4mne. Vid f\u00f6rt\u00e4ring, sk\u00f6lj munnen noggrant och omedelbart. Upps\u00f6k l\u00e4kare om du k\u00e4nner dig d\u00e5lig.  <\/strong><\/td>\n<\/tr>\n<\/tbody>\n<\/table>\n<h3><strong>Fizzy Pandora <\/strong>12000 Puffs Smaklista:<\/h3>\n<ol>\n<li><a href=\"https:\/\/fizzyvape.eu\/product\/fizzy-pandora-watermelon-12000-puffs\/\">Vattenmelon<\/a><\/li>\n<li><a href=\"https:\/\/fizzyvape.eu\/sv\/produkt\/fizzy-pandora-mango-12000-puffar\/\">Mango<\/a><\/li>\n<li><a href=\"https:\/\/fizzyvape.eu\/product\/fizzy-pandora-grape-12000-puffs\/\">Druva<\/a><\/li>\n<li><a href=\"https:\/\/fizzyvape.eu\/product\/fizzy-pandora-pomegranate-12000-puffs\/\">Granat\u00e4pple<\/a><\/li>\n<li><a href=\"https:\/\/fizzyvape.eu\/product\/fizzy-pandora-peach-12000-puffs\/\">Persika<\/a><\/li>\n<li><a href=\"https:\/\/fizzyvape.eu\/product\/fizzy-pandora-blueberry-raspberry-12000-puffs\/\">Bl\u00e5b\u00e4r Hallon<\/a><\/li>\n<li><a href=\"https:\/\/fizzyvape.eu\/product\/fizzy-pandora-orange-mango-watermelon-12000-puffs\/\">Apelsin Mango Vattenmelon<\/a><\/li>\n<li><a href=\"https:\/\/fizzyvape.eu\/product\/fizzy-pandora-ice-mint-12000-puffs\/\">Ismint<\/a><\/li>\n<li><a href=\"https:\/\/fizzyvape.eu\/product\/fizzy-pandora-strawberry-kiwi-pomegranate-12000-puffs\/\">Jordgubb Kiwi Granat\u00e4pple<\/a><\/li>\n<li><a href=\"https:\/\/fizzyvape.eu\/product\/fizzy-pandora-blueberry-12000-puffs\/\">Bl\u00e5b\u00e4r<\/a><\/li>\n<li><a href=\"https:\/\/fizzyvape.eu\/sv\/produkt\/fizzy-pandora-jordgubb-12000-puffar\/\">Jordgubbar<\/a><\/li>\n<li><a href=\"https:\/\/fizzyvape.eu\/sv\/produkt\/fizzy-pandora-vattenmelon-blabar-12000-puffar\/\">Vattenmelon Bl\u00e5b\u00e4r<\/a><\/li>\n<\/ol>\n<h3><strong>Vanliga fr\u00e5gor om <\/strong><strong>Fizzy Pandora Mango 12000 Puffs <\/strong><strong>Vape<\/strong><\/h3>\n<h4><strong>1. Hur l\u00e4nge r\u00e4cker Fizzy Pandora Mango 12000 Puffs?<\/strong><\/h4>\n<p>Enheten levererar cirka <strong>12 000 puffar<\/strong>, beroende p\u00e5 anv\u00e4ndningsvanor. F\u00f6r genomsnittliga vapers kan detta r\u00e4cka i <strong>flera veckor<\/strong>. Det inbyggda <strong>uppladdningsbara 650mAh-batteriet<\/strong> och <strong>12mL e-juice-kapacitet<\/strong> garanterar l\u00e5ngvarig anv\u00e4ndning.  <\/p>\n<h4><strong>2. \u00c4r denna vape uppladdningsbar?<\/strong><\/h4>\n<p>Ja, det g\u00f6r den! Till skillnad fr\u00e5n m\u00e5nga eng\u00e5ngsprodukter har <strong>Fizzy Pandora Mango 12000 Puffs<\/strong> ett <strong>uppladdningsbart USB-C-batteri<\/strong>, s\u00e5 att du kan njuta av varje sista droppe e-juice utan att sl\u00f6sa str\u00f6m. <\/p>\n<h4><strong>3. Vilken nikotinstyrka anv\u00e4nder den?<\/strong><\/h4>\n<p>Denna enhet inneh\u00e5ller <strong>5% (50 mg) nikotinsalt e-juice<\/strong>, vilket ger en mjuk men \u00e4nd\u00e5 tillfredsst\u00e4llande tr\u00e4ff i halsen som \u00e4r idealisk f\u00f6r tidigare r\u00f6kare eller nikotinentusiaster.<\/p>\n<h4><strong>4. Hur smakar Fizzy Pandora Mango-smaken?<\/strong><\/h4>\n<p>T\u00e4nk <strong>dig mogna, saftiga mangos med en mousserande fizzy twist &#8211; s\u00f6ta<\/strong>, syrliga och uppfriskande sprudlande. Den avancerade <strong>n\u00e4tspolen<\/strong> f\u00f6rb\u00e4ttrar smakens konsistens fr\u00e5n f\u00f6rsta till sista blosset. <\/p>\n<h4><strong>5. \u00c4r denna vape l\u00e4ckages\u00e4ker och b\u00e4rbar?<\/strong><\/h4>\n<p>Absolut inte! Den <strong>f\u00f6rseglade designen<\/strong> f\u00f6rhindrar l\u00e4ckage, och den <strong>kompakta, l\u00e4tta kroppen<\/strong> passar l\u00e4tt i fickor eller v\u00e4skor f\u00f6r problemfri vaping var som helst. <\/p>\n<\/div>\n","protected":false},"excerpt":{"rendered":"<p><strong>Fizzy Pandora Mango 12000 Puffs Disposable Vape<\/strong> &#8211; Upplev den ultimata tropiska flykten med denna l\u00e5ngvariga 12 000-puffars eng\u00e5ngsvape, med en saftig mangosmak med en fizzy twist.<\/p>\n","protected":false},"featured_media":20593,"comment_status":"open","ping_status":"closed","template":"","meta":{"iawp_total_views":0},"product_brand":[],"product_cat":[283],"product_tag":[284,374],"class_list":{"0":"post-26249","1":"product","2":"type-product","3":"status-publish","4":"has-post-thumbnail","6":"product_cat-pandora-sv","7":"product_tag-12000-puffar","8":"product_tag-mango-sv","10":"first","11":"outofstock","12":"shipping-taxable","13":"purchasable","14":"product-type-variable"},"yoast_head":"<!-- This site is optimized with the Yoast SEO Premium plugin v24.8 (Yoast SEO v24.8) - https:\/\/yoast.com\/wordpress\/plugins\/seo\/ -->\n<title>Fizzy Pandora Mango - 12000 puffar - fizzyvape.eu<\/title>\n<meta name=\"robots\" content=\"index, follow, max-snippet:-1, max-image-preview:large, max-video-preview:-1\" \/>\n<link rel=\"canonical\" href=\"https:\/\/fizzyvape.eu\/sv\/produkt\/fizzy-pandora-mango-12000-puffar\/\" \/>\n<meta property=\"og:locale\" content=\"sv_SE\" \/>\n<meta property=\"og:type\" content=\"article\" \/>\n<meta property=\"og:title\" content=\"Fizzy Pandora Mango - 12000 puffar\" \/>\n<meta property=\"og:description\" content=\"Fizzy Pandora Mango 12000 Puffs Disposable Vape - Upplev den ultimata tropiska flykten med denna l\u00e5ngvariga 12 000-puffars eng\u00e5ngsvape, med en saftig mangosmak med en fizzy twist.\" \/>\n<meta property=\"og:url\" content=\"https:\/\/fizzyvape.eu\/sv\/produkt\/fizzy-pandora-mango-12000-puffar\/\" \/>\n<meta property=\"og:site_name\" content=\"fizzyvape.eu\" \/>\n<meta property=\"og:image\" content=\"https:\/\/www.fizzyvape.eu\/wp-content\/uploads\/2025\/03\/Fizzy-Pandora-MANGO-12000PUFF-1.jpg\" \/>\n\t<meta property=\"og:image:width\" content=\"1057\" \/>\n\t<meta property=\"og:image:height\" content=\"1037\" \/>\n\t<meta property=\"og:image:type\" content=\"image\/jpeg\" \/>\n<meta name=\"twitter:card\" content=\"summary_large_image\" \/>\n<meta name=\"twitter:label1\" content=\"Tillg\u00e4nglig\" \/>\n\t<meta name=\"twitter:data1\" content=\"Slut i lager\" \/>\n<script type=\"application\/ld+json\" class=\"yoast-schema-graph\">{\"@context\":\"https:\/\/schema.org\",\"@graph\":[{\"@type\":\"WebPage\",\"@id\":\"https:\/\/fizzyvape.eu\/sv\/produkt\/fizzy-pandora-mango-12000-puffar\/\",\"url\":\"https:\/\/fizzyvape.eu\/sv\/produkt\/fizzy-pandora-mango-12000-puffar\/\",\"name\":\"Fizzy Pandora Mango - 12000 puffar - fizzyvape.eu\",\"isPartOf\":{\"@id\":\"https:\/\/www.fizzyvape.eu\/sv\/#website\"},\"primaryImageOfPage\":{\"@id\":\"https:\/\/fizzyvape.eu\/sv\/produkt\/fizzy-pandora-mango-12000-puffar\/#primaryimage\"},\"image\":{\"@id\":\"https:\/\/fizzyvape.eu\/sv\/produkt\/fizzy-pandora-mango-12000-puffar\/#primaryimage\"},\"thumbnailUrl\":\"https:\/\/fizzyvape.eu\/wp-content\/uploads\/2025\/03\/Fizzy-Pandora-MANGO-12000PUFF-1.jpg\",\"datePublished\":\"2025-03-26T09:37:12+00:00\",\"breadcrumb\":{\"@id\":\"https:\/\/fizzyvape.eu\/sv\/produkt\/fizzy-pandora-mango-12000-puffar\/#breadcrumb\"},\"inLanguage\":\"sv-SE\",\"potentialAction\":[{\"@type\":\"ReadAction\",\"target\":[\"https:\/\/fizzyvape.eu\/sv\/produkt\/fizzy-pandora-mango-12000-puffar\/\"]}]},{\"@type\":\"ImageObject\",\"inLanguage\":\"sv-SE\",\"@id\":\"https:\/\/fizzyvape.eu\/sv\/produkt\/fizzy-pandora-mango-12000-puffar\/#primaryimage\",\"url\":\"https:\/\/fizzyvape.eu\/wp-content\/uploads\/2025\/03\/Fizzy-Pandora-MANGO-12000PUFF-1.jpg\",\"contentUrl\":\"https:\/\/fizzyvape.eu\/wp-content\/uploads\/2025\/03\/Fizzy-Pandora-MANGO-12000PUFF-1.jpg\",\"width\":1057,\"height\":1037,\"caption\":\"Fizzy-Pandora-MANGO- 12000PUFF\"},{\"@type\":\"BreadcrumbList\",\"@id\":\"https:\/\/fizzyvape.eu\/sv\/produkt\/fizzy-pandora-mango-12000-puffar\/#breadcrumb\",\"itemListElement\":[{\"@type\":\"ListItem\",\"position\":1,\"name\":\"Home\",\"item\":\"https:\/\/fizzyvape.eu\/sv\/\"},{\"@type\":\"ListItem\",\"position\":2,\"name\":\"Butik\",\"item\":\"https:\/\/fizzyvape.eu\/sv\/butik\/\"},{\"@type\":\"ListItem\",\"position\":3,\"name\":\"Fizzy Pandora Mango &#8211; 12000 puffar\"}]},{\"@type\":\"WebSite\",\"@id\":\"https:\/\/www.fizzyvape.eu\/sv\/#website\",\"url\":\"https:\/\/www.fizzyvape.eu\/sv\/\",\"name\":\"fizzyvape.eu\",\"description\":\"Refreshing Vapes. Unforgettable Taste.\",\"publisher\":{\"@id\":\"https:\/\/www.fizzyvape.eu\/sv\/#organization\"},\"potentialAction\":[{\"@type\":\"SearchAction\",\"target\":{\"@type\":\"EntryPoint\",\"urlTemplate\":\"https:\/\/www.fizzyvape.eu\/sv\/?s={search_term_string}\"},\"query-input\":{\"@type\":\"PropertyValueSpecification\",\"valueRequired\":true,\"valueName\":\"search_term_string\"}}],\"inLanguage\":\"sv-SE\"},{\"@type\":\"Organization\",\"@id\":\"https:\/\/www.fizzyvape.eu\/sv\/#organization\",\"name\":\"fizzyvape.eu\",\"url\":\"https:\/\/www.fizzyvape.eu\/sv\/\",\"logo\":{\"@type\":\"ImageObject\",\"inLanguage\":\"sv-SE\",\"@id\":\"https:\/\/www.fizzyvape.eu\/sv\/#\/schema\/logo\/image\/\",\"url\":\"https:\/\/fizzyvape.eu\/wp-content\/uploads\/2019\/06\/print-1.svg\",\"contentUrl\":\"https:\/\/fizzyvape.eu\/wp-content\/uploads\/2019\/06\/print-1.svg\",\"width\":124,\"height\":37,\"caption\":\"fizzyvape.eu\"},\"image\":{\"@id\":\"https:\/\/www.fizzyvape.eu\/sv\/#\/schema\/logo\/image\/\"}}]}<\/script>\n<meta property=\"og:availability\" content=\"out of stock\" \/>\n<meta property=\"product:availability\" content=\"out of stock\" \/>\n<meta property=\"product:condition\" content=\"new\" \/>\n<!-- \/ Yoast SEO Premium plugin. -->","yoast_head_json":{"title":"Fizzy Pandora Mango - 12000 puffar - fizzyvape.eu","robots":{"index":"index","follow":"follow","max-snippet":"max-snippet:-1","max-image-preview":"max-image-preview:large","max-video-preview":"max-video-preview:-1"},"canonical":"https:\/\/fizzyvape.eu\/sv\/produkt\/fizzy-pandora-mango-12000-puffar\/","og_locale":"sv_SE","og_type":"article","og_title":"Fizzy Pandora Mango - 12000 puffar","og_description":"Fizzy Pandora Mango 12000 Puffs Disposable Vape - Upplev den ultimata tropiska flykten med denna l\u00e5ngvariga 12 000-puffars eng\u00e5ngsvape, med en saftig mangosmak med en fizzy twist.","og_url":"https:\/\/fizzyvape.eu\/sv\/produkt\/fizzy-pandora-mango-12000-puffar\/","og_site_name":"fizzyvape.eu","og_image":[{"width":1057,"height":1037,"url":"https:\/\/www.fizzyvape.eu\/wp-content\/uploads\/2025\/03\/Fizzy-Pandora-MANGO-12000PUFF-1.jpg","type":"image\/jpeg"}],"twitter_card":"summary_large_image","twitter_misc":{"Tillg\u00e4nglig":"Slut i lager"},"schema":{"@context":"https:\/\/schema.org","@graph":[{"@type":"WebPage","@id":"https:\/\/fizzyvape.eu\/sv\/produkt\/fizzy-pandora-mango-12000-puffar\/","url":"https:\/\/fizzyvape.eu\/sv\/produkt\/fizzy-pandora-mango-12000-puffar\/","name":"Fizzy Pandora Mango - 12000 puffar - fizzyvape.eu","isPartOf":{"@id":"https:\/\/www.fizzyvape.eu\/sv\/#website"},"primaryImageOfPage":{"@id":"https:\/\/fizzyvape.eu\/sv\/produkt\/fizzy-pandora-mango-12000-puffar\/#primaryimage"},"image":{"@id":"https:\/\/fizzyvape.eu\/sv\/produkt\/fizzy-pandora-mango-12000-puffar\/#primaryimage"},"thumbnailUrl":"https:\/\/fizzyvape.eu\/wp-content\/uploads\/2025\/03\/Fizzy-Pandora-MANGO-12000PUFF-1.jpg","datePublished":"2025-03-26T09:37:12+00:00","breadcrumb":{"@id":"https:\/\/fizzyvape.eu\/sv\/produkt\/fizzy-pandora-mango-12000-puffar\/#breadcrumb"},"inLanguage":"sv-SE","potentialAction":[{"@type":"ReadAction","target":["https:\/\/fizzyvape.eu\/sv\/produkt\/fizzy-pandora-mango-12000-puffar\/"]}]},{"@type":"ImageObject","inLanguage":"sv-SE","@id":"https:\/\/fizzyvape.eu\/sv\/produkt\/fizzy-pandora-mango-12000-puffar\/#primaryimage","url":"https:\/\/fizzyvape.eu\/wp-content\/uploads\/2025\/03\/Fizzy-Pandora-MANGO-12000PUFF-1.jpg","contentUrl":"https:\/\/fizzyvape.eu\/wp-content\/uploads\/2025\/03\/Fizzy-Pandora-MANGO-12000PUFF-1.jpg","width":1057,"height":1037,"caption":"Fizzy-Pandora-MANGO- 12000PUFF"},{"@type":"BreadcrumbList","@id":"https:\/\/fizzyvape.eu\/sv\/produkt\/fizzy-pandora-mango-12000-puffar\/#breadcrumb","itemListElement":[{"@type":"ListItem","position":1,"name":"Home","item":"https:\/\/fizzyvape.eu\/sv\/"},{"@type":"ListItem","position":2,"name":"Butik","item":"https:\/\/fizzyvape.eu\/sv\/butik\/"},{"@type":"ListItem","position":3,"name":"Fizzy Pandora Mango &#8211; 12000 puffar"}]},{"@type":"WebSite","@id":"https:\/\/www.fizzyvape.eu\/sv\/#website","url":"https:\/\/www.fizzyvape.eu\/sv\/","name":"fizzyvape.eu","description":"Refreshing Vapes. Unforgettable Taste.","publisher":{"@id":"https:\/\/www.fizzyvape.eu\/sv\/#organization"},"potentialAction":[{"@type":"SearchAction","target":{"@type":"EntryPoint","urlTemplate":"https:\/\/www.fizzyvape.eu\/sv\/?s={search_term_string}"},"query-input":{"@type":"PropertyValueSpecification","valueRequired":true,"valueName":"search_term_string"}}],"inLanguage":"sv-SE"},{"@type":"Organization","@id":"https:\/\/www.fizzyvape.eu\/sv\/#organization","name":"fizzyvape.eu","url":"https:\/\/www.fizzyvape.eu\/sv\/","logo":{"@type":"ImageObject","inLanguage":"sv-SE","@id":"https:\/\/www.fizzyvape.eu\/sv\/#\/schema\/logo\/image\/","url":"https:\/\/fizzyvape.eu\/wp-content\/uploads\/2019\/06\/print-1.svg","contentUrl":"https:\/\/fizzyvape.eu\/wp-content\/uploads\/2019\/06\/print-1.svg","width":124,"height":37,"caption":"fizzyvape.eu"},"image":{"@id":"https:\/\/www.fizzyvape.eu\/sv\/#\/schema\/logo\/image\/"}}]},"og_availability":"out of stock","product_availability":"out of stock","product_condition":"new"},"tiered_pricing_type":"fixed","tiered_pricing_fixed_rules":[],"tiered_pricing_product_settings":{"layout":"default","base_unit_name":{"singular":null,"plural":null},"default_variation":null},"tiered_pricing_minimum_quantity":null,"tiered_pricing_roles_data":[],"tiered_pricing_percentage_rules":[],"tiered_pricing_maximum_quantity":null,"tiered_pricing_quantity_step":null,"_links":{"self":[{"href":"https:\/\/fizzyvape.eu\/sv\/wp-json\/wp\/v2\/product\/26249","targetHints":{"allow":["GET"]}}],"collection":[{"href":"https:\/\/fizzyvape.eu\/sv\/wp-json\/wp\/v2\/product"}],"about":[{"href":"https:\/\/fizzyvape.eu\/sv\/wp-json\/wp\/v2\/types\/product"}],"replies":[{"embeddable":true,"href":"https:\/\/fizzyvape.eu\/sv\/wp-json\/wp\/v2\/comments?post=26249"}],"version-history":[{"count":0,"href":"https:\/\/fizzyvape.eu\/sv\/wp-json\/wp\/v2\/product\/26249\/revisions"}],"wp:featuredmedia":[{"embeddable":true,"href":"https:\/\/fizzyvape.eu\/sv\/wp-json\/wp\/v2\/media\/20593"}],"wp:attachment":[{"href":"https:\/\/fizzyvape.eu\/sv\/wp-json\/wp\/v2\/media?parent=26249"}],"wp:term":[{"taxonomy":"product_brand","embeddable":true,"href":"https:\/\/fizzyvape.eu\/sv\/wp-json\/wp\/v2\/product_brand?post=26249"},{"taxonomy":"product_cat","embeddable":true,"href":"https:\/\/fizzyvape.eu\/sv\/wp-json\/wp\/v2\/product_cat?post=26249"},{"taxonomy":"product_tag","embeddable":true,"href":"https:\/\/fizzyvape.eu\/sv\/wp-json\/wp\/v2\/product_tag?post=26249"}],"curies":[{"name":"wp","href":"https:\/\/api.w.org\/{rel}","templated":true}]}}