{"id":26449,"date":"2025-03-27T13:41:35","date_gmt":"2025-03-27T05:41:35","guid":{"rendered":"https:\/\/fizzyvape.eu\/product\/fizzy-pandora-jordgubb-kiwi-granatapple-12000-puffar\/"},"modified":"2025-03-27T13:41:35","modified_gmt":"2025-03-27T05:41:35","slug":"fizzy-pandora-jordgubb-kiwi-granatapple-12000-puffar","status":"publish","type":"product","link":"https:\/\/fizzyvape.eu\/sv\/produkt\/fizzy-pandora-jordgubb-kiwi-granatapple-12000-puffar\/","title":{"rendered":"Fizzy Pandora Jordgubb Kiwi Granat\u00e4pple &#8211; 12000 puffar"},"content":{"rendered":"<div>\n<h2><strong>Fizzy Pandora Jordgubb Kiwi Granat\u00e4pple 12000 Puffs &#8211; Premium Triple Berry Eng\u00e5ngsvape<\/strong><\/h2>\n<p>Sk\u00e4m bort dig sj\u00e4lv med en livlig b\u00e4rblandning med <strong>Fizzy Pandora Strawberry Kiwi Pomegranate 12000 Puffs<\/strong> &#8211; en blandning av s\u00f6ta jordgubbar, syrlig kiwi och fylligt granat\u00e4pple med en gnistrande finish. Denna premium eng\u00e5ngsbl\u00e5sare ger 12 000 ultrasmidiga puffar av 5% nikotinsalt e-juice i en elegant, USB-C uppladdningsbar design. <\/p>\n<h3><strong>Viktiga funktioner<\/strong><\/h3>\n<p>\u2714 <strong>12.000 ultral\u00e5nga puffar<\/strong> &#8211; 2-3 veckors kontinuerlig anv\u00e4ndning<br \/>\n\u2714 <strong>20 ml e-v\u00e4tskekapacitet<\/strong> &#8211; 5% premium nikotinsalt<br \/>\n\u2714 <strong>Uppladdningsbart 650 mAh batteri<\/strong> &#8211; USB-C snabbladdning<br \/>\n\u2714 <strong>1,4\u03a9 Mesh Coil<\/strong> &#8211; Optimerad smakklarhet och \u00e5ngproduktion<br \/>\n\u2714 <strong>L\u00e4cks\u00e4ker design<\/strong> &#8211; t\u00e4tad konstruktion (48\u00d720,6\u00d788 mm)<br \/>\n\u2714 <strong>Dragaktiverad<\/strong> &#8211; inga knappar, omedelbar vaping <\/p>\n<h3><strong>Varf\u00f6r v\u00e4lja Fizzy Pandora Strawberry Kiwi Pomegranate?<\/strong><\/h3>\n<p>\ud83c\udf1f <strong>Triple Berry Mastery<\/strong> &#8211; perfekt balanserad s\u00f6t\/syrlig profil<br \/>\n\u26a1 <strong>Uth\u00e5llighet<\/strong> &#8211; h\u00e5ller 2 g\u00e5nger l\u00e4ngre \u00e4n vanliga eng\u00e5ngsartiklar<br \/>\n\ud83d\udc8e <strong>Premiumutf\u00f6rande<\/strong> &#8211; frostad gradientfinish med ergonomiskt munstycke<br \/>\n\ud83c\udf3f <strong>Smooth Satisfaction<\/strong> &#8211; 5% nikotinsalt f\u00f6r noll h\u00e5rdhet<br \/>\n\ud83d\uded2 <strong>Problemfri<\/strong> &#8211; redo att r\u00f6ka direkt ur l\u00e5dan <\/p>\n<h3>Paketets inneh\u00e5ll<\/h3>\n<p>1 \u00d7 Fizzy Pandora Jordgubb Kiwi Granat\u00e4pple 12000 Puffs enhet<\/p>\n<\/div>\n<div>\n<h3>Specifikationer<\/h3>\n<table>\n<tbody>\n<tr>\n<td>Puffar<\/td>\n<td><strong>12000+ puffar<\/strong><\/td>\n<\/tr>\n<tr>\n<td>Kapacitet f\u00f6r e-v\u00e4tska<\/td>\n<td><strong>20 ml<\/strong><\/td>\n<\/tr>\n<tr>\n<td>Batteriets kapacitet<\/td>\n<td><strong>650 mAh<\/strong><\/td>\n<\/tr>\n<tr>\n<td>N\u00e4tspole<\/td>\n<td><strong>1.4\u03a9<\/strong><\/td>\n<\/tr>\n<tr>\n<td>storlek<\/td>\n<td><strong>48 * 20,6 * 88 mm<\/strong><\/td>\n<\/tr>\n<tr>\n<td>Eng\u00e5ngsbruk eller inte<\/td>\n<td><strong>Eng\u00e5ngsbruk<\/strong><\/td>\n<\/tr>\n<tr>\n<td>Laddningsmetod<\/td>\n<td><strong>Kabel<\/strong><\/td>\n<\/tr>\n<tr>\n<td>Aktiveringsmetod<\/td>\n<td><strong>Sensor<\/strong><\/td>\n<\/tr>\n<tr>\n<td>Nikotinniv\u00e5<\/td>\n<td><strong>5%(50mg\/ml)<\/strong><\/td>\n<\/tr>\n<tr>\n<td>Smak\u00e4mnen<\/td>\n<td><strong>12<\/strong><\/td>\n<\/tr>\n<tr>\n<td>F\u00f6rpackning<\/td>\n<td><strong>1 f\u00f6rpackning<\/strong><\/td>\n<\/tr>\n<tr>\n<td>Laddningstid<\/td>\n<td><strong>2 timmar<\/strong><\/td>\n<\/tr>\n<tr>\n<td>F\u00f6rvaring<\/td>\n<td><strong>Undvik milj\u00f6er med h\u00f6ga temperaturer och f\u00f6rvara p\u00e5 en sval och torr plats.<\/strong><\/td>\n<\/tr>\n<tr>\n<td>Personer som \u00e4r f\u00f6rbjudna att anv\u00e4nda<\/td>\n<td><strong>Minder\u00e5riga, gravida kvinnor och personer som \u00e4r allergiska mot produktens ingredienser.<\/strong><\/td>\n<\/tr>\n<tr>\n<td>F\u00f6rsiktighet<\/td>\n<td><strong>Sv\u00e4lj inte detta \u00e4mne. Vid f\u00f6rt\u00e4ring, sk\u00f6lj munnen noggrant och omedelbart. Upps\u00f6k l\u00e4kare om du k\u00e4nner dig d\u00e5lig.  <\/strong><\/td>\n<\/tr>\n<\/tbody>\n<\/table>\n<h3><strong>Fizzy Pandora <\/strong>12000 Puffs Smaklista:<\/h3>\n<ol>\n<li><a href=\"https:\/\/fizzyvape.eu\/sv\/produkt\/fizzy-pandora-vattenmelon-12000-puffar\/\">Vattenmelon<\/a><\/li>\n<li><a href=\"https:\/\/fizzyvape.eu\/sv\/produkt\/fizzy-pandora-mango-12000-puffar\/\">Mango<\/a><\/li>\n<li><a href=\"https:\/\/fizzyvape.eu\/sv\/produkt\/fizzy-pandora-grape-12000-puffar\/\">Druva<\/a><\/li>\n<li><a href=\"https:\/\/fizzyvape.eu\/sv\/produkt\/fizzy-pandora-granatapple-12000-puffar\/\">Granat\u00e4pple<\/a><\/li>\n<li><a href=\"https:\/\/fizzyvape.eu\/sv\/produkt\/fizzy-pandora-peach-12000-puffar\/\">Persika<\/a><\/li>\n<li><a href=\"https:\/\/fizzyvape.eu\/sv\/produkt\/fizzy-pandora-blabar-hallon-12000-puffar\/\">Bl\u00e5b\u00e4r Hallon<\/a><\/li>\n<li><a href=\"https:\/\/fizzyvape.eu\/sv\/produkt\/fizzy-pandora-apelsin-mango-vattenmelon-12000-puffar\/\">Apelsin Mango Vattenmelon<\/a><\/li>\n<li><a href=\"https:\/\/fizzyvape.eu\/sv\/produkt\/fizzy-pandora-ice-mint-12000-puffar\/\">Ismint<\/a><\/li>\n<li><a href=\"https:\/\/fizzyvape.eu\/sv\/produkt\/fizzy-pandora-jordgubb-kiwi-granatapple-12000-puffar\/\">Jordgubb Kiwi Granat\u00e4pple<\/a><\/li>\n<li><a href=\"https:\/\/fizzyvape.eu\/sv\/produkt\/fizzy-pandora-blabar-12000-puffar\/\">Bl\u00e5b\u00e4r<\/a><\/li>\n<li><a href=\"https:\/\/fizzyvape.eu\/sv\/produkt\/fizzy-pandora-jordgubb-12000-puffar\/\">Jordgubbar<\/a><\/li>\n<li><a href=\"https:\/\/fizzyvape.eu\/sv\/produkt\/fizzy-pandora-vattenmelon-blabar-12000-puffar\/\">Vattenmelon Bl\u00e5b\u00e4r<\/a><\/li>\n<\/ol>\n<h3><strong>Vanliga fr\u00e5gor om <\/strong><strong>Fizzy Pandora Jordgubb Kiwi Granat\u00e4pple 12000 Puffs <\/strong><strong>Vape<\/strong><\/h3>\n<ul>\n<li class=\"\" data-start=\"116\" data-end=\"348\">\n<p class=\"\" data-start=\"119\" data-end=\"348\"><strong data-start=\"119\" data-end=\"206\">Hur m\u00e5nga puffar r\u00e4cker Fizzy Pandora Strawberry Kiwi Pomegranate 12000 Puffs till?<\/strong><br data-start=\"206\" data-end=\"209\">Fizzy Pandora ger upp till 12 000 puffar, vilket g\u00f6r den idealisk f\u00f6r l\u00e4ngre vaping-sessioner &#8211; upp till 2-3 veckor f\u00f6r m\u00e5ttliga vaping-anv\u00e4ndare.<\/p>\n<\/li>\n<li class=\"\" data-start=\"350\" data-end=\"585\">\n<p class=\"\" data-start=\"353\" data-end=\"585\"><strong data-start=\"353\" data-end=\"428\">Vilka smaker finns i Fizzy Pandora Strawberry Kiwi Pomegranate vape?<\/strong><br data-start=\"428\" data-end=\"431\">Denna vape kombinerar den s\u00f6ta smaken av jordgubbar, tang av kiwi och den saftiga rikedomen av granat\u00e4pple f\u00f6r en uts\u00f6kt uppfriskande vape-upplevelse.<\/p>\n<\/li>\n<li class=\"\" data-start=\"587\" data-end=\"796\">\n<p class=\"\" data-start=\"590\" data-end=\"796\"><strong data-start=\"590\" data-end=\"661\">\u00c4r Fizzy Pandora Strawberry Kiwi Pomegranate vape uppladdningsbar?<\/strong><br data-start=\"661\" data-end=\"664\">Ja, det g\u00f6r den! Enheten \u00e4r utrustad med ett uppladdningsbart 650mAh-batteri, vilket s\u00e4kerst\u00e4ller att du kan njuta av varje sista droppe e-juice utan sl\u00f6seri. <\/p>\n<\/li>\n<li class=\"\" data-start=\"798\" data-end=\"1024\">\n<p class=\"\" data-start=\"801\" data-end=\"1024\"><strong data-start=\"801\" data-end=\"882\">\u00c4r Fizzy Pandora Strawberry Kiwi Pomegranate 12000 Puffs vape l\u00e4ckages\u00e4ker?<\/strong><br data-start=\"882\" data-end=\"885\">Absolut inte! Enheten \u00e4r utformad f\u00f6r att vara l\u00e4ckages\u00e4ker, vilket s\u00e4kerst\u00e4ller att din vape f\u00f6rblir ren och s\u00e4ker samtidigt som den ger en s\u00f6ml\u00f6s upplevelse. <\/p>\n<\/li>\n<li class=\"\" data-start=\"1026\" data-end=\"1253\">\n<p class=\"\" data-start=\"1029\" data-end=\"1253\"><strong data-start=\"1029\" data-end=\"1112\">Vilken nikotinstyrka har Fizzy Pandora Strawberry Kiwi Pomegranate?<\/strong><br data-start=\"1112\" data-end=\"1115\">Fizzy Pandora inneh\u00e5ller 5% (50 mg) nikotinsalt och ger en mjuk halssmak f\u00f6r dem som f\u00f6redrar en tillfredsst\u00e4llande nikotinupplevelse.<\/p>\n<\/li>\n<\/ul>\n<\/div>\n","protected":false},"excerpt":{"rendered":"<p><strong>Fizzy Pandora Jordgubb Kiwi Granat\u00e4pple 12000 Puffs<\/strong>: Sk\u00e4m bort dig med en livlig trippel b\u00e4rfusion! Upplev s\u00f6t jordgubbe, syrlig kiwi och fylligt granat\u00e4pple med en uppfriskande fizzy finish i denna l\u00e5ngvariga, uppladdningsbara eng\u00e5ngsvape. <\/p>\n","protected":false},"featured_media":20673,"comment_status":"open","ping_status":"closed","template":"","meta":{"iawp_total_views":0},"product_brand":[],"product_cat":[283],"product_tag":[284],"class_list":{"0":"post-26449","1":"product","2":"type-product","3":"status-publish","4":"has-post-thumbnail","6":"product_cat-pandora-sv","7":"product_tag-12000-puffar","9":"first","10":"outofstock","11":"shipping-taxable","12":"purchasable","13":"product-type-variable"},"yoast_head":"<!-- This site is optimized with the Yoast SEO Premium plugin v24.8 (Yoast SEO v24.8) - https:\/\/yoast.com\/wordpress\/plugins\/seo\/ -->\n<title>Fizzy Pandora Jordgubb Kiwi Granat\u00e4pple - 12000 puffar - fizzyvape.eu<\/title>\n<meta name=\"robots\" content=\"index, follow, max-snippet:-1, max-image-preview:large, max-video-preview:-1\" \/>\n<link rel=\"canonical\" href=\"https:\/\/fizzyvape.eu\/sv\/produkt\/fizzy-pandora-jordgubb-kiwi-granatapple-12000-puffar\/\" \/>\n<meta property=\"og:locale\" content=\"sv_SE\" \/>\n<meta property=\"og:type\" content=\"article\" \/>\n<meta property=\"og:title\" content=\"Fizzy Pandora Jordgubb Kiwi Granat\u00e4pple - 12000 puffar\" \/>\n<meta property=\"og:description\" content=\"Fizzy Pandora Jordgubb Kiwi Granat\u00e4pple 12000 Puffs: Sk\u00e4m bort dig med en livlig trippel b\u00e4rfusion! Upplev s\u00f6t jordgubbe, syrlig kiwi och fylligt granat\u00e4pple med en uppfriskande fizzy finish i denna l\u00e5ngvariga, uppladdningsbara eng\u00e5ngsvape.\" \/>\n<meta property=\"og:url\" content=\"https:\/\/fizzyvape.eu\/sv\/produkt\/fizzy-pandora-jordgubb-kiwi-granatapple-12000-puffar\/\" \/>\n<meta property=\"og:site_name\" content=\"fizzyvape.eu\" \/>\n<meta property=\"og:image\" content=\"https:\/\/fizzyvape.eu\/wp-content\/uploads\/2025\/03\/FizzyVape-Pandora-Strawberry-Kiwi-Pomegranate-12000Puff.jpg\" \/>\n\t<meta property=\"og:image:width\" content=\"1057\" \/>\n\t<meta property=\"og:image:height\" content=\"1037\" \/>\n\t<meta property=\"og:image:type\" content=\"image\/jpeg\" \/>\n<meta name=\"twitter:card\" content=\"summary_large_image\" \/>\n<meta name=\"twitter:label1\" content=\"Tillg\u00e4nglig\" \/>\n\t<meta name=\"twitter:data1\" content=\"Slut i lager\" \/>\n<script type=\"application\/ld+json\" class=\"yoast-schema-graph\">{\"@context\":\"https:\/\/schema.org\",\"@graph\":[{\"@type\":\"WebPage\",\"@id\":\"https:\/\/fizzyvape.eu\/sv\/produkt\/fizzy-pandora-jordgubb-kiwi-granatapple-12000-puffar\/\",\"url\":\"https:\/\/fizzyvape.eu\/sv\/produkt\/fizzy-pandora-jordgubb-kiwi-granatapple-12000-puffar\/\",\"name\":\"Fizzy Pandora Jordgubb Kiwi Granat\u00e4pple - 12000 puffar - fizzyvape.eu\",\"isPartOf\":{\"@id\":\"https:\/\/www.fizzyvape.eu\/sv\/#website\"},\"primaryImageOfPage\":{\"@id\":\"https:\/\/fizzyvape.eu\/sv\/produkt\/fizzy-pandora-jordgubb-kiwi-granatapple-12000-puffar\/#primaryimage\"},\"image\":{\"@id\":\"https:\/\/fizzyvape.eu\/sv\/produkt\/fizzy-pandora-jordgubb-kiwi-granatapple-12000-puffar\/#primaryimage\"},\"thumbnailUrl\":\"https:\/\/fizzyvape.eu\/wp-content\/uploads\/2025\/03\/FizzyVape-Pandora-Strawberry-Kiwi-Pomegranate-12000Puff.jpg\",\"datePublished\":\"2025-03-27T05:41:35+00:00\",\"breadcrumb\":{\"@id\":\"https:\/\/fizzyvape.eu\/sv\/produkt\/fizzy-pandora-jordgubb-kiwi-granatapple-12000-puffar\/#breadcrumb\"},\"inLanguage\":\"sv-SE\",\"potentialAction\":[{\"@type\":\"ReadAction\",\"target\":[\"https:\/\/fizzyvape.eu\/sv\/produkt\/fizzy-pandora-jordgubb-kiwi-granatapple-12000-puffar\/\"]}]},{\"@type\":\"ImageObject\",\"inLanguage\":\"sv-SE\",\"@id\":\"https:\/\/fizzyvape.eu\/sv\/produkt\/fizzy-pandora-jordgubb-kiwi-granatapple-12000-puffar\/#primaryimage\",\"url\":\"https:\/\/fizzyvape.eu\/wp-content\/uploads\/2025\/03\/FizzyVape-Pandora-Strawberry-Kiwi-Pomegranate-12000Puff.jpg\",\"contentUrl\":\"https:\/\/fizzyvape.eu\/wp-content\/uploads\/2025\/03\/FizzyVape-Pandora-Strawberry-Kiwi-Pomegranate-12000Puff.jpg\",\"width\":1057,\"height\":1037,\"caption\":\"FizzyVape-Pandora-Smultron-Kiwi-Pomegranat-12000Puffar\"},{\"@type\":\"BreadcrumbList\",\"@id\":\"https:\/\/fizzyvape.eu\/sv\/produkt\/fizzy-pandora-jordgubb-kiwi-granatapple-12000-puffar\/#breadcrumb\",\"itemListElement\":[{\"@type\":\"ListItem\",\"position\":1,\"name\":\"Home\",\"item\":\"https:\/\/fizzyvape.eu\/sv\/\"},{\"@type\":\"ListItem\",\"position\":2,\"name\":\"Butik\",\"item\":\"https:\/\/fizzyvape.eu\/sv\/butik\/\"},{\"@type\":\"ListItem\",\"position\":3,\"name\":\"Fizzy Pandora Jordgubb Kiwi Granat\u00e4pple &#8211; 12000 puffar\"}]},{\"@type\":\"WebSite\",\"@id\":\"https:\/\/www.fizzyvape.eu\/sv\/#website\",\"url\":\"https:\/\/www.fizzyvape.eu\/sv\/\",\"name\":\"fizzyvape.eu\",\"description\":\"Refreshing Vapes. Unforgettable Taste.\",\"publisher\":{\"@id\":\"https:\/\/www.fizzyvape.eu\/sv\/#organization\"},\"potentialAction\":[{\"@type\":\"SearchAction\",\"target\":{\"@type\":\"EntryPoint\",\"urlTemplate\":\"https:\/\/www.fizzyvape.eu\/sv\/?s={search_term_string}\"},\"query-input\":{\"@type\":\"PropertyValueSpecification\",\"valueRequired\":true,\"valueName\":\"search_term_string\"}}],\"inLanguage\":\"sv-SE\"},{\"@type\":\"Organization\",\"@id\":\"https:\/\/www.fizzyvape.eu\/sv\/#organization\",\"name\":\"fizzyvape.eu\",\"url\":\"https:\/\/www.fizzyvape.eu\/sv\/\",\"logo\":{\"@type\":\"ImageObject\",\"inLanguage\":\"sv-SE\",\"@id\":\"https:\/\/www.fizzyvape.eu\/sv\/#\/schema\/logo\/image\/\",\"url\":\"https:\/\/fizzyvape.eu\/wp-content\/uploads\/2019\/06\/print-1.svg\",\"contentUrl\":\"https:\/\/fizzyvape.eu\/wp-content\/uploads\/2019\/06\/print-1.svg\",\"width\":124,\"height\":37,\"caption\":\"fizzyvape.eu\"},\"image\":{\"@id\":\"https:\/\/www.fizzyvape.eu\/sv\/#\/schema\/logo\/image\/\"}}]}<\/script>\n<meta property=\"og:availability\" content=\"out of stock\" \/>\n<meta property=\"product:availability\" content=\"out of stock\" \/>\n<meta property=\"product:condition\" content=\"new\" \/>\n<!-- \/ Yoast SEO Premium plugin. -->","yoast_head_json":{"title":"Fizzy Pandora Jordgubb Kiwi Granat\u00e4pple - 12000 puffar - fizzyvape.eu","robots":{"index":"index","follow":"follow","max-snippet":"max-snippet:-1","max-image-preview":"max-image-preview:large","max-video-preview":"max-video-preview:-1"},"canonical":"https:\/\/fizzyvape.eu\/sv\/produkt\/fizzy-pandora-jordgubb-kiwi-granatapple-12000-puffar\/","og_locale":"sv_SE","og_type":"article","og_title":"Fizzy Pandora Jordgubb Kiwi Granat\u00e4pple - 12000 puffar","og_description":"Fizzy Pandora Jordgubb Kiwi Granat\u00e4pple 12000 Puffs: Sk\u00e4m bort dig med en livlig trippel b\u00e4rfusion! Upplev s\u00f6t jordgubbe, syrlig kiwi och fylligt granat\u00e4pple med en uppfriskande fizzy finish i denna l\u00e5ngvariga, uppladdningsbara eng\u00e5ngsvape.","og_url":"https:\/\/fizzyvape.eu\/sv\/produkt\/fizzy-pandora-jordgubb-kiwi-granatapple-12000-puffar\/","og_site_name":"fizzyvape.eu","og_image":[{"width":1057,"height":1037,"url":"https:\/\/fizzyvape.eu\/wp-content\/uploads\/2025\/03\/FizzyVape-Pandora-Strawberry-Kiwi-Pomegranate-12000Puff.jpg","type":"image\/jpeg"}],"twitter_card":"summary_large_image","twitter_misc":{"Tillg\u00e4nglig":"Slut i lager"},"schema":{"@context":"https:\/\/schema.org","@graph":[{"@type":"WebPage","@id":"https:\/\/fizzyvape.eu\/sv\/produkt\/fizzy-pandora-jordgubb-kiwi-granatapple-12000-puffar\/","url":"https:\/\/fizzyvape.eu\/sv\/produkt\/fizzy-pandora-jordgubb-kiwi-granatapple-12000-puffar\/","name":"Fizzy Pandora Jordgubb Kiwi Granat\u00e4pple - 12000 puffar - fizzyvape.eu","isPartOf":{"@id":"https:\/\/www.fizzyvape.eu\/sv\/#website"},"primaryImageOfPage":{"@id":"https:\/\/fizzyvape.eu\/sv\/produkt\/fizzy-pandora-jordgubb-kiwi-granatapple-12000-puffar\/#primaryimage"},"image":{"@id":"https:\/\/fizzyvape.eu\/sv\/produkt\/fizzy-pandora-jordgubb-kiwi-granatapple-12000-puffar\/#primaryimage"},"thumbnailUrl":"https:\/\/fizzyvape.eu\/wp-content\/uploads\/2025\/03\/FizzyVape-Pandora-Strawberry-Kiwi-Pomegranate-12000Puff.jpg","datePublished":"2025-03-27T05:41:35+00:00","breadcrumb":{"@id":"https:\/\/fizzyvape.eu\/sv\/produkt\/fizzy-pandora-jordgubb-kiwi-granatapple-12000-puffar\/#breadcrumb"},"inLanguage":"sv-SE","potentialAction":[{"@type":"ReadAction","target":["https:\/\/fizzyvape.eu\/sv\/produkt\/fizzy-pandora-jordgubb-kiwi-granatapple-12000-puffar\/"]}]},{"@type":"ImageObject","inLanguage":"sv-SE","@id":"https:\/\/fizzyvape.eu\/sv\/produkt\/fizzy-pandora-jordgubb-kiwi-granatapple-12000-puffar\/#primaryimage","url":"https:\/\/fizzyvape.eu\/wp-content\/uploads\/2025\/03\/FizzyVape-Pandora-Strawberry-Kiwi-Pomegranate-12000Puff.jpg","contentUrl":"https:\/\/fizzyvape.eu\/wp-content\/uploads\/2025\/03\/FizzyVape-Pandora-Strawberry-Kiwi-Pomegranate-12000Puff.jpg","width":1057,"height":1037,"caption":"FizzyVape-Pandora-Smultron-Kiwi-Pomegranat-12000Puffar"},{"@type":"BreadcrumbList","@id":"https:\/\/fizzyvape.eu\/sv\/produkt\/fizzy-pandora-jordgubb-kiwi-granatapple-12000-puffar\/#breadcrumb","itemListElement":[{"@type":"ListItem","position":1,"name":"Home","item":"https:\/\/fizzyvape.eu\/sv\/"},{"@type":"ListItem","position":2,"name":"Butik","item":"https:\/\/fizzyvape.eu\/sv\/butik\/"},{"@type":"ListItem","position":3,"name":"Fizzy Pandora Jordgubb Kiwi Granat\u00e4pple &#8211; 12000 puffar"}]},{"@type":"WebSite","@id":"https:\/\/www.fizzyvape.eu\/sv\/#website","url":"https:\/\/www.fizzyvape.eu\/sv\/","name":"fizzyvape.eu","description":"Refreshing Vapes. Unforgettable Taste.","publisher":{"@id":"https:\/\/www.fizzyvape.eu\/sv\/#organization"},"potentialAction":[{"@type":"SearchAction","target":{"@type":"EntryPoint","urlTemplate":"https:\/\/www.fizzyvape.eu\/sv\/?s={search_term_string}"},"query-input":{"@type":"PropertyValueSpecification","valueRequired":true,"valueName":"search_term_string"}}],"inLanguage":"sv-SE"},{"@type":"Organization","@id":"https:\/\/www.fizzyvape.eu\/sv\/#organization","name":"fizzyvape.eu","url":"https:\/\/www.fizzyvape.eu\/sv\/","logo":{"@type":"ImageObject","inLanguage":"sv-SE","@id":"https:\/\/www.fizzyvape.eu\/sv\/#\/schema\/logo\/image\/","url":"https:\/\/fizzyvape.eu\/wp-content\/uploads\/2019\/06\/print-1.svg","contentUrl":"https:\/\/fizzyvape.eu\/wp-content\/uploads\/2019\/06\/print-1.svg","width":124,"height":37,"caption":"fizzyvape.eu"},"image":{"@id":"https:\/\/www.fizzyvape.eu\/sv\/#\/schema\/logo\/image\/"}}]},"og_availability":"out of stock","product_availability":"out of stock","product_condition":"new"},"tiered_pricing_type":"fixed","tiered_pricing_fixed_rules":[],"tiered_pricing_product_settings":{"layout":"default","base_unit_name":{"singular":null,"plural":null},"default_variation":null},"tiered_pricing_minimum_quantity":null,"tiered_pricing_roles_data":[],"tiered_pricing_percentage_rules":[],"tiered_pricing_maximum_quantity":null,"tiered_pricing_quantity_step":null,"_links":{"self":[{"href":"https:\/\/fizzyvape.eu\/sv\/wp-json\/wp\/v2\/product\/26449","targetHints":{"allow":["GET"]}}],"collection":[{"href":"https:\/\/fizzyvape.eu\/sv\/wp-json\/wp\/v2\/product"}],"about":[{"href":"https:\/\/fizzyvape.eu\/sv\/wp-json\/wp\/v2\/types\/product"}],"replies":[{"embeddable":true,"href":"https:\/\/fizzyvape.eu\/sv\/wp-json\/wp\/v2\/comments?post=26449"}],"version-history":[{"count":0,"href":"https:\/\/fizzyvape.eu\/sv\/wp-json\/wp\/v2\/product\/26449\/revisions"}],"wp:featuredmedia":[{"embeddable":true,"href":"https:\/\/fizzyvape.eu\/sv\/wp-json\/wp\/v2\/media\/20673"}],"wp:attachment":[{"href":"https:\/\/fizzyvape.eu\/sv\/wp-json\/wp\/v2\/media?parent=26449"}],"wp:term":[{"taxonomy":"product_brand","embeddable":true,"href":"https:\/\/fizzyvape.eu\/sv\/wp-json\/wp\/v2\/product_brand?post=26449"},{"taxonomy":"product_cat","embeddable":true,"href":"https:\/\/fizzyvape.eu\/sv\/wp-json\/wp\/v2\/product_cat?post=26449"},{"taxonomy":"product_tag","embeddable":true,"href":"https:\/\/fizzyvape.eu\/sv\/wp-json\/wp\/v2\/product_tag?post=26449"}],"curies":[{"name":"wp","href":"https:\/\/api.w.org\/{rel}","templated":true}]}}