{"id":26467,"date":"2025-03-27T13:55:39","date_gmt":"2025-03-27T05:55:39","guid":{"rendered":"https:\/\/fizzyvape.eu\/product\/fizzy-pandora-blabar-12000-puffar\/"},"modified":"2025-03-27T13:55:39","modified_gmt":"2025-03-27T05:55:39","slug":"fizzy-pandora-blabar-12000-puffar","status":"publish","type":"product","link":"https:\/\/fizzyvape.eu\/sv\/produkt\/fizzy-pandora-blabar-12000-puffar\/","title":{"rendered":"Fizzy Pandora Bl\u00e5b\u00e4r &#8211; 12000 puffar"},"content":{"rendered":"<div>\n<h2><strong>Fizzy Pandora Blueberry 12000 puffar &#8211; Premium Triple Berry eng\u00e5ngsvape<\/strong><\/h2>\n<p>Sk\u00e4m bort dig sj\u00e4lv med en livlig b\u00e4rblandning med <strong>Fizzy Pandora Strawberry Kiwi Pomegranate 12000 Puffs<\/strong> &#8211; en blandning av s\u00f6ta jordgubbar, syrlig kiwi och fylligt granat\u00e4pple med en gnistrande finish. Denna premium eng\u00e5ngsbl\u00e5sare ger 12 000 ultrasmidiga puffar av 5% nikotinsalt e-juice i en elegant, USB-C uppladdningsbar design. <\/p>\n<h3><strong>Varf\u00f6r v\u00e4lja Fizzy Pandora Blueberry?<\/strong><\/h3>\n<p>\ud83e\uded0 <strong>\u00c4kta fruktsmak<\/strong> &#8211; ingen artificiell eftersmak<br \/>\n\u26a1 <strong>O\u00f6vertr\u00e4ffad livsl\u00e4ngd<\/strong> &#8211; 2X industristandardkapacitet<br \/>\n\ud83d\udc8e <strong>Premiumkonstruktion<\/strong> &#8211; matt bl\u00e5 finish med ergonomiskt munstycke<br \/>\n\ud83d\udca8 <strong>Smooth Satisfaction<\/strong> &#8211; 5% nikotinsaltformulering<br \/>\n\ud83c\udf3f <strong>Nyb\u00f6rjarv\u00e4nlig<\/strong> &#8211; klar att anv\u00e4nda direkt fr\u00e5n f\u00f6rpackningen <\/p>\n<p>1 \u00d7 Fizzy Pandora Jordgubb Kiwi Granat\u00e4pple 12000 Puffs enhet<\/p>\n<\/div>\n<div>\n<h3>Specifikationer<\/h3>\n<table>\n<tbody>\n<tr>\n<td>Puffar<\/td>\n<td><strong>12000+ puffar<\/strong><\/td>\n<\/tr>\n<tr>\n<td>Kapacitet f\u00f6r e-v\u00e4tska<\/td>\n<td><strong>20 ml<\/strong><\/td>\n<\/tr>\n<tr>\n<td>Batteriets kapacitet<\/td>\n<td><strong>650 mAh<\/strong><\/td>\n<\/tr>\n<tr>\n<td>N\u00e4tspole<\/td>\n<td><strong>1.4\u03a9<\/strong><\/td>\n<\/tr>\n<tr>\n<td>storlek<\/td>\n<td><strong>48 * 20,6 * 88 mm<\/strong><\/td>\n<\/tr>\n<tr>\n<td>Eng\u00e5ngsbruk eller inte<\/td>\n<td><strong>Eng\u00e5ngsbruk<\/strong><\/td>\n<\/tr>\n<tr>\n<td>Laddningsmetod<\/td>\n<td><strong>Kabel<\/strong><\/td>\n<\/tr>\n<tr>\n<td>Aktiveringsmetod<\/td>\n<td><strong>Sensor<\/strong><\/td>\n<\/tr>\n<tr>\n<td>Nikotinniv\u00e5<\/td>\n<td><strong>5%(50mg\/ml)<\/strong><\/td>\n<\/tr>\n<tr>\n<td>Smak\u00e4mnen<\/td>\n<td><strong>12<\/strong><\/td>\n<\/tr>\n<tr>\n<td>F\u00f6rpackning<\/td>\n<td><strong>1 f\u00f6rpackning<\/strong><\/td>\n<\/tr>\n<tr>\n<td>Laddningstid<\/td>\n<td><strong>2 timmar<\/strong><\/td>\n<\/tr>\n<tr>\n<td>F\u00f6rvaring<\/td>\n<td><strong>Undvik milj\u00f6er med h\u00f6ga temperaturer och f\u00f6rvara p\u00e5 en sval och torr plats.<\/strong><\/td>\n<\/tr>\n<tr>\n<td>Personer som \u00e4r f\u00f6rbjudna att anv\u00e4nda<\/td>\n<td><strong>Minder\u00e5riga, gravida kvinnor och personer som \u00e4r allergiska mot produktens ingredienser.<\/strong><\/td>\n<\/tr>\n<tr>\n<td>F\u00f6rsiktighet<\/td>\n<td><strong>Sv\u00e4lj inte detta \u00e4mne. Vid f\u00f6rt\u00e4ring, sk\u00f6lj munnen noggrant och omedelbart. Upps\u00f6k l\u00e4kare om du k\u00e4nner dig d\u00e5lig.  <\/strong><\/td>\n<\/tr>\n<\/tbody>\n<\/table>\n<h3><strong>Fizzy Pandora <\/strong>12000 Puffs Smaklista:<\/h3>\n<ol>\n<li><a href=\"https:\/\/fizzyvape.eu\/sv\/produkt\/fizzy-pandora-vattenmelon-12000-puffar\/\">Vattenmelon<\/a><\/li>\n<li><a href=\"https:\/\/fizzyvape.eu\/sv\/produkt\/fizzy-pandora-mango-12000-puffar\/\">Mango<\/a><\/li>\n<li><a href=\"https:\/\/fizzyvape.eu\/sv\/produkt\/fizzy-pandora-grape-12000-puffar\/\">Druva<\/a><\/li>\n<li><a href=\"https:\/\/fizzyvape.eu\/sv\/produkt\/fizzy-pandora-granatapple-12000-puffar\/\">Granat\u00e4pple<\/a><\/li>\n<li><a href=\"https:\/\/fizzyvape.eu\/sv\/produkt\/fizzy-pandora-peach-12000-puffar\/\">Persika<\/a><\/li>\n<li><a href=\"https:\/\/fizzyvape.eu\/sv\/produkt\/fizzy-pandora-blabar-hallon-12000-puffar\/\">Bl\u00e5b\u00e4r Hallon<\/a><\/li>\n<li><a href=\"https:\/\/fizzyvape.eu\/sv\/produkt\/fizzy-pandora-apelsin-mango-vattenmelon-12000-puffar\/\">Apelsin Mango Vattenmelon<\/a><\/li>\n<li><a href=\"https:\/\/fizzyvape.eu\/sv\/produkt\/fizzy-pandora-ice-mint-12000-puffar\/\">Ismint<\/a><\/li>\n<li><a href=\"https:\/\/fizzyvape.eu\/sv\/produkt\/fizzy-pandora-jordgubb-kiwi-granatapple-12000-puffar\/\">Jordgubb Kiwi Granat\u00e4pple<\/a><\/li>\n<li><a href=\"https:\/\/fizzyvape.eu\/sv\/produkt\/fizzy-pandora-blabar-12000-puffar\/\">Bl\u00e5b\u00e4r<\/a><\/li>\n<li><a href=\"https:\/\/fizzyvape.eu\/sv\/produkt\/fizzy-pandora-jordgubb-12000-puffar\/\">Jordgubbar<\/a><\/li>\n<li><a href=\"https:\/\/fizzyvape.eu\/sv\/produkt\/fizzy-pandora-vattenmelon-blabar-12000-puffar\/\">Vattenmelon Bl\u00e5b\u00e4r<\/a><\/li>\n<\/ol>\n<h3><strong>Vanliga fr\u00e5gor om <\/strong><strong>Fizzy Pandora bl\u00e5b\u00e4r 12000 puffar <\/strong><strong>Vape<\/strong><\/h3>\n<ul>\n<li class=\"\" data-start=\"103\" data-end=\"349\">\n<p class=\"\" data-start=\"106\" data-end=\"349\"><strong data-start=\"106\" data-end=\"169\">Hur l\u00e4nge r\u00e4cker Fizzy Pandora Blueberry 12000 Puffs?<\/strong><br data-start=\"169\" data-end=\"172\">Fizzy Pandora Blueberry ger upp till 12 000 puffar, vilket r\u00e4cker i upp till 2-3 veckor f\u00f6r m\u00e5ttliga anv\u00e4ndare, med en kapacitet p\u00e5 20 ml e-v\u00e4tska och ett uppladdningsbart batteri f\u00f6r l\u00e4ngre anv\u00e4ndning.<\/p>\n<\/li>\n<li class=\"\" data-start=\"351\" data-end=\"559\">\n<p class=\"\" data-start=\"354\" data-end=\"559\"><strong data-start=\"354\" data-end=\"421\">Vilken smak erbjuder Fizzy Pandora Blueberry 12000 Puffs?<\/strong><br data-start=\"421\" data-end=\"424\">Fizzy Pandora ger en rik, len bl\u00e5b\u00e4rssmak med en kolsyrad twist, vilket ger en h\u00e4rligt uppfriskande vapingupplevelse.<\/p>\n<\/li>\n<li class=\"\" data-start=\"561\" data-end=\"783\">\n<p class=\"\" data-start=\"564\" data-end=\"783\"><strong data-start=\"564\" data-end=\"617\">\u00c4r Fizzy Pandora Blueberry vape uppladdningsbar?<\/strong><br data-start=\"617\" data-end=\"620\">Ja, det kan du! Enheten levereras med ett uppladdningsbart 650mAh-batteri, vilket s\u00e4kerst\u00e4ller att du kan njuta av varje sista droppe e-juice utan att oroa dig f\u00f6r att batteriet ska ta slut. <\/p>\n<\/li>\n<li class=\"\" data-start=\"785\" data-end=\"972\">\n<p class=\"\" data-start=\"788\" data-end=\"972\"><strong data-start=\"788\" data-end=\"839\">\u00c4r Fizzy Pandora Blueberry vape l\u00e4ckages\u00e4ker?<\/strong><br data-start=\"839\" data-end=\"842\">Ja, Fizzy Pandora Blueberry vape \u00e4r utformad f\u00f6r att vara l\u00e4ckages\u00e4ker, vilket h\u00e5ller din enhet och ficka fri fr\u00e5n o\u00f6nskad smuts.<\/p>\n<\/li>\n<li class=\"\" data-start=\"974\" data-end=\"1212\">\n<p class=\"\" data-start=\"977\" data-end=\"1212\"><strong data-start=\"977\" data-end=\"1054\">Vilken nikotinstyrka har Fizzy Pandora Blueberry 12000 Puffs?<\/strong><br data-start=\"1054\" data-end=\"1057\">Enheten inneh\u00e5ller 5% (50 mg) nikotinsalt, vilket ger en j\u00e4mn och tillfredsst\u00e4llande tr\u00e4ff i halsen, perfekt f\u00f6r vuxna vapers som vill ha en stark men \u00e4nd\u00e5 j\u00e4mn upplevelse.<\/p>\n<\/li>\n<\/ul>\n<\/div>\n","protected":false},"excerpt":{"rendered":"<p>Sk\u00e4m bort dig med <strong>Fizzy Pandora Blueberry 12000 Puffs vape<\/strong> &#8211; en explosion av rik, len bl\u00e5b\u00e4rssmak med en fizzy twist. Njut av 12 000 ultrasmidiga puffar, en uppladdningsbar design och en tillfredsst\u00e4llande 5% nikotinsaltformulering. <\/p>\n","protected":false},"featured_media":20617,"comment_status":"open","ping_status":"closed","template":"","meta":{"iawp_total_views":0},"product_brand":[],"product_cat":[283],"product_tag":[284],"class_list":{"0":"post-26467","1":"product","2":"type-product","3":"status-publish","4":"has-post-thumbnail","6":"product_cat-pandora-sv","7":"product_tag-12000-puffar","9":"first","10":"outofstock","11":"shipping-taxable","12":"purchasable","13":"product-type-variable"},"yoast_head":"<!-- This site is optimized with the Yoast SEO Premium plugin v24.8 (Yoast SEO v24.8) - https:\/\/yoast.com\/wordpress\/plugins\/seo\/ -->\n<title>Fizzy Pandora Bl\u00e5b\u00e4r - 12000 puffar - fizzyvape.eu<\/title>\n<meta name=\"robots\" content=\"index, follow, max-snippet:-1, max-image-preview:large, max-video-preview:-1\" \/>\n<link rel=\"canonical\" href=\"https:\/\/fizzyvape.eu\/sv\/produkt\/fizzy-pandora-blabar-12000-puffar\/\" \/>\n<meta property=\"og:locale\" content=\"sv_SE\" \/>\n<meta property=\"og:type\" content=\"article\" \/>\n<meta property=\"og:title\" content=\"Fizzy Pandora Bl\u00e5b\u00e4r - 12000 puffar\" \/>\n<meta property=\"og:description\" content=\"Sk\u00e4m bort dig med Fizzy Pandora Blueberry 12000 Puffs vape - en explosion av rik, len bl\u00e5b\u00e4rssmak med en fizzy twist. Njut av 12 000 ultrasmidiga puffar, en uppladdningsbar design och en tillfredsst\u00e4llande 5% nikotinsaltformulering.\" \/>\n<meta property=\"og:url\" content=\"https:\/\/fizzyvape.eu\/sv\/produkt\/fizzy-pandora-blabar-12000-puffar\/\" \/>\n<meta property=\"og:site_name\" content=\"fizzyvape.eu\" \/>\n<meta property=\"og:image\" content=\"https:\/\/fizzyvape.eu\/wp-content\/uploads\/2025\/03\/FizzyVape-Pandora-Blueberry-12000Puff.jpg\" \/>\n\t<meta property=\"og:image:width\" content=\"1057\" \/>\n\t<meta property=\"og:image:height\" content=\"1037\" \/>\n\t<meta property=\"og:image:type\" content=\"image\/jpeg\" \/>\n<meta name=\"twitter:card\" content=\"summary_large_image\" \/>\n<meta name=\"twitter:label1\" content=\"Tillg\u00e4nglig\" \/>\n\t<meta name=\"twitter:data1\" content=\"Slut i lager\" \/>\n<script type=\"application\/ld+json\" class=\"yoast-schema-graph\">{\"@context\":\"https:\/\/schema.org\",\"@graph\":[{\"@type\":\"WebPage\",\"@id\":\"https:\/\/fizzyvape.eu\/sv\/produkt\/fizzy-pandora-blabar-12000-puffar\/\",\"url\":\"https:\/\/fizzyvape.eu\/sv\/produkt\/fizzy-pandora-blabar-12000-puffar\/\",\"name\":\"Fizzy Pandora Bl\u00e5b\u00e4r - 12000 puffar - fizzyvape.eu\",\"isPartOf\":{\"@id\":\"https:\/\/www.fizzyvape.eu\/sv\/#website\"},\"primaryImageOfPage\":{\"@id\":\"https:\/\/fizzyvape.eu\/sv\/produkt\/fizzy-pandora-blabar-12000-puffar\/#primaryimage\"},\"image\":{\"@id\":\"https:\/\/fizzyvape.eu\/sv\/produkt\/fizzy-pandora-blabar-12000-puffar\/#primaryimage\"},\"thumbnailUrl\":\"https:\/\/fizzyvape.eu\/wp-content\/uploads\/2025\/03\/FizzyVape-Pandora-Blueberry-12000Puff.jpg\",\"datePublished\":\"2025-03-27T05:55:39+00:00\",\"breadcrumb\":{\"@id\":\"https:\/\/fizzyvape.eu\/sv\/produkt\/fizzy-pandora-blabar-12000-puffar\/#breadcrumb\"},\"inLanguage\":\"sv-SE\",\"potentialAction\":[{\"@type\":\"ReadAction\",\"target\":[\"https:\/\/fizzyvape.eu\/sv\/produkt\/fizzy-pandora-blabar-12000-puffar\/\"]}]},{\"@type\":\"ImageObject\",\"inLanguage\":\"sv-SE\",\"@id\":\"https:\/\/fizzyvape.eu\/sv\/produkt\/fizzy-pandora-blabar-12000-puffar\/#primaryimage\",\"url\":\"https:\/\/fizzyvape.eu\/wp-content\/uploads\/2025\/03\/FizzyVape-Pandora-Blueberry-12000Puff.jpg\",\"contentUrl\":\"https:\/\/fizzyvape.eu\/wp-content\/uploads\/2025\/03\/FizzyVape-Pandora-Blueberry-12000Puff.jpg\",\"width\":1057,\"height\":1037,\"caption\":\"FizzyVape-Pandora-Bl\u00e5b\u00e4r-12000Puff\"},{\"@type\":\"BreadcrumbList\",\"@id\":\"https:\/\/fizzyvape.eu\/sv\/produkt\/fizzy-pandora-blabar-12000-puffar\/#breadcrumb\",\"itemListElement\":[{\"@type\":\"ListItem\",\"position\":1,\"name\":\"Home\",\"item\":\"https:\/\/fizzyvape.eu\/sv\/\"},{\"@type\":\"ListItem\",\"position\":2,\"name\":\"Butik\",\"item\":\"https:\/\/fizzyvape.eu\/sv\/butik\/\"},{\"@type\":\"ListItem\",\"position\":3,\"name\":\"Fizzy Pandora Bl\u00e5b\u00e4r &#8211; 12000 puffar\"}]},{\"@type\":\"WebSite\",\"@id\":\"https:\/\/www.fizzyvape.eu\/sv\/#website\",\"url\":\"https:\/\/www.fizzyvape.eu\/sv\/\",\"name\":\"fizzyvape.eu\",\"description\":\"Refreshing Vapes. Unforgettable Taste.\",\"publisher\":{\"@id\":\"https:\/\/www.fizzyvape.eu\/sv\/#organization\"},\"potentialAction\":[{\"@type\":\"SearchAction\",\"target\":{\"@type\":\"EntryPoint\",\"urlTemplate\":\"https:\/\/www.fizzyvape.eu\/sv\/?s={search_term_string}\"},\"query-input\":{\"@type\":\"PropertyValueSpecification\",\"valueRequired\":true,\"valueName\":\"search_term_string\"}}],\"inLanguage\":\"sv-SE\"},{\"@type\":\"Organization\",\"@id\":\"https:\/\/www.fizzyvape.eu\/sv\/#organization\",\"name\":\"fizzyvape.eu\",\"url\":\"https:\/\/www.fizzyvape.eu\/sv\/\",\"logo\":{\"@type\":\"ImageObject\",\"inLanguage\":\"sv-SE\",\"@id\":\"https:\/\/www.fizzyvape.eu\/sv\/#\/schema\/logo\/image\/\",\"url\":\"https:\/\/fizzyvape.eu\/wp-content\/uploads\/2019\/06\/print-1.svg\",\"contentUrl\":\"https:\/\/fizzyvape.eu\/wp-content\/uploads\/2019\/06\/print-1.svg\",\"width\":124,\"height\":37,\"caption\":\"fizzyvape.eu\"},\"image\":{\"@id\":\"https:\/\/www.fizzyvape.eu\/sv\/#\/schema\/logo\/image\/\"}}]}<\/script>\n<meta property=\"og:availability\" content=\"out of stock\" \/>\n<meta property=\"product:availability\" content=\"out of stock\" \/>\n<meta property=\"product:condition\" content=\"new\" \/>\n<!-- \/ Yoast SEO Premium plugin. -->","yoast_head_json":{"title":"Fizzy Pandora Bl\u00e5b\u00e4r - 12000 puffar - fizzyvape.eu","robots":{"index":"index","follow":"follow","max-snippet":"max-snippet:-1","max-image-preview":"max-image-preview:large","max-video-preview":"max-video-preview:-1"},"canonical":"https:\/\/fizzyvape.eu\/sv\/produkt\/fizzy-pandora-blabar-12000-puffar\/","og_locale":"sv_SE","og_type":"article","og_title":"Fizzy Pandora Bl\u00e5b\u00e4r - 12000 puffar","og_description":"Sk\u00e4m bort dig med Fizzy Pandora Blueberry 12000 Puffs vape - en explosion av rik, len bl\u00e5b\u00e4rssmak med en fizzy twist. Njut av 12 000 ultrasmidiga puffar, en uppladdningsbar design och en tillfredsst\u00e4llande 5% nikotinsaltformulering.","og_url":"https:\/\/fizzyvape.eu\/sv\/produkt\/fizzy-pandora-blabar-12000-puffar\/","og_site_name":"fizzyvape.eu","og_image":[{"width":1057,"height":1037,"url":"https:\/\/fizzyvape.eu\/wp-content\/uploads\/2025\/03\/FizzyVape-Pandora-Blueberry-12000Puff.jpg","type":"image\/jpeg"}],"twitter_card":"summary_large_image","twitter_misc":{"Tillg\u00e4nglig":"Slut i lager"},"schema":{"@context":"https:\/\/schema.org","@graph":[{"@type":"WebPage","@id":"https:\/\/fizzyvape.eu\/sv\/produkt\/fizzy-pandora-blabar-12000-puffar\/","url":"https:\/\/fizzyvape.eu\/sv\/produkt\/fizzy-pandora-blabar-12000-puffar\/","name":"Fizzy Pandora Bl\u00e5b\u00e4r - 12000 puffar - fizzyvape.eu","isPartOf":{"@id":"https:\/\/www.fizzyvape.eu\/sv\/#website"},"primaryImageOfPage":{"@id":"https:\/\/fizzyvape.eu\/sv\/produkt\/fizzy-pandora-blabar-12000-puffar\/#primaryimage"},"image":{"@id":"https:\/\/fizzyvape.eu\/sv\/produkt\/fizzy-pandora-blabar-12000-puffar\/#primaryimage"},"thumbnailUrl":"https:\/\/fizzyvape.eu\/wp-content\/uploads\/2025\/03\/FizzyVape-Pandora-Blueberry-12000Puff.jpg","datePublished":"2025-03-27T05:55:39+00:00","breadcrumb":{"@id":"https:\/\/fizzyvape.eu\/sv\/produkt\/fizzy-pandora-blabar-12000-puffar\/#breadcrumb"},"inLanguage":"sv-SE","potentialAction":[{"@type":"ReadAction","target":["https:\/\/fizzyvape.eu\/sv\/produkt\/fizzy-pandora-blabar-12000-puffar\/"]}]},{"@type":"ImageObject","inLanguage":"sv-SE","@id":"https:\/\/fizzyvape.eu\/sv\/produkt\/fizzy-pandora-blabar-12000-puffar\/#primaryimage","url":"https:\/\/fizzyvape.eu\/wp-content\/uploads\/2025\/03\/FizzyVape-Pandora-Blueberry-12000Puff.jpg","contentUrl":"https:\/\/fizzyvape.eu\/wp-content\/uploads\/2025\/03\/FizzyVape-Pandora-Blueberry-12000Puff.jpg","width":1057,"height":1037,"caption":"FizzyVape-Pandora-Bl\u00e5b\u00e4r-12000Puff"},{"@type":"BreadcrumbList","@id":"https:\/\/fizzyvape.eu\/sv\/produkt\/fizzy-pandora-blabar-12000-puffar\/#breadcrumb","itemListElement":[{"@type":"ListItem","position":1,"name":"Home","item":"https:\/\/fizzyvape.eu\/sv\/"},{"@type":"ListItem","position":2,"name":"Butik","item":"https:\/\/fizzyvape.eu\/sv\/butik\/"},{"@type":"ListItem","position":3,"name":"Fizzy Pandora Bl\u00e5b\u00e4r &#8211; 12000 puffar"}]},{"@type":"WebSite","@id":"https:\/\/www.fizzyvape.eu\/sv\/#website","url":"https:\/\/www.fizzyvape.eu\/sv\/","name":"fizzyvape.eu","description":"Refreshing Vapes. Unforgettable Taste.","publisher":{"@id":"https:\/\/www.fizzyvape.eu\/sv\/#organization"},"potentialAction":[{"@type":"SearchAction","target":{"@type":"EntryPoint","urlTemplate":"https:\/\/www.fizzyvape.eu\/sv\/?s={search_term_string}"},"query-input":{"@type":"PropertyValueSpecification","valueRequired":true,"valueName":"search_term_string"}}],"inLanguage":"sv-SE"},{"@type":"Organization","@id":"https:\/\/www.fizzyvape.eu\/sv\/#organization","name":"fizzyvape.eu","url":"https:\/\/www.fizzyvape.eu\/sv\/","logo":{"@type":"ImageObject","inLanguage":"sv-SE","@id":"https:\/\/www.fizzyvape.eu\/sv\/#\/schema\/logo\/image\/","url":"https:\/\/fizzyvape.eu\/wp-content\/uploads\/2019\/06\/print-1.svg","contentUrl":"https:\/\/fizzyvape.eu\/wp-content\/uploads\/2019\/06\/print-1.svg","width":124,"height":37,"caption":"fizzyvape.eu"},"image":{"@id":"https:\/\/www.fizzyvape.eu\/sv\/#\/schema\/logo\/image\/"}}]},"og_availability":"out of stock","product_availability":"out of stock","product_condition":"new"},"tiered_pricing_type":"fixed","tiered_pricing_fixed_rules":[],"tiered_pricing_product_settings":{"layout":"default","base_unit_name":{"singular":null,"plural":null},"default_variation":null},"tiered_pricing_minimum_quantity":null,"tiered_pricing_roles_data":[],"tiered_pricing_percentage_rules":[],"tiered_pricing_maximum_quantity":null,"tiered_pricing_quantity_step":null,"_links":{"self":[{"href":"https:\/\/fizzyvape.eu\/sv\/wp-json\/wp\/v2\/product\/26467","targetHints":{"allow":["GET"]}}],"collection":[{"href":"https:\/\/fizzyvape.eu\/sv\/wp-json\/wp\/v2\/product"}],"about":[{"href":"https:\/\/fizzyvape.eu\/sv\/wp-json\/wp\/v2\/types\/product"}],"replies":[{"embeddable":true,"href":"https:\/\/fizzyvape.eu\/sv\/wp-json\/wp\/v2\/comments?post=26467"}],"version-history":[{"count":0,"href":"https:\/\/fizzyvape.eu\/sv\/wp-json\/wp\/v2\/product\/26467\/revisions"}],"wp:featuredmedia":[{"embeddable":true,"href":"https:\/\/fizzyvape.eu\/sv\/wp-json\/wp\/v2\/media\/20617"}],"wp:attachment":[{"href":"https:\/\/fizzyvape.eu\/sv\/wp-json\/wp\/v2\/media?parent=26467"}],"wp:term":[{"taxonomy":"product_brand","embeddable":true,"href":"https:\/\/fizzyvape.eu\/sv\/wp-json\/wp\/v2\/product_brand?post=26467"},{"taxonomy":"product_cat","embeddable":true,"href":"https:\/\/fizzyvape.eu\/sv\/wp-json\/wp\/v2\/product_cat?post=26467"},{"taxonomy":"product_tag","embeddable":true,"href":"https:\/\/fizzyvape.eu\/sv\/wp-json\/wp\/v2\/product_tag?post=26467"}],"curies":[{"name":"wp","href":"https:\/\/api.w.org\/{rel}","templated":true}]}}