{"id":28025,"date":"2025-04-21T11:25:17","date_gmt":"2025-04-21T03:25:17","guid":{"rendered":"https:\/\/fizzyvape.eu\/?post_type=product&#038;p=28025"},"modified":"2025-10-31T17:59:44","modified_gmt":"2025-10-31T09:59:44","slug":"fizzy-twins-dual-flavor-50000-puffar-60-st","status":"publish","type":"product","link":"https:\/\/fizzyvape.eu\/sv\/produkt\/fizzy-twins-dual-flavor-50000-puffar-60-st\/","title":{"rendered":"Fizzy Twins Dual Flavor 50000 puffar &#8211; 60 st"},"content":{"rendered":"<div>\n<h2><strong>Fizzy Twins Dual Flavor 50000 Puffs Eng\u00e5ngs Vape &#8211; 60st grossistpaket<\/strong><\/h2>\n<p>Vi presenterar den banbrytande <strong>Fizzy Twins Dual Flavor 50 000 Puffs Disposable Vape &#8211; 60pcs Bundle<\/strong>, den ultimata grossistl\u00f6sningen f\u00f6r \u00e5terf\u00f6rs\u00e4ljare. Denna innovativa enhet revolutionerar vaping genom att kombinera <strong>tv\u00e5 premiumsmaker i en elegant enhet<\/strong>, med omedelbar v\u00e4xlingsfunktion. Varje enhet levererar <strong>50 000 ultrasmidiga puffar<\/strong> fr\u00e5n ett <strong>50 ml dubbeltanksystem<\/strong> (25 ml per smak), som drivs av dubbla n\u00e4tspolar och ett <strong>850 mAh uppladdningsbart batteri<\/strong> med USB-C snabbladdning.<\/p>\n<h3>Viktiga egenskaper:<\/h3>\n<p>\ud83d\udd25 <strong>Dual Flavor Technology<\/strong> &#8211; v\u00e4xla mellan tv\u00e5 olika smaker direkt<br \/>\n\u26a1 <strong>50.000 puffar<\/strong> &#8211; branschledande livsl\u00e4ngd (5x vanliga eng\u00e5ngsartiklar)<br \/>\n\ud83d\udca7 <strong>Dual-Tank System<\/strong> &#8211; Separata kammare bevarar smakrenheten<br \/>\n\ud83d\udd0b <strong>Smart str\u00f6mhantering<\/strong> &#8211; Eco Mode &amp; Boost Mode f\u00f6r skr\u00e4ddarsydd upplevelse<br \/>\n\ud83d\udcca <strong>OLED-display<\/strong> &#8211; \u00f6vervakning av batteri och e-v\u00e4tska i realtid<br \/>\n\u26a1 <strong>USB-C snabbladdning<\/strong> &#8211; full <strong>laddning<\/strong> p\u00e5 bara 2 timmar<br \/>\n\ud83d\udee1\ufe0f <strong>Premiumkonstruktion<\/strong> &#8211; l\u00e4ckages\u00e4ker metalllegering<\/p>\n<h3><strong>Varf\u00f6r v\u00e4lja Fizzy Twins Dual Flavor 50000 Puffs <\/strong><strong>Vape<\/strong><strong>?<\/strong><\/h3>\n<p>\ud83d\udd25 <strong>Tv\u00e5 smaker i en enhet<\/strong> &#8211; njut av variation utan att beh\u00f6va byta vapor.<br \/>\n\ud83d\udd25 <strong>Massiv kapacitet f\u00f6r e-v\u00e4tska<\/strong> &#8211; 50 ml f\u00f6r l\u00e5ngvarig vapingtillfredsst\u00e4llelse.<br \/>\n\ud83d\udd25 <strong>Anpassningsbar vapingupplevelse<\/strong> &#8211; justerbart luftfl\u00f6de och str\u00f6ml\u00e4gen f\u00f6r perfekt drag.<br \/>\n\ud83d\udd25 <strong>L\u00e4cks\u00e4ker och f\u00f6rstklassig konstruktion<\/strong> &#8211; Utformad f\u00f6r en problemfri och smidig vaping-session.<\/p>\n<\/div>\n<div>\n<h3><strong>Nikotinalternativ:<\/strong><\/h3>\n<p>&#8211; <strong>2% (20mg\/mL)<\/strong> &#8211; Idealisk f\u00f6r en mjuk och smakrik vapingupplevelse<br \/>\n&#8211; <strong>5% (50 mg\/ml)<\/strong> &#8211; Utformad f\u00f6r en starkare och mer tillfredsst\u00e4llande effekt i halsen<\/p>\n<h3>Specifikationer<\/h3>\n<table style=\"height: 449px;\" width=\"1340\">\n<tbody>\n<tr>\n<td>Puffar<\/td>\n<td><strong>50000+ Puffar<\/strong><\/td>\n<\/tr>\n<tr>\n<td>Kapacitet f\u00f6r e-v\u00e4tska<\/td>\n<td><strong>50 ml (25 ml per smak)<\/strong><\/td>\n<\/tr>\n<tr>\n<td>Batteriets kapacitet<\/td>\n<td><strong>850 mAh<\/strong><\/td>\n<\/tr>\n<tr>\n<td>Storlek<\/td>\n<td><strong>55,9 * 27,3 * 119,8 mm<\/strong><\/td>\n<\/tr>\n<tr>\n<td>Eng\u00e5ngsbruk eller inte<\/td>\n<td><strong>Eng\u00e5ngsbruk<\/strong><\/td>\n<\/tr>\n<tr>\n<td>Justerbar effekt<\/td>\n<td><strong>JA<\/strong><\/td>\n<\/tr>\n<tr>\n<td>Aktiveringsmetod<\/td>\n<td><strong>Sensor<\/strong><\/td>\n<\/tr>\n<tr>\n<td>Material<\/td>\n<td><strong>PCTG<\/strong><\/td>\n<\/tr>\n<tr>\n<td>Nikotinniv\u00e5<\/td>\n<td><strong>2% (20mg\/mL) &amp; 5% (50mg\/mL)<\/strong><\/td>\n<\/tr>\n<tr>\n<td>Smak\u00e4mnen<\/td>\n<td><strong>12<\/strong><\/td>\n<\/tr>\n<tr>\n<td>F\u00f6rpackning<\/td>\n<td><strong>1 f\u00f6rpackning<\/strong><\/td>\n<\/tr>\n<tr>\n<td>Laddningstid<\/td>\n<td><strong>2 timmar<\/strong><\/td>\n<\/tr>\n<tr>\n<td>F\u00f6rvaring<\/td>\n<td><strong>Undvik milj\u00f6er med h\u00f6ga temperaturer och f\u00f6rvara p\u00e5 en sval och torr plats.<\/strong><\/td>\n<\/tr>\n<tr>\n<td>Personer som \u00e4r f\u00f6rbjudna att anv\u00e4nda<\/td>\n<td><strong>Minder\u00e5riga, gravida kvinnor och personer som \u00e4r allergiska mot produktens ingredienser.<\/strong><\/td>\n<\/tr>\n<tr>\n<td>F\u00f6rsiktighet<\/td>\n<td><strong>Sv\u00e4lj inte detta \u00e4mne. Vid f\u00f6rt\u00e4ring, sk\u00f6lj munnen noggrant och omedelbart. Upps\u00f6k l\u00e4kare om du k\u00e4nner dig d\u00e5lig. <\/strong><\/td>\n<\/tr>\n<\/tbody>\n<\/table>\n<h3><strong>Fizzy Twins <\/strong>50000 Dual Flavor Puffs Smaklista:<\/h3>\n<ol>\n<li><a href=\"https:\/\/fizzyvape.eu\/sv\/produkt\/fizzy-twins-vattenmelon-ice-jordgubb-kiwi-50000-puffar-10st\/\">Vattenmelon Ice &amp; Jordgubb Kiwi<\/a><\/li>\n<li><a href=\"https:\/\/fizzyvape.eu\/sv\/produkt\/fizzy-twins-jordgubb-kiwi-granatapple-red-bull-50000-puffar-10st\/\">Jordgubb Kiwi Granat\u00e4pple &amp; Red Bull<\/a><\/li>\n<li><a href=\"https:\/\/fizzyvape.eu\/sv\/produkt\/fizzy-twins-blueberry-coconut-grape-ice-50000-puffs-10st\/\">Bl\u00e5b\u00e4r, kokosn\u00f6t &amp; druv-is<\/a><\/li>\n<li><a href=\"https:\/\/fizzyvape.eu\/sv\/produkt\/fizzy-twins-blue-razz-lemonade-triple-melon-50000-puffar-10-st\/\">Blue Razz Lemonade &amp; Triple Melon<\/a><\/li>\n<li><a href=\"https:\/\/fizzyvape.eu\/sv\/produkt\/fizzy-twins-jordgubb-vattenmelon-blabar-is-50000-puffar-10st\/\">Is med jordgubbar, vattenmelon och bl\u00e5b\u00e4r<\/a><\/li>\n<li><a href=\"https:\/\/fizzyvape.eu\/sv\/produkt\/fizzy-twins-persika-mango-vattenmelon-jordgubb-banan-50000-puffar-10st\/\">Persika Mango Vattenmelon &amp; Jordgubb Banan<\/a><\/li>\n<li><a href=\"https:\/\/fizzyvape.eu\/sv\/produkt\/fizzy-twins-hallon-vattenmelon-kiwi-passionsfrukt-guava-50000-puffar-10st\/\">Hallon Vattenmelon &amp; Kiwi Passionsfrukt Guava<\/a><\/li>\n<li><a href=\"https:\/\/fizzyvape.eu\/sv\/produkt\/fizzy-twins-ananas-persika-passionsfrukt-blabar-hallon-50000-puffar-10st\/\">Ananas Persika Passionsfrukt &amp; Bl\u00e5b\u00e4r Hallon<\/a><\/li>\n<li><a href=\"https:\/\/fizzyvape.eu\/sv\/produkt\/fizzy-twins-vattenmelon-is-citron-lime-50000-puffar-10st\/\">Vattenmelonis och citron-lime<\/a><\/li>\n<li><a href=\"https:\/\/fizzyvape.eu\/sv\/produkt\/fizzy-twins-mixed-berry-peach-ice-50000-puffs-10-st\/\">Blandade b\u00e4r &amp; persika is<\/a><\/li>\n<li><a href=\"https:\/\/fizzyvape.eu\/sv\/produkt\/fizzy-twins-strawberry-ice-fizzy-cherry-50000-puffs-10st\/\">Jordgubbsis &amp; Fizzy Cherry<\/a><\/li>\n<li><a href=\"https:\/\/fizzyvape.eu\/sv\/produkt\/fizzy-twins-hallon-lemonad-jordgubbsis-50000-puffar-10st\/\">Hallonlemonad &amp; jordgubbsis<\/a><\/li>\n<\/ol>\n<h3>Vanliga fr\u00e5gor om Fizzy Twins Dual Flavor 50000 Puffs Vape<\/h3>\n<ul>\n<li><strong>Kan vi blanda smakkombinationer?<\/strong><br \/>\nJa, det kan du! Skr\u00e4ddarsy ditt paket med \u00f6nskade kombinationer.<\/li>\n<li><strong>Hur l\u00e4nge r\u00e4cker 50 000 puffar?<\/strong><br \/>\nMed <strong>50 ml e-v\u00e4tska<\/strong> kan de flesta anv\u00e4ndare r\u00f6ka <strong>i 3-4 veckor.<\/strong> Tunga anv\u00e4ndare kan beh\u00f6va byta ut den efter <strong>2-3 veckor.<\/strong><\/li>\n<li><strong>Hur byter kunderna smak?<\/strong><br \/>\nEn enkel knapptryckning v\u00e4xlar omedelbart mellan smak A och smak B.<\/li>\n<li><strong>Vad \u00e4r skillnaden mellan str\u00f6ml\u00e4gena Standard och Boost?<\/strong>\n<ul>\n<li><strong>Standard Mode<\/strong> ger en balanserad smak- och \u00e5ngproduktion.<\/li>\n<li><strong>Boost Mode<\/strong> intensifierar smaken och ger t\u00e4tare \u00e5ngmoln.<\/li>\n<\/ul>\n<\/li>\n<\/ul>\n<\/div>\n","protected":false},"excerpt":{"rendered":"<p>Skaffa <strong>Fizzy Twins Dual Flavor 50000 Puffs Disposable Vape &#8211; 60pcs Wholesale Bundle<\/strong> till oslagbara bulkpriser! Njut av <strong>tv\u00e5 smaker i en enhet<\/strong> <strong>, 50 000 ultrasmidiga puffar<\/strong> och ett <strong>50 ml dubbeltanksystem<\/strong> med <strong>USB-C-snabbladdning<\/strong>. Perfekt f\u00f6r \u00e5terf\u00f6rs\u00e4ljare som letar <strong>efter efterfr\u00e5gade, l\u00e5ngvariga vapes<\/strong> med <strong>premium byggkvalitet<\/strong>.<\/p>\n","protected":false},"featured_media":30169,"comment_status":"open","ping_status":"closed","template":"","meta":{"iawp_total_views":0},"product_brand":[],"product_cat":[676],"product_tag":[227],"class_list":{"0":"post-28025","1":"product","2":"type-product","3":"status-publish","4":"has-post-thumbnail","6":"product_cat-bulk-deals-2-sv","7":"product_tag-50000puffar","9":"first","10":"outofstock","11":"sale","12":"shipping-taxable","13":"purchasable","14":"product-type-variable"},"yoast_head":"<!-- This site is optimized with the Yoast SEO Premium plugin v24.8 (Yoast SEO v24.8) - https:\/\/yoast.com\/wordpress\/plugins\/seo\/ -->\n<title>Fizzy Twins Dual Flavor 50000 puffar - 60 st - fizzyvape.eu<\/title>\n<meta name=\"description\" content=\"Fizzy Twins 50000 Puffs dual-flavor vape med USB-C laddning, nu i 60st grossist-h\u00f6g kapacitet, rik smak och anpassningsbar vaping.\" \/>\n<meta name=\"robots\" content=\"index, follow, max-snippet:-1, max-image-preview:large, max-video-preview:-1\" \/>\n<link rel=\"canonical\" href=\"https:\/\/fizzyvape.eu\/sv\/produkt\/fizzy-twins-dual-flavor-50000-puffar-60-st\/\" \/>\n<meta property=\"og:locale\" content=\"sv_SE\" \/>\n<meta property=\"og:type\" content=\"article\" \/>\n<meta property=\"og:title\" content=\"Fizzy Twins Dual Flavor 50000 puffar - 60 st\" \/>\n<meta property=\"og:description\" content=\"Fizzy Twins 50000 Puffs dual-flavor vape med USB-C laddning, nu i 60st grossist-h\u00f6g kapacitet, rik smak och anpassningsbar vaping.\" \/>\n<meta property=\"og:url\" content=\"https:\/\/fizzyvape.eu\/sv\/produkt\/fizzy-twins-dual-flavor-50000-puffar-60-st\/\" \/>\n<meta property=\"og:site_name\" content=\"fizzyvape.eu\" \/>\n<meta property=\"article:modified_time\" content=\"2025-10-31T09:59:44+00:00\" \/>\n<meta property=\"og:image\" content=\"https:\/\/www.fizzyvape.eu\/wp-content\/uploads\/2025\/04\/Fizzy-Twins-50000Puffs-60pcs-1.webp\" \/>\n\t<meta property=\"og:image:width\" content=\"800\" \/>\n\t<meta property=\"og:image:height\" content=\"800\" \/>\n\t<meta property=\"og:image:type\" content=\"image\/webp\" \/>\n<meta name=\"twitter:card\" content=\"summary_large_image\" \/>\n<meta name=\"twitter:label1\" content=\"Tillg\u00e4nglig\" \/>\n\t<meta name=\"twitter:data1\" content=\"Slut i lager\" \/>\n<script type=\"application\/ld+json\" class=\"yoast-schema-graph\">{\"@context\":\"https:\/\/schema.org\",\"@graph\":[{\"@type\":\"WebPage\",\"@id\":\"https:\/\/fizzyvape.eu\/sv\/produkt\/fizzy-twins-dual-flavor-50000-puffar-60-st\/\",\"url\":\"https:\/\/fizzyvape.eu\/sv\/produkt\/fizzy-twins-dual-flavor-50000-puffar-60-st\/\",\"name\":\"Fizzy Twins Dual Flavor 50000 puffar - 60 st - fizzyvape.eu\",\"isPartOf\":{\"@id\":\"https:\/\/www.fizzyvape.eu\/sv\/#website\"},\"primaryImageOfPage\":{\"@id\":\"https:\/\/fizzyvape.eu\/sv\/produkt\/fizzy-twins-dual-flavor-50000-puffar-60-st\/#primaryimage\"},\"image\":{\"@id\":\"https:\/\/fizzyvape.eu\/sv\/produkt\/fizzy-twins-dual-flavor-50000-puffar-60-st\/#primaryimage\"},\"thumbnailUrl\":\"https:\/\/fizzyvape.eu\/wp-content\/uploads\/2025\/04\/Fizzy-Twins-50000-Puffs-Disposable-Vape-60pcs.webp\",\"datePublished\":\"2025-04-21T03:25:17+00:00\",\"dateModified\":\"2025-10-31T09:59:44+00:00\",\"description\":\"Fizzy Twins 50000 Puffs dual-flavor vape med USB-C laddning, nu i 60st grossist-h\u00f6g kapacitet, rik smak och anpassningsbar vaping.\",\"breadcrumb\":{\"@id\":\"https:\/\/fizzyvape.eu\/sv\/produkt\/fizzy-twins-dual-flavor-50000-puffar-60-st\/#breadcrumb\"},\"inLanguage\":\"sv-SE\",\"potentialAction\":[{\"@type\":\"ReadAction\",\"target\":[\"https:\/\/fizzyvape.eu\/sv\/produkt\/fizzy-twins-dual-flavor-50000-puffar-60-st\/\"]}]},{\"@type\":\"ImageObject\",\"inLanguage\":\"sv-SE\",\"@id\":\"https:\/\/fizzyvape.eu\/sv\/produkt\/fizzy-twins-dual-flavor-50000-puffar-60-st\/#primaryimage\",\"url\":\"https:\/\/fizzyvape.eu\/wp-content\/uploads\/2025\/04\/Fizzy-Twins-50000-Puffs-Disposable-Vape-60pcs.webp\",\"contentUrl\":\"https:\/\/fizzyvape.eu\/wp-content\/uploads\/2025\/04\/Fizzy-Twins-50000-Puffs-Disposable-Vape-60pcs.webp\",\"width\":800,\"height\":800,\"caption\":\"Fizzy Twins 50000 Puffs Disposable Vape 60pcs\"},{\"@type\":\"BreadcrumbList\",\"@id\":\"https:\/\/fizzyvape.eu\/sv\/produkt\/fizzy-twins-dual-flavor-50000-puffar-60-st\/#breadcrumb\",\"itemListElement\":[{\"@type\":\"ListItem\",\"position\":1,\"name\":\"Home\",\"item\":\"https:\/\/fizzyvape.eu\/sv\/\"},{\"@type\":\"ListItem\",\"position\":2,\"name\":\"Butik\",\"item\":\"https:\/\/fizzyvape.eu\/sv\/butik\/\"},{\"@type\":\"ListItem\",\"position\":3,\"name\":\"Fizzy Twins Dual Flavor 50000 puffar &#8211; 60 st\"}]},{\"@type\":\"WebSite\",\"@id\":\"https:\/\/www.fizzyvape.eu\/sv\/#website\",\"url\":\"https:\/\/www.fizzyvape.eu\/sv\/\",\"name\":\"fizzyvape.eu\",\"description\":\"Refreshing Vapes. Unforgettable Taste.\",\"publisher\":{\"@id\":\"https:\/\/www.fizzyvape.eu\/sv\/#organization\"},\"potentialAction\":[{\"@type\":\"SearchAction\",\"target\":{\"@type\":\"EntryPoint\",\"urlTemplate\":\"https:\/\/www.fizzyvape.eu\/sv\/?s={search_term_string}\"},\"query-input\":{\"@type\":\"PropertyValueSpecification\",\"valueRequired\":true,\"valueName\":\"search_term_string\"}}],\"inLanguage\":\"sv-SE\"},{\"@type\":\"Organization\",\"@id\":\"https:\/\/www.fizzyvape.eu\/sv\/#organization\",\"name\":\"fizzyvape.eu\",\"url\":\"https:\/\/www.fizzyvape.eu\/sv\/\",\"logo\":{\"@type\":\"ImageObject\",\"inLanguage\":\"sv-SE\",\"@id\":\"https:\/\/www.fizzyvape.eu\/sv\/#\/schema\/logo\/image\/\",\"url\":\"https:\/\/fizzyvape.eu\/wp-content\/uploads\/2019\/06\/print-1.svg\",\"contentUrl\":\"https:\/\/fizzyvape.eu\/wp-content\/uploads\/2019\/06\/print-1.svg\",\"width\":124,\"height\":37,\"caption\":\"fizzyvape.eu\"},\"image\":{\"@id\":\"https:\/\/www.fizzyvape.eu\/sv\/#\/schema\/logo\/image\/\"}}]}<\/script>\n<meta property=\"og:availability\" content=\"out of stock\" \/>\n<meta property=\"product:availability\" content=\"out of stock\" \/>\n<meta property=\"product:condition\" content=\"new\" \/>\n<!-- \/ Yoast SEO Premium plugin. -->","yoast_head_json":{"title":"Fizzy Twins Dual Flavor 50000 puffar - 60 st - fizzyvape.eu","description":"Fizzy Twins 50000 Puffs dual-flavor vape med USB-C laddning, nu i 60st grossist-h\u00f6g kapacitet, rik smak och anpassningsbar vaping.","robots":{"index":"index","follow":"follow","max-snippet":"max-snippet:-1","max-image-preview":"max-image-preview:large","max-video-preview":"max-video-preview:-1"},"canonical":"https:\/\/fizzyvape.eu\/sv\/produkt\/fizzy-twins-dual-flavor-50000-puffar-60-st\/","og_locale":"sv_SE","og_type":"article","og_title":"Fizzy Twins Dual Flavor 50000 puffar - 60 st","og_description":"Fizzy Twins 50000 Puffs dual-flavor vape med USB-C laddning, nu i 60st grossist-h\u00f6g kapacitet, rik smak och anpassningsbar vaping.","og_url":"https:\/\/fizzyvape.eu\/sv\/produkt\/fizzy-twins-dual-flavor-50000-puffar-60-st\/","og_site_name":"fizzyvape.eu","article_modified_time":"2025-10-31T09:59:44+00:00","og_image":[{"width":800,"height":800,"url":"https:\/\/www.fizzyvape.eu\/wp-content\/uploads\/2025\/04\/Fizzy-Twins-50000Puffs-60pcs-1.webp","type":"image\/webp"}],"twitter_card":"summary_large_image","twitter_misc":{"Tillg\u00e4nglig":"Slut i lager"},"schema":{"@context":"https:\/\/schema.org","@graph":[{"@type":"WebPage","@id":"https:\/\/fizzyvape.eu\/sv\/produkt\/fizzy-twins-dual-flavor-50000-puffar-60-st\/","url":"https:\/\/fizzyvape.eu\/sv\/produkt\/fizzy-twins-dual-flavor-50000-puffar-60-st\/","name":"Fizzy Twins Dual Flavor 50000 puffar - 60 st - fizzyvape.eu","isPartOf":{"@id":"https:\/\/www.fizzyvape.eu\/sv\/#website"},"primaryImageOfPage":{"@id":"https:\/\/fizzyvape.eu\/sv\/produkt\/fizzy-twins-dual-flavor-50000-puffar-60-st\/#primaryimage"},"image":{"@id":"https:\/\/fizzyvape.eu\/sv\/produkt\/fizzy-twins-dual-flavor-50000-puffar-60-st\/#primaryimage"},"thumbnailUrl":"https:\/\/fizzyvape.eu\/wp-content\/uploads\/2025\/04\/Fizzy-Twins-50000-Puffs-Disposable-Vape-60pcs.webp","datePublished":"2025-04-21T03:25:17+00:00","dateModified":"2025-10-31T09:59:44+00:00","description":"Fizzy Twins 50000 Puffs dual-flavor vape med USB-C laddning, nu i 60st grossist-h\u00f6g kapacitet, rik smak och anpassningsbar vaping.","breadcrumb":{"@id":"https:\/\/fizzyvape.eu\/sv\/produkt\/fizzy-twins-dual-flavor-50000-puffar-60-st\/#breadcrumb"},"inLanguage":"sv-SE","potentialAction":[{"@type":"ReadAction","target":["https:\/\/fizzyvape.eu\/sv\/produkt\/fizzy-twins-dual-flavor-50000-puffar-60-st\/"]}]},{"@type":"ImageObject","inLanguage":"sv-SE","@id":"https:\/\/fizzyvape.eu\/sv\/produkt\/fizzy-twins-dual-flavor-50000-puffar-60-st\/#primaryimage","url":"https:\/\/fizzyvape.eu\/wp-content\/uploads\/2025\/04\/Fizzy-Twins-50000-Puffs-Disposable-Vape-60pcs.webp","contentUrl":"https:\/\/fizzyvape.eu\/wp-content\/uploads\/2025\/04\/Fizzy-Twins-50000-Puffs-Disposable-Vape-60pcs.webp","width":800,"height":800,"caption":"Fizzy Twins 50000 Puffs Disposable Vape 60pcs"},{"@type":"BreadcrumbList","@id":"https:\/\/fizzyvape.eu\/sv\/produkt\/fizzy-twins-dual-flavor-50000-puffar-60-st\/#breadcrumb","itemListElement":[{"@type":"ListItem","position":1,"name":"Home","item":"https:\/\/fizzyvape.eu\/sv\/"},{"@type":"ListItem","position":2,"name":"Butik","item":"https:\/\/fizzyvape.eu\/sv\/butik\/"},{"@type":"ListItem","position":3,"name":"Fizzy Twins Dual Flavor 50000 puffar &#8211; 60 st"}]},{"@type":"WebSite","@id":"https:\/\/www.fizzyvape.eu\/sv\/#website","url":"https:\/\/www.fizzyvape.eu\/sv\/","name":"fizzyvape.eu","description":"Refreshing Vapes. Unforgettable Taste.","publisher":{"@id":"https:\/\/www.fizzyvape.eu\/sv\/#organization"},"potentialAction":[{"@type":"SearchAction","target":{"@type":"EntryPoint","urlTemplate":"https:\/\/www.fizzyvape.eu\/sv\/?s={search_term_string}"},"query-input":{"@type":"PropertyValueSpecification","valueRequired":true,"valueName":"search_term_string"}}],"inLanguage":"sv-SE"},{"@type":"Organization","@id":"https:\/\/www.fizzyvape.eu\/sv\/#organization","name":"fizzyvape.eu","url":"https:\/\/www.fizzyvape.eu\/sv\/","logo":{"@type":"ImageObject","inLanguage":"sv-SE","@id":"https:\/\/www.fizzyvape.eu\/sv\/#\/schema\/logo\/image\/","url":"https:\/\/fizzyvape.eu\/wp-content\/uploads\/2019\/06\/print-1.svg","contentUrl":"https:\/\/fizzyvape.eu\/wp-content\/uploads\/2019\/06\/print-1.svg","width":124,"height":37,"caption":"fizzyvape.eu"},"image":{"@id":"https:\/\/www.fizzyvape.eu\/sv\/#\/schema\/logo\/image\/"}}]},"og_availability":"out of stock","product_availability":"out of stock","product_condition":"new"},"tiered_pricing_type":"fixed","tiered_pricing_fixed_rules":[],"tiered_pricing_product_settings":{"layout":"default","base_unit_name":{"singular":null,"plural":null},"default_variation":null},"tiered_pricing_minimum_quantity":null,"tiered_pricing_roles_data":[],"tiered_pricing_percentage_rules":[],"tiered_pricing_maximum_quantity":null,"tiered_pricing_quantity_step":null,"_links":{"self":[{"href":"https:\/\/fizzyvape.eu\/sv\/wp-json\/wp\/v2\/product\/28025","targetHints":{"allow":["GET"]}}],"collection":[{"href":"https:\/\/fizzyvape.eu\/sv\/wp-json\/wp\/v2\/product"}],"about":[{"href":"https:\/\/fizzyvape.eu\/sv\/wp-json\/wp\/v2\/types\/product"}],"replies":[{"embeddable":true,"href":"https:\/\/fizzyvape.eu\/sv\/wp-json\/wp\/v2\/comments?post=28025"}],"version-history":[{"count":0,"href":"https:\/\/fizzyvape.eu\/sv\/wp-json\/wp\/v2\/product\/28025\/revisions"}],"wp:featuredmedia":[{"embeddable":true,"href":"https:\/\/fizzyvape.eu\/sv\/wp-json\/wp\/v2\/media\/30169"}],"wp:attachment":[{"href":"https:\/\/fizzyvape.eu\/sv\/wp-json\/wp\/v2\/media?parent=28025"}],"wp:term":[{"taxonomy":"product_brand","embeddable":true,"href":"https:\/\/fizzyvape.eu\/sv\/wp-json\/wp\/v2\/product_brand?post=28025"},{"taxonomy":"product_cat","embeddable":true,"href":"https:\/\/fizzyvape.eu\/sv\/wp-json\/wp\/v2\/product_cat?post=28025"},{"taxonomy":"product_tag","embeddable":true,"href":"https:\/\/fizzyvape.eu\/sv\/wp-json\/wp\/v2\/product_tag?post=28025"}],"curies":[{"name":"wp","href":"https:\/\/api.w.org\/{rel}","templated":true}]}}