{"id":32915,"date":"2025-06-09T13:55:05","date_gmt":"2025-06-09T05:55:05","guid":{"rendered":"https:\/\/fizzyvape.eu\/product\/fizzy-max-iii-6in1-60k-60000-puffs-uppladdningsbar-engangsvape-60st\/"},"modified":"2025-06-09T13:55:05","modified_gmt":"2025-06-09T05:55:05","slug":"fizzy-max-iii-6in1-60k-60000-puffs-uppladdningsbar-engangsvape-60st","status":"publish","type":"product","link":"https:\/\/fizzyvape.eu\/sv\/produkt\/fizzy-max-iii-6in1-60k-60000-puffs-uppladdningsbar-engangsvape-60st\/","title":{"rendered":"Fizzy Max III 6in1 60K 60000 Puffs Uppladdningsbar eng\u00e5ngsvape &#8211; 60st"},"content":{"rendered":"<h2>Fizzy Max III 6in1 60K 60000 Puffs Uppladdningsbar eng\u00e5ngsvape <strong>grossist <\/strong>&#8211; 60st<\/h2>\n<h3><strong>En enhet. Sex smaker. 60.000 puffar av ren innovation.  <\/strong><\/h3>\n<p>Vi presenterar Fizzy Max III 6in1 &#8211; en revolutionerande eng\u00e5ngsvape utformad f\u00f6r smakutforskare. Med ett kraftfullt uppladdningsbart batteri, LED-sk\u00e4rm och ett unikt roterande munstyckssystem samlar den h\u00e4r enheten sex smakupplevelser i en elegant enhet med h\u00f6g kapacitet. Oavsett om du f\u00f6redrar enstaka smaker eller dynamiska blandningar kan du njuta av s\u00f6ml\u00f6sa \u00f6verg\u00e5ngar och l\u00e5ngvarig tillfredsst\u00e4llelse.  <\/p>\n<p>Titta p\u00e5 v\u00e5r <a href=\"https:\/\/www.youtube.com\/watch?v=CoxB_HvaU3k\">demonstrationsvideo<\/a>.<\/p>\n<h3><strong>  Produktens h\u00f6jdpunkter<\/strong><\/h3>\n<ul>\n<li><strong>Upp till 60 000 puffar<\/strong><br \/>\nNjut av ut\u00f6kad vaping med tre f\u00f6rfyllda pods p\u00e5 20 ml som ger totalt 60 ml premium-e-v\u00e4tska.<\/li>\n<li><strong>6 smaker i 1 enhet3<\/strong><strong>unika singelsmaker<\/strong> och <strong>3 blandade smak<\/strong> l\u00e4gen<\/li>\n<li><strong>Uppladdningsbar och effektiv<\/strong><br \/>\nUtrustad med ett 850mAh batteri och Type-C snabbladdning. Inget beh\u00f6ver sl\u00f6sas bort &#8211; ladda och forts\u00e4tt. <\/li>\n<li><strong>Advanced Mesh Coil Technology<\/strong><br \/>\nGer j\u00e4mn, riklig och konsekvent \u00e5nga vid varje bloss.<\/li>\n<li><strong>LED-display<\/strong><br \/>\nKontrollera batteritid och l\u00e4gesstatus direkt med den inbyggda sk\u00e4rmen f\u00f6r full kontroll med en blick.<\/li>\n<li><strong>Nikotinalternativ<\/strong><br \/>\nFinns i nikotinstyrkorna 2% och 5% f\u00f6r att passa olika preferenser.<\/li>\n<li><strong>Mouth-to-Lung &amp; Direct-Lung Modes<\/strong><br \/>\nMTL-l\u00e4get ger en t\u00e4tare, cigarettliknande dragning; DL-l\u00e4get ger fylliga, luftiga tr\u00e4ffar med dj\u00e4rva blandade smaker.<\/li>\n<li><strong>Kompakt men kraftfull<\/strong><br \/>\nAlla sex smakalternativen i en enda, resev\u00e4nlig eng\u00e5ngsprodukt &#8211; perfekt f\u00f6r att underl\u00e4tta n\u00e4r du \u00e4r p\u00e5 spr\u00e5ng utan att g\u00f6ra avkall p\u00e5 variationen.<\/li>\n<\/ul>\n<h3><strong>Fizzy Max III 6in1 60000 Puffs Eng\u00e5ngs Vape Smaker Lista:<\/strong><\/h3>\n<ol>\n<li><a href=\"https:\/\/fizzyvape.eu\/sv\/produkt\/fizzy-max-iii-6in1-60k-60000-puffs-uppladdningsbar-engangsvape-jordgubb-hallon-mango-persika-blabar-vattenmelon-10st\/\">Jordgubb Hallon &amp; Mango Persika &amp; Bl\u00e5b\u00e4r Vattenmelon<\/a><\/li>\n<li><a href=\"https:\/\/fizzyvape.eu\/sv\/produkt\/fizzy-max-iii-6in1-60k-60000-puffs-uppladdningsbar-engangsvape-mixed-berry-kiwi-passion-fruit-guava-strawberry-watermelon-10st\/\">Blandade b\u00e4r &amp; Kiwi Passionsfrukt Guava &amp; Jordgubb Vattenmelon<\/a><\/li>\n<li><a href=\"https:\/\/fizzyvape.eu\/sv\/produkt\/fizzy-max-iii-6in1-60k-60000-puffs-uppladdningsbar-engangsvape-blabar-hallon-triple-melon-strawberry-ice-10st\/\">Bl\u00e5b\u00e4r Hallon &amp; Trippel Melon &amp; Jordgubbsis<\/a><\/li>\n<li><a href=\"https:\/\/fizzyvape.eu\/sv\/produkt\/fizzy-max-iii-6in1-60k-60000-puffs-uppladdningsbar-engangs-vape-strawberry-dragon-fruit-red-bull-raspberry-watermelon-10st\/\">Strawberry Dragon Fruit &amp; Red Bull &amp; Raspberry Watermelon<\/a><\/li>\n<li><a href=\"https:\/\/fizzyvape.eu\/sv\/produkt\/fizzy-max-iii-6in1-60k-60000-puffs-uppladdningsbar-engangsvape-jordgubb-kiwi-blabarsis-vattenmelonis-10st\/\">Jordgubb Kiwi &amp; Bl\u00e5b\u00e4rsis &amp; Vattenmelonis<\/a><\/li>\n<li><a href=\"https:\/\/fizzyvape.eu\/sv\/produkt\/fizzy-max-iii-6in1-60k-60000-puffs-uppladdningsbar-engangsvape-blueberry-ice-fizzy-cherry-raspberry-lemon-10st\/\">Bl\u00e5b\u00e4rsis &amp; Fizzy Cherry &amp; Hallon Citron<\/a><\/li>\n<li><a href=\"https:\/\/fizzyvape.eu\/sv\/produkt\/fizzy-max-iii-6in1-60k-60000-puffs-uppladdningsbar-engangsvape-vattenmelon-ice-strawberry-vanilla-coke-mixed-berry-10st\/\">Vattenmelon Ice &amp; Jordgubb Vanilj Coke &amp; Blandat<\/a><\/li>\n<li><a href=\"https:\/\/fizzyvape.eu\/sv\/produkt\/fizzy-max-iii-6in1-60k-60000-puffs-uppladdningsbar-engangsvape-jordgubb-druva-blabar-kokosnot-persika-citron-10st\/\">Jordgubb Druva &amp; Bl\u00e5b\u00e4r Kokosn\u00f6t &amp; Persika Citron<\/a><\/li>\n<li><a href=\"https:\/\/fizzyvape.eu\/sv\/produkt\/fizzy-max-iii-6in1-60k-60000-puffs-uppladdningsbar-engangsvape-blue-razz-ice-strawberry-kiwi-sour-pineapple-orange-10st\/\">Blue Razz Ice &amp; Strawberry Kiwi &amp; Sour Pineapple Orange<\/a><\/li>\n<li><a href=\"https:\/\/fizzyvape.eu\/sv\/produkt\/fizzy-max-iii-6in1-60k-60000-puffs-uppladdningsbar-engangs-vape-jordgubb-vattenmelon-citron-lime-blabar-kokosnot-10st\/\">Jordgubb Vattenmelon &amp; Citron Lime &amp; Bl\u00e5b\u00e4r Kokosn\u00f6t<\/a><\/li>\n<\/ol>\n<h3><strong>  Vapingmodes f\u00f6r alla preferenser<\/strong><\/h3>\n<p><strong>Single-Flavor (MTL):<\/strong><br \/>\nTight draw f\u00f6r en mjuk, cigarettliknande inandning &#8211; perfekt f\u00f6r att njuta av ren smak.<\/p>\n<p data-is-last-node=\"\" data-is-only-node=\"\"><strong>Dual-Flavor Mix (DL):<\/strong><br \/>\n\u00d6ppet luftfl\u00f6de f\u00f6r dj\u00e4rva, fylligare tr\u00e4ffar &#8211; perfekt f\u00f6r rika, blandade smaker.<\/p>\n<h3><strong>  Varf\u00f6r v\u00e4lja Fizzy Max III 6in1?<\/strong><\/h3>\n<ul>\n<li>Innovativt system med flera smaker f\u00f6r o\u00e4ndlig variation<\/li>\n<li>Massivt antal puffar p\u00e5 60.000 f\u00f6r l\u00e5ngvarig njutning<\/li>\n<li>Laddningsbar med Type-C f\u00f6r h\u00e5llbarhet och enkelhet<\/li>\n<li>LED-sk\u00e4rm f\u00f6r uppf\u00f6ljning av anv\u00e4ndning i realtid<\/li>\n<li>Stor kapacitet f\u00f6r e-v\u00e4tska (totalt 60 ml)<\/li>\n<li>Levereras snabbt fr\u00e5n Europa &#8211; inga tullf\u00f6rseningar<\/li>\n<\/ul>\n<h3><strong>  Vanliga fr\u00e5gor &#8211; Fizzy Max III 6in1 60K 60000 Eng\u00e5ngsvape<\/strong><\/h3>\n<ul>\n<li><strong>Hur v\u00e4xlar jag mellan smakerna?<\/strong><br \/>\nLyft och rotera munstycket f\u00f6r att v\u00e4xla mellan sex smakl\u00e4gen: tre enkla och tre blandade kombinationer.<\/li>\n<li><strong>Hur m\u00e5nga puffar erbjuder enheten?<\/strong><br \/>\nUpp till 60 000 puffar tack vare den stora 60 ml e-juice-kapaciteten och det effektiva mesh coil-systemet.<\/li>\n<li><strong>\u00c4r enheten uppladdningsbar?<\/strong><br \/>\nJa, den har ett uppladdningsbart batteri p\u00e5 850 mAh med en Type-C-port f\u00f6r snabb och bekv\u00e4m laddning.<\/li>\n<li><strong>Vilka nikotinstyrkor finns tillg\u00e4ngliga?<\/strong><br \/>\nDu kan v\u00e4lja mellan nikotinniv\u00e5er p\u00e5 2% och 5% beroende p\u00e5 vad du f\u00f6redrar.<\/li>\n<\/ul>\n","protected":false},"excerpt":{"rendered":"<p><strong>Fizzy Max III 6in1 &#8211; 60,000 Puffs, 6 Flavors, One Device<\/strong><br \/>\nUppt\u00e4ck kraften hos 60,000 puffar med sex roterande smaker i en elegant, uppladdningsbar vape. F\u00f6rfylld med 60 ml premium e-v\u00e4tska, med en mesh-spole, LED-display och Type-C-laddning.<br \/>\nFinns med 2 % och 5 % nikotin. <\/p>\n<p><strong>Perfekt f\u00f6r Vape-grossister<\/strong> &#8211; H\u00f6g efterfr\u00e5gan, l\u00e5ng h\u00e5llbarhet och stark \u00e5terkommande f\u00f6rs\u00e4ljning. Perfekt f\u00f6r \u00e5terf\u00f6rs\u00e4ljare och stork\u00f6pare. <\/p>\n","protected":false},"featured_media":32512,"comment_status":"open","ping_status":"closed","template":"","meta":{"iawp_total_views":0},"product_brand":[],"product_cat":[676],"product_tag":[],"class_list":{"0":"post-32915","1":"product","2":"type-product","3":"status-publish","4":"has-post-thumbnail","6":"product_cat-bulk-deals-2-sv","8":"first","9":"outofstock","10":"sale","11":"shipping-taxable","12":"purchasable","13":"product-type-variable"},"yoast_head":"<!-- This site is optimized with the Yoast SEO Premium plugin v24.8 (Yoast SEO v24.8) - https:\/\/yoast.com\/wordpress\/plugins\/seo\/ -->\n<title>Partihandel Vape EU: 60K Puffs 6in1 Eng\u00e5ngsartikel | Bulkrabatt<\/title>\n<meta name=\"description\" content=\"Partihandel Vape EU - Fizzy Max III 6in1: 60000 puffar, 6 smaker, uppladdningsbara eng\u00e5ngsvapor. Stora besparingar p\u00e5 60mL-enheter &amp; Type-C. EU lager. Best\u00e4ll nu!\" \/>\n<meta name=\"robots\" content=\"index, follow, max-snippet:-1, max-image-preview:large, max-video-preview:-1\" \/>\n<link rel=\"canonical\" href=\"https:\/\/fizzyvape.eu\/sv\/produkt\/fizzy-max-iii-6in1-60k-60000-puffs-uppladdningsbar-engangsvape-60st\/\" \/>\n<meta property=\"og:locale\" content=\"sv_SE\" \/>\n<meta property=\"og:type\" content=\"article\" \/>\n<meta property=\"og:title\" content=\"Fizzy Max III 6in1 60K 60000 Puffs Uppladdningsbar eng\u00e5ngsvape - 60st\" \/>\n<meta property=\"og:description\" content=\"Partihandel Vape EU - Fizzy Max III 6in1: 60000 puffar, 6 smaker, uppladdningsbara eng\u00e5ngsvapor. Stora besparingar p\u00e5 60mL-enheter &amp; Type-C. EU lager. Best\u00e4ll nu!\" \/>\n<meta property=\"og:url\" content=\"https:\/\/fizzyvape.eu\/sv\/produkt\/fizzy-max-iii-6in1-60k-60000-puffs-uppladdningsbar-engangsvape-60st\/\" \/>\n<meta property=\"og:site_name\" content=\"fizzyvape.eu\" \/>\n<meta property=\"og:image\" content=\"https:\/\/fizzyvape.eu\/wp-content\/uploads\/2025\/06\/Fizzy-Max-60000-Puffs-60pcs.webp\" \/>\n\t<meta property=\"og:image:width\" content=\"800\" \/>\n\t<meta property=\"og:image:height\" content=\"800\" \/>\n\t<meta property=\"og:image:type\" content=\"image\/webp\" \/>\n<meta name=\"twitter:card\" content=\"summary_large_image\" \/>\n<meta name=\"twitter:label1\" content=\"Tillg\u00e4nglig\" \/>\n\t<meta name=\"twitter:data1\" content=\"Slut i lager\" \/>\n<script type=\"application\/ld+json\" class=\"yoast-schema-graph\">{\"@context\":\"https:\/\/schema.org\",\"@graph\":[{\"@type\":\"WebPage\",\"@id\":\"https:\/\/fizzyvape.eu\/sv\/produkt\/fizzy-max-iii-6in1-60k-60000-puffs-uppladdningsbar-engangsvape-60st\/\",\"url\":\"https:\/\/fizzyvape.eu\/sv\/produkt\/fizzy-max-iii-6in1-60k-60000-puffs-uppladdningsbar-engangsvape-60st\/\",\"name\":\"Partihandel Vape EU: 60K Puffs 6in1 Eng\u00e5ngsartikel | Bulkrabatt\",\"isPartOf\":{\"@id\":\"https:\/\/www.fizzyvape.eu\/sv\/#website\"},\"primaryImageOfPage\":{\"@id\":\"https:\/\/fizzyvape.eu\/sv\/produkt\/fizzy-max-iii-6in1-60k-60000-puffs-uppladdningsbar-engangsvape-60st\/#primaryimage\"},\"image\":{\"@id\":\"https:\/\/fizzyvape.eu\/sv\/produkt\/fizzy-max-iii-6in1-60k-60000-puffs-uppladdningsbar-engangsvape-60st\/#primaryimage\"},\"thumbnailUrl\":\"https:\/\/fizzyvape.eu\/wp-content\/uploads\/2025\/06\/Fizzy-Max-60000-Puffs-60pcs.webp\",\"datePublished\":\"2025-06-09T05:55:05+00:00\",\"description\":\"Partihandel Vape EU - Fizzy Max III 6in1: 60000 puffar, 6 smaker, uppladdningsbara eng\u00e5ngsvapor. Stora besparingar p\u00e5 60mL-enheter & Type-C. EU lager. Best\u00e4ll nu!\",\"breadcrumb\":{\"@id\":\"https:\/\/fizzyvape.eu\/sv\/produkt\/fizzy-max-iii-6in1-60k-60000-puffs-uppladdningsbar-engangsvape-60st\/#breadcrumb\"},\"inLanguage\":\"sv-SE\",\"potentialAction\":[{\"@type\":\"ReadAction\",\"target\":[\"https:\/\/fizzyvape.eu\/sv\/produkt\/fizzy-max-iii-6in1-60k-60000-puffs-uppladdningsbar-engangsvape-60st\/\"]}]},{\"@type\":\"ImageObject\",\"inLanguage\":\"sv-SE\",\"@id\":\"https:\/\/fizzyvape.eu\/sv\/produkt\/fizzy-max-iii-6in1-60k-60000-puffs-uppladdningsbar-engangsvape-60st\/#primaryimage\",\"url\":\"https:\/\/fizzyvape.eu\/wp-content\/uploads\/2025\/06\/Fizzy-Max-60000-Puffs-60pcs.webp\",\"contentUrl\":\"https:\/\/fizzyvape.eu\/wp-content\/uploads\/2025\/06\/Fizzy-Max-60000-Puffs-60pcs.webp\",\"width\":800,\"height\":800},{\"@type\":\"BreadcrumbList\",\"@id\":\"https:\/\/fizzyvape.eu\/sv\/produkt\/fizzy-max-iii-6in1-60k-60000-puffs-uppladdningsbar-engangsvape-60st\/#breadcrumb\",\"itemListElement\":[{\"@type\":\"ListItem\",\"position\":1,\"name\":\"Home\",\"item\":\"https:\/\/fizzyvape.eu\/sv\/\"},{\"@type\":\"ListItem\",\"position\":2,\"name\":\"Butik\",\"item\":\"https:\/\/fizzyvape.eu\/sv\/butik\/\"},{\"@type\":\"ListItem\",\"position\":3,\"name\":\"Fizzy Max III 6in1 60K 60000 Puffs Uppladdningsbar eng\u00e5ngsvape &#8211; 60st\"}]},{\"@type\":\"WebSite\",\"@id\":\"https:\/\/www.fizzyvape.eu\/sv\/#website\",\"url\":\"https:\/\/www.fizzyvape.eu\/sv\/\",\"name\":\"fizzyvape.eu\",\"description\":\"Refreshing Vapes. Unforgettable Taste.\",\"publisher\":{\"@id\":\"https:\/\/www.fizzyvape.eu\/sv\/#organization\"},\"potentialAction\":[{\"@type\":\"SearchAction\",\"target\":{\"@type\":\"EntryPoint\",\"urlTemplate\":\"https:\/\/www.fizzyvape.eu\/sv\/?s={search_term_string}\"},\"query-input\":{\"@type\":\"PropertyValueSpecification\",\"valueRequired\":true,\"valueName\":\"search_term_string\"}}],\"inLanguage\":\"sv-SE\"},{\"@type\":\"Organization\",\"@id\":\"https:\/\/www.fizzyvape.eu\/sv\/#organization\",\"name\":\"fizzyvape.eu\",\"url\":\"https:\/\/www.fizzyvape.eu\/sv\/\",\"logo\":{\"@type\":\"ImageObject\",\"inLanguage\":\"sv-SE\",\"@id\":\"https:\/\/www.fizzyvape.eu\/sv\/#\/schema\/logo\/image\/\",\"url\":\"https:\/\/fizzyvape.eu\/wp-content\/uploads\/2019\/06\/print-1.svg\",\"contentUrl\":\"https:\/\/fizzyvape.eu\/wp-content\/uploads\/2019\/06\/print-1.svg\",\"width\":124,\"height\":37,\"caption\":\"fizzyvape.eu\"},\"image\":{\"@id\":\"https:\/\/www.fizzyvape.eu\/sv\/#\/schema\/logo\/image\/\"}}]}<\/script>\n<meta property=\"og:availability\" content=\"out of stock\" \/>\n<meta property=\"product:availability\" content=\"out of stock\" \/>\n<meta property=\"product:condition\" content=\"new\" \/>\n<!-- \/ Yoast SEO Premium plugin. -->","yoast_head_json":{"title":"Partihandel Vape EU: 60K Puffs 6in1 Eng\u00e5ngsartikel | Bulkrabatt","description":"Partihandel Vape EU - Fizzy Max III 6in1: 60000 puffar, 6 smaker, uppladdningsbara eng\u00e5ngsvapor. Stora besparingar p\u00e5 60mL-enheter & Type-C. EU lager. Best\u00e4ll nu!","robots":{"index":"index","follow":"follow","max-snippet":"max-snippet:-1","max-image-preview":"max-image-preview:large","max-video-preview":"max-video-preview:-1"},"canonical":"https:\/\/fizzyvape.eu\/sv\/produkt\/fizzy-max-iii-6in1-60k-60000-puffs-uppladdningsbar-engangsvape-60st\/","og_locale":"sv_SE","og_type":"article","og_title":"Fizzy Max III 6in1 60K 60000 Puffs Uppladdningsbar eng\u00e5ngsvape - 60st","og_description":"Partihandel Vape EU - Fizzy Max III 6in1: 60000 puffar, 6 smaker, uppladdningsbara eng\u00e5ngsvapor. Stora besparingar p\u00e5 60mL-enheter & Type-C. EU lager. Best\u00e4ll nu!","og_url":"https:\/\/fizzyvape.eu\/sv\/produkt\/fizzy-max-iii-6in1-60k-60000-puffs-uppladdningsbar-engangsvape-60st\/","og_site_name":"fizzyvape.eu","og_image":[{"width":800,"height":800,"url":"https:\/\/fizzyvape.eu\/wp-content\/uploads\/2025\/06\/Fizzy-Max-60000-Puffs-60pcs.webp","type":"image\/webp"}],"twitter_card":"summary_large_image","twitter_misc":{"Tillg\u00e4nglig":"Slut i lager"},"schema":{"@context":"https:\/\/schema.org","@graph":[{"@type":"WebPage","@id":"https:\/\/fizzyvape.eu\/sv\/produkt\/fizzy-max-iii-6in1-60k-60000-puffs-uppladdningsbar-engangsvape-60st\/","url":"https:\/\/fizzyvape.eu\/sv\/produkt\/fizzy-max-iii-6in1-60k-60000-puffs-uppladdningsbar-engangsvape-60st\/","name":"Partihandel Vape EU: 60K Puffs 6in1 Eng\u00e5ngsartikel | Bulkrabatt","isPartOf":{"@id":"https:\/\/www.fizzyvape.eu\/sv\/#website"},"primaryImageOfPage":{"@id":"https:\/\/fizzyvape.eu\/sv\/produkt\/fizzy-max-iii-6in1-60k-60000-puffs-uppladdningsbar-engangsvape-60st\/#primaryimage"},"image":{"@id":"https:\/\/fizzyvape.eu\/sv\/produkt\/fizzy-max-iii-6in1-60k-60000-puffs-uppladdningsbar-engangsvape-60st\/#primaryimage"},"thumbnailUrl":"https:\/\/fizzyvape.eu\/wp-content\/uploads\/2025\/06\/Fizzy-Max-60000-Puffs-60pcs.webp","datePublished":"2025-06-09T05:55:05+00:00","description":"Partihandel Vape EU - Fizzy Max III 6in1: 60000 puffar, 6 smaker, uppladdningsbara eng\u00e5ngsvapor. Stora besparingar p\u00e5 60mL-enheter & Type-C. EU lager. Best\u00e4ll nu!","breadcrumb":{"@id":"https:\/\/fizzyvape.eu\/sv\/produkt\/fizzy-max-iii-6in1-60k-60000-puffs-uppladdningsbar-engangsvape-60st\/#breadcrumb"},"inLanguage":"sv-SE","potentialAction":[{"@type":"ReadAction","target":["https:\/\/fizzyvape.eu\/sv\/produkt\/fizzy-max-iii-6in1-60k-60000-puffs-uppladdningsbar-engangsvape-60st\/"]}]},{"@type":"ImageObject","inLanguage":"sv-SE","@id":"https:\/\/fizzyvape.eu\/sv\/produkt\/fizzy-max-iii-6in1-60k-60000-puffs-uppladdningsbar-engangsvape-60st\/#primaryimage","url":"https:\/\/fizzyvape.eu\/wp-content\/uploads\/2025\/06\/Fizzy-Max-60000-Puffs-60pcs.webp","contentUrl":"https:\/\/fizzyvape.eu\/wp-content\/uploads\/2025\/06\/Fizzy-Max-60000-Puffs-60pcs.webp","width":800,"height":800},{"@type":"BreadcrumbList","@id":"https:\/\/fizzyvape.eu\/sv\/produkt\/fizzy-max-iii-6in1-60k-60000-puffs-uppladdningsbar-engangsvape-60st\/#breadcrumb","itemListElement":[{"@type":"ListItem","position":1,"name":"Home","item":"https:\/\/fizzyvape.eu\/sv\/"},{"@type":"ListItem","position":2,"name":"Butik","item":"https:\/\/fizzyvape.eu\/sv\/butik\/"},{"@type":"ListItem","position":3,"name":"Fizzy Max III 6in1 60K 60000 Puffs Uppladdningsbar eng\u00e5ngsvape &#8211; 60st"}]},{"@type":"WebSite","@id":"https:\/\/www.fizzyvape.eu\/sv\/#website","url":"https:\/\/www.fizzyvape.eu\/sv\/","name":"fizzyvape.eu","description":"Refreshing Vapes. Unforgettable Taste.","publisher":{"@id":"https:\/\/www.fizzyvape.eu\/sv\/#organization"},"potentialAction":[{"@type":"SearchAction","target":{"@type":"EntryPoint","urlTemplate":"https:\/\/www.fizzyvape.eu\/sv\/?s={search_term_string}"},"query-input":{"@type":"PropertyValueSpecification","valueRequired":true,"valueName":"search_term_string"}}],"inLanguage":"sv-SE"},{"@type":"Organization","@id":"https:\/\/www.fizzyvape.eu\/sv\/#organization","name":"fizzyvape.eu","url":"https:\/\/www.fizzyvape.eu\/sv\/","logo":{"@type":"ImageObject","inLanguage":"sv-SE","@id":"https:\/\/www.fizzyvape.eu\/sv\/#\/schema\/logo\/image\/","url":"https:\/\/fizzyvape.eu\/wp-content\/uploads\/2019\/06\/print-1.svg","contentUrl":"https:\/\/fizzyvape.eu\/wp-content\/uploads\/2019\/06\/print-1.svg","width":124,"height":37,"caption":"fizzyvape.eu"},"image":{"@id":"https:\/\/www.fizzyvape.eu\/sv\/#\/schema\/logo\/image\/"}}]},"og_availability":"out of stock","product_availability":"out of stock","product_condition":"new"},"tiered_pricing_type":"fixed","tiered_pricing_fixed_rules":[],"tiered_pricing_product_settings":{"layout":"default","base_unit_name":{"singular":null,"plural":null},"default_variation":null},"tiered_pricing_minimum_quantity":null,"tiered_pricing_roles_data":[],"tiered_pricing_percentage_rules":[],"tiered_pricing_maximum_quantity":null,"tiered_pricing_quantity_step":null,"_links":{"self":[{"href":"https:\/\/fizzyvape.eu\/sv\/wp-json\/wp\/v2\/product\/32915","targetHints":{"allow":["GET"]}}],"collection":[{"href":"https:\/\/fizzyvape.eu\/sv\/wp-json\/wp\/v2\/product"}],"about":[{"href":"https:\/\/fizzyvape.eu\/sv\/wp-json\/wp\/v2\/types\/product"}],"replies":[{"embeddable":true,"href":"https:\/\/fizzyvape.eu\/sv\/wp-json\/wp\/v2\/comments?post=32915"}],"version-history":[{"count":0,"href":"https:\/\/fizzyvape.eu\/sv\/wp-json\/wp\/v2\/product\/32915\/revisions"}],"wp:featuredmedia":[{"embeddable":true,"href":"https:\/\/fizzyvape.eu\/sv\/wp-json\/wp\/v2\/media\/32512"}],"wp:attachment":[{"href":"https:\/\/fizzyvape.eu\/sv\/wp-json\/wp\/v2\/media?parent=32915"}],"wp:term":[{"taxonomy":"product_brand","embeddable":true,"href":"https:\/\/fizzyvape.eu\/sv\/wp-json\/wp\/v2\/product_brand?post=32915"},{"taxonomy":"product_cat","embeddable":true,"href":"https:\/\/fizzyvape.eu\/sv\/wp-json\/wp\/v2\/product_cat?post=32915"},{"taxonomy":"product_tag","embeddable":true,"href":"https:\/\/fizzyvape.eu\/sv\/wp-json\/wp\/v2\/product_tag?post=32915"}],"curies":[{"name":"wp","href":"https:\/\/api.w.org\/{rel}","templated":true}]}}