{"id":32983,"date":"2025-06-11T10:33:33","date_gmt":"2025-06-11T02:33:33","guid":{"rendered":"https:\/\/fizzyvape.eu\/product\/fizzy-max-iii-6in1-60k-60000-puffs-uppladdningsbar-engangs-vape-strawberry-dragon-fruit-red-bull-raspberry-watermelon-10st\/"},"modified":"2025-06-11T10:33:33","modified_gmt":"2025-06-11T02:33:33","slug":"fizzy-max-iii-6in1-60k-60000-puffs-uppladdningsbar-engangs-vape-strawberry-dragon-fruit-red-bull-raspberry-watermelon-10st","status":"publish","type":"product","link":"https:\/\/fizzyvape.eu\/sv\/produkt\/fizzy-max-iii-6in1-60k-60000-puffs-uppladdningsbar-engangs-vape-strawberry-dragon-fruit-red-bull-raspberry-watermelon-10st\/","title":{"rendered":"Fizzy Max III 6in1 60K 60000 Puffs Uppladdningsbar Eng\u00e5ngs Vape &#8211; Strawberry Dragon Fruit &amp; Red Bull &amp; Raspberry Watermelon &#8211; 10st"},"content":{"rendered":"<p><img decoding=\"async\" class=\"aligncenter\" src=\"https:\/\/fizzyvape.eu\/wp-content\/uploads\/2025\/06\/Fizzy-Max-III-6in1-60K-60000-Puffs-7-1.webp\" alt=\"Fizzy Max III 60000 Puffs 6in1 eng\u00e5ngsvape (7)\"><\/p>\n<h2>Fizzy Max III 6in1 60K 60000 Puffs Uppladdningsbar Eng\u00e5ngs Vape &#8211; Strawberry Dragon Fruit &amp; Red Bull &amp; Raspberry Watermelon &#8211; 10st<\/h2>\n<h3><strong>6 smaker. 1 enhet. 60.000 puffar.  <\/strong><\/h3>\n<p>Upplev en ny niv\u00e5 av vaping med <strong>Fizzy Max III 6in1<\/strong>, en uppladdningsbar eng\u00e5ngsvape som levererar upp till <strong>60 000 puffar<\/strong> fr\u00e5n tre f\u00f6rfyllda 20 ml-kapslar. Med <strong>Strawberry Dragon Fruit, Red Bull och Raspberry Watermelon<\/strong>, plus tre sp\u00e4nnande mixl\u00e4gen, erbjuder den h\u00e4r enheten <strong>sex olika smaker i en<\/strong> elegant design. <\/p>\n<h4><strong>Smakmodi:<\/strong><\/h4>\n<ul>\n<li><strong>Jordgubbsdrakfrukt (A)<\/strong><\/li>\n<li><strong>Red Bull (B)<\/strong><\/li>\n<li><strong>Hallon vattenmelon (C)<\/strong><\/li>\n<\/ul>\n<h4><strong>Mix-l\u00e4gen:<\/strong><\/h4>\n<ul>\n<li><strong>Mix AB<\/strong> &#8211; Tropisk jordgubbsenergi med en kolsyrad twist<\/li>\n<li><strong>Mix BC<\/strong> &#8211; En elektrisk blandning av Red Bull och vattenmelon och hallon<\/li>\n<li><strong>Mix CA<\/strong> &#8211; Exotisk b\u00e4rmelon med tropisk fruktk\u00e4nsla<\/li>\n<\/ul>\n<p><strong>Vrid p\u00e5 munstycket<\/strong> f\u00f6r att byta smak i denna s\u00f6ml\u00f6sa cykel:<br \/>\n<strong>A \u2192 Mix AB \u2192 B \u2192 Mix BC \u2192 C \u2192 Mix CA<\/strong><\/p>\n<p>Cykla s\u00f6ml\u00f6st genom alla sex m\u00f6jliga smaker med en enkel rotation av munstycket. Njut av den ultimata bekv\u00e4mligheten med 6-i-1-systemet. \u00c4r du nyfiken? Titta p\u00e5 v\u00e5r <a href=\"https:\/\/www.youtube.com\/watch?v=CoxB_HvaU3k\">demonstrationsvideo<\/a>.   <\/p>\n<h3><strong>Produktens h\u00f6jdpunkter<\/strong><\/h3>\n<ul>\n<li><strong>Upp till 60.000 puffar<\/strong> f\u00f6r l\u00e5ngvarig anv\u00e4ndning<\/li>\n<li><strong>6-i-1 smaksystem:<\/strong> 3 singlar + 3 blandningar<\/li>\n<li><strong>Totalt 60 ml e-v\u00e4tska<\/strong> (3 \u00d7 20 ml kapslar)<\/li>\n<li><strong>Alternativ f\u00f6r nikotinstyrka:<\/strong> 2% eller 5%.<\/li>\n<li><strong>850 mAh uppladdningsbart batteri<\/strong> med snabb typ C-laddning<\/li>\n<li><strong>N\u00e4tspole<\/strong> f\u00f6r j\u00e4mn och riklig \u00e5nga<\/li>\n<li><strong>LED-displayen<\/strong> visar batteri och smakl\u00e4ge<\/li>\n<li><strong>H\u00e5llbarhet:<\/strong> 2 \u00e5r<\/li>\n<\/ul>\n<h3><strong>Fizzy Max III 6in1 60000 Puffs Eng\u00e5ngs Vape Smaker Lista:<\/strong><\/h3>\n<ol>\n<li><a href=\"https:\/\/fizzyvape.eu\/sv\/produkt\/fizzy-max-iii-6in1-60k-60000-puffs-uppladdningsbar-engangsvape-jordgubb-hallon-mango-persika-blabar-vattenmelon-10st\/\">Jordgubb Hallon &amp; Mango Persika &amp; Bl\u00e5b\u00e4r Vattenmelon<\/a><\/li>\n<li><a href=\"https:\/\/fizzyvape.eu\/sv\/produkt\/fizzy-max-iii-6in1-60k-60000-puffs-uppladdningsbar-engangsvape-mixed-berry-kiwi-passion-fruit-guava-strawberry-watermelon-10st\/\">Blandade b\u00e4r &amp; Kiwi Passionsfrukt Guava &amp; Jordgubb Vattenmelon<\/a><\/li>\n<li><a href=\"https:\/\/fizzyvape.eu\/sv\/produkt\/fizzy-max-iii-6in1-60k-60000-puffs-uppladdningsbar-engangsvape-blabar-hallon-triple-melon-strawberry-ice-10st\/\">Bl\u00e5b\u00e4r Hallon &amp; Trippel Melon &amp; Jordgubbsis<\/a><\/li>\n<li><a href=\"https:\/\/fizzyvape.eu\/sv\/produkt\/fizzy-max-iii-6in1-60k-60000-puffs-uppladdningsbar-engangs-vape-strawberry-dragon-fruit-red-bull-raspberry-watermelon-10st\/\">Strawberry Dragon Fruit &amp; Red Bull &amp; Raspberry Watermelon<\/a><\/li>\n<li><a href=\"https:\/\/fizzyvape.eu\/sv\/produkt\/fizzy-max-iii-6in1-60k-60000-puffs-uppladdningsbar-engangsvape-jordgubb-kiwi-blabarsis-vattenmelonis-10st\/\">Jordgubb Kiwi &amp; Bl\u00e5b\u00e4rsis &amp; Vattenmelonis<\/a><\/li>\n<li><a href=\"https:\/\/fizzyvape.eu\/sv\/produkt\/fizzy-max-iii-6in1-60k-60000-puffs-uppladdningsbar-engangsvape-blueberry-ice-fizzy-cherry-raspberry-lemon-10st\/\">Bl\u00e5b\u00e4rsis &amp; Fizzy Cherry &amp; Hallon Citron<\/a><\/li>\n<li><a href=\"https:\/\/fizzyvape.eu\/sv\/produkt\/fizzy-max-iii-6in1-60k-60000-puffs-uppladdningsbar-engangsvape-vattenmelon-ice-strawberry-vanilla-coke-mixed-berry-10st\/\">Vattenmelon Ice &amp; Jordgubb Vanilj Coke &amp; Blandat<\/a><\/li>\n<li><a href=\"https:\/\/fizzyvape.eu\/sv\/produkt\/fizzy-max-iii-6in1-60k-60000-puffs-uppladdningsbar-engangsvape-jordgubb-druva-blabar-kokosnot-persika-citron-10st\/\">Jordgubb Druva &amp; Bl\u00e5b\u00e4r Kokosn\u00f6t &amp; Persika Citron<\/a><\/li>\n<li><a href=\"https:\/\/fizzyvape.eu\/sv\/produkt\/fizzy-max-iii-6in1-60k-60000-puffs-uppladdningsbar-engangsvape-blue-razz-ice-strawberry-kiwi-sour-pineapple-orange-10st\/\">Blue Razz Ice &amp; Strawberry Kiwi &amp; Sour Pineapple Orange<\/a><\/li>\n<li><a href=\"https:\/\/fizzyvape.eu\/sv\/produkt\/fizzy-max-iii-6in1-60k-60000-puffs-uppladdningsbar-engangs-vape-jordgubb-vattenmelon-citron-lime-blabar-kokosnot-10st\/\">Jordgubb Vattenmelon &amp; Citron Lime &amp; Bl\u00e5b\u00e4r Kokosn\u00f6t<\/a><\/li>\n<\/ol>\n<h3><strong>Vapingmodes f\u00f6r alla preferenser<\/strong><\/h3>\n<ul>\n<li><strong>Single-Flavor Mode (MTL):<\/strong> Mjuka mun-till-lung-drag f\u00f6r rik smak<\/li>\n<li><strong>Blandningsl\u00e4ge med dubbla smaker (DL):<\/strong> F\u00f6rb\u00e4ttrat luftfl\u00f6de f\u00f6r dj\u00e4rva moln med direktlunga<\/li>\n<\/ul>\n<h3><strong>Varf\u00f6r v\u00e4lja Fizzy Max III 6in1?<\/strong><\/h3>\n<ul>\n<li>Sex smaker i en enhet, inga kapselbyten beh\u00f6vs<\/li>\n<li>L\u00e5ng batteritid f\u00f6r oavbruten vaping<\/li>\n<li>Unika smakkombinationer<\/li>\n<li>Snabb europeisk frakt utan tullf\u00f6rdr\u00f6jning<\/li>\n<\/ul>\n<h3><strong>Vanliga fr\u00e5gor &#8211; Fizzy Max III 6in1 60K eng\u00e5ngsvape<\/strong><\/h3>\n<ul>\n<li><strong>Hur byter jag smak?<\/strong><br \/>\nLyft och rotera bara munstycket f\u00f6r att v\u00e4xla mellan alla sex smakl\u00e4gena.<\/li>\n<li><strong>Hur m\u00e5nga puffar ger den?<\/strong><br \/>\nUpp till <strong>60 000 puffar<\/strong> tack vare stor kapacitet f\u00f6r e-juice och uppladdningsbart batteri.<\/li>\n<li><strong>St\u00f6der den MTL- och DL-vaping?<\/strong><br \/>\nJa, anv\u00e4nd Single-Flavor Mode f\u00f6r MTL och Mix Mode f\u00f6r DL-vaping.<\/li>\n<li data-is-last-node=\"\">\n<p data-is-last-node=\"\"><strong>\u00c4r den uppladdningsbar?<\/strong><br \/>\nJa, den har ett <strong>uppladdningsbart batteri p\u00e5 850 mAh<\/strong> med snabbladdning av typ C.<\/p>\n<\/li>\n<\/ul>\n","protected":false},"excerpt":{"rendered":"<p>Fizzy Max III 6in1 \u00e4r en uppladdningsbar eng\u00e5ngsvape med sex smaker i en enhet. Den har en stor 60 ml e-juice-kapacitet, 850 mAh batteri med snabb Type-C laddning och en LED-batteriindikator. Finns i nikotinstyrkorna 2% och 5% och ger upp till 60 000 puffar.  <\/p>\n","protected":false},"featured_media":32440,"comment_status":"open","ping_status":"closed","template":"","meta":{"iawp_total_views":7},"product_brand":[],"product_cat":[588],"product_tag":[625,622,624,623],"class_list":{"0":"post-32983","1":"product","2":"type-product","3":"status-publish","4":"has-post-thumbnail","6":"product_cat-max-iii-6in1-60k-60000-puffs-rechargeable-disposable-vape-sv","7":"product_tag-6-smaker-i-1-enhet","8":"product_tag-60000-puffar","9":"product_tag-uppladdningsbar","10":"product_tag-vape-for-engangsbruk","12":"first","13":"outofstock","14":"sale","15":"shipping-taxable","16":"purchasable","17":"product-type-variable"},"yoast_head":"<!-- This site is optimized with the Yoast SEO Premium plugin v24.8 (Yoast SEO v24.8) - https:\/\/yoast.com\/wordpress\/plugins\/seo\/ -->\n<title>Avancerad eng\u00e5ngsvape med 60k 60000 puffar - Fizzy Vape<\/title>\n<meta name=\"description\" content=\"Uppt\u00e4ck Fizzy Max III: en avancerad eng\u00e5ngsvape med 60 000 puffar, 6 smaker i 1, uppladdningsbart batteri och stor kapacitet f\u00f6r e-juice.\" \/>\n<meta name=\"robots\" content=\"index, follow, max-snippet:-1, max-image-preview:large, max-video-preview:-1\" \/>\n<link rel=\"canonical\" href=\"https:\/\/fizzyvape.eu\/sv\/produkt\/fizzy-max-iii-6in1-60k-60000-puffs-uppladdningsbar-engangs-vape-strawberry-dragon-fruit-red-bull-raspberry-watermelon-10st\/\" \/>\n<meta property=\"og:locale\" content=\"sv_SE\" \/>\n<meta property=\"og:type\" content=\"article\" \/>\n<meta property=\"og:title\" content=\"Fizzy Max III 6in1 60K 60000 Puffs Uppladdningsbar Eng\u00e5ngs Vape - Strawberry Dragon Fruit &amp; Red Bull &amp; Raspberry Watermelon - 10st\" \/>\n<meta property=\"og:description\" content=\"Uppt\u00e4ck Fizzy Max III: en avancerad eng\u00e5ngsvape med 60 000 puffar, 6 smaker i 1, uppladdningsbart batteri och stor kapacitet f\u00f6r e-juice.\" \/>\n<meta property=\"og:url\" content=\"https:\/\/fizzyvape.eu\/sv\/produkt\/fizzy-max-iii-6in1-60k-60000-puffs-uppladdningsbar-engangs-vape-strawberry-dragon-fruit-red-bull-raspberry-watermelon-10st\/\" \/>\n<meta property=\"og:site_name\" content=\"fizzyvape.eu\" \/>\n<meta property=\"og:image\" content=\"https:\/\/fizzyvape.eu\/wp-content\/uploads\/2025\/06\/Fizzy-Max-60000-Puffs-04.webp\" \/>\n\t<meta property=\"og:image:width\" content=\"800\" \/>\n\t<meta property=\"og:image:height\" content=\"800\" \/>\n\t<meta property=\"og:image:type\" content=\"image\/webp\" \/>\n<meta name=\"twitter:card\" content=\"summary_large_image\" \/>\n<meta name=\"twitter:label1\" content=\"Tillg\u00e4nglig\" \/>\n\t<meta name=\"twitter:data1\" content=\"Slut i lager\" \/>\n<script type=\"application\/ld+json\" class=\"yoast-schema-graph\">{\"@context\":\"https:\/\/schema.org\",\"@graph\":[{\"@type\":\"WebPage\",\"@id\":\"https:\/\/fizzyvape.eu\/sv\/produkt\/fizzy-max-iii-6in1-60k-60000-puffs-uppladdningsbar-engangs-vape-strawberry-dragon-fruit-red-bull-raspberry-watermelon-10st\/\",\"url\":\"https:\/\/fizzyvape.eu\/sv\/produkt\/fizzy-max-iii-6in1-60k-60000-puffs-uppladdningsbar-engangs-vape-strawberry-dragon-fruit-red-bull-raspberry-watermelon-10st\/\",\"name\":\"Avancerad eng\u00e5ngsvape med 60k 60000 puffar - Fizzy Vape\",\"isPartOf\":{\"@id\":\"https:\/\/www.fizzyvape.eu\/sv\/#website\"},\"primaryImageOfPage\":{\"@id\":\"https:\/\/fizzyvape.eu\/sv\/produkt\/fizzy-max-iii-6in1-60k-60000-puffs-uppladdningsbar-engangs-vape-strawberry-dragon-fruit-red-bull-raspberry-watermelon-10st\/#primaryimage\"},\"image\":{\"@id\":\"https:\/\/fizzyvape.eu\/sv\/produkt\/fizzy-max-iii-6in1-60k-60000-puffs-uppladdningsbar-engangs-vape-strawberry-dragon-fruit-red-bull-raspberry-watermelon-10st\/#primaryimage\"},\"thumbnailUrl\":\"https:\/\/fizzyvape.eu\/wp-content\/uploads\/2025\/06\/Fizzy-Max-60000-Puffs-04.webp\",\"datePublished\":\"2025-06-11T02:33:33+00:00\",\"description\":\"Uppt\u00e4ck Fizzy Max III: en avancerad eng\u00e5ngsvape med 60 000 puffar, 6 smaker i 1, uppladdningsbart batteri och stor kapacitet f\u00f6r e-juice.\",\"breadcrumb\":{\"@id\":\"https:\/\/fizzyvape.eu\/sv\/produkt\/fizzy-max-iii-6in1-60k-60000-puffs-uppladdningsbar-engangs-vape-strawberry-dragon-fruit-red-bull-raspberry-watermelon-10st\/#breadcrumb\"},\"inLanguage\":\"sv-SE\",\"potentialAction\":[{\"@type\":\"ReadAction\",\"target\":[\"https:\/\/fizzyvape.eu\/sv\/produkt\/fizzy-max-iii-6in1-60k-60000-puffs-uppladdningsbar-engangs-vape-strawberry-dragon-fruit-red-bull-raspberry-watermelon-10st\/\"]}]},{\"@type\":\"ImageObject\",\"inLanguage\":\"sv-SE\",\"@id\":\"https:\/\/fizzyvape.eu\/sv\/produkt\/fizzy-max-iii-6in1-60k-60000-puffs-uppladdningsbar-engangs-vape-strawberry-dragon-fruit-red-bull-raspberry-watermelon-10st\/#primaryimage\",\"url\":\"https:\/\/fizzyvape.eu\/wp-content\/uploads\/2025\/06\/Fizzy-Max-60000-Puffs-04.webp\",\"contentUrl\":\"https:\/\/fizzyvape.eu\/wp-content\/uploads\/2025\/06\/Fizzy-Max-60000-Puffs-04.webp\",\"width\":800,\"height\":800},{\"@type\":\"BreadcrumbList\",\"@id\":\"https:\/\/fizzyvape.eu\/sv\/produkt\/fizzy-max-iii-6in1-60k-60000-puffs-uppladdningsbar-engangs-vape-strawberry-dragon-fruit-red-bull-raspberry-watermelon-10st\/#breadcrumb\",\"itemListElement\":[{\"@type\":\"ListItem\",\"position\":1,\"name\":\"Home\",\"item\":\"https:\/\/fizzyvape.eu\/sv\/\"},{\"@type\":\"ListItem\",\"position\":2,\"name\":\"Butik\",\"item\":\"https:\/\/fizzyvape.eu\/sv\/butik\/\"},{\"@type\":\"ListItem\",\"position\":3,\"name\":\"Fizzy Max III 6in1 60K 60000 Puffs Uppladdningsbar Eng\u00e5ngs Vape &#8211; Strawberry Dragon Fruit &amp; Red Bull &amp; Raspberry Watermelon &#8211; 10st\"}]},{\"@type\":\"WebSite\",\"@id\":\"https:\/\/www.fizzyvape.eu\/sv\/#website\",\"url\":\"https:\/\/www.fizzyvape.eu\/sv\/\",\"name\":\"fizzyvape.eu\",\"description\":\"Refreshing Vapes. Unforgettable Taste.\",\"publisher\":{\"@id\":\"https:\/\/www.fizzyvape.eu\/sv\/#organization\"},\"potentialAction\":[{\"@type\":\"SearchAction\",\"target\":{\"@type\":\"EntryPoint\",\"urlTemplate\":\"https:\/\/www.fizzyvape.eu\/sv\/?s={search_term_string}\"},\"query-input\":{\"@type\":\"PropertyValueSpecification\",\"valueRequired\":true,\"valueName\":\"search_term_string\"}}],\"inLanguage\":\"sv-SE\"},{\"@type\":\"Organization\",\"@id\":\"https:\/\/www.fizzyvape.eu\/sv\/#organization\",\"name\":\"fizzyvape.eu\",\"url\":\"https:\/\/www.fizzyvape.eu\/sv\/\",\"logo\":{\"@type\":\"ImageObject\",\"inLanguage\":\"sv-SE\",\"@id\":\"https:\/\/www.fizzyvape.eu\/sv\/#\/schema\/logo\/image\/\",\"url\":\"https:\/\/fizzyvape.eu\/wp-content\/uploads\/2019\/06\/print-1.svg\",\"contentUrl\":\"https:\/\/fizzyvape.eu\/wp-content\/uploads\/2019\/06\/print-1.svg\",\"width\":124,\"height\":37,\"caption\":\"fizzyvape.eu\"},\"image\":{\"@id\":\"https:\/\/www.fizzyvape.eu\/sv\/#\/schema\/logo\/image\/\"}}]}<\/script>\n<meta property=\"og:availability\" content=\"out of stock\" \/>\n<meta property=\"product:availability\" content=\"out of stock\" \/>\n<meta property=\"product:condition\" content=\"new\" \/>\n<!-- \/ Yoast SEO Premium plugin. -->","yoast_head_json":{"title":"Avancerad eng\u00e5ngsvape med 60k 60000 puffar - Fizzy Vape","description":"Uppt\u00e4ck Fizzy Max III: en avancerad eng\u00e5ngsvape med 60 000 puffar, 6 smaker i 1, uppladdningsbart batteri och stor kapacitet f\u00f6r e-juice.","robots":{"index":"index","follow":"follow","max-snippet":"max-snippet:-1","max-image-preview":"max-image-preview:large","max-video-preview":"max-video-preview:-1"},"canonical":"https:\/\/fizzyvape.eu\/sv\/produkt\/fizzy-max-iii-6in1-60k-60000-puffs-uppladdningsbar-engangs-vape-strawberry-dragon-fruit-red-bull-raspberry-watermelon-10st\/","og_locale":"sv_SE","og_type":"article","og_title":"Fizzy Max III 6in1 60K 60000 Puffs Uppladdningsbar Eng\u00e5ngs Vape - Strawberry Dragon Fruit &amp; Red Bull &amp; Raspberry Watermelon - 10st","og_description":"Uppt\u00e4ck Fizzy Max III: en avancerad eng\u00e5ngsvape med 60 000 puffar, 6 smaker i 1, uppladdningsbart batteri och stor kapacitet f\u00f6r e-juice.","og_url":"https:\/\/fizzyvape.eu\/sv\/produkt\/fizzy-max-iii-6in1-60k-60000-puffs-uppladdningsbar-engangs-vape-strawberry-dragon-fruit-red-bull-raspberry-watermelon-10st\/","og_site_name":"fizzyvape.eu","og_image":[{"width":800,"height":800,"url":"https:\/\/fizzyvape.eu\/wp-content\/uploads\/2025\/06\/Fizzy-Max-60000-Puffs-04.webp","type":"image\/webp"}],"twitter_card":"summary_large_image","twitter_misc":{"Tillg\u00e4nglig":"Slut i lager"},"schema":{"@context":"https:\/\/schema.org","@graph":[{"@type":"WebPage","@id":"https:\/\/fizzyvape.eu\/sv\/produkt\/fizzy-max-iii-6in1-60k-60000-puffs-uppladdningsbar-engangs-vape-strawberry-dragon-fruit-red-bull-raspberry-watermelon-10st\/","url":"https:\/\/fizzyvape.eu\/sv\/produkt\/fizzy-max-iii-6in1-60k-60000-puffs-uppladdningsbar-engangs-vape-strawberry-dragon-fruit-red-bull-raspberry-watermelon-10st\/","name":"Avancerad eng\u00e5ngsvape med 60k 60000 puffar - Fizzy Vape","isPartOf":{"@id":"https:\/\/www.fizzyvape.eu\/sv\/#website"},"primaryImageOfPage":{"@id":"https:\/\/fizzyvape.eu\/sv\/produkt\/fizzy-max-iii-6in1-60k-60000-puffs-uppladdningsbar-engangs-vape-strawberry-dragon-fruit-red-bull-raspberry-watermelon-10st\/#primaryimage"},"image":{"@id":"https:\/\/fizzyvape.eu\/sv\/produkt\/fizzy-max-iii-6in1-60k-60000-puffs-uppladdningsbar-engangs-vape-strawberry-dragon-fruit-red-bull-raspberry-watermelon-10st\/#primaryimage"},"thumbnailUrl":"https:\/\/fizzyvape.eu\/wp-content\/uploads\/2025\/06\/Fizzy-Max-60000-Puffs-04.webp","datePublished":"2025-06-11T02:33:33+00:00","description":"Uppt\u00e4ck Fizzy Max III: en avancerad eng\u00e5ngsvape med 60 000 puffar, 6 smaker i 1, uppladdningsbart batteri och stor kapacitet f\u00f6r e-juice.","breadcrumb":{"@id":"https:\/\/fizzyvape.eu\/sv\/produkt\/fizzy-max-iii-6in1-60k-60000-puffs-uppladdningsbar-engangs-vape-strawberry-dragon-fruit-red-bull-raspberry-watermelon-10st\/#breadcrumb"},"inLanguage":"sv-SE","potentialAction":[{"@type":"ReadAction","target":["https:\/\/fizzyvape.eu\/sv\/produkt\/fizzy-max-iii-6in1-60k-60000-puffs-uppladdningsbar-engangs-vape-strawberry-dragon-fruit-red-bull-raspberry-watermelon-10st\/"]}]},{"@type":"ImageObject","inLanguage":"sv-SE","@id":"https:\/\/fizzyvape.eu\/sv\/produkt\/fizzy-max-iii-6in1-60k-60000-puffs-uppladdningsbar-engangs-vape-strawberry-dragon-fruit-red-bull-raspberry-watermelon-10st\/#primaryimage","url":"https:\/\/fizzyvape.eu\/wp-content\/uploads\/2025\/06\/Fizzy-Max-60000-Puffs-04.webp","contentUrl":"https:\/\/fizzyvape.eu\/wp-content\/uploads\/2025\/06\/Fizzy-Max-60000-Puffs-04.webp","width":800,"height":800},{"@type":"BreadcrumbList","@id":"https:\/\/fizzyvape.eu\/sv\/produkt\/fizzy-max-iii-6in1-60k-60000-puffs-uppladdningsbar-engangs-vape-strawberry-dragon-fruit-red-bull-raspberry-watermelon-10st\/#breadcrumb","itemListElement":[{"@type":"ListItem","position":1,"name":"Home","item":"https:\/\/fizzyvape.eu\/sv\/"},{"@type":"ListItem","position":2,"name":"Butik","item":"https:\/\/fizzyvape.eu\/sv\/butik\/"},{"@type":"ListItem","position":3,"name":"Fizzy Max III 6in1 60K 60000 Puffs Uppladdningsbar Eng\u00e5ngs Vape &#8211; Strawberry Dragon Fruit &amp; Red Bull &amp; Raspberry Watermelon &#8211; 10st"}]},{"@type":"WebSite","@id":"https:\/\/www.fizzyvape.eu\/sv\/#website","url":"https:\/\/www.fizzyvape.eu\/sv\/","name":"fizzyvape.eu","description":"Refreshing Vapes. Unforgettable Taste.","publisher":{"@id":"https:\/\/www.fizzyvape.eu\/sv\/#organization"},"potentialAction":[{"@type":"SearchAction","target":{"@type":"EntryPoint","urlTemplate":"https:\/\/www.fizzyvape.eu\/sv\/?s={search_term_string}"},"query-input":{"@type":"PropertyValueSpecification","valueRequired":true,"valueName":"search_term_string"}}],"inLanguage":"sv-SE"},{"@type":"Organization","@id":"https:\/\/www.fizzyvape.eu\/sv\/#organization","name":"fizzyvape.eu","url":"https:\/\/www.fizzyvape.eu\/sv\/","logo":{"@type":"ImageObject","inLanguage":"sv-SE","@id":"https:\/\/www.fizzyvape.eu\/sv\/#\/schema\/logo\/image\/","url":"https:\/\/fizzyvape.eu\/wp-content\/uploads\/2019\/06\/print-1.svg","contentUrl":"https:\/\/fizzyvape.eu\/wp-content\/uploads\/2019\/06\/print-1.svg","width":124,"height":37,"caption":"fizzyvape.eu"},"image":{"@id":"https:\/\/www.fizzyvape.eu\/sv\/#\/schema\/logo\/image\/"}}]},"og_availability":"out of stock","product_availability":"out of stock","product_condition":"new"},"tiered_pricing_type":"fixed","tiered_pricing_fixed_rules":[],"tiered_pricing_product_settings":{"layout":"default","base_unit_name":{"singular":null,"plural":null},"default_variation":null},"tiered_pricing_minimum_quantity":null,"tiered_pricing_roles_data":[],"tiered_pricing_percentage_rules":[],"tiered_pricing_maximum_quantity":null,"tiered_pricing_quantity_step":null,"_links":{"self":[{"href":"https:\/\/fizzyvape.eu\/sv\/wp-json\/wp\/v2\/product\/32983","targetHints":{"allow":["GET"]}}],"collection":[{"href":"https:\/\/fizzyvape.eu\/sv\/wp-json\/wp\/v2\/product"}],"about":[{"href":"https:\/\/fizzyvape.eu\/sv\/wp-json\/wp\/v2\/types\/product"}],"replies":[{"embeddable":true,"href":"https:\/\/fizzyvape.eu\/sv\/wp-json\/wp\/v2\/comments?post=32983"}],"version-history":[{"count":0,"href":"https:\/\/fizzyvape.eu\/sv\/wp-json\/wp\/v2\/product\/32983\/revisions"}],"wp:featuredmedia":[{"embeddable":true,"href":"https:\/\/fizzyvape.eu\/sv\/wp-json\/wp\/v2\/media\/32440"}],"wp:attachment":[{"href":"https:\/\/fizzyvape.eu\/sv\/wp-json\/wp\/v2\/media?parent=32983"}],"wp:term":[{"taxonomy":"product_brand","embeddable":true,"href":"https:\/\/fizzyvape.eu\/sv\/wp-json\/wp\/v2\/product_brand?post=32983"},{"taxonomy":"product_cat","embeddable":true,"href":"https:\/\/fizzyvape.eu\/sv\/wp-json\/wp\/v2\/product_cat?post=32983"},{"taxonomy":"product_tag","embeddable":true,"href":"https:\/\/fizzyvape.eu\/sv\/wp-json\/wp\/v2\/product_tag?post=32983"}],"curies":[{"name":"wp","href":"https:\/\/api.w.org\/{rel}","templated":true}]}}