{"id":33089,"date":"2025-06-09T13:55:03","date_gmt":"2025-06-09T05:55:03","guid":{"rendered":"https:\/\/fizzyvape.eu\/product\/fizzy-max-iii-6in1-60k-60000-puffs-uppladdningsbar-engangsvape-120st\/"},"modified":"2025-06-09T13:55:03","modified_gmt":"2025-06-09T05:55:03","slug":"fizzy-max-iii-6in1-60k-60000-puffs-uppladdningsbar-engangsvape-120st","status":"publish","type":"product","link":"https:\/\/fizzyvape.eu\/sv\/produkt\/fizzy-max-iii-6in1-60k-60000-puffs-uppladdningsbar-engangsvape-120st\/","title":{"rendered":"Fizzy Max III 6in1 60K 60000 Puffs Uppladdningsbar eng\u00e5ngsvape &#8211; 120st"},"content":{"rendered":"<h1>Fizzy Max III 6in1 60K 60000 Puffs Uppladdningsbar Eng\u00e5ngs Vape Partihandel &#8211; 120st<\/h1>\n<h3>En enhet. Sex smaker. 60.000 puffar av premiumvaping.  <\/h3>\n<p>Uppt\u00e4ck n\u00e4sta niv\u00e5 av bekv\u00e4mlighet och variation med <strong>Fizzy Max III 6in1<\/strong> &#8211; den branschledande eng\u00e5ngsvapen som erbjuder <strong>upp till 60 000 puffar<\/strong> fr\u00e5n en enda, <strong>uppladdningsbar<\/strong> enhet. Denna enhet \u00e4r konstruerad f\u00f6r dem som l\u00e4ngtar efter flexibilitet, smak och prestanda och \u00e4r utrustad med ett smart <strong>roterande munstycke<\/strong> som l\u00e5ter anv\u00e4ndare v\u00e4xla mellan <strong>sex unika smakupplevelser<\/strong> direkt och utan anstr\u00e4ngning. <\/p>\n<p>Med <strong>tre f\u00f6rfyllda 20 ml-pods<\/strong> inuti (totalt 60 ml) kombinerar denna allt-i-ett-vape <strong>maximalt antal puffar<\/strong>, <strong>rik smakvariation<\/strong> och <strong>banbrytande teknik<\/strong> i en elegant, resev\u00e4nlig design.<\/p>\n<h4><strong>  Smakmodi:<\/strong><\/h4>\n<ul>\n<li> <strong> Strawberry Raspberry (A)<\/strong> &#8211; S\u00f6t och syrlig b\u00e4rblandning full av smak<\/li>\n<li> <strong> Mango Peach (B)<\/strong> &#8211; Saftig tropisk mango i kombination med s\u00f6tma fr\u00e5n mogen persika<\/li>\n<li> <strong> Blueberry Watermelon (C)<\/strong> &#8211; Svalkande bl\u00e5b\u00e4r i kombination med uppfriskande vattenmelon<\/li>\n<\/ul>\n<h4><strong>  Blandad smak Modes:<\/strong><\/h4>\n<ul>\n<li> <strong> Mix AB<\/strong> &#8211; En h\u00e4rlig blandning av jordgubbar, hallon och mango, persika<\/li>\n<li> <strong> Mix BC<\/strong> &#8211; Uppfriskande mix av mango persika och bl\u00e5b\u00e4r vattenmelon<\/li>\n<li> <strong> Mix CA<\/strong> &#8211; S\u00f6t och sval blandning av bl\u00e5b\u00e4r, vattenmelon och jordgubbar och hallon<\/li>\n<\/ul>\n<p>Byt smak utan anstr\u00e4ngning genom att lyfta och rotera munstycket genom denna smakcykel:<br \/>\n<strong>  A \u2192 Mix AB \u2192 B \u2192 Mix BC \u2192 C \u2192 Mix CA<\/strong><\/p>\n<p>Cykla s\u00f6ml\u00f6st genom alla sex m\u00f6jliga smaker med en enkel rotation av munstycket. Njut av den ultimata bekv\u00e4mligheten med 6-i-1-systemet. \u00c4r du nyfiken? Titta p\u00e5 v\u00e5r <a href=\"https:\/\/www.youtube.com\/watch?v=CoxB_HvaU3k\">demonstrationsvideo<\/a>.   <\/p>\n<h3><strong>  Produktens h\u00f6jdpunkter<\/strong><\/h3>\n<ul>\n<li><strong>60.000 puffar per enhet<\/strong><br \/>\nByggd med l\u00e5ngvarig kapacitet f\u00f6r att minska antalet utbyten och ge j\u00e4mn tillfredsst\u00e4llelse.<\/li>\n<li><strong>6 smaker i 1 enhet<\/strong><br \/>\n 3<strong>unika single flavors<\/strong> och <strong>3 blended flav<\/strong> ors<\/li>\n<li><strong>Uppladdningsbar och effektiv<\/strong><br \/>\nDrivs av ett <strong>850 mAh-batteri<\/strong> med <strong>snabbladdning av typ C<\/strong>, vilket ger l\u00e5ngvarig anv\u00e4ndning och bekv\u00e4mlighet utan sl\u00f6seri.<\/li>\n<li><strong>LED-display<\/strong><br \/>\n\u00d6vervaka batteritid och aktuellt l\u00e4ge med en tydlig, inbyggd sk\u00e4rm &#8211; f\u00e5 en snabb \u00f6verblick \u00f6ver enhetens status.<\/li>\n<li><strong>Advanced Mesh Coil System<\/strong><br \/>\nUpplev j\u00e4mnare och fylligare \u00e5nga med varje bloss, tack vare f\u00f6rb\u00e4ttrad v\u00e4rmeprestanda.<\/li>\n<li><strong>Nikotinalternativ<\/strong><br \/>\nFinns i <strong>nikotinstyrkorna 2% och 5% och<\/strong> passar b\u00e5de l\u00e4tta och tunga anv\u00e4ndare.<\/li>\n<li><strong>M\u00e5ngsidiga vapingl\u00e4gen<\/strong><\/li>\n<li><strong>MTL (mun-till-lunga):<\/strong> Klassisk, t\u00e4t dragning f\u00f6r ren njutning av en enda smak<\/li>\n<li><strong>DL (Direct-Lung):<\/strong> Luftigare, dj\u00e4rva tr\u00e4ffar f\u00f6r blandad smakupplevelse<\/li>\n<li><strong>Wholesale Ready<\/strong><br \/>\nErbjuds i <strong>bulk (120 st)<\/strong> f\u00f6r detaljister och \u00e5terf\u00f6rs\u00e4ljare som s\u00f6ker en h\u00f6gpresterande produkt med h\u00f6g marginal, stark konsumentattraktion och l\u00e5ng h\u00e5llbarhet (2 \u00e5r).<\/li>\n<\/ul>\n<h3><strong>Fizzy Max III 6in1 60000 Puffs Eng\u00e5ngs Vape Smaker Lista:<\/strong><\/h3>\n<ol>\n<li><a href=\"https:\/\/fizzyvape.eu\/sv\/produkt\/fizzy-max-iii-6in1-60k-60000-puffs-uppladdningsbar-engangsvape-jordgubb-hallon-mango-persika-blabar-vattenmelon-10st\/\">Jordgubb Hallon &amp; Mango Persika &amp; Bl\u00e5b\u00e4r Vattenmelon<\/a><\/li>\n<li><a href=\"https:\/\/fizzyvape.eu\/sv\/produkt\/fizzy-max-iii-6in1-60k-60000-puffs-uppladdningsbar-engangsvape-mixed-berry-kiwi-passion-fruit-guava-strawberry-watermelon-10st\/\">Blandade b\u00e4r &amp; Kiwi Passionsfrukt Guava &amp; Jordgubb Vattenmelon<\/a><\/li>\n<li><a href=\"https:\/\/fizzyvape.eu\/sv\/produkt\/fizzy-max-iii-6in1-60k-60000-puffs-uppladdningsbar-engangsvape-blabar-hallon-triple-melon-strawberry-ice-10st\/\">Bl\u00e5b\u00e4r Hallon &amp; Trippel Melon &amp; Jordgubbsis<\/a><\/li>\n<li><a href=\"https:\/\/fizzyvape.eu\/sv\/produkt\/fizzy-max-iii-6in1-60k-60000-puffs-uppladdningsbar-engangs-vape-strawberry-dragon-fruit-red-bull-raspberry-watermelon-10st\/\">Strawberry Dragon Fruit &amp; Red Bull &amp; Raspberry Watermelon<\/a><\/li>\n<li><a href=\"https:\/\/fizzyvape.eu\/sv\/produkt\/fizzy-max-iii-6in1-60k-60000-puffs-uppladdningsbar-engangsvape-jordgubb-kiwi-blabarsis-vattenmelonis-10st\/\">Jordgubb Kiwi &amp; Bl\u00e5b\u00e4rsis &amp; Vattenmelonis<\/a><\/li>\n<li><a href=\"https:\/\/fizzyvape.eu\/sv\/produkt\/fizzy-max-iii-6in1-60k-60000-puffs-uppladdningsbar-engangsvape-blueberry-ice-fizzy-cherry-raspberry-lemon-10st\/\">Bl\u00e5b\u00e4rsis &amp; Fizzy Cherry &amp; Hallon Citron<\/a><\/li>\n<li><a href=\"https:\/\/fizzyvape.eu\/sv\/produkt\/fizzy-max-iii-6in1-60k-60000-puffs-uppladdningsbar-engangsvape-vattenmelon-ice-strawberry-vanilla-coke-mixed-berry-10st\/\">Vattenmelon Ice &amp; Jordgubb Vanilj Coke &amp; Blandat<\/a><\/li>\n<li><a href=\"https:\/\/fizzyvape.eu\/sv\/produkt\/fizzy-max-iii-6in1-60k-60000-puffs-uppladdningsbar-engangsvape-jordgubb-druva-blabar-kokosnot-persika-citron-10st\/\">Jordgubb Druva &amp; Bl\u00e5b\u00e4r Kokosn\u00f6t &amp; Persika Citron<\/a><\/li>\n<li><a href=\"https:\/\/fizzyvape.eu\/sv\/produkt\/fizzy-max-iii-6in1-60k-60000-puffs-uppladdningsbar-engangsvape-blue-razz-ice-strawberry-kiwi-sour-pineapple-orange-10st\/\">Blue Razz Ice &amp; Strawberry Kiwi &amp; Sour Pineapple Orange<\/a><\/li>\n<li><a href=\"https:\/\/fizzyvape.eu\/sv\/produkt\/fizzy-max-iii-6in1-60k-60000-puffs-uppladdningsbar-engangs-vape-jordgubb-vattenmelon-citron-lime-blabar-kokosnot-10st\/\">Jordgubb Vattenmelon &amp; Citron Lime &amp; Bl\u00e5b\u00e4r Kokosn\u00f6t<\/a><\/li>\n<\/ol>\n<h3><strong>  Vapingmodes f\u00f6r alla preferenser<\/strong><\/h3>\n<p><strong>Single-Flavor Mode (MTL):<\/strong><br \/>\nNjut av mjuka drag fr\u00e5n mun till lunga som efterliknar den klassiska cigarettinhalationen, perfekt f\u00f6r att njuta av varje distinkt smak.<\/p>\n<p><strong>Dual-Flavor Mix Mode (DL):<\/strong><br \/>\nUpplev dj\u00e4rva, direkta lungtr\u00e4ffar med f\u00f6rb\u00e4ttrat luftfl\u00f6de, vilket ger rik \u00e5nga och livfulla smakblandningar.<\/p>\n<h3><strong>Varf\u00f6r v\u00e4lja Fizzy Max III 6in1?<\/strong><\/h3>\n<ul>\n<li>Smakv\u00e4xling utan anstr\u00e4ngning med ett innovativt roterande munstycke<\/li>\n<li>L\u00e5ngvarig prestanda med upp till 60.000 puffar per enhet<\/li>\n<li>Sex l\u00e4ckra smaker kombinerade i en kompakt, uppladdningsbar vape<\/li>\n<li>Snabb och p\u00e5litlig leverans fr\u00e5n Europa utan tullf\u00f6rseningar<\/li>\n<\/ul>\n<h3><strong>  Vanliga fr\u00e5gor &#8211; Fizzy Max III 6in1 60K eng\u00e5ngsvape<\/strong><\/h3>\n<ul>\n<li><strong>Hur v\u00e4xlar jag mellan olika smaker?<\/strong><br \/>\nLyft och rotera munstycket f\u00f6r att v\u00e4xla mellan sex smakl\u00e4gen: tre enkla smaker och tre blandade smaker.<\/li>\n<li><strong>Hur m\u00e5nga puffar kan jag f\u00e5 fr\u00e5n en enhet?<\/strong><br \/>\nVarje enhet ger upp till 60 000 puffar tack vare den stora kapaciteten p\u00e5 60 ml e-juice och det effektiva batteriet.<\/li>\n<li><strong>\u00c4r enheten uppladdningsbar?<\/strong><br \/>\nJa, den har ett uppladdningsbart batteri p\u00e5 850 mAh med snabb Type-C-laddning.<\/li>\n<li><strong>Vilka nikotinstyrkor finns tillg\u00e4ngliga?<\/strong><br \/>\nDu kan v\u00e4lja mellan nikotinkoncentrationer p\u00e5 2% och 5%.<\/li>\n<li><strong>Har enheten en display?<\/strong><br \/>\nJa, en LED-sk\u00e4rm visar batteritid och aktuellt smakl\u00e4ge.<\/li>\n<\/ul>\n","protected":false},"excerpt":{"rendered":"<p>Upplev o\u00f6vertr\u00e4ffad variation och bekv\u00e4mlighet med en enda <strong>uppladdningsbar enhet<\/strong> med <strong>sex smakl\u00e4gen<\/strong>, en stor<strong> 60 ml e-v\u00e4tskekapacitet<\/strong>, snabb <strong>typ C-laddning<\/strong> och en LED-display. Perfekt f\u00f6r <strong>l\u00e5ngvarig anv\u00e4ndning<\/strong> och <strong>grossistf\u00f6rs\u00e4ljning<\/strong>. <\/p>\n","protected":false},"featured_media":32521,"comment_status":"open","ping_status":"closed","template":"","meta":{"iawp_total_views":0},"product_brand":[],"product_cat":[676],"product_tag":[],"class_list":{"0":"post-33089","1":"product","2":"type-product","3":"status-publish","4":"has-post-thumbnail","6":"product_cat-bulk-deals-2-sv","8":"first","9":"outofstock","10":"sale","11":"shipping-taxable","12":"purchasable","13":"product-type-variable"},"yoast_head":"<!-- This site is optimized with the Yoast SEO Premium plugin v24.8 (Yoast SEO v24.8) - https:\/\/yoast.com\/wordpress\/plugins\/seo\/ -->\n<title>Vape f\u00f6r eng\u00e5ngsbruk Partihandel | Bulk uppladdningsbara Vapes f\u00f6r eng\u00e5ngsbruk<\/title>\n<meta name=\"description\" content=\"Partihandel uppladdningsbara eng\u00e5ngsvapes med upp till 60000 puffar och flera smaker. Snabb frakt EU och bra f\u00f6r \u00e5terf\u00f6rs\u00e4ljare.\" \/>\n<meta name=\"robots\" content=\"index, follow, max-snippet:-1, max-image-preview:large, max-video-preview:-1\" \/>\n<link rel=\"canonical\" href=\"https:\/\/fizzyvape.eu\/sv\/produkt\/fizzy-max-iii-6in1-60k-60000-puffs-uppladdningsbar-engangsvape-120st\/\" \/>\n<meta property=\"og:locale\" content=\"sv_SE\" \/>\n<meta property=\"og:type\" content=\"article\" \/>\n<meta property=\"og:title\" content=\"Fizzy Max III 6in1 60K 60000 Puffs Uppladdningsbar eng\u00e5ngsvape - 120st\" \/>\n<meta property=\"og:description\" content=\"Partihandel uppladdningsbara eng\u00e5ngsvapes med upp till 60000 puffar och flera smaker. Snabb frakt EU och bra f\u00f6r \u00e5terf\u00f6rs\u00e4ljare.\" \/>\n<meta property=\"og:url\" content=\"https:\/\/fizzyvape.eu\/sv\/produkt\/fizzy-max-iii-6in1-60k-60000-puffs-uppladdningsbar-engangsvape-120st\/\" \/>\n<meta property=\"og:site_name\" content=\"fizzyvape.eu\" \/>\n<meta property=\"og:image\" content=\"https:\/\/fizzyvape.eu\/wp-content\/uploads\/2025\/06\/Fizzy-Max-60000-Puffs-120pcs.webp\" \/>\n\t<meta property=\"og:image:width\" content=\"800\" \/>\n\t<meta property=\"og:image:height\" content=\"800\" \/>\n\t<meta property=\"og:image:type\" content=\"image\/webp\" \/>\n<meta name=\"twitter:card\" content=\"summary_large_image\" \/>\n<meta name=\"twitter:label1\" content=\"Tillg\u00e4nglig\" \/>\n\t<meta name=\"twitter:data1\" content=\"Slut i lager\" \/>\n<script type=\"application\/ld+json\" class=\"yoast-schema-graph\">{\"@context\":\"https:\/\/schema.org\",\"@graph\":[{\"@type\":\"WebPage\",\"@id\":\"https:\/\/fizzyvape.eu\/sv\/produkt\/fizzy-max-iii-6in1-60k-60000-puffs-uppladdningsbar-engangsvape-120st\/\",\"url\":\"https:\/\/fizzyvape.eu\/sv\/produkt\/fizzy-max-iii-6in1-60k-60000-puffs-uppladdningsbar-engangsvape-120st\/\",\"name\":\"Vape f\u00f6r eng\u00e5ngsbruk Partihandel | Bulk uppladdningsbara Vapes f\u00f6r eng\u00e5ngsbruk\",\"isPartOf\":{\"@id\":\"https:\/\/www.fizzyvape.eu\/sv\/#website\"},\"primaryImageOfPage\":{\"@id\":\"https:\/\/fizzyvape.eu\/sv\/produkt\/fizzy-max-iii-6in1-60k-60000-puffs-uppladdningsbar-engangsvape-120st\/#primaryimage\"},\"image\":{\"@id\":\"https:\/\/fizzyvape.eu\/sv\/produkt\/fizzy-max-iii-6in1-60k-60000-puffs-uppladdningsbar-engangsvape-120st\/#primaryimage\"},\"thumbnailUrl\":\"https:\/\/fizzyvape.eu\/wp-content\/uploads\/2025\/06\/Fizzy-Max-60000-Puffs-120pcs.webp\",\"datePublished\":\"2025-06-09T05:55:03+00:00\",\"description\":\"Partihandel uppladdningsbara eng\u00e5ngsvapes med upp till 60000 puffar och flera smaker. Snabb frakt EU och bra f\u00f6r \u00e5terf\u00f6rs\u00e4ljare.\",\"breadcrumb\":{\"@id\":\"https:\/\/fizzyvape.eu\/sv\/produkt\/fizzy-max-iii-6in1-60k-60000-puffs-uppladdningsbar-engangsvape-120st\/#breadcrumb\"},\"inLanguage\":\"sv-SE\",\"potentialAction\":[{\"@type\":\"ReadAction\",\"target\":[\"https:\/\/fizzyvape.eu\/sv\/produkt\/fizzy-max-iii-6in1-60k-60000-puffs-uppladdningsbar-engangsvape-120st\/\"]}]},{\"@type\":\"ImageObject\",\"inLanguage\":\"sv-SE\",\"@id\":\"https:\/\/fizzyvape.eu\/sv\/produkt\/fizzy-max-iii-6in1-60k-60000-puffs-uppladdningsbar-engangsvape-120st\/#primaryimage\",\"url\":\"https:\/\/fizzyvape.eu\/wp-content\/uploads\/2025\/06\/Fizzy-Max-60000-Puffs-120pcs.webp\",\"contentUrl\":\"https:\/\/fizzyvape.eu\/wp-content\/uploads\/2025\/06\/Fizzy-Max-60000-Puffs-120pcs.webp\",\"width\":800,\"height\":800},{\"@type\":\"BreadcrumbList\",\"@id\":\"https:\/\/fizzyvape.eu\/sv\/produkt\/fizzy-max-iii-6in1-60k-60000-puffs-uppladdningsbar-engangsvape-120st\/#breadcrumb\",\"itemListElement\":[{\"@type\":\"ListItem\",\"position\":1,\"name\":\"Home\",\"item\":\"https:\/\/fizzyvape.eu\/sv\/\"},{\"@type\":\"ListItem\",\"position\":2,\"name\":\"Butik\",\"item\":\"https:\/\/fizzyvape.eu\/sv\/butik\/\"},{\"@type\":\"ListItem\",\"position\":3,\"name\":\"Fizzy Max III 6in1 60K 60000 Puffs Uppladdningsbar eng\u00e5ngsvape &#8211; 120st\"}]},{\"@type\":\"WebSite\",\"@id\":\"https:\/\/www.fizzyvape.eu\/sv\/#website\",\"url\":\"https:\/\/www.fizzyvape.eu\/sv\/\",\"name\":\"fizzyvape.eu\",\"description\":\"Refreshing Vapes. Unforgettable Taste.\",\"publisher\":{\"@id\":\"https:\/\/www.fizzyvape.eu\/sv\/#organization\"},\"potentialAction\":[{\"@type\":\"SearchAction\",\"target\":{\"@type\":\"EntryPoint\",\"urlTemplate\":\"https:\/\/www.fizzyvape.eu\/sv\/?s={search_term_string}\"},\"query-input\":{\"@type\":\"PropertyValueSpecification\",\"valueRequired\":true,\"valueName\":\"search_term_string\"}}],\"inLanguage\":\"sv-SE\"},{\"@type\":\"Organization\",\"@id\":\"https:\/\/www.fizzyvape.eu\/sv\/#organization\",\"name\":\"fizzyvape.eu\",\"url\":\"https:\/\/www.fizzyvape.eu\/sv\/\",\"logo\":{\"@type\":\"ImageObject\",\"inLanguage\":\"sv-SE\",\"@id\":\"https:\/\/www.fizzyvape.eu\/sv\/#\/schema\/logo\/image\/\",\"url\":\"https:\/\/fizzyvape.eu\/wp-content\/uploads\/2019\/06\/print-1.svg\",\"contentUrl\":\"https:\/\/fizzyvape.eu\/wp-content\/uploads\/2019\/06\/print-1.svg\",\"width\":124,\"height\":37,\"caption\":\"fizzyvape.eu\"},\"image\":{\"@id\":\"https:\/\/www.fizzyvape.eu\/sv\/#\/schema\/logo\/image\/\"}}]}<\/script>\n<meta property=\"og:availability\" content=\"out of stock\" \/>\n<meta property=\"product:availability\" content=\"out of stock\" \/>\n<meta property=\"product:condition\" content=\"new\" \/>\n<!-- \/ Yoast SEO Premium plugin. -->","yoast_head_json":{"title":"Vape f\u00f6r eng\u00e5ngsbruk Partihandel | Bulk uppladdningsbara Vapes f\u00f6r eng\u00e5ngsbruk","description":"Partihandel uppladdningsbara eng\u00e5ngsvapes med upp till 60000 puffar och flera smaker. Snabb frakt EU och bra f\u00f6r \u00e5terf\u00f6rs\u00e4ljare.","robots":{"index":"index","follow":"follow","max-snippet":"max-snippet:-1","max-image-preview":"max-image-preview:large","max-video-preview":"max-video-preview:-1"},"canonical":"https:\/\/fizzyvape.eu\/sv\/produkt\/fizzy-max-iii-6in1-60k-60000-puffs-uppladdningsbar-engangsvape-120st\/","og_locale":"sv_SE","og_type":"article","og_title":"Fizzy Max III 6in1 60K 60000 Puffs Uppladdningsbar eng\u00e5ngsvape - 120st","og_description":"Partihandel uppladdningsbara eng\u00e5ngsvapes med upp till 60000 puffar och flera smaker. Snabb frakt EU och bra f\u00f6r \u00e5terf\u00f6rs\u00e4ljare.","og_url":"https:\/\/fizzyvape.eu\/sv\/produkt\/fizzy-max-iii-6in1-60k-60000-puffs-uppladdningsbar-engangsvape-120st\/","og_site_name":"fizzyvape.eu","og_image":[{"width":800,"height":800,"url":"https:\/\/fizzyvape.eu\/wp-content\/uploads\/2025\/06\/Fizzy-Max-60000-Puffs-120pcs.webp","type":"image\/webp"}],"twitter_card":"summary_large_image","twitter_misc":{"Tillg\u00e4nglig":"Slut i lager"},"schema":{"@context":"https:\/\/schema.org","@graph":[{"@type":"WebPage","@id":"https:\/\/fizzyvape.eu\/sv\/produkt\/fizzy-max-iii-6in1-60k-60000-puffs-uppladdningsbar-engangsvape-120st\/","url":"https:\/\/fizzyvape.eu\/sv\/produkt\/fizzy-max-iii-6in1-60k-60000-puffs-uppladdningsbar-engangsvape-120st\/","name":"Vape f\u00f6r eng\u00e5ngsbruk Partihandel | Bulk uppladdningsbara Vapes f\u00f6r eng\u00e5ngsbruk","isPartOf":{"@id":"https:\/\/www.fizzyvape.eu\/sv\/#website"},"primaryImageOfPage":{"@id":"https:\/\/fizzyvape.eu\/sv\/produkt\/fizzy-max-iii-6in1-60k-60000-puffs-uppladdningsbar-engangsvape-120st\/#primaryimage"},"image":{"@id":"https:\/\/fizzyvape.eu\/sv\/produkt\/fizzy-max-iii-6in1-60k-60000-puffs-uppladdningsbar-engangsvape-120st\/#primaryimage"},"thumbnailUrl":"https:\/\/fizzyvape.eu\/wp-content\/uploads\/2025\/06\/Fizzy-Max-60000-Puffs-120pcs.webp","datePublished":"2025-06-09T05:55:03+00:00","description":"Partihandel uppladdningsbara eng\u00e5ngsvapes med upp till 60000 puffar och flera smaker. Snabb frakt EU och bra f\u00f6r \u00e5terf\u00f6rs\u00e4ljare.","breadcrumb":{"@id":"https:\/\/fizzyvape.eu\/sv\/produkt\/fizzy-max-iii-6in1-60k-60000-puffs-uppladdningsbar-engangsvape-120st\/#breadcrumb"},"inLanguage":"sv-SE","potentialAction":[{"@type":"ReadAction","target":["https:\/\/fizzyvape.eu\/sv\/produkt\/fizzy-max-iii-6in1-60k-60000-puffs-uppladdningsbar-engangsvape-120st\/"]}]},{"@type":"ImageObject","inLanguage":"sv-SE","@id":"https:\/\/fizzyvape.eu\/sv\/produkt\/fizzy-max-iii-6in1-60k-60000-puffs-uppladdningsbar-engangsvape-120st\/#primaryimage","url":"https:\/\/fizzyvape.eu\/wp-content\/uploads\/2025\/06\/Fizzy-Max-60000-Puffs-120pcs.webp","contentUrl":"https:\/\/fizzyvape.eu\/wp-content\/uploads\/2025\/06\/Fizzy-Max-60000-Puffs-120pcs.webp","width":800,"height":800},{"@type":"BreadcrumbList","@id":"https:\/\/fizzyvape.eu\/sv\/produkt\/fizzy-max-iii-6in1-60k-60000-puffs-uppladdningsbar-engangsvape-120st\/#breadcrumb","itemListElement":[{"@type":"ListItem","position":1,"name":"Home","item":"https:\/\/fizzyvape.eu\/sv\/"},{"@type":"ListItem","position":2,"name":"Butik","item":"https:\/\/fizzyvape.eu\/sv\/butik\/"},{"@type":"ListItem","position":3,"name":"Fizzy Max III 6in1 60K 60000 Puffs Uppladdningsbar eng\u00e5ngsvape &#8211; 120st"}]},{"@type":"WebSite","@id":"https:\/\/www.fizzyvape.eu\/sv\/#website","url":"https:\/\/www.fizzyvape.eu\/sv\/","name":"fizzyvape.eu","description":"Refreshing Vapes. Unforgettable Taste.","publisher":{"@id":"https:\/\/www.fizzyvape.eu\/sv\/#organization"},"potentialAction":[{"@type":"SearchAction","target":{"@type":"EntryPoint","urlTemplate":"https:\/\/www.fizzyvape.eu\/sv\/?s={search_term_string}"},"query-input":{"@type":"PropertyValueSpecification","valueRequired":true,"valueName":"search_term_string"}}],"inLanguage":"sv-SE"},{"@type":"Organization","@id":"https:\/\/www.fizzyvape.eu\/sv\/#organization","name":"fizzyvape.eu","url":"https:\/\/www.fizzyvape.eu\/sv\/","logo":{"@type":"ImageObject","inLanguage":"sv-SE","@id":"https:\/\/www.fizzyvape.eu\/sv\/#\/schema\/logo\/image\/","url":"https:\/\/fizzyvape.eu\/wp-content\/uploads\/2019\/06\/print-1.svg","contentUrl":"https:\/\/fizzyvape.eu\/wp-content\/uploads\/2019\/06\/print-1.svg","width":124,"height":37,"caption":"fizzyvape.eu"},"image":{"@id":"https:\/\/www.fizzyvape.eu\/sv\/#\/schema\/logo\/image\/"}}]},"og_availability":"out of stock","product_availability":"out of stock","product_condition":"new"},"tiered_pricing_type":"fixed","tiered_pricing_fixed_rules":[],"tiered_pricing_product_settings":{"layout":"default","base_unit_name":{"singular":null,"plural":null},"default_variation":null},"tiered_pricing_minimum_quantity":null,"tiered_pricing_roles_data":[],"tiered_pricing_percentage_rules":[],"tiered_pricing_maximum_quantity":null,"tiered_pricing_quantity_step":null,"_links":{"self":[{"href":"https:\/\/fizzyvape.eu\/sv\/wp-json\/wp\/v2\/product\/33089","targetHints":{"allow":["GET"]}}],"collection":[{"href":"https:\/\/fizzyvape.eu\/sv\/wp-json\/wp\/v2\/product"}],"about":[{"href":"https:\/\/fizzyvape.eu\/sv\/wp-json\/wp\/v2\/types\/product"}],"replies":[{"embeddable":true,"href":"https:\/\/fizzyvape.eu\/sv\/wp-json\/wp\/v2\/comments?post=33089"}],"version-history":[{"count":0,"href":"https:\/\/fizzyvape.eu\/sv\/wp-json\/wp\/v2\/product\/33089\/revisions"}],"wp:featuredmedia":[{"embeddable":true,"href":"https:\/\/fizzyvape.eu\/sv\/wp-json\/wp\/v2\/media\/32521"}],"wp:attachment":[{"href":"https:\/\/fizzyvape.eu\/sv\/wp-json\/wp\/v2\/media?parent=33089"}],"wp:term":[{"taxonomy":"product_brand","embeddable":true,"href":"https:\/\/fizzyvape.eu\/sv\/wp-json\/wp\/v2\/product_brand?post=33089"},{"taxonomy":"product_cat","embeddable":true,"href":"https:\/\/fizzyvape.eu\/sv\/wp-json\/wp\/v2\/product_cat?post=33089"},{"taxonomy":"product_tag","embeddable":true,"href":"https:\/\/fizzyvape.eu\/sv\/wp-json\/wp\/v2\/product_tag?post=33089"}],"curies":[{"name":"wp","href":"https:\/\/api.w.org\/{rel}","templated":true}]}}