{"id":33136,"date":"2025-06-11T14:06:36","date_gmt":"2025-06-11T06:06:36","guid":{"rendered":"https:\/\/fizzyvape.eu\/product\/fizzy-max-iii-6in1-60k-60000-puffs-uppladdningsbar-engangsvape-30st\/"},"modified":"2025-06-11T14:06:36","modified_gmt":"2025-06-11T06:06:36","slug":"fizzy-max-iii-6in1-60k-60000-puffs-uppladdningsbar-engangsvape-30st","status":"publish","type":"product","link":"https:\/\/fizzyvape.eu\/sv\/produkt\/fizzy-max-iii-6in1-60k-60000-puffs-uppladdningsbar-engangsvape-30st\/","title":{"rendered":"Fizzy Max III 6in1 60K 60000 Puffs Uppladdningsbar eng\u00e5ngsvape &#8211; 30st"},"content":{"rendered":"<h1>Fizzy Max III 6in1 60K 60000 Puffs Uppladdningsbar eng\u00e5ngsvape &#8211; 30st<\/h1>\n<h3>En enhet. Sex smaker. 60.000 puffar av premiumvaping.  <\/h3>\n<p>L\u00e5s upp en extraordin\u00e4r vapingupplevelse med Fizzy Max III 6in1 &#8211; den ultimata uppladdningsbara eng\u00e5ngsvapen som \u00e4r utformad f\u00f6r smakentusiaster som s\u00f6ker m\u00e5ngsidighet och livsl\u00e4ngd. Den kombinerar sex exceptionella smaker i en elegant enhet, har tre gener\u00f6sa 20 ml f\u00f6rfyllda pods och ett innovativt roterande munstycke f\u00f6r att enkelt cykla genom rika, livfulla smakprofiler. Titta p\u00e5 v\u00e5r <a href=\"https:\/\/www.youtube.com\/watch?v=CoxB_HvaU3k\">demonstrationsvideo<\/a>.  <\/p>\n<h3><strong>  Produktens h\u00f6jdpunkter<\/strong><\/h3>\n<ul>\n<li><strong>Massiva 60 000 puffar per enhet:<\/strong> Njut av l\u00e5ngvarig anv\u00e4ndning utan frekventa byten &#8211; perfekt f\u00f6r dagliga vapers som kr\u00e4ver uth\u00e5llighet och tillf\u00f6rlitlighet.<\/li>\n<li><strong>Sex smaker i en enhet:<\/strong> V\u00e4lj mellan tre enskilda smaker och tre exklusiva blandningar, vilket ger en unikt dynamisk vapingresa som \u00e4r skr\u00e4ddarsydd efter ditt hum\u00f6r.<\/li>\n<li><strong>60 ml e-v\u00e4tska med h\u00f6g kapacitet:<\/strong> Gener\u00f6s kapselvolym garanterar oavbrutna sessioner med h\u00f6gkvalitativ vapejuice.<\/li>\n<li><strong>Uppladdningsbart 850 mAh-batteri:<\/strong> Bekv\u00e4m typ C-laddning st\u00f6der snabba laddningscykler, vilket f\u00f6rl\u00e4nger enhetens livsl\u00e4ngd och minskar avfallet.<\/li>\n<li><strong>Avancerad mesh-spolteknik:<\/strong> Producerar j\u00e4mna, t\u00e4ta \u00e5ngmoln och intensifierar smakrikedomen med varje bloss.<\/li>\n<li><strong>Smart LED-display:<\/strong> H\u00e5ll koll p\u00e5 batteristatus och aktivt smakl\u00e4ge med en snabb \u00f6verblick.<\/li>\n<li><strong>Nikotinalternativ som passar dig:<\/strong> Finns i nikotinstyrkorna 2% (20mg\/mL) och 5% (50mg\/mL) f\u00f6r personlig tillfredsst\u00e4llelse.<\/li>\n<li><strong>L\u00e5ng h\u00e5llbarhetstid:<\/strong> F\u00e4rskhetsgaranti med 2 \u00e5rs h\u00e5llbarhet, s\u00e5 att din vape smakar bra n\u00e4r du \u00e4r redo.<\/li>\n<\/ul>\n<h3><strong>Fizzy Max III 6in1 60000 Puffs Eng\u00e5ngs Vape Smaker Lista:<\/strong><\/h3>\n<ol>\n<li><a href=\"https:\/\/fizzyvape.eu\/sv\/produkt\/fizzy-max-iii-6in1-60k-60000-puffs-uppladdningsbar-engangsvape-jordgubb-hallon-mango-persika-blabar-vattenmelon-10st\/\">Jordgubb Hallon &amp; Mango Persika &amp; Bl\u00e5b\u00e4r Vattenmelon<\/a><\/li>\n<li><a href=\"https:\/\/fizzyvape.eu\/sv\/produkt\/fizzy-max-iii-6in1-60k-60000-puffs-uppladdningsbar-engangsvape-mixed-berry-kiwi-passion-fruit-guava-strawberry-watermelon-10st\/\">Blandade b\u00e4r &amp; Kiwi Passionsfrukt Guava &amp; Jordgubb Vattenmelon<\/a><\/li>\n<li><a href=\"https:\/\/fizzyvape.eu\/sv\/produkt\/fizzy-max-iii-6in1-60k-60000-puffs-uppladdningsbar-engangsvape-blabar-hallon-triple-melon-strawberry-ice-10st\/\">Bl\u00e5b\u00e4r Hallon &amp; Trippel Melon &amp; Jordgubbsis<\/a><\/li>\n<li><a href=\"https:\/\/fizzyvape.eu\/sv\/produkt\/fizzy-max-iii-6in1-60k-60000-puffs-uppladdningsbar-engangs-vape-strawberry-dragon-fruit-red-bull-raspberry-watermelon-10st\/\">Strawberry Dragon Fruit &amp; Red Bull &amp; Raspberry Watermelon<\/a><\/li>\n<li><a href=\"https:\/\/fizzyvape.eu\/sv\/produkt\/fizzy-max-iii-6in1-60k-60000-puffs-uppladdningsbar-engangsvape-jordgubb-kiwi-blabarsis-vattenmelonis-10st\/\">Jordgubb Kiwi &amp; Bl\u00e5b\u00e4rsis &amp; Vattenmelonis<\/a><\/li>\n<li><a href=\"https:\/\/fizzyvape.eu\/sv\/produkt\/fizzy-max-iii-6in1-60k-60000-puffs-uppladdningsbar-engangsvape-blueberry-ice-fizzy-cherry-raspberry-lemon-10st\/\">Bl\u00e5b\u00e4rsis &amp; Fizzy Cherry &amp; Hallon Citron<\/a><\/li>\n<li><a href=\"https:\/\/fizzyvape.eu\/sv\/produkt\/fizzy-max-iii-6in1-60k-60000-puffs-uppladdningsbar-engangsvape-vattenmelon-ice-strawberry-vanilla-coke-mixed-berry-10st\/\">Vattenmelon Ice &amp; Jordgubb Vanilj Coke &amp; Blandat<\/a><\/li>\n<li><a href=\"https:\/\/fizzyvape.eu\/sv\/produkt\/fizzy-max-iii-6in1-60k-60000-puffs-uppladdningsbar-engangsvape-jordgubb-druva-blabar-kokosnot-persika-citron-10st\/\">Jordgubb Druva &amp; Bl\u00e5b\u00e4r Kokosn\u00f6t &amp; Persika Citron<\/a><\/li>\n<li><a href=\"https:\/\/fizzyvape.eu\/sv\/produkt\/fizzy-max-iii-6in1-60k-60000-puffs-uppladdningsbar-engangsvape-blue-razz-ice-strawberry-kiwi-sour-pineapple-orange-10st\/\">Blue Razz Ice &amp; Strawberry Kiwi &amp; Sour Pineapple Orange<\/a><\/li>\n<li><a href=\"https:\/\/fizzyvape.eu\/sv\/produkt\/fizzy-max-iii-6in1-60k-60000-puffs-uppladdningsbar-engangs-vape-jordgubb-vattenmelon-citron-lime-blabar-kokosnot-10st\/\">Jordgubb Vattenmelon &amp; Citron Lime &amp; Bl\u00e5b\u00e4r Kokosn\u00f6t<\/a><\/li>\n<\/ol>\n<h3>Utformad f\u00f6r alla typer av vaping<\/h3>\n<ul>\n<li><strong>Single-Flavor Mode (MTL):<\/strong> Njut av mjuka, cigarettliknande drag som \u00e4r idealiska f\u00f6r att njuta av den distinkta essensen av varje smak.<\/li>\n<li><strong>Blandningsl\u00e4ge med dubbla smaker (DL):<\/strong> Upplev dj\u00e4rva inhalationer direkt i lungan med f\u00f6rb\u00e4ttrat luftfl\u00f6de, rik \u00e5nga och komplexa smakblandningar som \u00e4r perfekta f\u00f6r molnj\u00e4gare.<\/li>\n<\/ul>\n<h3><strong>  Varf\u00f6r v\u00e4lja Fizzy Max III 6in1?<\/strong><\/h3>\n<ul>\n<li>Otrolig m\u00e5ngsidighet med sex premiumsmaker i en och samma enhet.<\/li>\n<li>Exceptionellt l\u00e5ng livsl\u00e4ngd tack vare en kapacitet p\u00e5 60 000 puffar och ett uppladdningsbart batteri.<\/li>\n<li>Anv\u00e4ndarv\u00e4nlig design med smart LED-display och enkel smakrotation.<\/li>\n<li>Snabb och tillf\u00f6rlitlig leverans fr\u00e5n europeiska lager garanterar snabb leverans utan tullf\u00f6rseningar.<\/li>\n<\/ul>\n<h3><strong>  Vanliga fr\u00e5gor &#8211; Fizzy Max III 6in1 60K eng\u00e5ngsvape<\/strong><\/h3>\n<p><strong>1. Hur m\u00e5nga puffar ger Fizzy Max III 6in1?<\/strong><br \/>\nDen ger upp till 60 000 puffar per enhet tack vare den stora kapaciteten p\u00e5 60 ml e-juice och det effektiva batteriet.<\/p>\n<p><strong>2. Kan jag v\u00e4xla mellan olika smaker p\u00e5 en och samma enhet?<\/strong><br \/>\nJa! Det smarta roterande munstycket g\u00f6r att du enkelt kan v\u00e4xla mellan sex olika smakprofiler. <\/p>\n<p><strong>3. \u00c4r apparaten uppladdningsbar?<\/strong><br \/>\nAbsolut. Den har ett uppladdningsbart batteri p\u00e5 850 mAh med st\u00f6d f\u00f6r snabb typ C-laddning. <\/p>\n<p><strong>4. Vilka nikotinstyrkor finns tillg\u00e4ngliga?<\/strong><br \/>\nVape finns tillg\u00e4nglig med b\u00e5de 2% (20mg\/mL) och 5% (50mg\/mL) nikotin f\u00f6r att passa olika preferenser.<\/p>\n<p><strong>5. Hur byter jag smak?<\/strong><br \/>\nLyft och rotera helt enkelt munstycket f\u00f6r att g\u00e5 igenom de sex smakl\u00e4gena i f\u00f6ljd.<\/p>\n","protected":false},"excerpt":{"rendered":"<p><strong>Fizzy Max III 6in1 Rechargeable Disposable Vape<\/strong> &#8211; <strong>30st<\/strong> pack erbjuder upp till 60.000 puffar per enhet med sex unika smaker i en. <strong>Perfekt f\u00f6r bulkk\u00f6p, grossister och lagerh\u00e5llning<\/strong>. Har ett smart roterande munstycke, <strong>LED-display<\/strong>,<strong> 850mAh uppladdningsbart batteri<\/strong> och finns i<strong> 2% och 5% nikotinstyrka<\/strong> f\u00f6r en m\u00e5ngsidig, <strong>l\u00e5ngvarig vape-upplevelse<\/strong>. <\/p>\n","protected":false},"featured_media":32503,"comment_status":"open","ping_status":"closed","template":"","meta":{"iawp_total_views":1},"product_brand":[],"product_cat":[676],"product_tag":[],"class_list":{"0":"post-33136","1":"product","2":"type-product","3":"status-publish","4":"has-post-thumbnail","6":"product_cat-bulk-deals-2-sv","8":"first","9":"outofstock","10":"sale","11":"shipping-taxable","12":"purchasable","13":"product-type-variable"},"yoast_head":"<!-- This site is optimized with the Yoast SEO Premium plugin v24.8 (Yoast SEO v24.8) - https:\/\/yoast.com\/wordpress\/plugins\/seo\/ -->\n<title>60000 Puffs eng\u00e5ngsvape - uppladdningsbar enhet med l\u00e5ng livsl\u00e4ngd<\/title>\n<meta name=\"description\" content=\"Njut av upp till 60000 puffar med denna uppladdningsbara eng\u00e5ngsvape. 6 smaker i 1 enhet, LED-display och kraftfullt batteri f\u00f6r ultimat vapingtillfredsst\u00e4llelse.\" \/>\n<meta name=\"robots\" content=\"index, follow, max-snippet:-1, max-image-preview:large, max-video-preview:-1\" \/>\n<link rel=\"canonical\" href=\"https:\/\/fizzyvape.eu\/sv\/produkt\/fizzy-max-iii-6in1-60k-60000-puffs-uppladdningsbar-engangsvape-30st\/\" \/>\n<meta property=\"og:locale\" content=\"sv_SE\" \/>\n<meta property=\"og:type\" content=\"article\" \/>\n<meta property=\"og:title\" content=\"Fizzy Max III 6in1 60K 60000 Puffs Uppladdningsbar eng\u00e5ngsvape - 30st\" \/>\n<meta property=\"og:description\" content=\"Njut av upp till 60000 puffar med denna uppladdningsbara eng\u00e5ngsvape. 6 smaker i 1 enhet, LED-display och kraftfullt batteri f\u00f6r ultimat vapingtillfredsst\u00e4llelse.\" \/>\n<meta property=\"og:url\" content=\"https:\/\/fizzyvape.eu\/sv\/produkt\/fizzy-max-iii-6in1-60k-60000-puffs-uppladdningsbar-engangsvape-30st\/\" \/>\n<meta property=\"og:site_name\" content=\"fizzyvape.eu\" \/>\n<meta property=\"og:image\" content=\"https:\/\/fizzyvape.eu\/wp-content\/uploads\/2025\/06\/Fizzy-Max-60000-Puffs-30pcs.webp\" \/>\n\t<meta property=\"og:image:width\" content=\"800\" \/>\n\t<meta property=\"og:image:height\" content=\"800\" \/>\n\t<meta property=\"og:image:type\" content=\"image\/webp\" \/>\n<meta name=\"twitter:card\" content=\"summary_large_image\" \/>\n<meta name=\"twitter:label1\" content=\"Tillg\u00e4nglig\" \/>\n\t<meta name=\"twitter:data1\" content=\"Slut i lager\" \/>\n<script type=\"application\/ld+json\" class=\"yoast-schema-graph\">{\"@context\":\"https:\/\/schema.org\",\"@graph\":[{\"@type\":\"WebPage\",\"@id\":\"https:\/\/fizzyvape.eu\/sv\/produkt\/fizzy-max-iii-6in1-60k-60000-puffs-uppladdningsbar-engangsvape-30st\/\",\"url\":\"https:\/\/fizzyvape.eu\/sv\/produkt\/fizzy-max-iii-6in1-60k-60000-puffs-uppladdningsbar-engangsvape-30st\/\",\"name\":\"60000 Puffs eng\u00e5ngsvape - uppladdningsbar enhet med l\u00e5ng livsl\u00e4ngd\",\"isPartOf\":{\"@id\":\"https:\/\/www.fizzyvape.eu\/sv\/#website\"},\"primaryImageOfPage\":{\"@id\":\"https:\/\/fizzyvape.eu\/sv\/produkt\/fizzy-max-iii-6in1-60k-60000-puffs-uppladdningsbar-engangsvape-30st\/#primaryimage\"},\"image\":{\"@id\":\"https:\/\/fizzyvape.eu\/sv\/produkt\/fizzy-max-iii-6in1-60k-60000-puffs-uppladdningsbar-engangsvape-30st\/#primaryimage\"},\"thumbnailUrl\":\"https:\/\/fizzyvape.eu\/wp-content\/uploads\/2025\/06\/Fizzy-Max-60000-Puffs-30pcs.webp\",\"datePublished\":\"2025-06-11T06:06:36+00:00\",\"description\":\"Njut av upp till 60000 puffar med denna uppladdningsbara eng\u00e5ngsvape. 6 smaker i 1 enhet, LED-display och kraftfullt batteri f\u00f6r ultimat vapingtillfredsst\u00e4llelse.\",\"breadcrumb\":{\"@id\":\"https:\/\/fizzyvape.eu\/sv\/produkt\/fizzy-max-iii-6in1-60k-60000-puffs-uppladdningsbar-engangsvape-30st\/#breadcrumb\"},\"inLanguage\":\"sv-SE\",\"potentialAction\":[{\"@type\":\"ReadAction\",\"target\":[\"https:\/\/fizzyvape.eu\/sv\/produkt\/fizzy-max-iii-6in1-60k-60000-puffs-uppladdningsbar-engangsvape-30st\/\"]}]},{\"@type\":\"ImageObject\",\"inLanguage\":\"sv-SE\",\"@id\":\"https:\/\/fizzyvape.eu\/sv\/produkt\/fizzy-max-iii-6in1-60k-60000-puffs-uppladdningsbar-engangsvape-30st\/#primaryimage\",\"url\":\"https:\/\/fizzyvape.eu\/wp-content\/uploads\/2025\/06\/Fizzy-Max-60000-Puffs-30pcs.webp\",\"contentUrl\":\"https:\/\/fizzyvape.eu\/wp-content\/uploads\/2025\/06\/Fizzy-Max-60000-Puffs-30pcs.webp\",\"width\":800,\"height\":800},{\"@type\":\"BreadcrumbList\",\"@id\":\"https:\/\/fizzyvape.eu\/sv\/produkt\/fizzy-max-iii-6in1-60k-60000-puffs-uppladdningsbar-engangsvape-30st\/#breadcrumb\",\"itemListElement\":[{\"@type\":\"ListItem\",\"position\":1,\"name\":\"Home\",\"item\":\"https:\/\/fizzyvape.eu\/sv\/\"},{\"@type\":\"ListItem\",\"position\":2,\"name\":\"Butik\",\"item\":\"https:\/\/fizzyvape.eu\/sv\/butik\/\"},{\"@type\":\"ListItem\",\"position\":3,\"name\":\"Fizzy Max III 6in1 60K 60000 Puffs Uppladdningsbar eng\u00e5ngsvape &#8211; 30st\"}]},{\"@type\":\"WebSite\",\"@id\":\"https:\/\/www.fizzyvape.eu\/sv\/#website\",\"url\":\"https:\/\/www.fizzyvape.eu\/sv\/\",\"name\":\"fizzyvape.eu\",\"description\":\"Refreshing Vapes. Unforgettable Taste.\",\"publisher\":{\"@id\":\"https:\/\/www.fizzyvape.eu\/sv\/#organization\"},\"potentialAction\":[{\"@type\":\"SearchAction\",\"target\":{\"@type\":\"EntryPoint\",\"urlTemplate\":\"https:\/\/www.fizzyvape.eu\/sv\/?s={search_term_string}\"},\"query-input\":{\"@type\":\"PropertyValueSpecification\",\"valueRequired\":true,\"valueName\":\"search_term_string\"}}],\"inLanguage\":\"sv-SE\"},{\"@type\":\"Organization\",\"@id\":\"https:\/\/www.fizzyvape.eu\/sv\/#organization\",\"name\":\"fizzyvape.eu\",\"url\":\"https:\/\/www.fizzyvape.eu\/sv\/\",\"logo\":{\"@type\":\"ImageObject\",\"inLanguage\":\"sv-SE\",\"@id\":\"https:\/\/www.fizzyvape.eu\/sv\/#\/schema\/logo\/image\/\",\"url\":\"https:\/\/fizzyvape.eu\/wp-content\/uploads\/2019\/06\/print-1.svg\",\"contentUrl\":\"https:\/\/fizzyvape.eu\/wp-content\/uploads\/2019\/06\/print-1.svg\",\"width\":124,\"height\":37,\"caption\":\"fizzyvape.eu\"},\"image\":{\"@id\":\"https:\/\/www.fizzyvape.eu\/sv\/#\/schema\/logo\/image\/\"}}]}<\/script>\n<meta property=\"og:availability\" content=\"out of stock\" \/>\n<meta property=\"product:availability\" content=\"out of stock\" \/>\n<meta property=\"product:condition\" content=\"new\" \/>\n<!-- \/ Yoast SEO Premium plugin. -->","yoast_head_json":{"title":"60000 Puffs eng\u00e5ngsvape - uppladdningsbar enhet med l\u00e5ng livsl\u00e4ngd","description":"Njut av upp till 60000 puffar med denna uppladdningsbara eng\u00e5ngsvape. 6 smaker i 1 enhet, LED-display och kraftfullt batteri f\u00f6r ultimat vapingtillfredsst\u00e4llelse.","robots":{"index":"index","follow":"follow","max-snippet":"max-snippet:-1","max-image-preview":"max-image-preview:large","max-video-preview":"max-video-preview:-1"},"canonical":"https:\/\/fizzyvape.eu\/sv\/produkt\/fizzy-max-iii-6in1-60k-60000-puffs-uppladdningsbar-engangsvape-30st\/","og_locale":"sv_SE","og_type":"article","og_title":"Fizzy Max III 6in1 60K 60000 Puffs Uppladdningsbar eng\u00e5ngsvape - 30st","og_description":"Njut av upp till 60000 puffar med denna uppladdningsbara eng\u00e5ngsvape. 6 smaker i 1 enhet, LED-display och kraftfullt batteri f\u00f6r ultimat vapingtillfredsst\u00e4llelse.","og_url":"https:\/\/fizzyvape.eu\/sv\/produkt\/fizzy-max-iii-6in1-60k-60000-puffs-uppladdningsbar-engangsvape-30st\/","og_site_name":"fizzyvape.eu","og_image":[{"width":800,"height":800,"url":"https:\/\/fizzyvape.eu\/wp-content\/uploads\/2025\/06\/Fizzy-Max-60000-Puffs-30pcs.webp","type":"image\/webp"}],"twitter_card":"summary_large_image","twitter_misc":{"Tillg\u00e4nglig":"Slut i lager"},"schema":{"@context":"https:\/\/schema.org","@graph":[{"@type":"WebPage","@id":"https:\/\/fizzyvape.eu\/sv\/produkt\/fizzy-max-iii-6in1-60k-60000-puffs-uppladdningsbar-engangsvape-30st\/","url":"https:\/\/fizzyvape.eu\/sv\/produkt\/fizzy-max-iii-6in1-60k-60000-puffs-uppladdningsbar-engangsvape-30st\/","name":"60000 Puffs eng\u00e5ngsvape - uppladdningsbar enhet med l\u00e5ng livsl\u00e4ngd","isPartOf":{"@id":"https:\/\/www.fizzyvape.eu\/sv\/#website"},"primaryImageOfPage":{"@id":"https:\/\/fizzyvape.eu\/sv\/produkt\/fizzy-max-iii-6in1-60k-60000-puffs-uppladdningsbar-engangsvape-30st\/#primaryimage"},"image":{"@id":"https:\/\/fizzyvape.eu\/sv\/produkt\/fizzy-max-iii-6in1-60k-60000-puffs-uppladdningsbar-engangsvape-30st\/#primaryimage"},"thumbnailUrl":"https:\/\/fizzyvape.eu\/wp-content\/uploads\/2025\/06\/Fizzy-Max-60000-Puffs-30pcs.webp","datePublished":"2025-06-11T06:06:36+00:00","description":"Njut av upp till 60000 puffar med denna uppladdningsbara eng\u00e5ngsvape. 6 smaker i 1 enhet, LED-display och kraftfullt batteri f\u00f6r ultimat vapingtillfredsst\u00e4llelse.","breadcrumb":{"@id":"https:\/\/fizzyvape.eu\/sv\/produkt\/fizzy-max-iii-6in1-60k-60000-puffs-uppladdningsbar-engangsvape-30st\/#breadcrumb"},"inLanguage":"sv-SE","potentialAction":[{"@type":"ReadAction","target":["https:\/\/fizzyvape.eu\/sv\/produkt\/fizzy-max-iii-6in1-60k-60000-puffs-uppladdningsbar-engangsvape-30st\/"]}]},{"@type":"ImageObject","inLanguage":"sv-SE","@id":"https:\/\/fizzyvape.eu\/sv\/produkt\/fizzy-max-iii-6in1-60k-60000-puffs-uppladdningsbar-engangsvape-30st\/#primaryimage","url":"https:\/\/fizzyvape.eu\/wp-content\/uploads\/2025\/06\/Fizzy-Max-60000-Puffs-30pcs.webp","contentUrl":"https:\/\/fizzyvape.eu\/wp-content\/uploads\/2025\/06\/Fizzy-Max-60000-Puffs-30pcs.webp","width":800,"height":800},{"@type":"BreadcrumbList","@id":"https:\/\/fizzyvape.eu\/sv\/produkt\/fizzy-max-iii-6in1-60k-60000-puffs-uppladdningsbar-engangsvape-30st\/#breadcrumb","itemListElement":[{"@type":"ListItem","position":1,"name":"Home","item":"https:\/\/fizzyvape.eu\/sv\/"},{"@type":"ListItem","position":2,"name":"Butik","item":"https:\/\/fizzyvape.eu\/sv\/butik\/"},{"@type":"ListItem","position":3,"name":"Fizzy Max III 6in1 60K 60000 Puffs Uppladdningsbar eng\u00e5ngsvape &#8211; 30st"}]},{"@type":"WebSite","@id":"https:\/\/www.fizzyvape.eu\/sv\/#website","url":"https:\/\/www.fizzyvape.eu\/sv\/","name":"fizzyvape.eu","description":"Refreshing Vapes. Unforgettable Taste.","publisher":{"@id":"https:\/\/www.fizzyvape.eu\/sv\/#organization"},"potentialAction":[{"@type":"SearchAction","target":{"@type":"EntryPoint","urlTemplate":"https:\/\/www.fizzyvape.eu\/sv\/?s={search_term_string}"},"query-input":{"@type":"PropertyValueSpecification","valueRequired":true,"valueName":"search_term_string"}}],"inLanguage":"sv-SE"},{"@type":"Organization","@id":"https:\/\/www.fizzyvape.eu\/sv\/#organization","name":"fizzyvape.eu","url":"https:\/\/www.fizzyvape.eu\/sv\/","logo":{"@type":"ImageObject","inLanguage":"sv-SE","@id":"https:\/\/www.fizzyvape.eu\/sv\/#\/schema\/logo\/image\/","url":"https:\/\/fizzyvape.eu\/wp-content\/uploads\/2019\/06\/print-1.svg","contentUrl":"https:\/\/fizzyvape.eu\/wp-content\/uploads\/2019\/06\/print-1.svg","width":124,"height":37,"caption":"fizzyvape.eu"},"image":{"@id":"https:\/\/www.fizzyvape.eu\/sv\/#\/schema\/logo\/image\/"}}]},"og_availability":"out of stock","product_availability":"out of stock","product_condition":"new"},"tiered_pricing_type":"fixed","tiered_pricing_fixed_rules":[],"tiered_pricing_product_settings":{"layout":"default","base_unit_name":{"singular":null,"plural":null},"default_variation":null},"tiered_pricing_minimum_quantity":null,"tiered_pricing_roles_data":[],"tiered_pricing_percentage_rules":[],"tiered_pricing_maximum_quantity":null,"tiered_pricing_quantity_step":null,"_links":{"self":[{"href":"https:\/\/fizzyvape.eu\/sv\/wp-json\/wp\/v2\/product\/33136","targetHints":{"allow":["GET"]}}],"collection":[{"href":"https:\/\/fizzyvape.eu\/sv\/wp-json\/wp\/v2\/product"}],"about":[{"href":"https:\/\/fizzyvape.eu\/sv\/wp-json\/wp\/v2\/types\/product"}],"replies":[{"embeddable":true,"href":"https:\/\/fizzyvape.eu\/sv\/wp-json\/wp\/v2\/comments?post=33136"}],"version-history":[{"count":0,"href":"https:\/\/fizzyvape.eu\/sv\/wp-json\/wp\/v2\/product\/33136\/revisions"}],"wp:featuredmedia":[{"embeddable":true,"href":"https:\/\/fizzyvape.eu\/sv\/wp-json\/wp\/v2\/media\/32503"}],"wp:attachment":[{"href":"https:\/\/fizzyvape.eu\/sv\/wp-json\/wp\/v2\/media?parent=33136"}],"wp:term":[{"taxonomy":"product_brand","embeddable":true,"href":"https:\/\/fizzyvape.eu\/sv\/wp-json\/wp\/v2\/product_brand?post=33136"},{"taxonomy":"product_cat","embeddable":true,"href":"https:\/\/fizzyvape.eu\/sv\/wp-json\/wp\/v2\/product_cat?post=33136"},{"taxonomy":"product_tag","embeddable":true,"href":"https:\/\/fizzyvape.eu\/sv\/wp-json\/wp\/v2\/product_tag?post=33136"}],"curies":[{"name":"wp","href":"https:\/\/api.w.org\/{rel}","templated":true}]}}