{"id":34469,"date":"2025-08-20T10:55:59","date_gmt":"2025-08-20T02:55:59","guid":{"rendered":"https:\/\/fizzyvape.eu\/?post_type=product&#038;p=34469"},"modified":"2025-12-09T22:21:52","modified_gmt":"2025-12-09T14:21:52","slug":"fizzy-nova-plus-40k-40000-puffs-engangs-vape-10st-alla-smaker","status":"publish","type":"product","link":"https:\/\/fizzyvape.eu\/sv\/produkt\/fizzy-nova-plus-40k-40000-puffs-engangs-vape-10st-alla-smaker\/","title":{"rendered":"Fizzy Nova Plus 40k 40000 Puffs Eng\u00e5ngs Vape &#8211; 10st (Alla smaker)"},"content":{"rendered":"<div>\n<h1>Fizzy Nova Plus 40k 40000 Puffs &#8211; Premium eng\u00e5ngsvape<\/h1>\n<p>Uppt\u00e4ck <strong>Fizzy Nova Plus 40,000 Puffs<\/strong>, en n\u00e4sta generations eng\u00e5ngsvape konstruerad f\u00f6r l\u00e5ngvarig prestanda, rika smaker och ultimat bekv\u00e4mlighet. Med <strong>40 ml e-v\u00e4tskekapacitet<\/strong>, <strong>dual mesh coil-teknik<\/strong> <strong>och intelligenta Eco &amp; Turbo-l\u00e4gen<\/strong> omdefinierar den h\u00e4r enheten vad en eng\u00e5ngsvape kan leverera. <\/p>\n<p>Och det b\u00e4sta av allt?<\/p>\n<p>\u2705 Alla best\u00e4llningar skickas <strong>direkt fr\u00e5n v\u00e5rt europeiska lager<\/strong>, vilket garanterar <strong>snabb leverans inom 2-7 dagar<\/strong> i hela Europa.<\/p>\n<h3>Viktiga egenskaper:<\/h3>\n<ul>\n<li><strong>O\u00f6vertr\u00e4ffade 40 000+ puffar<\/strong> &#8211; njut av l\u00e5ngvarig vapingtillfredsst\u00e4llelse<\/li>\n<li><strong>40 ml stor kapacitet f\u00f6r e-v\u00e4tska<\/strong> &#8211; flera veckors oavbruten vaping<\/li>\n<li><strong>Next-Gen Dual Mesh Coils<\/strong> &#8211; Maximal smak och t\u00e4t \u00e5nga<\/li>\n<li><strong>Dual Vaping Modes<\/strong> &#8211; Eco f\u00f6r l\u00e4ngre batteritid, Turbo f\u00f6r f\u00f6rb\u00e4ttrad smak<\/li>\n<li><strong>Smart LED-display<\/strong> &#8211; \u00f6vervakning av batteri och e-v\u00e4tska i realtid<\/li>\n<li><strong>USB-C snabbladdning<\/strong> &#8211; 850 mAh uppladdningsbart batteri, fulladdat p\u00e5 ~2 timmar<\/li>\n<li><strong>Snabb leverans till Europa<\/strong> &#8211; 2-7 arbetsdagar fr\u00e5n v\u00e5rt lager i EU<\/li>\n<\/ul>\n<h3><strong>Varf\u00f6r v\u00e4lja Fizzy Nova Plus?<\/strong><\/h3>\n<ul>\n<li><strong>3X l\u00e4ngre livsl\u00e4ngd<\/strong> &#8211; \u00f6vertr\u00e4ffar vanliga eng\u00e5ngsvapor<\/li>\n<li><strong>Premiumutf\u00f6rande<\/strong> &#8211; Aerospace-klassad legering med ergonomisk design<\/li>\n<li><strong>Expertsmakutveckling<\/strong> &#8211; Skapad av smakspecialister i v\u00e4rldsklass<\/li>\n<li><strong>Trusted EU Logistics<\/strong> &#8211; snabba och p\u00e5litliga leveranser i hela Europa<\/li>\n<\/ul>\n<\/div>\n<div>\n<h3><strong>Nikotinalternativ:<\/strong><\/h3>\n<ul>\n<li><strong>2% (20mg\/mL)<\/strong> &#8211; Mjuk, balanserad vapingupplevelse<\/li>\n<li><strong>5% (50mg\/mL)<\/strong> &#8211; Starkare effekt i halsen, avsedd f\u00f6r tunga anv\u00e4ndare<\/li>\n<\/ul>\n<h3>Specifikationer<\/h3>\n<table style=\"height: 449px;\" width=\"1340\">\n<tbody>\n<tr>\n<td>Puffar<\/td>\n<td><strong>40000+ Puffar<\/strong><\/td>\n<\/tr>\n<tr>\n<td>Kapacitet f\u00f6r e-v\u00e4tska<\/td>\n<td><strong>40 ml<\/strong><\/td>\n<\/tr>\n<tr>\n<td>Batteriets kapacitet<\/td>\n<td><strong>850 mAh<\/strong><\/td>\n<\/tr>\n<tr>\n<td>Storlek<\/td>\n<td><strong>52,5 * 24,5 * 104,3 mm<\/strong><\/td>\n<\/tr>\n<tr>\n<td>Eng\u00e5ngsbruk eller inte<\/td>\n<td><strong>Eng\u00e5ngsbruk<\/strong><\/td>\n<\/tr>\n<tr>\n<td>Laddningsmetod<\/td>\n<td><strong>Kabel<\/strong><\/td>\n<\/tr>\n<tr>\n<td>Aktiveringsmetod<\/td>\n<td><strong>Sensor<\/strong><\/td>\n<\/tr>\n<tr>\n<td>Material<\/td>\n<td><strong>PCTG<\/strong><\/td>\n<\/tr>\n<tr>\n<td>Nikotinniv\u00e5<\/td>\n<td><strong>2% (20mg\/mL) &amp; 5% (50mg\/mL)<\/strong><\/td>\n<\/tr>\n<tr>\n<td>Smak\u00e4mnen<\/td>\n<td><strong>12<\/strong><\/td>\n<\/tr>\n<tr>\n<td>F\u00f6rpackning<\/td>\n<td><strong>1 f\u00f6rpackning<\/strong><\/td>\n<\/tr>\n<tr>\n<td>Laddningstid<\/td>\n<td><strong>2 timmar<\/strong><\/td>\n<\/tr>\n<tr>\n<td>F\u00f6rvaring<\/td>\n<td><strong>Undvik milj\u00f6er med h\u00f6ga temperaturer och f\u00f6rvara p\u00e5 en sval och torr plats.<\/strong><\/td>\n<\/tr>\n<tr>\n<td>Personer som \u00e4r f\u00f6rbjudna att anv\u00e4nda<\/td>\n<td><strong>Minder\u00e5riga, gravida kvinnor och personer som \u00e4r allergiska mot produktens ingredienser.<\/strong><\/td>\n<\/tr>\n<tr>\n<td>F\u00f6rsiktighet<\/td>\n<td><strong>Sv\u00e4lj inte detta \u00e4mne. Vid f\u00f6rt\u00e4ring, sk\u00f6lj munnen noggrant och omedelbart. Upps\u00f6k l\u00e4kare om du k\u00e4nner dig d\u00e5lig.  <\/strong><\/td>\n<\/tr>\n<\/tbody>\n<\/table>\n<h3><strong>Fizzy Nova Plus <\/strong>40000 Puffs Smaklista:<\/h3>\n<ol>\n<li><a href=\"https:\/\/fizzyvape.eu\/sv\/produkt\/fizzy-nova-plus-strawberry-kiwi-40000-puffar-10-st\/\">Jordgubb Kiwi<\/a><\/li>\n<li><a href=\"https:\/\/fizzyvape.eu\/sv\/produkt\/fizzy-nova-plus-blabarsis-40000-puffar-10-st\/\">Bl\u00e5b\u00e4rsis<\/a><\/li>\n<li><a href=\"https:\/\/fizzyvape.eu\/sv\/produkt\/fizzy-nova-plus-vattenmelon-is-40000-puffar-10st\/\">Vattenmelon-is<\/a><\/li>\n<li><a href=\"https:\/\/fizzyvape.eu\/sv\/produkt\/fizzy-nova-plus-persika-mango-vattenmelon-40000-puffar-10st\/\">Persika Mango Vattenmelon<\/a><\/li>\n<li><a href=\"https:\/\/fizzyvape.eu\/sv\/produkt\/fizzy-nova-plus-kiwi-passion-fruit-guava-40000-puffar-10-st\/\">Kiwi Passionsfrukt Guava<\/a><\/li>\n<li><a href=\"https:\/\/fizzyvape.eu\/sv\/produkt\/fizzy-nova-plus-hallon-citron-40000-puffar-10-st\/\">Hallon Citron<\/a><\/li>\n<li><a href=\"https:\/\/fizzyvape.eu\/sv\/produkt\/fizzy-nova-plus-triple-berry-40000-puffar-10-st\/\">Trippelb\u00e4r<\/a><\/li>\n<li><a href=\"https:\/\/fizzyvape.eu\/sv\/produkt\/fizzy-nova-plus-peach-ice-40000-puffar-10-st\/\">Persika is<\/a><\/li>\n<li><a href=\"https:\/\/fizzyvape.eu\/sv\/produkt\/fizzy-nova-plus-grape-lime-40000-puffar-10-st\/\">Druva Lime<\/a><\/li>\n<li><a href=\"https:\/\/fizzyvape.eu\/sv\/produkt\/fizzy-nova-plus-blue-razz-lemonade-40000-puffar-10-st\/\">Blue Razz Lemonade<\/a><\/li>\n<li><a href=\"https:\/\/fizzyvape.eu\/sv\/produkt\/fizzy-nova-plus-strawberry-ice-40000-puffar-10-st\/\">Jordgubbsis<\/a><\/li>\n<li><a href=\"https:\/\/fizzyvape.eu\/sv\/produkt\/fizzy-nova-plus-blabar-kokosnot-40000-puffar-10st\/\">Bl\u00e5b\u00e4r Kokosn\u00f6t<\/a><\/li>\n<\/ol>\n<h3>FAQ &#8211; Om Fizzy Nova Plus 40k 40000 Puffs Vape<\/h3>\n<p><strong>1. Hur l\u00e4nge h\u00e5ller Fizzy Nova Plus?<\/strong><br \/>\nMed upp till <strong>40 000 puffar<\/strong> h\u00e5ller den ungef\u00e4r 3x l\u00e4ngre \u00e4n vanliga eng\u00e5ngsvapor, vilket g\u00f6r den till ett av de mest h\u00e5llbara alternativen p\u00e5 marknaden.<\/p>\n<p><strong>2. Hur snabb \u00e4r leveransen?<\/strong><br \/>\nAlla produkter skickas fr\u00e5n v\u00e5rt <strong>lager i EU<\/strong> med <strong>2-7 dagars leverans<\/strong> beroende p\u00e5 var du befinner dig.<\/p>\n<p><strong>3. Vad skiljer den fr\u00e5n andra eng\u00e5ngsvapor?<\/strong><br \/>\nDen kombinerar <strong>40 ml e-v\u00e4tska<\/strong>, <strong>dubbla n\u00e4tspolar<\/strong>, <strong>intelligenta dubbla l\u00e4gen<\/strong> och en <strong>LED-display<\/strong>, vilket ger b\u00e5de prestanda och bekv\u00e4mlighet.<\/p>\n<p><strong>4. Vilka nikotinstyrkor finns tillg\u00e4ngliga?<\/strong><br \/>\nDu kan v\u00e4lja mellan <strong>2% (mjuk upplevelse)<\/strong> och <strong>5% (stark effekt i halsen) f\u00f6r<\/strong> att matcha dina preferenser.<\/p>\n<\/div>\n","protected":false},"excerpt":{"rendered":"<p><strong>Fizzy Nova Plus 40,000 Puffs<\/strong> \u00e4r mer \u00e4n bara en eng\u00e5ngsvape &#8211; det \u00e4r en <strong>l\u00e5ngvarig, smakfylld och h\u00f6gpresterande enhet<\/strong> som garanterar tillfredsst\u00e4llelse fr\u00e5n f\u00f6rsta till sista blosset. Med <strong>snabb EU-leverans inom 2-7 dagar<\/strong> f\u00e5r du premiumkvalitet och bekv\u00e4mlighet direkt utanf\u00f6r d\u00f6rren. <\/p>\n","protected":false},"featured_media":34201,"comment_status":"open","ping_status":"closed","template":"","meta":{"iawp_total_views":33},"product_brand":[],"product_cat":[353],"product_tag":[347,634],"class_list":{"0":"post-34469","1":"product","2":"type-product","3":"status-publish","4":"has-post-thumbnail","6":"product_cat-nova-plus-40000-puffar-engangs-vape-sv","7":"product_tag-40000-puffar","8":"product_tag-alla-smaker","10":"first","11":"outofstock","12":"sale","13":"shipping-taxable","14":"purchasable","15":"product-type-variable"},"yoast_head":"<!-- This site is optimized with the Yoast SEO Premium plugin v24.8 (Yoast SEO v27.4) - https:\/\/yoast.com\/product\/yoast-seo-premium-wordpress\/ -->\n<title>Fizzy Nova Plus 40000 puffar Eng\u00e5ngsvape | Snabb leverans till EU<\/title>\n<meta name=\"description\" content=\"Shop Fizzy Nova Plus 40000 Puffs med 12 premiumsmaker, dubbla n\u00e4tspolar och smart LED-display. Skickas fr\u00e5n v\u00e5rt europeiska lager med 2-7 dagars leverans.\" \/>\n<meta name=\"robots\" content=\"index, follow, max-snippet:-1, max-image-preview:large, max-video-preview:-1\" \/>\n<link rel=\"canonical\" href=\"https:\/\/fizzyvape.eu\/sv\/produkt\/fizzy-nova-plus-40k-40000-puffs-engangs-vape-10st-alla-smaker\/\" \/>\n<meta property=\"og:locale\" content=\"sv_SE\" \/>\n<meta property=\"og:type\" content=\"article\" \/>\n<meta property=\"og:title\" content=\"Fizzy Nova Plus 40k 40000 Puffs Eng\u00e5ngs Vape - 10st (Alla smaker)\" \/>\n<meta property=\"og:description\" content=\"Shop Fizzy Nova Plus 40000 Puffs med 12 premiumsmaker, dubbla n\u00e4tspolar och smart LED-display. Skickas fr\u00e5n v\u00e5rt europeiska lager med 2-7 dagars leverans.\" \/>\n<meta property=\"og:url\" content=\"https:\/\/fizzyvape.eu\/sv\/produkt\/fizzy-nova-plus-40k-40000-puffs-engangs-vape-10st-alla-smaker\/\" \/>\n<meta property=\"og:site_name\" content=\"fizzyvape.eu\" \/>\n<meta property=\"article:modified_time\" content=\"2025-12-09T14:21:52+00:00\" \/>\n<meta property=\"og:image\" content=\"https:\/\/fizzyvape.eu\/wp-content\/uploads\/2025\/08\/Fizzy-Nova-Plus-40000-Puffs-Dual-Mode-Dual-Mesh-40K-2-5-Low-Nicotine-22-1.webp\" \/>\n\t<meta property=\"og:image:width\" content=\"600\" \/>\n\t<meta property=\"og:image:height\" content=\"600\" \/>\n\t<meta property=\"og:image:type\" content=\"image\/webp\" \/>\n<meta name=\"twitter:card\" content=\"summary_large_image\" \/>\n<meta name=\"twitter:label1\" content=\"Tillg\u00e4nglig\" \/>\n\t<meta name=\"twitter:data1\" content=\"Slut i lager\" \/>\n<script type=\"application\/ld+json\" class=\"yoast-schema-graph\">{\"@context\":\"https:\\\/\\\/schema.org\",\"@graph\":[{\"@type\":\"WebPage\",\"@id\":\"https:\\\/\\\/fizzyvape.eu\\\/sv\\\/produkt\\\/fizzy-nova-plus-40k-40000-puffs-engangs-vape-10st-alla-smaker\\\/\",\"url\":\"https:\\\/\\\/fizzyvape.eu\\\/sv\\\/produkt\\\/fizzy-nova-plus-40k-40000-puffs-engangs-vape-10st-alla-smaker\\\/\",\"name\":\"Fizzy Nova Plus 40000 puffar Eng\u00e5ngsvape | Snabb leverans till EU\",\"isPartOf\":{\"@id\":\"https:\\\/\\\/www.fizzyvape.eu\\\/sv\\\/#website\"},\"primaryImageOfPage\":{\"@id\":\"https:\\\/\\\/fizzyvape.eu\\\/sv\\\/produkt\\\/fizzy-nova-plus-40k-40000-puffs-engangs-vape-10st-alla-smaker\\\/#primaryimage\"},\"image\":{\"@id\":\"https:\\\/\\\/fizzyvape.eu\\\/sv\\\/produkt\\\/fizzy-nova-plus-40k-40000-puffs-engangs-vape-10st-alla-smaker\\\/#primaryimage\"},\"thumbnailUrl\":\"https:\\\/\\\/fizzyvape.eu\\\/wp-content\\\/uploads\\\/2025\\\/03\\\/fizzy-nova-plus-40000-40k-puffs-main-picture.jpg.webp\",\"datePublished\":\"2025-08-20T02:55:59+00:00\",\"dateModified\":\"2025-12-09T14:21:52+00:00\",\"description\":\"Shop Fizzy Nova Plus 40000 Puffs med 12 premiumsmaker, dubbla n\u00e4tspolar och smart LED-display. Skickas fr\u00e5n v\u00e5rt europeiska lager med 2-7 dagars leverans.\",\"breadcrumb\":{\"@id\":\"https:\\\/\\\/fizzyvape.eu\\\/sv\\\/produkt\\\/fizzy-nova-plus-40k-40000-puffs-engangs-vape-10st-alla-smaker\\\/#breadcrumb\"},\"inLanguage\":\"sv-SE\",\"potentialAction\":[{\"@type\":\"ReadAction\",\"target\":[\"https:\\\/\\\/fizzyvape.eu\\\/sv\\\/produkt\\\/fizzy-nova-plus-40k-40000-puffs-engangs-vape-10st-alla-smaker\\\/\"]}]},{\"@type\":\"ImageObject\",\"inLanguage\":\"sv-SE\",\"@id\":\"https:\\\/\\\/fizzyvape.eu\\\/sv\\\/produkt\\\/fizzy-nova-plus-40k-40000-puffs-engangs-vape-10st-alla-smaker\\\/#primaryimage\",\"url\":\"https:\\\/\\\/fizzyvape.eu\\\/wp-content\\\/uploads\\\/2025\\\/03\\\/fizzy-nova-plus-40000-40k-puffs-main-picture.jpg.webp\",\"contentUrl\":\"https:\\\/\\\/fizzyvape.eu\\\/wp-content\\\/uploads\\\/2025\\\/03\\\/fizzy-nova-plus-40000-40k-puffs-main-picture.jpg.webp\",\"width\":1920,\"height\":1920,\"caption\":\"fizzy-nova-plus-40000-40k-puffs-main-picture.jpg\"},{\"@type\":\"BreadcrumbList\",\"@id\":\"https:\\\/\\\/fizzyvape.eu\\\/sv\\\/produkt\\\/fizzy-nova-plus-40k-40000-puffs-engangs-vape-10st-alla-smaker\\\/#breadcrumb\",\"itemListElement\":[{\"@type\":\"ListItem\",\"position\":1,\"name\":\"Home\",\"item\":\"https:\\\/\\\/fizzyvape.eu\\\/sv\\\/\"},{\"@type\":\"ListItem\",\"position\":2,\"name\":\"Butik\",\"item\":\"https:\\\/\\\/fizzyvape.eu\\\/sv\\\/butik\\\/\"},{\"@type\":\"ListItem\",\"position\":3,\"name\":\"Fizzy Nova Plus 40k 40000 Puffs Eng\u00e5ngs Vape &#8211; 10st (Alla smaker)\"}]},{\"@type\":\"WebSite\",\"@id\":\"https:\\\/\\\/www.fizzyvape.eu\\\/sv\\\/#website\",\"url\":\"https:\\\/\\\/www.fizzyvape.eu\\\/sv\\\/\",\"name\":\"fizzyvape.eu\",\"description\":\"Refreshing Vapes. Unforgettable Taste.\",\"publisher\":{\"@id\":\"https:\\\/\\\/www.fizzyvape.eu\\\/sv\\\/#organization\"},\"potentialAction\":[{\"@type\":\"SearchAction\",\"target\":{\"@type\":\"EntryPoint\",\"urlTemplate\":\"https:\\\/\\\/www.fizzyvape.eu\\\/sv\\\/?s={search_term_string}\"},\"query-input\":{\"@type\":\"PropertyValueSpecification\",\"valueRequired\":true,\"valueName\":\"search_term_string\"}}],\"inLanguage\":\"sv-SE\"},{\"@type\":\"Organization\",\"@id\":\"https:\\\/\\\/www.fizzyvape.eu\\\/sv\\\/#organization\",\"name\":\"fizzyvape.eu\",\"url\":\"https:\\\/\\\/www.fizzyvape.eu\\\/sv\\\/\",\"logo\":{\"@type\":\"ImageObject\",\"inLanguage\":\"sv-SE\",\"@id\":\"https:\\\/\\\/www.fizzyvape.eu\\\/sv\\\/#\\\/schema\\\/logo\\\/image\\\/\",\"url\":\"https:\\\/\\\/fizzyvape.eu\\\/wp-content\\\/uploads\\\/2019\\\/06\\\/print-1.svg\",\"contentUrl\":\"https:\\\/\\\/fizzyvape.eu\\\/wp-content\\\/uploads\\\/2019\\\/06\\\/print-1.svg\",\"width\":124,\"height\":37,\"caption\":\"fizzyvape.eu\"},\"image\":{\"@id\":\"https:\\\/\\\/www.fizzyvape.eu\\\/sv\\\/#\\\/schema\\\/logo\\\/image\\\/\"}}]}<\/script>\n<meta property=\"og:availability\" content=\"out of stock\" \/>\n<meta property=\"product:availability\" content=\"out of stock\" \/>\n<meta property=\"product:condition\" content=\"new\" \/>\n<!-- \/ Yoast SEO Premium plugin. -->","yoast_head_json":{"title":"Fizzy Nova Plus 40000 puffar Eng\u00e5ngsvape | Snabb leverans till EU","description":"Shop Fizzy Nova Plus 40000 Puffs med 12 premiumsmaker, dubbla n\u00e4tspolar och smart LED-display. Skickas fr\u00e5n v\u00e5rt europeiska lager med 2-7 dagars leverans.","robots":{"index":"index","follow":"follow","max-snippet":"max-snippet:-1","max-image-preview":"max-image-preview:large","max-video-preview":"max-video-preview:-1"},"canonical":"https:\/\/fizzyvape.eu\/sv\/produkt\/fizzy-nova-plus-40k-40000-puffs-engangs-vape-10st-alla-smaker\/","og_locale":"sv_SE","og_type":"article","og_title":"Fizzy Nova Plus 40k 40000 Puffs Eng\u00e5ngs Vape - 10st (Alla smaker)","og_description":"Shop Fizzy Nova Plus 40000 Puffs med 12 premiumsmaker, dubbla n\u00e4tspolar och smart LED-display. Skickas fr\u00e5n v\u00e5rt europeiska lager med 2-7 dagars leverans.","og_url":"https:\/\/fizzyvape.eu\/sv\/produkt\/fizzy-nova-plus-40k-40000-puffs-engangs-vape-10st-alla-smaker\/","og_site_name":"fizzyvape.eu","article_modified_time":"2025-12-09T14:21:52+00:00","og_image":[{"width":600,"height":600,"url":"https:\/\/fizzyvape.eu\/wp-content\/uploads\/2025\/08\/Fizzy-Nova-Plus-40000-Puffs-Dual-Mode-Dual-Mesh-40K-2-5-Low-Nicotine-22-1.webp","type":"image\/webp"}],"twitter_card":"summary_large_image","twitter_misc":{"Tillg\u00e4nglig":"Slut i lager"},"schema":{"@context":"https:\/\/schema.org","@graph":[{"@type":"WebPage","@id":"https:\/\/fizzyvape.eu\/sv\/produkt\/fizzy-nova-plus-40k-40000-puffs-engangs-vape-10st-alla-smaker\/","url":"https:\/\/fizzyvape.eu\/sv\/produkt\/fizzy-nova-plus-40k-40000-puffs-engangs-vape-10st-alla-smaker\/","name":"Fizzy Nova Plus 40000 puffar Eng\u00e5ngsvape | Snabb leverans till EU","isPartOf":{"@id":"https:\/\/www.fizzyvape.eu\/sv\/#website"},"primaryImageOfPage":{"@id":"https:\/\/fizzyvape.eu\/sv\/produkt\/fizzy-nova-plus-40k-40000-puffs-engangs-vape-10st-alla-smaker\/#primaryimage"},"image":{"@id":"https:\/\/fizzyvape.eu\/sv\/produkt\/fizzy-nova-plus-40k-40000-puffs-engangs-vape-10st-alla-smaker\/#primaryimage"},"thumbnailUrl":"https:\/\/fizzyvape.eu\/wp-content\/uploads\/2025\/03\/fizzy-nova-plus-40000-40k-puffs-main-picture.jpg.webp","datePublished":"2025-08-20T02:55:59+00:00","dateModified":"2025-12-09T14:21:52+00:00","description":"Shop Fizzy Nova Plus 40000 Puffs med 12 premiumsmaker, dubbla n\u00e4tspolar och smart LED-display. Skickas fr\u00e5n v\u00e5rt europeiska lager med 2-7 dagars leverans.","breadcrumb":{"@id":"https:\/\/fizzyvape.eu\/sv\/produkt\/fizzy-nova-plus-40k-40000-puffs-engangs-vape-10st-alla-smaker\/#breadcrumb"},"inLanguage":"sv-SE","potentialAction":[{"@type":"ReadAction","target":["https:\/\/fizzyvape.eu\/sv\/produkt\/fizzy-nova-plus-40k-40000-puffs-engangs-vape-10st-alla-smaker\/"]}]},{"@type":"ImageObject","inLanguage":"sv-SE","@id":"https:\/\/fizzyvape.eu\/sv\/produkt\/fizzy-nova-plus-40k-40000-puffs-engangs-vape-10st-alla-smaker\/#primaryimage","url":"https:\/\/fizzyvape.eu\/wp-content\/uploads\/2025\/03\/fizzy-nova-plus-40000-40k-puffs-main-picture.jpg.webp","contentUrl":"https:\/\/fizzyvape.eu\/wp-content\/uploads\/2025\/03\/fizzy-nova-plus-40000-40k-puffs-main-picture.jpg.webp","width":1920,"height":1920,"caption":"fizzy-nova-plus-40000-40k-puffs-main-picture.jpg"},{"@type":"BreadcrumbList","@id":"https:\/\/fizzyvape.eu\/sv\/produkt\/fizzy-nova-plus-40k-40000-puffs-engangs-vape-10st-alla-smaker\/#breadcrumb","itemListElement":[{"@type":"ListItem","position":1,"name":"Home","item":"https:\/\/fizzyvape.eu\/sv\/"},{"@type":"ListItem","position":2,"name":"Butik","item":"https:\/\/fizzyvape.eu\/sv\/butik\/"},{"@type":"ListItem","position":3,"name":"Fizzy Nova Plus 40k 40000 Puffs Eng\u00e5ngs Vape &#8211; 10st (Alla smaker)"}]},{"@type":"WebSite","@id":"https:\/\/www.fizzyvape.eu\/sv\/#website","url":"https:\/\/www.fizzyvape.eu\/sv\/","name":"fizzyvape.eu","description":"Refreshing Vapes. Unforgettable Taste.","publisher":{"@id":"https:\/\/www.fizzyvape.eu\/sv\/#organization"},"potentialAction":[{"@type":"SearchAction","target":{"@type":"EntryPoint","urlTemplate":"https:\/\/www.fizzyvape.eu\/sv\/?s={search_term_string}"},"query-input":{"@type":"PropertyValueSpecification","valueRequired":true,"valueName":"search_term_string"}}],"inLanguage":"sv-SE"},{"@type":"Organization","@id":"https:\/\/www.fizzyvape.eu\/sv\/#organization","name":"fizzyvape.eu","url":"https:\/\/www.fizzyvape.eu\/sv\/","logo":{"@type":"ImageObject","inLanguage":"sv-SE","@id":"https:\/\/www.fizzyvape.eu\/sv\/#\/schema\/logo\/image\/","url":"https:\/\/fizzyvape.eu\/wp-content\/uploads\/2019\/06\/print-1.svg","contentUrl":"https:\/\/fizzyvape.eu\/wp-content\/uploads\/2019\/06\/print-1.svg","width":124,"height":37,"caption":"fizzyvape.eu"},"image":{"@id":"https:\/\/www.fizzyvape.eu\/sv\/#\/schema\/logo\/image\/"}}]},"og_availability":"out of stock","product_availability":"out of stock","product_condition":"new"},"tiered_pricing_type":"fixed","tiered_pricing_fixed_rules":[],"tiered_pricing_product_settings":{"layout":"default","base_unit_name":{"singular":null,"plural":null},"default_variation":null},"tiered_pricing_minimum_quantity":null,"tiered_pricing_roles_data":[],"tiered_pricing_percentage_rules":[],"tiered_pricing_maximum_quantity":null,"tiered_pricing_quantity_step":null,"_links":{"self":[{"href":"https:\/\/fizzyvape.eu\/sv\/wp-json\/wp\/v2\/product\/34469","targetHints":{"allow":["GET"]}}],"collection":[{"href":"https:\/\/fizzyvape.eu\/sv\/wp-json\/wp\/v2\/product"}],"about":[{"href":"https:\/\/fizzyvape.eu\/sv\/wp-json\/wp\/v2\/types\/product"}],"replies":[{"embeddable":true,"href":"https:\/\/fizzyvape.eu\/sv\/wp-json\/wp\/v2\/comments?post=34469"}],"version-history":[{"count":1,"href":"https:\/\/fizzyvape.eu\/sv\/wp-json\/wp\/v2\/product\/34469\/revisions"}],"predecessor-version":[{"id":35201,"href":"https:\/\/fizzyvape.eu\/sv\/wp-json\/wp\/v2\/product\/34469\/revisions\/35201"}],"wp:featuredmedia":[{"embeddable":true,"href":"https:\/\/fizzyvape.eu\/sv\/wp-json\/wp\/v2\/media\/34201"}],"wp:attachment":[{"href":"https:\/\/fizzyvape.eu\/sv\/wp-json\/wp\/v2\/media?parent=34469"}],"wp:term":[{"taxonomy":"product_brand","embeddable":true,"href":"https:\/\/fizzyvape.eu\/sv\/wp-json\/wp\/v2\/product_brand?post=34469"},{"taxonomy":"product_cat","embeddable":true,"href":"https:\/\/fizzyvape.eu\/sv\/wp-json\/wp\/v2\/product_cat?post=34469"},{"taxonomy":"product_tag","embeddable":true,"href":"https:\/\/fizzyvape.eu\/sv\/wp-json\/wp\/v2\/product_tag?post=34469"}],"curies":[{"name":"wp","href":"https:\/\/api.w.org\/{rel}","templated":true}]}}