{"id":35207,"date":"2025-08-28T16:33:17","date_gmt":"2025-08-28T08:33:17","guid":{"rendered":"https:\/\/fizzyvape.eu\/product\/fizzy-nova-plus-40k-40000-puffs\/"},"modified":"2025-08-28T16:33:17","modified_gmt":"2025-08-28T08:33:17","slug":"fizzy-nova-plus-40k-40000-puffs","status":"publish","type":"product","link":"https:\/\/fizzyvape.eu\/sv\/produkt\/fizzy-nova-plus-40k-40000-puffs\/","title":{"rendered":"FIZZY NOVA PLUS 40k 40000 Puffs"},"content":{"rendered":"<h1>FIZZY NOVA PLUS 40000 Puffs &#8211; Dual Mode eng\u00e5ngsvape<\/h1>\n<p><strong>FIZZY NOVA PLUS 40 000 Puffs<\/strong> \u00e4r utformad f\u00f6r vapnare som kr\u00e4ver b\u00e5de <strong>kraft och bekv\u00e4mlighet.<\/strong> Med en enorm <strong>kapacitet p\u00e5 40 000 puffar<\/strong> kombinerar denna avancerade eng\u00e5ngsvape <strong>dual mode-teknik<\/strong>, ett <strong>uppladdningsbart batteri<\/strong> och en <strong>premium mesh-spole<\/strong> f\u00f6r att leverera en j\u00e4mn och smakrik upplevelse fr\u00e5n f\u00f6rsta till sista puffen. <\/p>\n<h3>\ud83d\udd11 Viktiga funktioner<\/h3>\n<ul>\n<li><strong>Kapacitet p\u00e5 40 000 puffar<\/strong> &#8211; l\u00e5ngvarig prestanda f\u00f6r l\u00e5ngvarig anv\u00e4ndning.<\/li>\n<li><strong>Dual Mode-teknik<\/strong> &#8211; v\u00e4xla enkelt mellan <strong>normall\u00e4ge<\/strong> och <strong>boost-l\u00e4ge<\/strong> f\u00f6r att matcha din vaping-stil.<\/li>\n<li><strong>Uppladdningsbart batteri<\/strong> &#8211; s\u00e4kerst\u00e4ller att du f\u00e5r hela 40 000 puffar utan att str\u00f6mmen tar slut.<\/li>\n<li><strong>Advanced Mesh Coil<\/strong> &#8211; Ger rik smak och mjuka moln vid varje drag.<\/li>\n<li><strong>Snygg och b\u00e4rbar design<\/strong> &#8211; l\u00e4tt och snygg f\u00f6r vaping n\u00e4r du \u00e4r p\u00e5 spr\u00e5ng.<\/li>\n<li><strong>EU Warehouse Shipping<\/strong> &#8211; Snabb och tillf\u00f6rlitlig leverans i hela Europa.<\/li>\n<\/ul>\n<h3>\ud83d\udca1 Varf\u00f6r v\u00e4lja FIZZY NOVA PLUS?<\/h3>\n<p>\u2714 Autentisk Fizzy Vape-produkt &#8211; betrott globalt varum\u00e4rke sedan 2013<br \/>\n\u2714 L\u00e5ngvarigt och kostnadseffektivt alternativ till flera eng\u00e5ngsartiklar<br \/>\n\u2714 Perfekt balans mellan <strong>prestanda, smak och bekv\u00e4mlighet<\/strong><br \/>\n\u2714 Backas upp av snabb EU-leverans och engagerad kundsupport <\/p>\n<p><img decoding=\"async\" class=\"aligncenter\" src=\"https:\/\/fizzyvape.eu\/wp-content\/uploads\/2025\/08\/Fizzy-Nova-Plus-40000-Puffs-Dual-Mode-Dual-Mesh-40K-2-5-Low-Nicotine-31.webp\" alt=\"FIZZY NOVA PLUS 40K 40000 puffar Smaker\"><\/p>\n","protected":false},"excerpt":{"rendered":"<p><strong data-start=\"123\" data-end=\"155\">FIZZY NOVA PLUS 40000 Puffs<\/strong> levererar kraftfull prestanda med en snygg, b\u00e4rbar design. Med <strong data-start=\"227\" data-end=\"251\">dual mode-teknik<\/strong>, ett <strong data-start=\"255\" data-end=\"279\">uppladdningsbart batteri<\/strong> och avancerad mesh-spole garanterar den j\u00e4mn smak och konsekventa moln. Den levereras direkt fr\u00e5n EU:s lager och \u00e4r det perfekta valet f\u00f6r vapers som vill ha b\u00e5de bekv\u00e4mlighet och l\u00e5ngvarig njutning.  <\/p>\n","protected":false},"featured_media":35134,"comment_status":"open","ping_status":"closed","template":"","meta":{"iawp_total_views":0},"product_brand":[],"product_cat":[353],"product_tag":[642],"class_list":{"0":"post-35207","1":"product","2":"type-product","3":"status-publish","4":"has-post-thumbnail","6":"product_cat-nova-plus-40000-puffar-engangs-vape-sv","7":"product_tag-1-st","9":"first","10":"outofstock","11":"sale","12":"shipping-taxable","13":"purchasable","14":"product-type-variable"},"yoast_head":"<!-- This site is optimized with the Yoast SEO Premium plugin v24.8 (Yoast SEO v24.8) - https:\/\/yoast.com\/wordpress\/plugins\/seo\/ -->\n<title>K\u00f6p FIZZY NOVA PLUS 40000 Puffs - Dual Mode &amp; Uppladdningsbar<\/title>\n<meta name=\"description\" content=\"Handla FIZZY NOVA PLUS 40000 Puffs till b\u00e4sta pris. Dubbell\u00e4ge, uppladdningsbar, autentisk vape med mjuka smaker och snabb EU-leverans.\" \/>\n<meta name=\"robots\" content=\"index, follow, max-snippet:-1, max-image-preview:large, max-video-preview:-1\" \/>\n<link rel=\"canonical\" href=\"https:\/\/fizzyvape.eu\/sv\/produkt\/fizzy-nova-plus-40k-40000-puffs\/\" \/>\n<meta property=\"og:locale\" content=\"sv_SE\" \/>\n<meta property=\"og:type\" content=\"article\" \/>\n<meta property=\"og:title\" content=\"FIZZY NOVA PLUS 40K 40000 Puffs\" \/>\n<meta property=\"og:description\" content=\"Handla FIZZY NOVA PLUS 40000 Puffs till b\u00e4sta pris. Dubbell\u00e4ge, uppladdningsbar, autentisk vape med mjuka smaker och snabb EU-leverans.\" \/>\n<meta property=\"og:url\" content=\"https:\/\/fizzyvape.eu\/sv\/produkt\/fizzy-nova-plus-40k-40000-puffs\/\" \/>\n<meta property=\"og:site_name\" content=\"fizzyvape.eu\" \/>\n<meta property=\"og:image\" content=\"https:\/\/fizzyvape.eu\/wp-content\/uploads\/2025\/08\/Watermelon-Ice-40000-puffs.webp\" \/>\n\t<meta property=\"og:image:width\" content=\"800\" \/>\n\t<meta property=\"og:image:height\" content=\"800\" \/>\n\t<meta property=\"og:image:type\" content=\"image\/webp\" \/>\n<meta name=\"twitter:card\" content=\"summary_large_image\" \/>\n<meta name=\"twitter:title\" content=\"FIZZY NOVA PLUS 40k 40000 Puffs\" \/>\n<meta name=\"twitter:label1\" content=\"Tillg\u00e4nglig\" \/>\n\t<meta name=\"twitter:data1\" content=\"Slut i lager\" \/>\n<script type=\"application\/ld+json\" class=\"yoast-schema-graph\">{\"@context\":\"https:\/\/schema.org\",\"@graph\":[{\"@type\":\"WebPage\",\"@id\":\"https:\/\/fizzyvape.eu\/sv\/produkt\/fizzy-nova-plus-40k-40000-puffs\/\",\"url\":\"https:\/\/fizzyvape.eu\/sv\/produkt\/fizzy-nova-plus-40k-40000-puffs\/\",\"name\":\"K\u00f6p FIZZY NOVA PLUS 40000 Puffs - Dual Mode & Uppladdningsbar\",\"isPartOf\":{\"@id\":\"https:\/\/www.fizzyvape.eu\/sv\/#website\"},\"primaryImageOfPage\":{\"@id\":\"https:\/\/fizzyvape.eu\/sv\/produkt\/fizzy-nova-plus-40k-40000-puffs\/#primaryimage\"},\"image\":{\"@id\":\"https:\/\/fizzyvape.eu\/sv\/produkt\/fizzy-nova-plus-40k-40000-puffs\/#primaryimage\"},\"thumbnailUrl\":\"https:\/\/fizzyvape.eu\/wp-content\/uploads\/2025\/08\/Watermelon-Ice-40000-puffs.webp\",\"datePublished\":\"2025-08-28T08:33:17+00:00\",\"description\":\"Handla FIZZY NOVA PLUS 40000 Puffs till b\u00e4sta pris. Dubbell\u00e4ge, uppladdningsbar, autentisk vape med mjuka smaker och snabb EU-leverans.\",\"breadcrumb\":{\"@id\":\"https:\/\/fizzyvape.eu\/sv\/produkt\/fizzy-nova-plus-40k-40000-puffs\/#breadcrumb\"},\"inLanguage\":\"sv-SE\",\"potentialAction\":[{\"@type\":\"ReadAction\",\"target\":[\"https:\/\/fizzyvape.eu\/sv\/produkt\/fizzy-nova-plus-40k-40000-puffs\/\"]}]},{\"@type\":\"ImageObject\",\"inLanguage\":\"sv-SE\",\"@id\":\"https:\/\/fizzyvape.eu\/sv\/produkt\/fizzy-nova-plus-40k-40000-puffs\/#primaryimage\",\"url\":\"https:\/\/fizzyvape.eu\/wp-content\/uploads\/2025\/08\/Watermelon-Ice-40000-puffs.webp\",\"contentUrl\":\"https:\/\/fizzyvape.eu\/wp-content\/uploads\/2025\/08\/Watermelon-Ice-40000-puffs.webp\",\"width\":800,\"height\":800,\"caption\":\"Watermelon Ice 40000 puffs\"},{\"@type\":\"BreadcrumbList\",\"@id\":\"https:\/\/fizzyvape.eu\/sv\/produkt\/fizzy-nova-plus-40k-40000-puffs\/#breadcrumb\",\"itemListElement\":[{\"@type\":\"ListItem\",\"position\":1,\"name\":\"Home\",\"item\":\"https:\/\/fizzyvape.eu\/sv\/\"},{\"@type\":\"ListItem\",\"position\":2,\"name\":\"Butik\",\"item\":\"https:\/\/fizzyvape.eu\/sv\/butik\/\"},{\"@type\":\"ListItem\",\"position\":3,\"name\":\"FIZZY NOVA PLUS 40k 40000 Puffs\"}]},{\"@type\":\"WebSite\",\"@id\":\"https:\/\/www.fizzyvape.eu\/sv\/#website\",\"url\":\"https:\/\/www.fizzyvape.eu\/sv\/\",\"name\":\"fizzyvape.eu\",\"description\":\"Refreshing Vapes. Unforgettable Taste.\",\"publisher\":{\"@id\":\"https:\/\/www.fizzyvape.eu\/sv\/#organization\"},\"potentialAction\":[{\"@type\":\"SearchAction\",\"target\":{\"@type\":\"EntryPoint\",\"urlTemplate\":\"https:\/\/www.fizzyvape.eu\/sv\/?s={search_term_string}\"},\"query-input\":{\"@type\":\"PropertyValueSpecification\",\"valueRequired\":true,\"valueName\":\"search_term_string\"}}],\"inLanguage\":\"sv-SE\"},{\"@type\":\"Organization\",\"@id\":\"https:\/\/www.fizzyvape.eu\/sv\/#organization\",\"name\":\"fizzyvape.eu\",\"url\":\"https:\/\/www.fizzyvape.eu\/sv\/\",\"logo\":{\"@type\":\"ImageObject\",\"inLanguage\":\"sv-SE\",\"@id\":\"https:\/\/www.fizzyvape.eu\/sv\/#\/schema\/logo\/image\/\",\"url\":\"https:\/\/fizzyvape.eu\/wp-content\/uploads\/2019\/06\/print-1.svg\",\"contentUrl\":\"https:\/\/fizzyvape.eu\/wp-content\/uploads\/2019\/06\/print-1.svg\",\"width\":124,\"height\":37,\"caption\":\"fizzyvape.eu\"},\"image\":{\"@id\":\"https:\/\/www.fizzyvape.eu\/sv\/#\/schema\/logo\/image\/\"}}]}<\/script>\n<meta property=\"og:availability\" content=\"out of stock\" \/>\n<meta property=\"product:availability\" content=\"out of stock\" \/>\n<meta property=\"product:condition\" content=\"new\" \/>\n<!-- \/ Yoast SEO Premium plugin. -->","yoast_head_json":{"title":"K\u00f6p FIZZY NOVA PLUS 40000 Puffs - Dual Mode & Uppladdningsbar","description":"Handla FIZZY NOVA PLUS 40000 Puffs till b\u00e4sta pris. Dubbell\u00e4ge, uppladdningsbar, autentisk vape med mjuka smaker och snabb EU-leverans.","robots":{"index":"index","follow":"follow","max-snippet":"max-snippet:-1","max-image-preview":"max-image-preview:large","max-video-preview":"max-video-preview:-1"},"canonical":"https:\/\/fizzyvape.eu\/sv\/produkt\/fizzy-nova-plus-40k-40000-puffs\/","og_locale":"sv_SE","og_type":"article","og_title":"FIZZY NOVA PLUS 40K 40000 Puffs","og_description":"Handla FIZZY NOVA PLUS 40000 Puffs till b\u00e4sta pris. Dubbell\u00e4ge, uppladdningsbar, autentisk vape med mjuka smaker och snabb EU-leverans.","og_url":"https:\/\/fizzyvape.eu\/sv\/produkt\/fizzy-nova-plus-40k-40000-puffs\/","og_site_name":"fizzyvape.eu","og_image":[{"width":800,"height":800,"url":"https:\/\/fizzyvape.eu\/wp-content\/uploads\/2025\/08\/Watermelon-Ice-40000-puffs.webp","type":"image\/webp"}],"twitter_card":"summary_large_image","twitter_title":"FIZZY NOVA PLUS 40k 40000 Puffs","twitter_misc":{"Tillg\u00e4nglig":"Slut i lager"},"schema":{"@context":"https:\/\/schema.org","@graph":[{"@type":"WebPage","@id":"https:\/\/fizzyvape.eu\/sv\/produkt\/fizzy-nova-plus-40k-40000-puffs\/","url":"https:\/\/fizzyvape.eu\/sv\/produkt\/fizzy-nova-plus-40k-40000-puffs\/","name":"K\u00f6p FIZZY NOVA PLUS 40000 Puffs - Dual Mode & Uppladdningsbar","isPartOf":{"@id":"https:\/\/www.fizzyvape.eu\/sv\/#website"},"primaryImageOfPage":{"@id":"https:\/\/fizzyvape.eu\/sv\/produkt\/fizzy-nova-plus-40k-40000-puffs\/#primaryimage"},"image":{"@id":"https:\/\/fizzyvape.eu\/sv\/produkt\/fizzy-nova-plus-40k-40000-puffs\/#primaryimage"},"thumbnailUrl":"https:\/\/fizzyvape.eu\/wp-content\/uploads\/2025\/08\/Watermelon-Ice-40000-puffs.webp","datePublished":"2025-08-28T08:33:17+00:00","description":"Handla FIZZY NOVA PLUS 40000 Puffs till b\u00e4sta pris. Dubbell\u00e4ge, uppladdningsbar, autentisk vape med mjuka smaker och snabb EU-leverans.","breadcrumb":{"@id":"https:\/\/fizzyvape.eu\/sv\/produkt\/fizzy-nova-plus-40k-40000-puffs\/#breadcrumb"},"inLanguage":"sv-SE","potentialAction":[{"@type":"ReadAction","target":["https:\/\/fizzyvape.eu\/sv\/produkt\/fizzy-nova-plus-40k-40000-puffs\/"]}]},{"@type":"ImageObject","inLanguage":"sv-SE","@id":"https:\/\/fizzyvape.eu\/sv\/produkt\/fizzy-nova-plus-40k-40000-puffs\/#primaryimage","url":"https:\/\/fizzyvape.eu\/wp-content\/uploads\/2025\/08\/Watermelon-Ice-40000-puffs.webp","contentUrl":"https:\/\/fizzyvape.eu\/wp-content\/uploads\/2025\/08\/Watermelon-Ice-40000-puffs.webp","width":800,"height":800,"caption":"Watermelon Ice 40000 puffs"},{"@type":"BreadcrumbList","@id":"https:\/\/fizzyvape.eu\/sv\/produkt\/fizzy-nova-plus-40k-40000-puffs\/#breadcrumb","itemListElement":[{"@type":"ListItem","position":1,"name":"Home","item":"https:\/\/fizzyvape.eu\/sv\/"},{"@type":"ListItem","position":2,"name":"Butik","item":"https:\/\/fizzyvape.eu\/sv\/butik\/"},{"@type":"ListItem","position":3,"name":"FIZZY NOVA PLUS 40k 40000 Puffs"}]},{"@type":"WebSite","@id":"https:\/\/www.fizzyvape.eu\/sv\/#website","url":"https:\/\/www.fizzyvape.eu\/sv\/","name":"fizzyvape.eu","description":"Refreshing Vapes. Unforgettable Taste.","publisher":{"@id":"https:\/\/www.fizzyvape.eu\/sv\/#organization"},"potentialAction":[{"@type":"SearchAction","target":{"@type":"EntryPoint","urlTemplate":"https:\/\/www.fizzyvape.eu\/sv\/?s={search_term_string}"},"query-input":{"@type":"PropertyValueSpecification","valueRequired":true,"valueName":"search_term_string"}}],"inLanguage":"sv-SE"},{"@type":"Organization","@id":"https:\/\/www.fizzyvape.eu\/sv\/#organization","name":"fizzyvape.eu","url":"https:\/\/www.fizzyvape.eu\/sv\/","logo":{"@type":"ImageObject","inLanguage":"sv-SE","@id":"https:\/\/www.fizzyvape.eu\/sv\/#\/schema\/logo\/image\/","url":"https:\/\/fizzyvape.eu\/wp-content\/uploads\/2019\/06\/print-1.svg","contentUrl":"https:\/\/fizzyvape.eu\/wp-content\/uploads\/2019\/06\/print-1.svg","width":124,"height":37,"caption":"fizzyvape.eu"},"image":{"@id":"https:\/\/www.fizzyvape.eu\/sv\/#\/schema\/logo\/image\/"}}]},"og_availability":"out of stock","product_availability":"out of stock","product_condition":"new"},"tiered_pricing_type":"fixed","tiered_pricing_fixed_rules":[],"tiered_pricing_product_settings":{"layout":"default","base_unit_name":{"singular":null,"plural":null},"default_variation":null},"tiered_pricing_minimum_quantity":null,"tiered_pricing_roles_data":[],"tiered_pricing_percentage_rules":[],"tiered_pricing_maximum_quantity":null,"tiered_pricing_quantity_step":null,"_links":{"self":[{"href":"https:\/\/fizzyvape.eu\/sv\/wp-json\/wp\/v2\/product\/35207","targetHints":{"allow":["GET"]}}],"collection":[{"href":"https:\/\/fizzyvape.eu\/sv\/wp-json\/wp\/v2\/product"}],"about":[{"href":"https:\/\/fizzyvape.eu\/sv\/wp-json\/wp\/v2\/types\/product"}],"replies":[{"embeddable":true,"href":"https:\/\/fizzyvape.eu\/sv\/wp-json\/wp\/v2\/comments?post=35207"}],"version-history":[{"count":0,"href":"https:\/\/fizzyvape.eu\/sv\/wp-json\/wp\/v2\/product\/35207\/revisions"}],"wp:featuredmedia":[{"embeddable":true,"href":"https:\/\/fizzyvape.eu\/sv\/wp-json\/wp\/v2\/media\/35134"}],"wp:attachment":[{"href":"https:\/\/fizzyvape.eu\/sv\/wp-json\/wp\/v2\/media?parent=35207"}],"wp:term":[{"taxonomy":"product_brand","embeddable":true,"href":"https:\/\/fizzyvape.eu\/sv\/wp-json\/wp\/v2\/product_brand?post=35207"},{"taxonomy":"product_cat","embeddable":true,"href":"https:\/\/fizzyvape.eu\/sv\/wp-json\/wp\/v2\/product_cat?post=35207"},{"taxonomy":"product_tag","embeddable":true,"href":"https:\/\/fizzyvape.eu\/sv\/wp-json\/wp\/v2\/product_tag?post=35207"}],"curies":[{"name":"wp","href":"https:\/\/api.w.org\/{rel}","templated":true}]}}