{"id":35230,"date":"2025-08-28T17:47:31","date_gmt":"2025-08-28T09:47:31","guid":{"rendered":"https:\/\/fizzyvape.eu\/product\/fizzy-twins-50000-puffs-engangsvape-med-dubbla-smaker\/"},"modified":"2025-08-28T17:47:31","modified_gmt":"2025-08-28T09:47:31","slug":"fizzy-twins-50000-puffs-engangsvape-med-dubbla-smaker","status":"publish","type":"product","link":"https:\/\/fizzyvape.eu\/sv\/produkt\/fizzy-twins-50000-puffs-engangsvape-med-dubbla-smaker\/","title":{"rendered":"Fizzy Twins 50000 Puffs Eng\u00e5ngsvape med dubbla smaker"},"content":{"rendered":"<div style=\"width: 1280px;\" class=\"wp-video\"><!--[if lt IE 9]><script>document.createElement('video');<\/script><![endif]-->\n<video class=\"wp-video-shortcode\" id=\"video-35230-1\" width=\"1280\" height=\"720\" preload=\"metadata\" controls=\"controls\"><source type=\"video\/mp4\" src=\"https:\/\/fizzyvape.eu\/wp-content\/uploads\/2025\/08\/Fizzy-Twins-50000-Puffs-Disposable-Vape.mp4?_=1\" \/><a href=\"https:\/\/fizzyvape.eu\/wp-content\/uploads\/2025\/08\/Fizzy-Twins-50000-Puffs-Disposable-Vape.mp4\">https:\/\/fizzyvape.eu\/wp-content\/uploads\/2025\/08\/Fizzy-Twins-50000-Puffs-Disposable-Vape.mp4<\/a><\/video><\/div>\n<h1>Fizzy Twins 50000 puffar &#8211; eng\u00e5ngsvape med dubbla smaker och dubbla l\u00e4gen<\/h1>\n<p><strong data-start=\"190\" data-end=\"218\">Fizzy Twins 50000 Puffs<\/strong> tar eng\u00e5ngsvaping till n\u00e4sta niv\u00e5 med sitt <strong data-start=\"270\" data-end=\"299\">unika system<\/strong> med <strong data-start=\"270\" data-end=\"299\">dubbla smaker<\/strong> och <strong data-start=\"304\" data-end=\"328\">dual mode-teknik<\/strong>. Med upp till <strong data-start=\"345\" data-end=\"361\">50 000 puffar<\/strong> kan du med den h\u00e4r uppladdningsbara enheten v\u00e4xla mellan tv\u00e5 olika smaker direkt, eller njuta av dem i kombination f\u00f6r en verkligt anpassad vape-upplevelse. <\/p>\n<h2 data-start=\"526\" data-end=\"547\">Viktiga funktioner<\/h2>\n<ul data-start=\"548\" data-end=\"1172\">\n<li data-start=\"548\" data-end=\"633\">\n<p data-start=\"550\" data-end=\"633\"><strong data-start=\"550\" data-end=\"575\">Kapacitet p\u00e5 50 000 puffar<\/strong> &#8211; l\u00e5ngvarig njutning utan st\u00e4ndiga byten.<\/p>\n<\/li>\n<li data-start=\"634\" data-end=\"729\">\n<p data-start=\"636\" data-end=\"729\"><strong data-start=\"636\" data-end=\"662\">Dual Flavor Technology<\/strong> &#8211; V\u00e4xla direkt mellan <strong data-start=\"690\" data-end=\"705\">tv\u00e5 smaker<\/strong> eller blanda dem.<\/p>\n<\/li>\n<li data-start=\"730\" data-end=\"862\">\n<p data-start=\"732\" data-end=\"862\"><strong data-start=\"732\" data-end=\"757\">Dual Mode Performance<\/strong> &#8211; V\u00e4lj mellan <strong data-start=\"775\" data-end=\"791\">vanligt l\u00e4ge<\/strong> f\u00f6r en j\u00e4mn vape och <strong data-start=\"814\" data-end=\"828\">boost-l\u00e4ge<\/strong> f\u00f6r starkare moln och smak.<\/p>\n<\/li>\n<li data-start=\"863\" data-end=\"951\">\n<p data-start=\"865\" data-end=\"951\"><strong data-start=\"865\" data-end=\"889\">Uppladdningsbart batteri<\/strong> &#8211; s\u00e4kerst\u00e4ller att du f\u00e5r hela 50 000 puffar utan str\u00f6mavbrott.<\/p>\n<\/li>\n<li data-start=\"952\" data-end=\"1033\">\n<p data-start=\"954\" data-end=\"1033\"><strong data-start=\"954\" data-end=\"974\">Mesh Coil System<\/strong> &#8211; Rik smak och j\u00e4mn \u00e5nga fr\u00e5n b\u00f6rjan till slut.<\/p>\n<\/li>\n<li data-start=\"1034\" data-end=\"1103\">\n<p data-start=\"1036\" data-end=\"1103\"><strong data-start=\"1036\" data-end=\"1054\">Premiumdesign<\/strong> &#8211; elegant, b\u00e4rbar och byggd f\u00f6r daglig anv\u00e4ndning.<\/p>\n<\/li>\n<li data-start=\"1104\" data-end=\"1172\">\n<p data-start=\"1106\" data-end=\"1172\"><strong data-start=\"1106\" data-end=\"1126\">Snabb leverans till EU<\/strong> &#8211; Direkt leverans fr\u00e5n europeiska lager.<\/p>\n<\/li>\n<\/ul>\n<h2 data-start=\"1286\" data-end=\"1318\">Varf\u00f6r v\u00e4lja Fizzy Twins?<\/h2>\n<p data-start=\"1319\" data-end=\"1545\">\u2714 \u00c4kta Fizzy Vape &#8211; betrodd \u00f6ver hela v\u00e4rlden sedan 2013<br data-start=\"1372\" data-end=\"1375\">\u2714 Exklusiv <strong data-start=\"1387\" data-end=\"1413\">upplevelse med dubbla smaker<\/strong> i en enhet<br data-start=\"1427\" data-end=\"1430\">\u2714 H\u00f6gt antal puffar = b\u00e4ttre v\u00e4rde och mindre avfall<br data-start=\"1477\" data-end=\"1480\">\u2714 Backas upp av <strong data-start=\"1492\" data-end=\"1509\">snabb leverans<\/strong> och <strong data-start=\"1514\" data-end=\"1543\">p\u00e5litlig kundsupport<\/strong><\/p>\n<p data-start=\"1319\" data-end=\"1545\"><img decoding=\"async\" class=\"alignnone wp-image-34860 size-full\" src=\"https:\/\/fizzyvape.eu\/wp-content\/uploads\/2025\/08\/FIZZY-Twins-50K-50000-puffs-Flavors--scaled.jpg\" alt=\"\" width=\"1354\" height=\"2560\" srcset=\"https:\/\/fizzyvape.eu\/wp-content\/uploads\/2025\/08\/FIZZY-Twins-50K-50000-puffs-Flavors--scaled.jpg 1354w, https:\/\/fizzyvape.eu\/wp-content\/uploads\/2025\/08\/FIZZY-Twins-50K-50000-puffs-Flavors--159x300.jpg 159w, https:\/\/fizzyvape.eu\/wp-content\/uploads\/2025\/08\/FIZZY-Twins-50K-50000-puffs-Flavors--423x800.jpg 423w, https:\/\/fizzyvape.eu\/wp-content\/uploads\/2025\/08\/FIZZY-Twins-50K-50000-puffs-Flavors--768x1452.jpg 768w, https:\/\/fizzyvape.eu\/wp-content\/uploads\/2025\/08\/FIZZY-Twins-50K-50000-puffs-Flavors--812x1536.jpg 812w, https:\/\/fizzyvape.eu\/wp-content\/uploads\/2025\/08\/FIZZY-Twins-50K-50000-puffs-Flavors--1083x2048.jpg 1083w, https:\/\/fizzyvape.eu\/wp-content\/uploads\/2025\/08\/FIZZY-Twins-50K-50000-puffs-Flavors--430x813.jpg 430w, https:\/\/fizzyvape.eu\/wp-content\/uploads\/2025\/08\/FIZZY-Twins-50K-50000-puffs-Flavors--700x1323.jpg 700w, https:\/\/fizzyvape.eu\/wp-content\/uploads\/2025\/08\/FIZZY-Twins-50K-50000-puffs-Flavors--150x284.jpg 150w\" sizes=\"(max-width: 1354px) 100vw, 1354px\" \/><\/p>\n<h2 data-start=\"98\" data-end=\"158\">\u2753 Vanliga fr\u00e5gor och svar &#8211; Fizzy Twins 50k Puffs<\/h2>\n<h3 data-start=\"160\" data-end=\"248\">F1: Vad skiljer Fizzy Twins 50 000 Puffs fr\u00e5n andra eng\u00e5ngsvapor?<\/h3>\n<p data-start=\"249\" data-end=\"530\"><strong data-start=\"249\" data-end=\"255\">S:<\/strong> Fizzy Twins \u00e4r unik eftersom den har <strong data-start=\"302\" data-end=\"328\">teknik f\u00f6r dubbla smaker<\/strong>. Du kan direkt v\u00e4xla mellan tv\u00e5 smaker eller blanda dem, vilket ger dig mer variation i en och samma enhet. Den erbjuder ocks\u00e5 <strong data-start=\"453\" data-end=\"473\">vaping med dubbla l\u00e4gen<\/strong> (vanligt och boost-l\u00e4ge) f\u00f6r anpassningsbar prestanda.  <\/p>\n<hr data-start=\"532\" data-end=\"535\">\n<h3 data-start=\"537\" data-end=\"591\">F2: Hur m\u00e5nga puffar ger Fizzy Twins?<\/h3>\n<p data-start=\"592\" data-end=\"819\"><strong data-start=\"592\" data-end=\"598\">A:<\/strong> Varje enhet ger upp till <strong data-start=\"626\" data-end=\"642\">50 000 bloss<\/strong>, vilket g\u00f6r den till en av de mest l\u00e5nglivade eng\u00e5ngsvapnen som finns. I kombination med ett <strong data-start=\"725\" data-end=\"749\">uppladdningsbart batteri<\/strong> kan du njuta av varje bloss utan att beh\u00f6va oroa dig f\u00f6r att str\u00f6mmen ska ta slut. <\/p>\n<hr data-start=\"821\" data-end=\"824\">\n<h3 data-start=\"826\" data-end=\"868\">F3: \u00c4r Fizzy Twins uppladdningsbar?<\/h3>\n<p data-start=\"869\" data-end=\"1033\"><strong data-start=\"869\" data-end=\"875\">S:<\/strong> Ja, det st\u00e4mmer. Till skillnad fr\u00e5n vanliga eng\u00e5ngsprodukter levereras Fizzy Twins med ett <strong data-start=\"939\" data-end=\"963\">uppladdningsbart batteri<\/strong>, s\u00e5 att du kan anv\u00e4nda de 50 000 puffarna fullt ut utan avbrott. <\/p>\n<hr data-start=\"1035\" data-end=\"1038\">\n<h3 data-start=\"1040\" data-end=\"1078\">Q4: Hur fungerar det dubbla l\u00e4get?<\/h3>\n<p data-start=\"1079\" data-end=\"1132\"><strong data-start=\"1079\" data-end=\"1085\">A:<\/strong> Fizzy Twins har <strong data-start=\"1109\" data-end=\"1129\">tv\u00e5 olika vaping-l\u00e4gen<\/strong>:<\/p>\n<ul data-start=\"1133\" data-end=\"1294\">\n<li data-start=\"1133\" data-end=\"1182\">\n<p data-start=\"1135\" data-end=\"1182\"><strong data-start=\"1135\" data-end=\"1151\">Regular Mode<\/strong> f\u00f6r smidig, vardaglig vaping.<\/p>\n<\/li>\n<li data-start=\"1183\" data-end=\"1294\">\n<p data-start=\"1185\" data-end=\"1294\"><strong data-start=\"1185\" data-end=\"1199\">Boost Mode<\/strong> f\u00f6r f\u00f6rb\u00e4ttrad smak och st\u00f6rre moln.<br data-start=\"1238\" data-end=\"1241\">Du kan enkelt byta beroende p\u00e5 vad du f\u00f6redrar.<\/p>\n<\/li>\n<\/ul>\n<hr data-start=\"1296\" data-end=\"1299\">\n<h3 data-start=\"1301\" data-end=\"1349\">Q5: \u00c4r Fizzy Twins \u00e4kta och s\u00e4kert?<\/h3>\n<p data-start=\"1350\" data-end=\"1567\"><strong data-start=\"1350\" data-end=\"1356\">A:<\/strong> Absolut. Fizzy Twins \u00e4r en <strong data-start=\"1391\" data-end=\"1423\">\u00e4kta Fizzy Vape-produkt<\/strong>, ett p\u00e5litligt globalt varum\u00e4rke sedan 2013. Alla enheter \u00e4r utformade med kvalitetskontroll f\u00f6r att s\u00e4kerst\u00e4lla s\u00e4kerhet, konsistens och premiumsmakleverans.  <\/p>\n<hr data-start=\"1569\" data-end=\"1572\">\n<h3 data-start=\"1574\" data-end=\"1621\">Fr\u00e5ga 6: Varifr\u00e5n kommer Fizzy Twins?<\/h3>\n<p data-start=\"1622\" data-end=\"1759\"><strong data-start=\"1622\" data-end=\"1628\">S:<\/strong> Alla best\u00e4llningar skickas direkt fr\u00e5n <strong data-start=\"1666\" data-end=\"1683\">lager i EU,<\/strong> vilket garanterar <strong data-start=\"1694\" data-end=\"1711\">snabb leverans<\/strong> \u00f6ver hela Europa med tillf\u00f6rlitlig kundsupport.<\/p>\n","protected":false},"excerpt":{"rendered":"<p data-start=\"79\" data-end=\"334\"><strong>Fizzy Twins 50000 Puffs<\/strong> \u00e4r en premium uppladdningsbar eng\u00e5ngs vape med en dual-flavor switch design. Njut av tv\u00e5 smaker i en enhet med kraftfull prestanda, l\u00e5ngvarigt batteri och len smak &#8211; perfekt f\u00f6r vapers som vill ha variation och uth\u00e5llighet. <\/p>\n","protected":false},"featured_media":29294,"comment_status":"open","ping_status":"closed","template":"","meta":{"iawp_total_views":18},"product_brand":[],"product_cat":[962],"product_tag":[642],"class_list":{"0":"post-35230","1":"product","2":"type-product","3":"status-publish","4":"has-post-thumbnail","6":"product_cat-fizzy-twins-50k-50000-puffs-rechargeable-disposable-vape-sv","7":"product_tag-1-st","9":"first","10":"outofstock","11":"sale","12":"shipping-taxable","13":"purchasable","14":"product-type-variable"},"yoast_head":"<!-- This site is optimized with the Yoast SEO Premium plugin v24.8 (Yoast SEO v24.8) - https:\/\/yoast.com\/wordpress\/plugins\/seo\/ -->\n<title>Fizzy Twins 50000 Puffs | Uppladdningsbar eng\u00e5ngsvape med dubbla smaker - Fizzy Vape officiella butik<\/title>\n<meta name=\"description\" content=\"Uppt\u00e4ck Fizzy Twins 50000 Puffs, den uppladdningsbara eng\u00e5ngsvape med dubbel smakbrytare. Upp till 50k puffar, j\u00e4mn smak och l\u00e5ngvarig prestanda. Handla \u00e4kta Fizzy Vape idag.\" \/>\n<meta name=\"robots\" content=\"index, follow, max-snippet:-1, max-image-preview:large, max-video-preview:-1\" \/>\n<link rel=\"canonical\" href=\"https:\/\/fizzyvape.eu\/sv\/produkt\/fizzy-twins-50000-puffs-engangsvape-med-dubbla-smaker\/\" \/>\n<meta property=\"og:locale\" content=\"sv_SE\" \/>\n<meta property=\"og:type\" content=\"article\" \/>\n<meta property=\"og:title\" content=\"Fizzy Twins 50000 Puffs Eng\u00e5ngsvape med dubbla smaker\" \/>\n<meta property=\"og:description\" content=\"Uppt\u00e4ck Fizzy Twins 50000 Puffs, den uppladdningsbara eng\u00e5ngsvape med dubbel smakbrytare. Upp till 50k puffar, j\u00e4mn smak och l\u00e5ngvarig prestanda. Handla \u00e4kta Fizzy Vape idag.\" \/>\n<meta property=\"og:url\" content=\"https:\/\/fizzyvape.eu\/sv\/produkt\/fizzy-twins-50000-puffs-engangsvape-med-dubbla-smaker\/\" \/>\n<meta property=\"og:site_name\" content=\"fizzyvape.eu\" \/>\n<meta property=\"og:image\" content=\"https:\/\/fizzyvape.eu\/wp-content\/uploads\/2025\/04\/Fizzy-Twins-50000Puffs-16.webp\" \/>\n\t<meta property=\"og:image:width\" content=\"800\" \/>\n\t<meta property=\"og:image:height\" content=\"800\" \/>\n\t<meta property=\"og:image:type\" content=\"image\/webp\" \/>\n<meta name=\"twitter:card\" content=\"summary_large_image\" \/>\n<meta name=\"twitter:label1\" content=\"Tillg\u00e4nglig\" \/>\n\t<meta name=\"twitter:data1\" content=\"Slut i lager\" \/>\n<script type=\"application\/ld+json\" class=\"yoast-schema-graph\">{\"@context\":\"https:\/\/schema.org\",\"@graph\":[{\"@type\":\"WebPage\",\"@id\":\"https:\/\/fizzyvape.eu\/sv\/produkt\/fizzy-twins-50000-puffs-engangsvape-med-dubbla-smaker\/\",\"url\":\"https:\/\/fizzyvape.eu\/sv\/produkt\/fizzy-twins-50000-puffs-engangsvape-med-dubbla-smaker\/\",\"name\":\"Fizzy Twins 50000 Puffs | Uppladdningsbar eng\u00e5ngsvape med dubbla smaker - Fizzy Vape officiella butik\",\"isPartOf\":{\"@id\":\"https:\/\/www.fizzyvape.eu\/sv\/#website\"},\"primaryImageOfPage\":{\"@id\":\"https:\/\/fizzyvape.eu\/sv\/produkt\/fizzy-twins-50000-puffs-engangsvape-med-dubbla-smaker\/#primaryimage\"},\"image\":{\"@id\":\"https:\/\/fizzyvape.eu\/sv\/produkt\/fizzy-twins-50000-puffs-engangsvape-med-dubbla-smaker\/#primaryimage\"},\"thumbnailUrl\":\"https:\/\/fizzyvape.eu\/wp-content\/uploads\/2025\/04\/Fizzy-Twins-50000Puffs-16.webp\",\"datePublished\":\"2025-08-28T09:47:31+00:00\",\"description\":\"Uppt\u00e4ck Fizzy Twins 50000 Puffs, den uppladdningsbara eng\u00e5ngsvape med dubbel smakbrytare. Upp till 50k puffar, j\u00e4mn smak och l\u00e5ngvarig prestanda. Handla \u00e4kta Fizzy Vape idag.\",\"breadcrumb\":{\"@id\":\"https:\/\/fizzyvape.eu\/sv\/produkt\/fizzy-twins-50000-puffs-engangsvape-med-dubbla-smaker\/#breadcrumb\"},\"inLanguage\":\"sv-SE\",\"potentialAction\":[{\"@type\":\"ReadAction\",\"target\":[\"https:\/\/fizzyvape.eu\/sv\/produkt\/fizzy-twins-50000-puffs-engangsvape-med-dubbla-smaker\/\"]}]},{\"@type\":\"ImageObject\",\"inLanguage\":\"sv-SE\",\"@id\":\"https:\/\/fizzyvape.eu\/sv\/produkt\/fizzy-twins-50000-puffs-engangsvape-med-dubbla-smaker\/#primaryimage\",\"url\":\"https:\/\/fizzyvape.eu\/wp-content\/uploads\/2025\/04\/Fizzy-Twins-50000Puffs-16.webp\",\"contentUrl\":\"https:\/\/fizzyvape.eu\/wp-content\/uploads\/2025\/04\/Fizzy-Twins-50000Puffs-16.webp\",\"width\":800,\"height\":800,\"caption\":\"Fizzy Twins 50000 puffar eng\u00e5ngsvape\"},{\"@type\":\"BreadcrumbList\",\"@id\":\"https:\/\/fizzyvape.eu\/sv\/produkt\/fizzy-twins-50000-puffs-engangsvape-med-dubbla-smaker\/#breadcrumb\",\"itemListElement\":[{\"@type\":\"ListItem\",\"position\":1,\"name\":\"Home\",\"item\":\"https:\/\/fizzyvape.eu\/sv\/\"},{\"@type\":\"ListItem\",\"position\":2,\"name\":\"Butik\",\"item\":\"https:\/\/fizzyvape.eu\/sv\/butik\/\"},{\"@type\":\"ListItem\",\"position\":3,\"name\":\"Fizzy Twins 50000 Puffs Eng\u00e5ngsvape med dubbla smaker\"}]},{\"@type\":\"WebSite\",\"@id\":\"https:\/\/www.fizzyvape.eu\/sv\/#website\",\"url\":\"https:\/\/www.fizzyvape.eu\/sv\/\",\"name\":\"fizzyvape.eu\",\"description\":\"Refreshing Vapes. Unforgettable Taste.\",\"publisher\":{\"@id\":\"https:\/\/www.fizzyvape.eu\/sv\/#organization\"},\"potentialAction\":[{\"@type\":\"SearchAction\",\"target\":{\"@type\":\"EntryPoint\",\"urlTemplate\":\"https:\/\/www.fizzyvape.eu\/sv\/?s={search_term_string}\"},\"query-input\":{\"@type\":\"PropertyValueSpecification\",\"valueRequired\":true,\"valueName\":\"search_term_string\"}}],\"inLanguage\":\"sv-SE\"},{\"@type\":\"Organization\",\"@id\":\"https:\/\/www.fizzyvape.eu\/sv\/#organization\",\"name\":\"fizzyvape.eu\",\"url\":\"https:\/\/www.fizzyvape.eu\/sv\/\",\"logo\":{\"@type\":\"ImageObject\",\"inLanguage\":\"sv-SE\",\"@id\":\"https:\/\/www.fizzyvape.eu\/sv\/#\/schema\/logo\/image\/\",\"url\":\"https:\/\/fizzyvape.eu\/wp-content\/uploads\/2019\/06\/print-1.svg\",\"contentUrl\":\"https:\/\/fizzyvape.eu\/wp-content\/uploads\/2019\/06\/print-1.svg\",\"width\":124,\"height\":37,\"caption\":\"fizzyvape.eu\"},\"image\":{\"@id\":\"https:\/\/www.fizzyvape.eu\/sv\/#\/schema\/logo\/image\/\"}}]}<\/script>\n<meta property=\"og:availability\" content=\"out of stock\" \/>\n<meta property=\"product:availability\" content=\"out of stock\" \/>\n<meta property=\"product:condition\" content=\"new\" \/>\n<!-- \/ Yoast SEO Premium plugin. -->","yoast_head_json":{"title":"Fizzy Twins 50000 Puffs | Uppladdningsbar eng\u00e5ngsvape med dubbla smaker - Fizzy Vape officiella butik","description":"Uppt\u00e4ck Fizzy Twins 50000 Puffs, den uppladdningsbara eng\u00e5ngsvape med dubbel smakbrytare. Upp till 50k puffar, j\u00e4mn smak och l\u00e5ngvarig prestanda. Handla \u00e4kta Fizzy Vape idag.","robots":{"index":"index","follow":"follow","max-snippet":"max-snippet:-1","max-image-preview":"max-image-preview:large","max-video-preview":"max-video-preview:-1"},"canonical":"https:\/\/fizzyvape.eu\/sv\/produkt\/fizzy-twins-50000-puffs-engangsvape-med-dubbla-smaker\/","og_locale":"sv_SE","og_type":"article","og_title":"Fizzy Twins 50000 Puffs Eng\u00e5ngsvape med dubbla smaker","og_description":"Uppt\u00e4ck Fizzy Twins 50000 Puffs, den uppladdningsbara eng\u00e5ngsvape med dubbel smakbrytare. Upp till 50k puffar, j\u00e4mn smak och l\u00e5ngvarig prestanda. Handla \u00e4kta Fizzy Vape idag.","og_url":"https:\/\/fizzyvape.eu\/sv\/produkt\/fizzy-twins-50000-puffs-engangsvape-med-dubbla-smaker\/","og_site_name":"fizzyvape.eu","og_image":[{"width":800,"height":800,"url":"https:\/\/fizzyvape.eu\/wp-content\/uploads\/2025\/04\/Fizzy-Twins-50000Puffs-16.webp","type":"image\/webp"}],"twitter_card":"summary_large_image","twitter_misc":{"Tillg\u00e4nglig":"Slut i lager"},"schema":{"@context":"https:\/\/schema.org","@graph":[{"@type":"WebPage","@id":"https:\/\/fizzyvape.eu\/sv\/produkt\/fizzy-twins-50000-puffs-engangsvape-med-dubbla-smaker\/","url":"https:\/\/fizzyvape.eu\/sv\/produkt\/fizzy-twins-50000-puffs-engangsvape-med-dubbla-smaker\/","name":"Fizzy Twins 50000 Puffs | Uppladdningsbar eng\u00e5ngsvape med dubbla smaker - Fizzy Vape officiella butik","isPartOf":{"@id":"https:\/\/www.fizzyvape.eu\/sv\/#website"},"primaryImageOfPage":{"@id":"https:\/\/fizzyvape.eu\/sv\/produkt\/fizzy-twins-50000-puffs-engangsvape-med-dubbla-smaker\/#primaryimage"},"image":{"@id":"https:\/\/fizzyvape.eu\/sv\/produkt\/fizzy-twins-50000-puffs-engangsvape-med-dubbla-smaker\/#primaryimage"},"thumbnailUrl":"https:\/\/fizzyvape.eu\/wp-content\/uploads\/2025\/04\/Fizzy-Twins-50000Puffs-16.webp","datePublished":"2025-08-28T09:47:31+00:00","description":"Uppt\u00e4ck Fizzy Twins 50000 Puffs, den uppladdningsbara eng\u00e5ngsvape med dubbel smakbrytare. Upp till 50k puffar, j\u00e4mn smak och l\u00e5ngvarig prestanda. Handla \u00e4kta Fizzy Vape idag.","breadcrumb":{"@id":"https:\/\/fizzyvape.eu\/sv\/produkt\/fizzy-twins-50000-puffs-engangsvape-med-dubbla-smaker\/#breadcrumb"},"inLanguage":"sv-SE","potentialAction":[{"@type":"ReadAction","target":["https:\/\/fizzyvape.eu\/sv\/produkt\/fizzy-twins-50000-puffs-engangsvape-med-dubbla-smaker\/"]}]},{"@type":"ImageObject","inLanguage":"sv-SE","@id":"https:\/\/fizzyvape.eu\/sv\/produkt\/fizzy-twins-50000-puffs-engangsvape-med-dubbla-smaker\/#primaryimage","url":"https:\/\/fizzyvape.eu\/wp-content\/uploads\/2025\/04\/Fizzy-Twins-50000Puffs-16.webp","contentUrl":"https:\/\/fizzyvape.eu\/wp-content\/uploads\/2025\/04\/Fizzy-Twins-50000Puffs-16.webp","width":800,"height":800,"caption":"Fizzy Twins 50000 puffar eng\u00e5ngsvape"},{"@type":"BreadcrumbList","@id":"https:\/\/fizzyvape.eu\/sv\/produkt\/fizzy-twins-50000-puffs-engangsvape-med-dubbla-smaker\/#breadcrumb","itemListElement":[{"@type":"ListItem","position":1,"name":"Home","item":"https:\/\/fizzyvape.eu\/sv\/"},{"@type":"ListItem","position":2,"name":"Butik","item":"https:\/\/fizzyvape.eu\/sv\/butik\/"},{"@type":"ListItem","position":3,"name":"Fizzy Twins 50000 Puffs Eng\u00e5ngsvape med dubbla smaker"}]},{"@type":"WebSite","@id":"https:\/\/www.fizzyvape.eu\/sv\/#website","url":"https:\/\/www.fizzyvape.eu\/sv\/","name":"fizzyvape.eu","description":"Refreshing Vapes. Unforgettable Taste.","publisher":{"@id":"https:\/\/www.fizzyvape.eu\/sv\/#organization"},"potentialAction":[{"@type":"SearchAction","target":{"@type":"EntryPoint","urlTemplate":"https:\/\/www.fizzyvape.eu\/sv\/?s={search_term_string}"},"query-input":{"@type":"PropertyValueSpecification","valueRequired":true,"valueName":"search_term_string"}}],"inLanguage":"sv-SE"},{"@type":"Organization","@id":"https:\/\/www.fizzyvape.eu\/sv\/#organization","name":"fizzyvape.eu","url":"https:\/\/www.fizzyvape.eu\/sv\/","logo":{"@type":"ImageObject","inLanguage":"sv-SE","@id":"https:\/\/www.fizzyvape.eu\/sv\/#\/schema\/logo\/image\/","url":"https:\/\/fizzyvape.eu\/wp-content\/uploads\/2019\/06\/print-1.svg","contentUrl":"https:\/\/fizzyvape.eu\/wp-content\/uploads\/2019\/06\/print-1.svg","width":124,"height":37,"caption":"fizzyvape.eu"},"image":{"@id":"https:\/\/www.fizzyvape.eu\/sv\/#\/schema\/logo\/image\/"}}]},"og_availability":"out of stock","product_availability":"out of stock","product_condition":"new"},"tiered_pricing_type":"fixed","tiered_pricing_fixed_rules":[],"tiered_pricing_product_settings":{"layout":"default","base_unit_name":{"singular":null,"plural":null},"default_variation":null},"tiered_pricing_minimum_quantity":null,"tiered_pricing_roles_data":[],"tiered_pricing_percentage_rules":[],"tiered_pricing_maximum_quantity":null,"tiered_pricing_quantity_step":null,"_links":{"self":[{"href":"https:\/\/fizzyvape.eu\/sv\/wp-json\/wp\/v2\/product\/35230","targetHints":{"allow":["GET"]}}],"collection":[{"href":"https:\/\/fizzyvape.eu\/sv\/wp-json\/wp\/v2\/product"}],"about":[{"href":"https:\/\/fizzyvape.eu\/sv\/wp-json\/wp\/v2\/types\/product"}],"replies":[{"embeddable":true,"href":"https:\/\/fizzyvape.eu\/sv\/wp-json\/wp\/v2\/comments?post=35230"}],"version-history":[{"count":0,"href":"https:\/\/fizzyvape.eu\/sv\/wp-json\/wp\/v2\/product\/35230\/revisions"}],"wp:featuredmedia":[{"embeddable":true,"href":"https:\/\/fizzyvape.eu\/sv\/wp-json\/wp\/v2\/media\/29294"}],"wp:attachment":[{"href":"https:\/\/fizzyvape.eu\/sv\/wp-json\/wp\/v2\/media?parent=35230"}],"wp:term":[{"taxonomy":"product_brand","embeddable":true,"href":"https:\/\/fizzyvape.eu\/sv\/wp-json\/wp\/v2\/product_brand?post=35230"},{"taxonomy":"product_cat","embeddable":true,"href":"https:\/\/fizzyvape.eu\/sv\/wp-json\/wp\/v2\/product_cat?post=35230"},{"taxonomy":"product_tag","embeddable":true,"href":"https:\/\/fizzyvape.eu\/sv\/wp-json\/wp\/v2\/product_tag?post=35230"}],"curies":[{"name":"wp","href":"https:\/\/api.w.org\/{rel}","templated":true}]}}