{"id":36920,"date":"2025-11-24T15:39:49","date_gmt":"2025-11-24T07:39:49","guid":{"rendered":"https:\/\/fizzyvape.eu\/product\/fizzy-max-iii-6in1-60000-puffs\/"},"modified":"2025-12-04T15:24:06","modified_gmt":"2025-12-04T07:24:06","slug":"fizzy-max-iii-6in1-60000-puffs","status":"publish","type":"product","link":"https:\/\/fizzyvape.eu\/sv\/produkt\/fizzy-max-iii-6in1-60000-puffs\/","title":{"rendered":"Fizzy Max III 6in1 60000 Puffs"},"content":{"rendered":"<div style=\"width: 853px;\" class=\"wp-video\"><!--[if lt IE 9]><script>document.createElement('video');<\/script><![endif]-->\n<video class=\"wp-video-shortcode\" id=\"video-36920-1\" width=\"853\" height=\"480\" preload=\"metadata\" controls=\"controls\"><source type=\"video\/mp4\" src=\"https:\/\/fizzyvape.eu\/wp-content\/uploads\/2025\/08\/fizzy-max-iii-60000-puff-disposable-vape-wholesal-trusted-pro-disposable-vape-supplier.mp4?_=1\" \/><a href=\"https:\/\/fizzyvape.eu\/wp-content\/uploads\/2025\/08\/fizzy-max-iii-60000-puff-disposable-vape-wholesal-trusted-pro-disposable-vape-supplier.mp4\">https:\/\/fizzyvape.eu\/wp-content\/uploads\/2025\/08\/fizzy-max-iii-60000-puff-disposable-vape-wholesal-trusted-pro-disposable-vape-supplier.mp4<\/a><\/video><\/div>\n<h1>Fizzy Max III 6in1 60000 puffar &#8211; 6 smaker i 1 smart eng\u00e5ngsvape<\/h1>\n<p><strong>Fizzy Max 60000 Puffs (Fizzy Max 60K)<\/strong> \u00e4r en n\u00e4sta generations eng\u00e5ngsvape som \u00e4r utformad f\u00f6r anv\u00e4ndare som vill ha <strong>maximal smakvariation, massiv puffkapacitet och premiumprestanda<\/strong>.<br \/>\nMed det karakteristiska <strong>6-i-1-smakrotationssystemet<\/strong> kan du v\u00e4xla mellan sex olika smaker i en och samma enhet, vilket ger en ny upplevelse varje g\u00e5ng du r\u00f6ker.<\/p>\n<p>Med ett <strong>uppladdningsbart Type-C-batteri<\/strong>, <strong>smart LED-sk\u00e4rm<\/strong> och <strong>avancerad mesh-coil-teknik<\/strong> erbjuder Fizzy Max 60000 Puffs exceptionell \u00e5ngkvalitet, l\u00e5ngvarig h\u00e5llbarhet och ultimat bekv\u00e4mlighet &#8211; perfekt f\u00f6r tunga anv\u00e4ndare och smak\u00e4lskare.<\/p>\n<h2><strong>\u2728 Viktiga funktioner<\/strong><\/h2>\n<h4><strong>\ud83d\udd39 6 smaker i 1 enhet<\/strong><\/h4>\n<p>Den roterande smakv\u00e4ljaren g\u00f6r att du kan njuta av sex unika smaker direkt.<br \/>\nEn enhet = sex eng\u00e5ngsvapor.<\/p>\n<h4><strong>\ud83d\udd39 Massiva 60.000 puffar<\/strong><\/h4>\n<p>Enast\u00e5ende livsl\u00e4ngd som varar i veckor eller till och med m\u00e5nader beroende p\u00e5 anv\u00e4ndning.<br \/>\nEn av de mest kapacitetsstarka eng\u00e5ngsvapnen p\u00e5 marknaden.<\/p>\n<h4><strong>\ud83d\udd39 Typ-C uppladdningsbar design<\/strong><\/h4>\n<p>Ladda och forts\u00e4tt att vampa &#8211; du beh\u00f6ver inte byta ut enheten i f\u00f6rtid.<\/p>\n<h4><strong>\ud83d\udd39 Smart LED-sk\u00e4rm<\/strong><\/h4>\n<p>Visar:<\/p>\n<ul>\n<li>Batteriniv\u00e5 (%)<\/li>\n<li>Niv\u00e5indikator f\u00f6r e-v\u00e4tska<\/li>\n<\/ul>\n<p>F\u00e5 full kontroll och slippa gissa.<\/p>\n<h4><strong>\ud83d\udd39 Mesh Coil-teknik<\/strong><\/h4>\n<p>Ger j\u00e4mn \u00e5nga, konsekvent prestanda och rik smakleverans.<\/p>\n<p><img decoding=\"async\" class=\"alignnone wp-image-36206 size-full\" src=\"https:\/\/fizzyvape.eu\/wp-content\/uploads\/2025\/08\/Fizzy-Max-III-6in1-60000-Puffs-Disposable-Vape-Flavors.jpg\" alt=\"Fizzy Max III 6in1 60000 Puffs Eng\u00e5ngs Vape Smaker\" width=\"1920\" height=\"1920\" srcset=\"https:\/\/fizzyvape.eu\/wp-content\/uploads\/2025\/08\/Fizzy-Max-III-6in1-60000-Puffs-Disposable-Vape-Flavors.jpg 1920w, https:\/\/fizzyvape.eu\/wp-content\/uploads\/2025\/08\/Fizzy-Max-III-6in1-60000-Puffs-Disposable-Vape-Flavors-300x300.jpg 300w, https:\/\/fizzyvape.eu\/wp-content\/uploads\/2025\/08\/Fizzy-Max-III-6in1-60000-Puffs-Disposable-Vape-Flavors-800x800.jpg 800w, https:\/\/fizzyvape.eu\/wp-content\/uploads\/2025\/08\/Fizzy-Max-III-6in1-60000-Puffs-Disposable-Vape-Flavors-150x150.jpg 150w, https:\/\/fizzyvape.eu\/wp-content\/uploads\/2025\/08\/Fizzy-Max-III-6in1-60000-Puffs-Disposable-Vape-Flavors-768x768.jpg 768w, https:\/\/fizzyvape.eu\/wp-content\/uploads\/2025\/08\/Fizzy-Max-III-6in1-60000-Puffs-Disposable-Vape-Flavors-1536x1536.jpg 1536w, https:\/\/fizzyvape.eu\/wp-content\/uploads\/2025\/08\/Fizzy-Max-III-6in1-60000-Puffs-Disposable-Vape-Flavors-430x430.jpg 430w, https:\/\/fizzyvape.eu\/wp-content\/uploads\/2025\/08\/Fizzy-Max-III-6in1-60000-Puffs-Disposable-Vape-Flavors-700x700.jpg 700w\" sizes=\"(max-width: 1920px) 100vw, 1920px\" \/><\/p>\n<h3><strong>Fizzy Max III 6in1 60K Puffs Eng\u00e5ngs Vape Smaker Lista:<\/strong><\/h3>\n<ol>\n<li><a href=\"https:\/\/fizzyvape.eu\/sv\/produkt\/fizzy-max-iii-6in1-60k-60000-puffs-uppladdningsbar-engangsvape-jordgubb-hallon-mango-persika-blabar-vattenmelon-10st\/\">Jordgubb Hallon &amp; Mango Persika &amp; Bl\u00e5b\u00e4r Vattenmelon<\/a><\/li>\n<li><a href=\"https:\/\/fizzyvape.eu\/sv\/produkt\/fizzy-max-iii-6in1-60k-60000-puffs-uppladdningsbar-engangsvape-mixed-berry-kiwi-passion-fruit-guava-strawberry-watermelon-10st\/\">Blandade b\u00e4r &amp; Kiwi Passionsfrukt Guava &amp; Jordgubb Vattenmelon<\/a><\/li>\n<li><a href=\"https:\/\/fizzyvape.eu\/sv\/produkt\/fizzy-max-iii-6in1-60k-60000-puffs-uppladdningsbar-engangsvape-blabar-hallon-triple-melon-strawberry-ice-10st\/\">Bl\u00e5b\u00e4r Hallon &amp; Trippel Melon &amp; Jordgubbsis<\/a><\/li>\n<li><a href=\"https:\/\/fizzyvape.eu\/sv\/produkt\/fizzy-max-iii-6in1-60k-60000-puffs-uppladdningsbar-engangs-vape-strawberry-dragon-fruit-red-bull-raspberry-watermelon-10st\/\">Strawberry Dragon Fruit &amp; Red Bull &amp; Raspberry Watermelon<\/a><\/li>\n<li><a href=\"https:\/\/fizzyvape.eu\/sv\/produkt\/fizzy-max-iii-6in1-60k-60000-puffs-uppladdningsbar-engangsvape-jordgubb-kiwi-blabarsis-vattenmelonis-10st\/\">Jordgubb Kiwi &amp; Bl\u00e5b\u00e4rsis &amp; Vattenmelonis<\/a><\/li>\n<li><a href=\"https:\/\/fizzyvape.eu\/sv\/produkt\/fizzy-max-iii-6in1-60k-60000-puffs-uppladdningsbar-engangsvape-blueberry-ice-fizzy-cherry-raspberry-lemon-10st\/\">Bl\u00e5b\u00e4rsis &amp; Fizzy Cherry &amp; Hallon Citron<\/a><\/li>\n<li><a href=\"https:\/\/fizzyvape.eu\/sv\/produkt\/fizzy-max-iii-6in1-60k-60000-puffs-uppladdningsbar-engangsvape-vattenmelon-ice-strawberry-vanilla-coke-mixed-berry-10st\/\">Vattenmelon Ice &amp; Jordgubb Vanilj Coke &amp; Blandat<\/a><\/li>\n<li><a href=\"https:\/\/fizzyvape.eu\/sv\/produkt\/fizzy-max-iii-6in1-60k-60000-puffs-uppladdningsbar-engangsvape-jordgubb-druva-blabar-kokosnot-persika-citron-10st\/\">Jordgubb Druva &amp; Bl\u00e5b\u00e4r Kokosn\u00f6t &amp; Persika Citron<\/a><\/li>\n<li><a href=\"https:\/\/fizzyvape.eu\/sv\/produkt\/fizzy-max-iii-6in1-60k-60000-puffs-uppladdningsbar-engangsvape-blue-razz-ice-strawberry-kiwi-sour-pineapple-orange-10st\/\">Blue Razz Ice &amp; Strawberry Kiwi &amp; Sour Pineapple Orange<\/a><\/li>\n<li><a href=\"https:\/\/fizzyvape.eu\/sv\/produkt\/fizzy-max-iii-6in1-60k-60000-puffs-uppladdningsbar-engangs-vape-jordgubb-vattenmelon-citron-lime-blabar-kokosnot-10st\/\">Jordgubb Vattenmelon &amp; Citron Lime &amp; Bl\u00e5b\u00e4r Kokosn\u00f6t<\/a><\/li>\n<li>Love 66 &amp; Red Bull Vattenmelon &amp; Jordgubbar Hallon<\/li>\n<li>Strawberry Ice &amp; Fizzy Cola &amp; Watermelon Bubble Gum<\/li>\n<\/ol>\n<h2><strong>\ud83d\udca1 Varf\u00f6r v\u00e4lja Fizzy Max 60000 Puffs?<\/strong><\/h2>\n<ul>\n<li>6 smaker i en enda enhet &#8211; o\u00f6vertr\u00e4ffad bekv\u00e4mlighet<\/li>\n<li>Ultrah\u00f6g puffkapacitet f\u00f6r l\u00e5ngvarig anv\u00e4ndning<\/li>\n<li>Smart display g\u00f6r vaping mer intuitivt<\/li>\n<li>Premiumdesign med mesh-coil-prestanda<\/li>\n<li>100% \u00e4kta Fizzy Vape, levererat fr\u00e5n lagret i Kina<\/li>\n<\/ul>\n<p>Perfekt f\u00f6r l\u00e5ngtidsanv\u00e4ndare, smakutforskare och alla som vill ha en kraftfull och bekv\u00e4m allt-i-ett-enhet.<\/p>\n<h2><strong>\ud83d\ude4b\u200d\u2642\ufe0f Vanliga fr\u00e5gor<\/strong><\/h2>\n<p><strong>Q: Hur l\u00e4nge r\u00e4cker Fizzy Max 60000 Puffs?<\/strong><br \/>\nS: Den ger upp till 60 000 puffar och kan h\u00e5lla i veckor eller m\u00e5nader, beroende p\u00e5 hur ofta du vapingar.<\/p>\n<p><strong>F: \u00c4r den uppladdningsbar?<\/strong><br \/>\nA: Ja, den har en typ C-laddningsport f\u00f6r anv\u00e4ndning under l\u00e4ngre tid.<\/p>\n<p><strong>Q: Visar den batteri- och e-liquidniv\u00e5er?<\/strong><br \/>\nS: Ja, den smarta LED-sk\u00e4rmen visar b\u00e5de batteriprocent och status f\u00f6r e-v\u00e4tska.<\/p>\n<p><strong>Fr\u00e5ga: \u00c4r dessa \u00e4kta?<\/strong><br \/>\nA: Absolut. Vi s\u00e4ljer endast 100% \u00e4kta Fizzy Vape-produkter som skickas fr\u00e5n v\u00e5rt lager i Kina.<\/p>\n","protected":false},"excerpt":{"rendered":"[html_block id=\"37685\"]\n","protected":false},"featured_media":32584,"comment_status":"open","ping_status":"closed","template":"","meta":{"iawp_total_views":23},"product_brand":[],"product_cat":[961,816],"product_tag":[],"class_list":{"0":"post-36920","1":"product","2":"type-product","3":"status-publish","4":"has-post-thumbnail","6":"product_cat-hot-selling-vape-sv","7":"product_cat-lager-i-kina","9":"first","10":"outofstock","11":"shipping-taxable","12":"purchasable","13":"product-type-variable"},"yoast_head":"<!-- This site is optimized with the Yoast SEO Premium plugin v24.8 (Yoast SEO v27.4) - https:\/\/yoast.com\/product\/yoast-seo-premium-wordpress\/ -->\n<title>Fizzy Max III 60k 60000 Puffs - 6 smaker i 1 smart eng\u00e5ngsvape<\/title>\n<meta name=\"description\" content=\"Uppt\u00e4ck Fizzy Max III 60k 60000 Puffs med 6 smaker i 1 enhet, smart LED-sk\u00e4rm, mesh-spole och Type-C-laddning. 100% \u00e4kta. Snabb EU-frakt.\" \/>\n<meta name=\"robots\" content=\"index, follow, max-snippet:-1, max-image-preview:large, max-video-preview:-1\" \/>\n<link rel=\"canonical\" href=\"https:\/\/fizzyvape.eu\/sv\/produkt\/fizzy-max-iii-6in1-60000-puffs\/\" \/>\n<meta property=\"og:locale\" content=\"sv_SE\" \/>\n<meta property=\"og:type\" content=\"article\" \/>\n<meta property=\"og:title\" content=\"Fizzy Max III 6in1 60000 Puffs\" \/>\n<meta property=\"og:description\" content=\"Uppt\u00e4ck Fizzy Max III 60k 60000 Puffs med 6 smaker i 1 enhet, smart LED-sk\u00e4rm, mesh-spole och Type-C-laddning. 100% \u00e4kta. Snabb EU-frakt.\" \/>\n<meta property=\"og:url\" content=\"https:\/\/fizzyvape.eu\/sv\/produkt\/fizzy-max-iii-6in1-60000-puffs\/\" \/>\n<meta property=\"og:site_name\" content=\"fizzyvape.eu\" \/>\n<meta property=\"article:modified_time\" content=\"2025-12-04T07:24:06+00:00\" \/>\n<meta property=\"og:image\" content=\"https:\/\/fizzyvape.eu\/wp-content\/uploads\/2025\/06\/Fizzy-Max-III-6in1-60K-60000-Puffs-7-1.webp\" \/>\n\t<meta property=\"og:image:width\" content=\"800\" \/>\n\t<meta property=\"og:image:height\" content=\"800\" \/>\n\t<meta property=\"og:image:type\" content=\"image\/webp\" \/>\n<meta name=\"twitter:card\" content=\"summary_large_image\" \/>\n<meta name=\"twitter:label1\" content=\"Tillg\u00e4nglig\" \/>\n\t<meta name=\"twitter:data1\" content=\"Slut i lager\" \/>\n<script type=\"application\/ld+json\" class=\"yoast-schema-graph\">{\"@context\":\"https:\\\/\\\/schema.org\",\"@graph\":[{\"@type\":\"WebPage\",\"@id\":\"https:\\\/\\\/fizzyvape.eu\\\/sv\\\/produkt\\\/fizzy-max-iii-6in1-60000-puffs\\\/\",\"url\":\"https:\\\/\\\/fizzyvape.eu\\\/sv\\\/produkt\\\/fizzy-max-iii-6in1-60000-puffs\\\/\",\"name\":\"Fizzy Max III 60k 60000 Puffs - 6 smaker i 1 smart eng\u00e5ngsvape\",\"isPartOf\":{\"@id\":\"https:\\\/\\\/www.fizzyvape.eu\\\/sv\\\/#website\"},\"primaryImageOfPage\":{\"@id\":\"https:\\\/\\\/fizzyvape.eu\\\/sv\\\/produkt\\\/fizzy-max-iii-6in1-60000-puffs\\\/#primaryimage\"},\"image\":{\"@id\":\"https:\\\/\\\/fizzyvape.eu\\\/sv\\\/produkt\\\/fizzy-max-iii-6in1-60000-puffs\\\/#primaryimage\"},\"thumbnailUrl\":\"https:\\\/\\\/fizzyvape.eu\\\/wp-content\\\/uploads\\\/2025\\\/06\\\/Fizzy-Max-III-6in1-60K-60000-Puffs-7-1.webp\",\"datePublished\":\"2025-11-24T07:39:49+00:00\",\"dateModified\":\"2025-12-04T07:24:06+00:00\",\"description\":\"Uppt\u00e4ck Fizzy Max III 60k 60000 Puffs med 6 smaker i 1 enhet, smart LED-sk\u00e4rm, mesh-spole och Type-C-laddning. 100% \u00e4kta. Snabb EU-frakt.\",\"breadcrumb\":{\"@id\":\"https:\\\/\\\/fizzyvape.eu\\\/sv\\\/produkt\\\/fizzy-max-iii-6in1-60000-puffs\\\/#breadcrumb\"},\"inLanguage\":\"sv-SE\",\"potentialAction\":[{\"@type\":\"ReadAction\",\"target\":[\"https:\\\/\\\/fizzyvape.eu\\\/sv\\\/produkt\\\/fizzy-max-iii-6in1-60000-puffs\\\/\"]}]},{\"@type\":\"ImageObject\",\"inLanguage\":\"sv-SE\",\"@id\":\"https:\\\/\\\/fizzyvape.eu\\\/sv\\\/produkt\\\/fizzy-max-iii-6in1-60000-puffs\\\/#primaryimage\",\"url\":\"https:\\\/\\\/fizzyvape.eu\\\/wp-content\\\/uploads\\\/2025\\\/06\\\/Fizzy-Max-III-6in1-60K-60000-Puffs-7-1.webp\",\"contentUrl\":\"https:\\\/\\\/fizzyvape.eu\\\/wp-content\\\/uploads\\\/2025\\\/06\\\/Fizzy-Max-III-6in1-60K-60000-Puffs-7-1.webp\",\"width\":800,\"height\":800,\"caption\":\"Fizzy Max III 6in1 60K 60000 Puffs-7-1\"},{\"@type\":\"BreadcrumbList\",\"@id\":\"https:\\\/\\\/fizzyvape.eu\\\/sv\\\/produkt\\\/fizzy-max-iii-6in1-60000-puffs\\\/#breadcrumb\",\"itemListElement\":[{\"@type\":\"ListItem\",\"position\":1,\"name\":\"Home\",\"item\":\"https:\\\/\\\/fizzyvape.eu\\\/sv\\\/\"},{\"@type\":\"ListItem\",\"position\":2,\"name\":\"Butik\",\"item\":\"https:\\\/\\\/fizzyvape.eu\\\/sv\\\/butik\\\/\"},{\"@type\":\"ListItem\",\"position\":3,\"name\":\"Fizzy Max III 6in1 60000 Puffs\"}]},{\"@type\":\"WebSite\",\"@id\":\"https:\\\/\\\/www.fizzyvape.eu\\\/sv\\\/#website\",\"url\":\"https:\\\/\\\/www.fizzyvape.eu\\\/sv\\\/\",\"name\":\"fizzyvape.eu\",\"description\":\"Refreshing Vapes. Unforgettable Taste.\",\"publisher\":{\"@id\":\"https:\\\/\\\/www.fizzyvape.eu\\\/sv\\\/#organization\"},\"potentialAction\":[{\"@type\":\"SearchAction\",\"target\":{\"@type\":\"EntryPoint\",\"urlTemplate\":\"https:\\\/\\\/www.fizzyvape.eu\\\/sv\\\/?s={search_term_string}\"},\"query-input\":{\"@type\":\"PropertyValueSpecification\",\"valueRequired\":true,\"valueName\":\"search_term_string\"}}],\"inLanguage\":\"sv-SE\"},{\"@type\":\"Organization\",\"@id\":\"https:\\\/\\\/www.fizzyvape.eu\\\/sv\\\/#organization\",\"name\":\"fizzyvape.eu\",\"url\":\"https:\\\/\\\/www.fizzyvape.eu\\\/sv\\\/\",\"logo\":{\"@type\":\"ImageObject\",\"inLanguage\":\"sv-SE\",\"@id\":\"https:\\\/\\\/www.fizzyvape.eu\\\/sv\\\/#\\\/schema\\\/logo\\\/image\\\/\",\"url\":\"https:\\\/\\\/fizzyvape.eu\\\/wp-content\\\/uploads\\\/2019\\\/06\\\/print-1.svg\",\"contentUrl\":\"https:\\\/\\\/fizzyvape.eu\\\/wp-content\\\/uploads\\\/2019\\\/06\\\/print-1.svg\",\"width\":124,\"height\":37,\"caption\":\"fizzyvape.eu\"},\"image\":{\"@id\":\"https:\\\/\\\/www.fizzyvape.eu\\\/sv\\\/#\\\/schema\\\/logo\\\/image\\\/\"}}]}<\/script>\n<meta property=\"og:availability\" content=\"out of stock\" \/>\n<meta property=\"product:availability\" content=\"out of stock\" \/>\n<meta property=\"product:condition\" content=\"new\" \/>\n<!-- \/ Yoast SEO Premium plugin. -->","yoast_head_json":{"title":"Fizzy Max III 60k 60000 Puffs - 6 smaker i 1 smart eng\u00e5ngsvape","description":"Uppt\u00e4ck Fizzy Max III 60k 60000 Puffs med 6 smaker i 1 enhet, smart LED-sk\u00e4rm, mesh-spole och Type-C-laddning. 100% \u00e4kta. Snabb EU-frakt.","robots":{"index":"index","follow":"follow","max-snippet":"max-snippet:-1","max-image-preview":"max-image-preview:large","max-video-preview":"max-video-preview:-1"},"canonical":"https:\/\/fizzyvape.eu\/sv\/produkt\/fizzy-max-iii-6in1-60000-puffs\/","og_locale":"sv_SE","og_type":"article","og_title":"Fizzy Max III 6in1 60000 Puffs","og_description":"Uppt\u00e4ck Fizzy Max III 60k 60000 Puffs med 6 smaker i 1 enhet, smart LED-sk\u00e4rm, mesh-spole och Type-C-laddning. 100% \u00e4kta. Snabb EU-frakt.","og_url":"https:\/\/fizzyvape.eu\/sv\/produkt\/fizzy-max-iii-6in1-60000-puffs\/","og_site_name":"fizzyvape.eu","article_modified_time":"2025-12-04T07:24:06+00:00","og_image":[{"width":800,"height":800,"url":"https:\/\/fizzyvape.eu\/wp-content\/uploads\/2025\/06\/Fizzy-Max-III-6in1-60K-60000-Puffs-7-1.webp","type":"image\/webp"}],"twitter_card":"summary_large_image","twitter_misc":{"Tillg\u00e4nglig":"Slut i lager"},"schema":{"@context":"https:\/\/schema.org","@graph":[{"@type":"WebPage","@id":"https:\/\/fizzyvape.eu\/sv\/produkt\/fizzy-max-iii-6in1-60000-puffs\/","url":"https:\/\/fizzyvape.eu\/sv\/produkt\/fizzy-max-iii-6in1-60000-puffs\/","name":"Fizzy Max III 60k 60000 Puffs - 6 smaker i 1 smart eng\u00e5ngsvape","isPartOf":{"@id":"https:\/\/www.fizzyvape.eu\/sv\/#website"},"primaryImageOfPage":{"@id":"https:\/\/fizzyvape.eu\/sv\/produkt\/fizzy-max-iii-6in1-60000-puffs\/#primaryimage"},"image":{"@id":"https:\/\/fizzyvape.eu\/sv\/produkt\/fizzy-max-iii-6in1-60000-puffs\/#primaryimage"},"thumbnailUrl":"https:\/\/fizzyvape.eu\/wp-content\/uploads\/2025\/06\/Fizzy-Max-III-6in1-60K-60000-Puffs-7-1.webp","datePublished":"2025-11-24T07:39:49+00:00","dateModified":"2025-12-04T07:24:06+00:00","description":"Uppt\u00e4ck Fizzy Max III 60k 60000 Puffs med 6 smaker i 1 enhet, smart LED-sk\u00e4rm, mesh-spole och Type-C-laddning. 100% \u00e4kta. Snabb EU-frakt.","breadcrumb":{"@id":"https:\/\/fizzyvape.eu\/sv\/produkt\/fizzy-max-iii-6in1-60000-puffs\/#breadcrumb"},"inLanguage":"sv-SE","potentialAction":[{"@type":"ReadAction","target":["https:\/\/fizzyvape.eu\/sv\/produkt\/fizzy-max-iii-6in1-60000-puffs\/"]}]},{"@type":"ImageObject","inLanguage":"sv-SE","@id":"https:\/\/fizzyvape.eu\/sv\/produkt\/fizzy-max-iii-6in1-60000-puffs\/#primaryimage","url":"https:\/\/fizzyvape.eu\/wp-content\/uploads\/2025\/06\/Fizzy-Max-III-6in1-60K-60000-Puffs-7-1.webp","contentUrl":"https:\/\/fizzyvape.eu\/wp-content\/uploads\/2025\/06\/Fizzy-Max-III-6in1-60K-60000-Puffs-7-1.webp","width":800,"height":800,"caption":"Fizzy Max III 6in1 60K 60000 Puffs-7-1"},{"@type":"BreadcrumbList","@id":"https:\/\/fizzyvape.eu\/sv\/produkt\/fizzy-max-iii-6in1-60000-puffs\/#breadcrumb","itemListElement":[{"@type":"ListItem","position":1,"name":"Home","item":"https:\/\/fizzyvape.eu\/sv\/"},{"@type":"ListItem","position":2,"name":"Butik","item":"https:\/\/fizzyvape.eu\/sv\/butik\/"},{"@type":"ListItem","position":3,"name":"Fizzy Max III 6in1 60000 Puffs"}]},{"@type":"WebSite","@id":"https:\/\/www.fizzyvape.eu\/sv\/#website","url":"https:\/\/www.fizzyvape.eu\/sv\/","name":"fizzyvape.eu","description":"Refreshing Vapes. Unforgettable Taste.","publisher":{"@id":"https:\/\/www.fizzyvape.eu\/sv\/#organization"},"potentialAction":[{"@type":"SearchAction","target":{"@type":"EntryPoint","urlTemplate":"https:\/\/www.fizzyvape.eu\/sv\/?s={search_term_string}"},"query-input":{"@type":"PropertyValueSpecification","valueRequired":true,"valueName":"search_term_string"}}],"inLanguage":"sv-SE"},{"@type":"Organization","@id":"https:\/\/www.fizzyvape.eu\/sv\/#organization","name":"fizzyvape.eu","url":"https:\/\/www.fizzyvape.eu\/sv\/","logo":{"@type":"ImageObject","inLanguage":"sv-SE","@id":"https:\/\/www.fizzyvape.eu\/sv\/#\/schema\/logo\/image\/","url":"https:\/\/fizzyvape.eu\/wp-content\/uploads\/2019\/06\/print-1.svg","contentUrl":"https:\/\/fizzyvape.eu\/wp-content\/uploads\/2019\/06\/print-1.svg","width":124,"height":37,"caption":"fizzyvape.eu"},"image":{"@id":"https:\/\/www.fizzyvape.eu\/sv\/#\/schema\/logo\/image\/"}}]},"og_availability":"out of stock","product_availability":"out of stock","product_condition":"new"},"tiered_pricing_type":"fixed","tiered_pricing_fixed_rules":[],"tiered_pricing_product_settings":{"layout":"default","base_unit_name":{"singular":null,"plural":null},"default_variation":null},"tiered_pricing_minimum_quantity":null,"tiered_pricing_roles_data":[],"tiered_pricing_percentage_rules":[],"tiered_pricing_maximum_quantity":null,"tiered_pricing_quantity_step":null,"_links":{"self":[{"href":"https:\/\/fizzyvape.eu\/sv\/wp-json\/wp\/v2\/product\/36920","targetHints":{"allow":["GET"]}}],"collection":[{"href":"https:\/\/fizzyvape.eu\/sv\/wp-json\/wp\/v2\/product"}],"about":[{"href":"https:\/\/fizzyvape.eu\/sv\/wp-json\/wp\/v2\/types\/product"}],"replies":[{"embeddable":true,"href":"https:\/\/fizzyvape.eu\/sv\/wp-json\/wp\/v2\/comments?post=36920"}],"version-history":[{"count":1,"href":"https:\/\/fizzyvape.eu\/sv\/wp-json\/wp\/v2\/product\/36920\/revisions"}],"predecessor-version":[{"id":37742,"href":"https:\/\/fizzyvape.eu\/sv\/wp-json\/wp\/v2\/product\/36920\/revisions\/37742"}],"wp:featuredmedia":[{"embeddable":true,"href":"https:\/\/fizzyvape.eu\/sv\/wp-json\/wp\/v2\/media\/32584"}],"wp:attachment":[{"href":"https:\/\/fizzyvape.eu\/sv\/wp-json\/wp\/v2\/media?parent=36920"}],"wp:term":[{"taxonomy":"product_brand","embeddable":true,"href":"https:\/\/fizzyvape.eu\/sv\/wp-json\/wp\/v2\/product_brand?post=36920"},{"taxonomy":"product_cat","embeddable":true,"href":"https:\/\/fizzyvape.eu\/sv\/wp-json\/wp\/v2\/product_cat?post=36920"},{"taxonomy":"product_tag","embeddable":true,"href":"https:\/\/fizzyvape.eu\/sv\/wp-json\/wp\/v2\/product_tag?post=36920"}],"curies":[{"name":"wp","href":"https:\/\/api.w.org\/{rel}","templated":true}]}}