{"id":38977,"date":"2026-01-19T17:43:54","date_gmt":"2026-01-19T09:43:54","guid":{"rendered":"https:\/\/fizzyvape.eu\/product\/150k-puffs-strawberry-ice-kiwi-passion-fruit-guava-peach-mango-watermelon-grape-burst\/"},"modified":"2026-01-19T17:43:54","modified_gmt":"2026-01-19T09:43:54","slug":"150k-puffs-strawberry-ice-kiwi-passion-fruit-guava-peach-mango-watermelon-grape-burst","status":"publish","type":"product","link":"https:\/\/fizzyvape.eu\/sv\/produkt\/150k-puffs-strawberry-ice-kiwi-passion-fruit-guava-peach-mango-watermelon-grape-burst\/","title":{"rendered":"150K Puffs &#8211; Strawberry Ice &amp; Kiwi Passion Fruit Guava &amp; Peach Mango Watermelon &amp; Grape Burst"},"content":{"rendered":"<p><img decoding=\"async\" class=\"aligncenter wp-image-38932 size-large\" src=\"https:\/\/fizzyvape.eu\/wp-content\/uploads\/2026\/01\/Fizzy-15-in-1-150K-Puffs-Rechargeable-Disposable-Vape-Flavors-2-2-800x800.jpg\" alt=\"\" width=\"800\" height=\"800\" srcset=\"https:\/\/fizzyvape.eu\/wp-content\/uploads\/2026\/01\/Fizzy-15-in-1-150K-Puffs-Rechargeable-Disposable-Vape-Flavors-2-2-800x800.jpg 800w, https:\/\/fizzyvape.eu\/wp-content\/uploads\/2026\/01\/Fizzy-15-in-1-150K-Puffs-Rechargeable-Disposable-Vape-Flavors-2-2-300x300.jpg 300w, https:\/\/fizzyvape.eu\/wp-content\/uploads\/2026\/01\/Fizzy-15-in-1-150K-Puffs-Rechargeable-Disposable-Vape-Flavors-2-2-150x150.jpg 150w, https:\/\/fizzyvape.eu\/wp-content\/uploads\/2026\/01\/Fizzy-15-in-1-150K-Puffs-Rechargeable-Disposable-Vape-Flavors-2-2-768x768.jpg 768w, https:\/\/fizzyvape.eu\/wp-content\/uploads\/2026\/01\/Fizzy-15-in-1-150K-Puffs-Rechargeable-Disposable-Vape-Flavors-2-2-100x100.jpg 100w, https:\/\/fizzyvape.eu\/wp-content\/uploads\/2026\/01\/Fizzy-15-in-1-150K-Puffs-Rechargeable-Disposable-Vape-Flavors-2-2-200x200.jpg 200w, https:\/\/fizzyvape.eu\/wp-content\/uploads\/2026\/01\/Fizzy-15-in-1-150K-Puffs-Rechargeable-Disposable-Vape-Flavors-2-2-400x400.jpg 400w, https:\/\/fizzyvape.eu\/wp-content\/uploads\/2026\/01\/Fizzy-15-in-1-150K-Puffs-Rechargeable-Disposable-Vape-Flavors-2-2-500x500.jpg 500w, https:\/\/fizzyvape.eu\/wp-content\/uploads\/2026\/01\/Fizzy-15-in-1-150K-Puffs-Rechargeable-Disposable-Vape-Flavors-2-2-430x430.jpg 430w, https:\/\/fizzyvape.eu\/wp-content\/uploads\/2026\/01\/Fizzy-15-in-1-150K-Puffs-Rechargeable-Disposable-Vape-Flavors-2-2-700x700.jpg 700w, https:\/\/fizzyvape.eu\/wp-content\/uploads\/2026\/01\/Fizzy-15-in-1-150K-Puffs-Rechargeable-Disposable-Vape-Flavors-2-2.jpg 1000w\" sizes=\"(max-width: 800px) 100vw, 800px\" \/><\/p>\n<h2>Fizzy 150K Puffs &#8211; Strawberry Ice &amp; Kiwi Passion Fruit Guava &amp; Peach Mango Watermelon &amp; Grape Burst<\/h2>\n<p><b>\ud83c\udf53 150.000 puffar. 15 smaker. Den ultimata professionella Vaping Hub.  <\/b><\/p>\n<p><span class=\"\">Fizzy 150K Puffs <\/span><b>Fizzy 150K Puffs eng\u00e5ngsvape<\/b><span class=\"\"> har officiellt omdefinierat vad en h\u00f6gkapacitetsenhet kan g\u00f6ra.<\/span><span class=\"\"> Skryter med en massiv <\/span><b>80mL reservoar f\u00f6r e-juice<\/b><span class=\"\"> och ett v\u00e4rldsunikt <\/span><b>15-i-1 smart v\u00e4xlingssystem<\/b><span class=\"\">,<\/span><span class=\"\"> \u00e4r den h\u00e4r enheten den perfekta l\u00f6sningen f\u00f6r vapers som vill ha maximalt v\u00e4rde utan att offra variation.<\/span><span class=\"\"> Denna specifika utg\u00e5va \u00e4r ett tropiskt kraftverk,<\/span><span class=\"\"> blandar isiga klassiker med djup,<\/span><span class=\"\"> spr\u00e4ngande fruktnektar.<\/span><\/p>\n<h2 class=\"\"><b>\ud83c\udf08 Smakpaletten med 4 pinnar<\/b><\/h2>\n<p><span class=\"\">Inuti denna <\/span><b>150K Puffs eng\u00e5ngs vape<\/b><span class=\"\">,<\/span><span class=\"\"> har du fyra oberoende 20mL-kapslar.<\/span><span class=\"\"> Njut av dem som frist\u00e5ende m\u00e4sterverk,<\/span><span class=\"\"> eller anv\u00e4nd den smarta toggeln f\u00f6r att <\/span><b>blanda dem till 15 unika hybridkombinationer<\/b><span class=\"\">:<\/span><\/p>\n<ul>\n<li><b>\u2744\ufe0f Jordgubbsglass:<\/b><span class=\"\"> S\u00f6ta,<\/span><span class=\"\"> tr\u00e4dg\u00e5rdsfr\u00e4scha jordgubbar avslutade med en krispig,<\/span><span class=\"\"> arktisk utandning.<\/span><\/li>\n<li><b>\ud83e\udd5d Kiwi Passionsfrukt Guava:<\/b><span class=\"\"> En syrlig och aromatisk tropisk trippel som ger en exotisk st\u00f6t.<\/span><\/li>\n<li><b>\ud83c\udf51 Persika Mango Vattenmelon:<\/b><span class=\"\"> En l\u00e4cker,<\/span><span class=\"\"> sammetslen blandning av gyllene mango,<\/span><span class=\"\"> mjuka persikor,<\/span><span class=\"\"> och saftig vattenmelon.<\/span><\/li>\n<li><b>\ud83c\udf47 Grape Burst:<\/b><span class=\"\"> En djup,<\/span><span class=\"\"> rik lila druvsmak som &#8220;spricker&#8221; med sockers\u00f6tma och en antydan till vinmognad syrlighet.<\/span><\/li>\n<\/ul>\n<p><img decoding=\"async\" class=\"wp-image-38407 size-full\" src=\"https:\/\/fizzyvape.eu\/wp-content\/uploads\/2025\/12\/Fizzy-150K-Puffs-Disposable-Vape-5-scaled.jpg\" alt=\"Fizzy 150K Puffs eng\u00e5ngsvape - 5\" width=\"1663\" height=\"2560\" srcset=\"https:\/\/fizzyvape.eu\/wp-content\/uploads\/2025\/12\/Fizzy-150K-Puffs-Disposable-Vape-5-scaled.jpg 1663w, https:\/\/fizzyvape.eu\/wp-content\/uploads\/2025\/12\/Fizzy-150K-Puffs-Disposable-Vape-5-195x300.jpg 195w, https:\/\/fizzyvape.eu\/wp-content\/uploads\/2025\/12\/Fizzy-150K-Puffs-Disposable-Vape-5-520x800.jpg 520w, https:\/\/fizzyvape.eu\/wp-content\/uploads\/2025\/12\/Fizzy-150K-Puffs-Disposable-Vape-5-768x1182.jpg 768w, https:\/\/fizzyvape.eu\/wp-content\/uploads\/2025\/12\/Fizzy-150K-Puffs-Disposable-Vape-5-998x1536.jpg 998w, https:\/\/fizzyvape.eu\/wp-content\/uploads\/2025\/12\/Fizzy-150K-Puffs-Disposable-Vape-5-1330x2048.jpg 1330w, https:\/\/fizzyvape.eu\/wp-content\/uploads\/2025\/12\/Fizzy-150K-Puffs-Disposable-Vape-5-430x662.jpg 430w, https:\/\/fizzyvape.eu\/wp-content\/uploads\/2025\/12\/Fizzy-150K-Puffs-Disposable-Vape-5-700x1078.jpg 700w, https:\/\/fizzyvape.eu\/wp-content\/uploads\/2025\/12\/Fizzy-150K-Puffs-Disposable-Vape-5-150x231.jpg 150w\" sizes=\"(max-width: 1663px) 100vw, 1663px\" \/><\/p>\n<h2><b>\ud83d\udce6 Specifikationer<\/b><\/h2>\n<table>\n<thead>\n<tr>\n<td><strong>Funktion<\/strong><\/td>\n<td><strong>B2B Teknisk data<\/strong><\/td>\n<\/tr>\n<\/thead>\n<tbody>\n<tr>\n<td><b>Antal puffar<\/b><\/td>\n<td>Upp till 150.000 puffar<\/td>\n<\/tr>\n<tr>\n<td><b>Kapacitet f\u00f6r e-v\u00e4tska<\/b><\/td>\n<td><b>80 ml totalt (20 ml x 4 oberoende dosor)<\/b><\/td>\n<\/tr>\n<tr>\n<td><b>Batteri<\/b><\/td>\n<td>1000 mAh ren kobolt (typ C uppladdningsbart)<\/td>\n<\/tr>\n<tr>\n<td><b>Smakmodi<\/b><\/td>\n<td><b>15 smarta kombinationer (A\/B\/C\/D + hybrider)<\/b><\/td>\n<\/tr>\n<tr>\n<td><b>Spolningssystem<\/b><\/td>\n<td>Quad-Mesh 1.0\u03a9 (h\u00f6g konsistent leverans)<\/td>\n<\/tr>\n<tr>\n<td><b>F\u00f6rpackningar<\/b><\/td>\n<td>Detaljhandelsf\u00e4rdiga displayl\u00e5dor<\/td>\n<\/tr>\n<\/tbody>\n<\/table>\n<h2><b>\ud83c\udfa8Fizzy<\/b>15-i-1 150K Puffs uppladdningsbar <strong>eng\u00e5ngsvape Smaklista<\/strong>:<\/h2>\n<ol>\n<li><a href=\"https:\/\/fizzyvape.eu\/sv\/produkt\/150k-puffs-watermelon-ice-red-bull-strawberry-raspberry-triple-melon-ice\/\">vattenmelonis &amp; red bull &amp; jordgubbshallon &amp; trippelmelonis<\/a><\/li>\n<li><a href=\"https:\/\/fizzyvape.eu\/sv\/produkt\/150k-puffs-strawberry-ice-kiwi-passion-fruit-guava-peach-mango-watermelon-grape-burst\/\">jordgubbsis &amp; kiwi passionsfrukt guava &amp; persika mango vattenmelon &amp; grape burst<\/a><\/li>\n<li><a href=\"https:\/\/fizzyvape.eu\/produkt\/fizzy-150k-puffs-red-bull-berry-ice-set\/\">red bull &amp; jordgubb kiwi granat\u00e4pple &amp; bl\u00e5b\u00e4r is &amp; ananas kokosn\u00f6t<\/a><\/li>\n<li><a href=\"https:\/\/fizzyvape.eu\/produkt\/fizzy-150k-puffs-strawberry-kiwi-mixed-berry-set\/\">jordgubb kiwi &amp; blandade b\u00e4r &amp; vattenmelon bubbelgum &amp; saftig persika<\/a><\/li>\n<li><a href=\"https:\/\/fizzyvape.eu\/produkt\/fizzy-150k-puffs-blueberry-raspberry-candy-set\/\">bl\u00e5b\u00e4r hallon &amp; jordgubbsis &amp; blue razz lemonad &amp; vattenmelon gummibj\u00f6rn<\/a><\/li>\n<li><a href=\"https:\/\/fizzyvape.eu\/produkt\/fizzy-150k-puffs-tropical-fruit-punch-set\/\">tropisk fruktb\u00e5l &amp; vattenmelon hallon &amp; bl\u00e5b\u00e4r kokos &amp; jordgubb skittles<\/a><\/li>\n<li><a href=\"https:\/\/fizzyvape.eu\/produkt\/fizzy-150k-puffs-love-66-strawberry-kiwi-set\/\">love 66 &amp; jordgubbar kiwi &amp; vattenmelon bl\u00e5b\u00e4r &amp; hallon lemonad<\/a><\/li>\n<li><a href=\"https:\/\/fizzyvape.eu\/produkt\/fizzy-150k-puffs-fizzy-cola-berry-set\/\">blandade b\u00e4r &amp; ananas persika passionsfrukt &amp; kolsyra &amp; jordgubbar hallon<\/a><\/li>\n<li><a href=\"https:\/\/fizzyvape.eu\/produkt\/fizzy-150k-puffs-blue-razz-raspberry-set\/\">bl\u00e5 razz rapsb\u00e4r &amp; vattenmelon k\u00f6rsb\u00e4rsis &amp; jordgubbar druva &amp; passionsfrukt apelsin persika<\/a><\/li>\n<li><a href=\"https:\/\/fizzyvape.eu\/produkt\/fizzy-150k-puffs-fizzy-cherry-citrus-set\/\">bubblande k\u00f6rsb\u00e4r &amp; jordgubbar drakfrukt &amp; citron lime &amp; vattenmelon bl\u00e5b\u00e4r<\/a><\/li>\n<li><a href=\"https:\/\/fizzyvape.eu\/produkt\/fizzy-150k-puffs-vanilla-coke-berry-set\/\">jordgubb vanilj cola &amp; bl\u00e5b\u00e4r hallon &amp; vattenmelon is &amp; k\u00f6rsb\u00e4r b\u00e4r<\/a><\/li>\n<li><a href=\"https:\/\/fizzyvape.eu\/produkt\/fizzy-150k-puffs-mojito-ice-set\/\">bl\u00e5b\u00e4rsis &amp; jordgubbar vattenmelon &amp; mojito &amp; kiwi passionsfrukt guava<\/a><\/li>\n<\/ol>\n<h2><b>\u2753 Snabb FAQ<\/b><\/h2>\n<p><b>F: \u00c4r Fizzy 150K Puffs eng\u00e5ngsvape l\u00e4tt att anv\u00e4nda?<\/b><\/p>\n<p>A: Ja! Den har en &#8220;Smart Selector&#8221;-omkopplare. Klicka eller v\u00e4xla f\u00f6r att v\u00e4xla mellan kapslarna A, B, C eller D. Sk\u00e4rmen uppdateras direkt och visar vilken smak som \u00e4r aktiv.  <\/p>\n<p><b>Q: Hur vet jag n\u00e4r en smak \u00e4r f\u00e4rdig?<\/b><\/p>\n<p>S: Smart LED-sk\u00e4rmen har fyra individuella staplar f\u00f6r e-juice. N\u00e4r stapeln f\u00f6r &#8220;Grape Burst&#8221; n\u00e5r noll \u00e4r den specifika 20 ml-podden tom. <\/p>\n<p><b>F: \u00c4r den h\u00e4r enheten \u00e4kta?<\/b><\/p>\n<p>A: Absolut. Varje enhet har en unik s\u00e4kerhetsetikett som skrapas bort. Du kan verifiera din 150K Puffs eng\u00e5ngsvape p\u00e5 den officiella Fizzy-webbplatsen.  <\/p>\n","protected":false},"excerpt":{"rendered":"[html_block id=\"38779\"]\n","protected":false},"featured_media":38940,"comment_status":"open","ping_status":"closed","template":"","meta":{"iawp_total_views":0},"product_brand":[],"product_cat":[1001],"product_tag":[],"class_list":{"0":"post-38977","1":"product","2":"type-product","3":"status-publish","4":"has-post-thumbnail","6":"product_cat-fizzy-150k-150000-puffs-15-i-1-engangs-uppladdningsbar-vape","8":"first","9":"instock","10":"sale","11":"shipping-taxable","12":"purchasable","13":"product-type-variable"},"yoast_head":"<!-- This site is optimized with the Yoast SEO Premium plugin v24.8 (Yoast SEO v27.4) - https:\/\/yoast.com\/product\/yoast-seo-premium-wordpress\/ -->\n<title>Fizzy 150K Puffs Strawberry Ice Vape f\u00f6r eng\u00e5ngsbruk med flera smaker<\/title>\n<meta name=\"description\" content=\"Njut av Strawberry Ice, Kiwi Passion Fruit Guava, Peach Mango Watermelon och Grape Burst i en Fizzy 150K Puffs uppladdningsbar eng\u00e5ngsvape.\" \/>\n<meta name=\"robots\" content=\"index, follow, max-snippet:-1, max-image-preview:large, max-video-preview:-1\" \/>\n<link rel=\"canonical\" href=\"https:\/\/fizzyvape.eu\/sv\/produkt\/150k-puffs-strawberry-ice-kiwi-passion-fruit-guava-peach-mango-watermelon-grape-burst\/\" \/>\n<meta property=\"og:locale\" content=\"sv_SE\" \/>\n<meta property=\"og:type\" content=\"article\" \/>\n<meta property=\"og:title\" content=\"150K Puffs - Strawberry Ice &amp; Kiwi Passion Fruit Guava &amp; Peach Mango Watermelon &amp; Grape Burst\" \/>\n<meta property=\"og:description\" content=\"Njut av Strawberry Ice, Kiwi Passion Fruit Guava, Peach Mango Watermelon och Grape Burst i en Fizzy 150K Puffs uppladdningsbar eng\u00e5ngsvape.\" \/>\n<meta property=\"og:url\" content=\"https:\/\/fizzyvape.eu\/sv\/produkt\/150k-puffs-strawberry-ice-kiwi-passion-fruit-guava-peach-mango-watermelon-grape-burst\/\" \/>\n<meta property=\"og:site_name\" content=\"fizzyvape.eu\" \/>\n<meta property=\"og:image\" content=\"https:\/\/fizzyvape.eu\/wp-content\/uploads\/2026\/01\/Fizzy-15-in-1-150K-Puffs-Rechargeable-Disposable-Vape-Flavors-2-2.jpg\" \/>\n\t<meta property=\"og:image:width\" content=\"1000\" \/>\n\t<meta property=\"og:image:height\" content=\"1000\" \/>\n\t<meta property=\"og:image:type\" content=\"image\/jpeg\" \/>\n<meta name=\"twitter:card\" content=\"summary_large_image\" \/>\n<meta name=\"twitter:label1\" content=\"Tillg\u00e4nglig\" \/>\n\t<meta name=\"twitter:data1\" content=\"I lager\" \/>\n<script type=\"application\/ld+json\" class=\"yoast-schema-graph\">{\"@context\":\"https:\\\/\\\/schema.org\",\"@graph\":[{\"@type\":\"WebPage\",\"@id\":\"https:\\\/\\\/fizzyvape.eu\\\/sv\\\/produkt\\\/150k-puffs-strawberry-ice-kiwi-passion-fruit-guava-peach-mango-watermelon-grape-burst\\\/\",\"url\":\"https:\\\/\\\/fizzyvape.eu\\\/sv\\\/produkt\\\/150k-puffs-strawberry-ice-kiwi-passion-fruit-guava-peach-mango-watermelon-grape-burst\\\/\",\"name\":\"Fizzy 150K Puffs Strawberry Ice Vape f\u00f6r eng\u00e5ngsbruk med flera smaker\",\"isPartOf\":{\"@id\":\"https:\\\/\\\/www.fizzyvape.eu\\\/sv\\\/#website\"},\"primaryImageOfPage\":{\"@id\":\"https:\\\/\\\/fizzyvape.eu\\\/sv\\\/produkt\\\/150k-puffs-strawberry-ice-kiwi-passion-fruit-guava-peach-mango-watermelon-grape-burst\\\/#primaryimage\"},\"image\":{\"@id\":\"https:\\\/\\\/fizzyvape.eu\\\/sv\\\/produkt\\\/150k-puffs-strawberry-ice-kiwi-passion-fruit-guava-peach-mango-watermelon-grape-burst\\\/#primaryimage\"},\"thumbnailUrl\":\"https:\\\/\\\/fizzyvape.eu\\\/wp-content\\\/uploads\\\/2026\\\/01\\\/Fizzy-15-in-1-150K-Puffs-Rechargeable-Disposable-Vape-Flavors-2-2.jpg\",\"datePublished\":\"2026-01-19T09:43:54+00:00\",\"description\":\"Njut av Strawberry Ice, Kiwi Passion Fruit Guava, Peach Mango Watermelon och Grape Burst i en Fizzy 150K Puffs uppladdningsbar eng\u00e5ngsvape.\",\"breadcrumb\":{\"@id\":\"https:\\\/\\\/fizzyvape.eu\\\/sv\\\/produkt\\\/150k-puffs-strawberry-ice-kiwi-passion-fruit-guava-peach-mango-watermelon-grape-burst\\\/#breadcrumb\"},\"inLanguage\":\"sv-SE\",\"potentialAction\":[{\"@type\":\"ReadAction\",\"target\":[\"https:\\\/\\\/fizzyvape.eu\\\/sv\\\/produkt\\\/150k-puffs-strawberry-ice-kiwi-passion-fruit-guava-peach-mango-watermelon-grape-burst\\\/\"]}]},{\"@type\":\"ImageObject\",\"inLanguage\":\"sv-SE\",\"@id\":\"https:\\\/\\\/fizzyvape.eu\\\/sv\\\/produkt\\\/150k-puffs-strawberry-ice-kiwi-passion-fruit-guava-peach-mango-watermelon-grape-burst\\\/#primaryimage\",\"url\":\"https:\\\/\\\/fizzyvape.eu\\\/wp-content\\\/uploads\\\/2026\\\/01\\\/Fizzy-15-in-1-150K-Puffs-Rechargeable-Disposable-Vape-Flavors-2-2.jpg\",\"contentUrl\":\"https:\\\/\\\/fizzyvape.eu\\\/wp-content\\\/uploads\\\/2026\\\/01\\\/Fizzy-15-in-1-150K-Puffs-Rechargeable-Disposable-Vape-Flavors-2-2.jpg\",\"width\":1000,\"height\":1000,\"caption\":\"Fizzy 15-in-1 150K Puffs Uppladdningsbar eng\u00e5ngs Vape Smaker 2\"},{\"@type\":\"BreadcrumbList\",\"@id\":\"https:\\\/\\\/fizzyvape.eu\\\/sv\\\/produkt\\\/150k-puffs-strawberry-ice-kiwi-passion-fruit-guava-peach-mango-watermelon-grape-burst\\\/#breadcrumb\",\"itemListElement\":[{\"@type\":\"ListItem\",\"position\":1,\"name\":\"Home\",\"item\":\"https:\\\/\\\/fizzyvape.eu\\\/sv\\\/\"},{\"@type\":\"ListItem\",\"position\":2,\"name\":\"Butik\",\"item\":\"https:\\\/\\\/fizzyvape.eu\\\/sv\\\/butik\\\/\"},{\"@type\":\"ListItem\",\"position\":3,\"name\":\"150K Puffs &#8211; Strawberry Ice &amp; Kiwi Passion Fruit Guava &amp; Peach Mango Watermelon &amp; Grape Burst\"}]},{\"@type\":\"WebSite\",\"@id\":\"https:\\\/\\\/www.fizzyvape.eu\\\/sv\\\/#website\",\"url\":\"https:\\\/\\\/www.fizzyvape.eu\\\/sv\\\/\",\"name\":\"fizzyvape.eu\",\"description\":\"Refreshing Vapes. Unforgettable Taste.\",\"publisher\":{\"@id\":\"https:\\\/\\\/www.fizzyvape.eu\\\/sv\\\/#organization\"},\"potentialAction\":[{\"@type\":\"SearchAction\",\"target\":{\"@type\":\"EntryPoint\",\"urlTemplate\":\"https:\\\/\\\/www.fizzyvape.eu\\\/sv\\\/?s={search_term_string}\"},\"query-input\":{\"@type\":\"PropertyValueSpecification\",\"valueRequired\":true,\"valueName\":\"search_term_string\"}}],\"inLanguage\":\"sv-SE\"},{\"@type\":\"Organization\",\"@id\":\"https:\\\/\\\/www.fizzyvape.eu\\\/sv\\\/#organization\",\"name\":\"fizzyvape.eu\",\"url\":\"https:\\\/\\\/www.fizzyvape.eu\\\/sv\\\/\",\"logo\":{\"@type\":\"ImageObject\",\"inLanguage\":\"sv-SE\",\"@id\":\"https:\\\/\\\/www.fizzyvape.eu\\\/sv\\\/#\\\/schema\\\/logo\\\/image\\\/\",\"url\":\"https:\\\/\\\/fizzyvape.eu\\\/wp-content\\\/uploads\\\/2019\\\/06\\\/print-1.svg\",\"contentUrl\":\"https:\\\/\\\/fizzyvape.eu\\\/wp-content\\\/uploads\\\/2019\\\/06\\\/print-1.svg\",\"width\":124,\"height\":37,\"caption\":\"fizzyvape.eu\"},\"image\":{\"@id\":\"https:\\\/\\\/www.fizzyvape.eu\\\/sv\\\/#\\\/schema\\\/logo\\\/image\\\/\"}}]}<\/script>\n<meta property=\"og:availability\" content=\"instock\" \/>\n<meta property=\"product:availability\" content=\"instock\" \/>\n<meta property=\"product:condition\" content=\"new\" \/>\n<!-- \/ Yoast SEO Premium plugin. -->","yoast_head_json":{"title":"Fizzy 150K Puffs Strawberry Ice Vape f\u00f6r eng\u00e5ngsbruk med flera smaker","description":"Njut av Strawberry Ice, Kiwi Passion Fruit Guava, Peach Mango Watermelon och Grape Burst i en Fizzy 150K Puffs uppladdningsbar eng\u00e5ngsvape.","robots":{"index":"index","follow":"follow","max-snippet":"max-snippet:-1","max-image-preview":"max-image-preview:large","max-video-preview":"max-video-preview:-1"},"canonical":"https:\/\/fizzyvape.eu\/sv\/produkt\/150k-puffs-strawberry-ice-kiwi-passion-fruit-guava-peach-mango-watermelon-grape-burst\/","og_locale":"sv_SE","og_type":"article","og_title":"150K Puffs - Strawberry Ice &amp; Kiwi Passion Fruit Guava &amp; Peach Mango Watermelon &amp; Grape Burst","og_description":"Njut av Strawberry Ice, Kiwi Passion Fruit Guava, Peach Mango Watermelon och Grape Burst i en Fizzy 150K Puffs uppladdningsbar eng\u00e5ngsvape.","og_url":"https:\/\/fizzyvape.eu\/sv\/produkt\/150k-puffs-strawberry-ice-kiwi-passion-fruit-guava-peach-mango-watermelon-grape-burst\/","og_site_name":"fizzyvape.eu","og_image":[{"width":1000,"height":1000,"url":"https:\/\/fizzyvape.eu\/wp-content\/uploads\/2026\/01\/Fizzy-15-in-1-150K-Puffs-Rechargeable-Disposable-Vape-Flavors-2-2.jpg","type":"image\/jpeg"}],"twitter_card":"summary_large_image","twitter_misc":{"Tillg\u00e4nglig":"I lager"},"schema":{"@context":"https:\/\/schema.org","@graph":[{"@type":"WebPage","@id":"https:\/\/fizzyvape.eu\/sv\/produkt\/150k-puffs-strawberry-ice-kiwi-passion-fruit-guava-peach-mango-watermelon-grape-burst\/","url":"https:\/\/fizzyvape.eu\/sv\/produkt\/150k-puffs-strawberry-ice-kiwi-passion-fruit-guava-peach-mango-watermelon-grape-burst\/","name":"Fizzy 150K Puffs Strawberry Ice Vape f\u00f6r eng\u00e5ngsbruk med flera smaker","isPartOf":{"@id":"https:\/\/www.fizzyvape.eu\/sv\/#website"},"primaryImageOfPage":{"@id":"https:\/\/fizzyvape.eu\/sv\/produkt\/150k-puffs-strawberry-ice-kiwi-passion-fruit-guava-peach-mango-watermelon-grape-burst\/#primaryimage"},"image":{"@id":"https:\/\/fizzyvape.eu\/sv\/produkt\/150k-puffs-strawberry-ice-kiwi-passion-fruit-guava-peach-mango-watermelon-grape-burst\/#primaryimage"},"thumbnailUrl":"https:\/\/fizzyvape.eu\/wp-content\/uploads\/2026\/01\/Fizzy-15-in-1-150K-Puffs-Rechargeable-Disposable-Vape-Flavors-2-2.jpg","datePublished":"2026-01-19T09:43:54+00:00","description":"Njut av Strawberry Ice, Kiwi Passion Fruit Guava, Peach Mango Watermelon och Grape Burst i en Fizzy 150K Puffs uppladdningsbar eng\u00e5ngsvape.","breadcrumb":{"@id":"https:\/\/fizzyvape.eu\/sv\/produkt\/150k-puffs-strawberry-ice-kiwi-passion-fruit-guava-peach-mango-watermelon-grape-burst\/#breadcrumb"},"inLanguage":"sv-SE","potentialAction":[{"@type":"ReadAction","target":["https:\/\/fizzyvape.eu\/sv\/produkt\/150k-puffs-strawberry-ice-kiwi-passion-fruit-guava-peach-mango-watermelon-grape-burst\/"]}]},{"@type":"ImageObject","inLanguage":"sv-SE","@id":"https:\/\/fizzyvape.eu\/sv\/produkt\/150k-puffs-strawberry-ice-kiwi-passion-fruit-guava-peach-mango-watermelon-grape-burst\/#primaryimage","url":"https:\/\/fizzyvape.eu\/wp-content\/uploads\/2026\/01\/Fizzy-15-in-1-150K-Puffs-Rechargeable-Disposable-Vape-Flavors-2-2.jpg","contentUrl":"https:\/\/fizzyvape.eu\/wp-content\/uploads\/2026\/01\/Fizzy-15-in-1-150K-Puffs-Rechargeable-Disposable-Vape-Flavors-2-2.jpg","width":1000,"height":1000,"caption":"Fizzy 15-in-1 150K Puffs Uppladdningsbar eng\u00e5ngs Vape Smaker 2"},{"@type":"BreadcrumbList","@id":"https:\/\/fizzyvape.eu\/sv\/produkt\/150k-puffs-strawberry-ice-kiwi-passion-fruit-guava-peach-mango-watermelon-grape-burst\/#breadcrumb","itemListElement":[{"@type":"ListItem","position":1,"name":"Home","item":"https:\/\/fizzyvape.eu\/sv\/"},{"@type":"ListItem","position":2,"name":"Butik","item":"https:\/\/fizzyvape.eu\/sv\/butik\/"},{"@type":"ListItem","position":3,"name":"150K Puffs &#8211; Strawberry Ice &amp; Kiwi Passion Fruit Guava &amp; Peach Mango Watermelon &amp; Grape Burst"}]},{"@type":"WebSite","@id":"https:\/\/www.fizzyvape.eu\/sv\/#website","url":"https:\/\/www.fizzyvape.eu\/sv\/","name":"fizzyvape.eu","description":"Refreshing Vapes. Unforgettable Taste.","publisher":{"@id":"https:\/\/www.fizzyvape.eu\/sv\/#organization"},"potentialAction":[{"@type":"SearchAction","target":{"@type":"EntryPoint","urlTemplate":"https:\/\/www.fizzyvape.eu\/sv\/?s={search_term_string}"},"query-input":{"@type":"PropertyValueSpecification","valueRequired":true,"valueName":"search_term_string"}}],"inLanguage":"sv-SE"},{"@type":"Organization","@id":"https:\/\/www.fizzyvape.eu\/sv\/#organization","name":"fizzyvape.eu","url":"https:\/\/www.fizzyvape.eu\/sv\/","logo":{"@type":"ImageObject","inLanguage":"sv-SE","@id":"https:\/\/www.fizzyvape.eu\/sv\/#\/schema\/logo\/image\/","url":"https:\/\/fizzyvape.eu\/wp-content\/uploads\/2019\/06\/print-1.svg","contentUrl":"https:\/\/fizzyvape.eu\/wp-content\/uploads\/2019\/06\/print-1.svg","width":124,"height":37,"caption":"fizzyvape.eu"},"image":{"@id":"https:\/\/www.fizzyvape.eu\/sv\/#\/schema\/logo\/image\/"}}]},"og_availability":"instock","product_availability":"instock","product_condition":"new"},"tiered_pricing_type":"fixed","tiered_pricing_fixed_rules":[],"tiered_pricing_product_settings":{"layout":"default","base_unit_name":{"singular":null,"plural":null},"default_variation":null},"tiered_pricing_minimum_quantity":null,"tiered_pricing_roles_data":[],"tiered_pricing_percentage_rules":[],"tiered_pricing_maximum_quantity":null,"tiered_pricing_quantity_step":null,"_links":{"self":[{"href":"https:\/\/fizzyvape.eu\/sv\/wp-json\/wp\/v2\/product\/38977","targetHints":{"allow":["GET"]}}],"collection":[{"href":"https:\/\/fizzyvape.eu\/sv\/wp-json\/wp\/v2\/product"}],"about":[{"href":"https:\/\/fizzyvape.eu\/sv\/wp-json\/wp\/v2\/types\/product"}],"replies":[{"embeddable":true,"href":"https:\/\/fizzyvape.eu\/sv\/wp-json\/wp\/v2\/comments?post=38977"}],"version-history":[{"count":0,"href":"https:\/\/fizzyvape.eu\/sv\/wp-json\/wp\/v2\/product\/38977\/revisions"}],"wp:featuredmedia":[{"embeddable":true,"href":"https:\/\/fizzyvape.eu\/sv\/wp-json\/wp\/v2\/media\/38940"}],"wp:attachment":[{"href":"https:\/\/fizzyvape.eu\/sv\/wp-json\/wp\/v2\/media?parent=38977"}],"wp:term":[{"taxonomy":"product_brand","embeddable":true,"href":"https:\/\/fizzyvape.eu\/sv\/wp-json\/wp\/v2\/product_brand?post=38977"},{"taxonomy":"product_cat","embeddable":true,"href":"https:\/\/fizzyvape.eu\/sv\/wp-json\/wp\/v2\/product_cat?post=38977"},{"taxonomy":"product_tag","embeddable":true,"href":"https:\/\/fizzyvape.eu\/sv\/wp-json\/wp\/v2\/product_tag?post=38977"}],"curies":[{"name":"wp","href":"https:\/\/api.w.org\/{rel}","templated":true}]}}