{"id":38995,"date":"2026-01-19T17:52:51","date_gmt":"2026-01-19T09:52:51","guid":{"rendered":"https:\/\/fizzyvape.eu\/product\/150k-puffs-red-bull-strawberry-kiwi-pomegranate-blueberry-ice-pineapple-coconut\/"},"modified":"2026-01-19T17:52:51","modified_gmt":"2026-01-19T09:52:51","slug":"150k-puffs-red-bull-strawberry-kiwi-pomegranate-blueberry-ice-pineapple-coconut","status":"publish","type":"product","link":"https:\/\/fizzyvape.eu\/sv\/produkt\/150k-puffs-red-bull-strawberry-kiwi-pomegranate-blueberry-ice-pineapple-coconut\/","title":{"rendered":"150K Puffs &#8211; Red Bull &amp; Strawberry Kiwi Pomegranate &amp; Blueberry Ice &amp; Pineapple Coconut"},"content":{"rendered":"<p><img decoding=\"async\" class=\"wp-image-38824 size-large\" src=\"https:\/\/fizzyvape.eu\/wp-content\/uploads\/2026\/01\/Fizzy-15-in-1-150K-Puffs-Rechargeable-Disposable-Vape-Flavors-3-1-800x800.jpg\" alt=\"Fizzy 15-in-1 150K Puffs Uppladdningsbar eng\u00e5ngs Vape Smaker 3\" width=\"800\" height=\"800\" srcset=\"https:\/\/fizzyvape.eu\/wp-content\/uploads\/2026\/01\/Fizzy-15-in-1-150K-Puffs-Rechargeable-Disposable-Vape-Flavors-3-1-800x800.jpg 800w, https:\/\/fizzyvape.eu\/wp-content\/uploads\/2026\/01\/Fizzy-15-in-1-150K-Puffs-Rechargeable-Disposable-Vape-Flavors-3-1-300x300.jpg 300w, https:\/\/fizzyvape.eu\/wp-content\/uploads\/2026\/01\/Fizzy-15-in-1-150K-Puffs-Rechargeable-Disposable-Vape-Flavors-3-1-150x150.jpg 150w, https:\/\/fizzyvape.eu\/wp-content\/uploads\/2026\/01\/Fizzy-15-in-1-150K-Puffs-Rechargeable-Disposable-Vape-Flavors-3-1-768x768.jpg 768w, https:\/\/fizzyvape.eu\/wp-content\/uploads\/2026\/01\/Fizzy-15-in-1-150K-Puffs-Rechargeable-Disposable-Vape-Flavors-3-1-100x100.jpg 100w, https:\/\/fizzyvape.eu\/wp-content\/uploads\/2026\/01\/Fizzy-15-in-1-150K-Puffs-Rechargeable-Disposable-Vape-Flavors-3-1-200x200.jpg 200w, https:\/\/fizzyvape.eu\/wp-content\/uploads\/2026\/01\/Fizzy-15-in-1-150K-Puffs-Rechargeable-Disposable-Vape-Flavors-3-1-400x400.jpg 400w, https:\/\/fizzyvape.eu\/wp-content\/uploads\/2026\/01\/Fizzy-15-in-1-150K-Puffs-Rechargeable-Disposable-Vape-Flavors-3-1-500x500.jpg 500w, https:\/\/fizzyvape.eu\/wp-content\/uploads\/2026\/01\/Fizzy-15-in-1-150K-Puffs-Rechargeable-Disposable-Vape-Flavors-3-1-430x430.jpg 430w, https:\/\/fizzyvape.eu\/wp-content\/uploads\/2026\/01\/Fizzy-15-in-1-150K-Puffs-Rechargeable-Disposable-Vape-Flavors-3-1-700x700.jpg 700w, https:\/\/fizzyvape.eu\/wp-content\/uploads\/2026\/01\/Fizzy-15-in-1-150K-Puffs-Rechargeable-Disposable-Vape-Flavors-3-1.jpg 1000w\" sizes=\"(max-width: 800px) 100vw, 800px\" \/><\/p>\n<h2>Fizzy 150000 Puffs Eng\u00e5ngsvape &#8211; Red Bull &amp; Strawberry Kiwi Pomegranate &amp; Blueberry Ice &amp; Pineapple Coconut<\/h2>\n<p><b>\u26a1 150.000 puffar. 15 smaker. En legendarisk anordning.  <\/b><\/p>\n<p><b>Fizzy 150000 Puffs<\/b> \u00e4r v\u00e4rldens f\u00f6rsta <b>15-i-1 Smart Multi-Flavor Vape<\/b>, utformad f\u00f6r att ge dig total kontroll \u00f6ver din vapingupplevelse. Med en massiv <b>80 ml e-v\u00e4tskekapacitet<\/b> och ett revolutionerande <b>4-pod-system<\/b> h\u00e5ller den h\u00e4r enheten l\u00e4ngre \u00e4n n\u00e5got annat p\u00e5 marknaden samtidigt som den erbjuder en m\u00e4ngd olika smaker som du kan v\u00e4xla mellan direkt. <\/p>\n<h2><b>  4-podsmakens m\u00e4starlista<\/b><\/h2>\n<p>Den h\u00e4r specifika Fizzy 150K-enheten har fyra ikoniska smaker. Vapea dem individuellt, eller anv\u00e4nd den smarta toggeln f\u00f6r att <b>blanda dem till 15 olika hybridsmaker<\/b>: <\/p>\n<ul>\n<li><b>\u26a1 Red Bull:<\/b> Den omissk\u00e4nnliga, skarpa energidryckskicken som ger dig en nystart p\u00e5 dagen.<\/li>\n<li><b>\ud83c\udf53 Jordgubb Kiwi Granat\u00e4pple:<\/b> En s\u00f6t och syrlig explosion av exotiska superfrukter.<\/li>\n<li><b>\u2744\ufe0f Blueberry Ice:<\/b> Handplockade bl\u00e5b\u00e4r fr\u00e5n bergen med en krispig, uppfriskande mentolfinish.<\/li>\n<li><b>\ud83e\udd65 Ananas kokosn\u00f6t:<\/b> En kr\u00e4mig, soldr\u00e4nkt tropisk tillflyktsort i varje puff.<\/li>\n<\/ul>\n<p><img decoding=\"async\" class=\"wp-image-38407 size-full\" src=\"https:\/\/fizzyvape.eu\/wp-content\/uploads\/2025\/12\/Fizzy-150K-Puffs-Disposable-Vape-5-scaled.jpg\" alt=\"Fizzy 150K Puffs eng\u00e5ngsvape - 5\" width=\"1663\" height=\"2560\" srcset=\"https:\/\/fizzyvape.eu\/wp-content\/uploads\/2025\/12\/Fizzy-150K-Puffs-Disposable-Vape-5-scaled.jpg 1663w, https:\/\/fizzyvape.eu\/wp-content\/uploads\/2025\/12\/Fizzy-150K-Puffs-Disposable-Vape-5-195x300.jpg 195w, https:\/\/fizzyvape.eu\/wp-content\/uploads\/2025\/12\/Fizzy-150K-Puffs-Disposable-Vape-5-520x800.jpg 520w, https:\/\/fizzyvape.eu\/wp-content\/uploads\/2025\/12\/Fizzy-150K-Puffs-Disposable-Vape-5-768x1182.jpg 768w, https:\/\/fizzyvape.eu\/wp-content\/uploads\/2025\/12\/Fizzy-150K-Puffs-Disposable-Vape-5-998x1536.jpg 998w, https:\/\/fizzyvape.eu\/wp-content\/uploads\/2025\/12\/Fizzy-150K-Puffs-Disposable-Vape-5-1330x2048.jpg 1330w, https:\/\/fizzyvape.eu\/wp-content\/uploads\/2025\/12\/Fizzy-150K-Puffs-Disposable-Vape-5-430x662.jpg 430w, https:\/\/fizzyvape.eu\/wp-content\/uploads\/2025\/12\/Fizzy-150K-Puffs-Disposable-Vape-5-700x1078.jpg 700w, https:\/\/fizzyvape.eu\/wp-content\/uploads\/2025\/12\/Fizzy-150K-Puffs-Disposable-Vape-5-150x231.jpg 150w\" sizes=\"(max-width: 1663px) 100vw, 1663px\" \/><\/p>\n<h2><b>\ud83d\udce6 Specifikationer<\/b><\/h2>\n<table>\n<thead>\n<tr>\n<td><strong>Funktion<\/strong><\/td>\n<td><strong>B2B Teknisk data<\/strong><\/td>\n<\/tr>\n<\/thead>\n<tbody>\n<tr>\n<td><b>Antal puffar<\/b><\/td>\n<td>Upp till 150.000 puffar<\/td>\n<\/tr>\n<tr>\n<td><b>Kapacitet f\u00f6r e-v\u00e4tska<\/b><\/td>\n<td><b>80 ml totalt (20 ml x 4 oberoende dosor)<\/b><\/td>\n<\/tr>\n<tr>\n<td><b>Batteri<\/b><\/td>\n<td>1000 mAh ren kobolt (typ C uppladdningsbart)<\/td>\n<\/tr>\n<tr>\n<td><b>Smakmodi<\/b><\/td>\n<td><b>15 smarta kombinationer (A\/B\/C\/D + hybrider)<\/b><\/td>\n<\/tr>\n<tr>\n<td><b>Spolningssystem<\/b><\/td>\n<td>Quad-Mesh 1.0\u03a9 (h\u00f6g konsistent leverans)<\/td>\n<\/tr>\n<tr>\n<td><b>F\u00f6rpackningar<\/b><\/td>\n<td>Detaljhandelsf\u00e4rdiga displayl\u00e5dor<\/td>\n<\/tr>\n<\/tbody>\n<\/table>\n<h2><b>\ud83c\udfa8Fizzy<\/b>15-i-1 150K Puffs uppladdningsbar <strong>eng\u00e5ngsvape Smaklista<\/strong>:<\/h2>\n<ol>\n<li><a href=\"https:\/\/fizzyvape.eu\/sv\/produkt\/150k-puffs-watermelon-ice-red-bull-strawberry-raspberry-triple-melon-ice\/\">vattenmelonis &amp; red bull &amp; jordgubbshallon &amp; trippelmelonis<\/a><\/li>\n<li><a href=\"https:\/\/fizzyvape.eu\/sv\/produkt\/150k-puffs-strawberry-ice-kiwi-passion-fruit-guava-peach-mango-watermelon-grape-burst\/\">jordgubbsis &amp; kiwi passionsfrukt guava &amp; persika mango vattenmelon &amp; grape burst<\/a><\/li>\n<li><a href=\"https:\/\/fizzyvape.eu\/sv\/produkt\/150k-puffs-red-bull-strawberry-kiwi-pomegranate-blueberry-ice-pineapple-coconut\/\">red bull &amp; jordgubb kiwi granat\u00e4pple &amp; bl\u00e5b\u00e4r is &amp; ananas kokosn\u00f6t<\/a><\/li>\n<li><a href=\"https:\/\/fizzyvape.eu\/sv\/produkt\/150k-puffs-strawberry-kiwi-mixed-berry-watermelon-bubblegum-juicy-peach\/\">jordgubb kiwi &amp; blandade b\u00e4r &amp; vattenmelon bubbelgum &amp; saftig persika<\/a><\/li>\n<li><a href=\"https:\/\/fizzyvape.eu\/produkt\/fizzy-150k-puffs-blueberry-raspberry-candy-set\/\">bl\u00e5b\u00e4r hallon &amp; jordgubbsis &amp; blue razz lemonad &amp; vattenmelon gummibj\u00f6rn<\/a><\/li>\n<li><a href=\"https:\/\/fizzyvape.eu\/produkt\/fizzy-150k-puffs-tropical-fruit-punch-set\/\">tropisk fruktb\u00e5l &amp; vattenmelon hallon &amp; bl\u00e5b\u00e4r kokos &amp; jordgubb skittles<\/a><\/li>\n<li><a href=\"https:\/\/fizzyvape.eu\/produkt\/fizzy-150k-puffs-love-66-strawberry-kiwi-set\/\">love 66 &amp; jordgubbar kiwi &amp; vattenmelon bl\u00e5b\u00e4r &amp; hallon lemonad<\/a><\/li>\n<li><a href=\"https:\/\/fizzyvape.eu\/produkt\/fizzy-150k-puffs-fizzy-cola-berry-set\/\">blandade b\u00e4r &amp; ananas persika passionsfrukt &amp; kolsyra &amp; jordgubbar hallon<\/a><\/li>\n<li><a href=\"https:\/\/fizzyvape.eu\/produkt\/fizzy-150k-puffs-blue-razz-raspberry-set\/\">bl\u00e5 razz rapsb\u00e4r &amp; vattenmelon k\u00f6rsb\u00e4rsis &amp; jordgubbar druva &amp; passionsfrukt apelsin persika<\/a><\/li>\n<li><a href=\"https:\/\/fizzyvape.eu\/produkt\/fizzy-150k-puffs-fizzy-cherry-citrus-set\/\">bubblande k\u00f6rsb\u00e4r &amp; jordgubbar drakfrukt &amp; citron lime &amp; vattenmelon bl\u00e5b\u00e4r<\/a><\/li>\n<li><a href=\"https:\/\/fizzyvape.eu\/produkt\/fizzy-150k-puffs-vanilla-coke-berry-set\/\">jordgubb vanilj cola &amp; bl\u00e5b\u00e4r hallon &amp; vattenmelon is &amp; k\u00f6rsb\u00e4r b\u00e4r<\/a><\/li>\n<li><a href=\"https:\/\/fizzyvape.eu\/produkt\/fizzy-150k-puffs-mojito-ice-set\/\">bl\u00e5b\u00e4rsis &amp; jordgubbar vattenmelon &amp; mojito &amp; kiwi passionsfrukt guava<\/a><\/li>\n<\/ol>\n<h3 data-start=\"2198\" data-end=\"2222\">Varf\u00f6r v\u00e4lja Fizzy 150K?<\/h3>\n<p> <b> \u26a1 150 000 puffar:<\/b> Den mest l\u00e5nglivade vape p\u00e5 marknaden.<\/p>\n<p>  \ud83d\udd04 <b> 15-i-1-smaker<\/b>: 4 oberoende kapslar; byt eller blanda smaker direkt.<\/p>\n<p> <b> \ud83d\udcf1 Smart sk\u00e4rm:<\/b> \u00d6vervakning av batteri och e-v\u00e4tska i realtid.<\/p>\n<p> <b> \ud83d\udca8 Quad-Mesh Tech:<\/b> 4 spolar f\u00f6r noll smakavbrott och massiva moln.<\/p>\n<h2><b>Produktspecifikationer<\/b><\/h2>\n<table>\n<thead>\n<tr>\n<td><strong>Funktion<\/strong><\/td>\n<td><strong>Detaljer<\/strong><\/td>\n<\/tr>\n<\/thead>\n<tbody>\n<tr>\n<td><b>Totalt antal puffar<\/b><\/td>\n<td><b>Upp till 150.000 puffar<\/b><\/td>\n<\/tr>\n<tr>\n<td><b>Kapacitet f\u00f6r e-v\u00e4tska<\/b><\/td>\n<td><b>80 ml (20 ml per pod x 4)<\/b><\/td>\n<\/tr>\n<tr>\n<td><b>Smaksystem<\/b><\/td>\n<td><b>15-i-1 Multi-smakv\u00e4xlare<\/b><\/td>\n<\/tr>\n<tr>\n<td><b>Batteri<\/b><\/td>\n<td>1000mAh uppladdningsbart (ren kobolt)<\/td>\n<\/tr>\n<tr>\n<td><b>Laddning<\/b><\/td>\n<td>Snabb typ-C-port<\/td>\n<\/tr>\n<tr>\n<td><b>Spolteknik<\/b><\/td>\n<td><b>Quad-Mesh (1,0\u03a9 x4)<\/b><\/td>\n<\/tr>\n<tr>\n<td><b>Display<\/b><\/td>\n<td>Smart LED-sk\u00e4rm i fullf\u00e4rg<\/td>\n<\/tr>\n<\/tbody>\n<\/table>\n<h2><b>FAQ-Fizzy<\/b>150000 Puffs Eng\u00e5ngs Vape<\/h2>\n<p>Q: Hur \u00e4ndrar jag smaken?<\/p>\n<p>A: Anv\u00e4nd den smarta v\u00e4ljaren p\u00e5 enheten f\u00f6r att v\u00e4xla mellan Pod A, B, C eller D. Du kan ocks\u00e5 v\u00e4lja &#8220;Combo&#8221;-l\u00e4gen f\u00f6r att blanda smaker tillsammans!<\/p>\n<p>F: Blir smaken br\u00e4nd mot slutet?<\/p>\n<p>A: Nej! Tack vare Quad-Mesh-systemet har varje kapsel sin egen f\u00e4rska spole. Smaken f\u00f6rblir ren och uts\u00f6kt under hela livsl\u00e4ngden p\u00e5 150 000 puffar.  <\/p>\n<p>Q: Hur l\u00e4nge r\u00e4cker batteriet?<\/p>\n<p>A: Batteriet p\u00e5 1000 mAh \u00e4r utformat f\u00f6r anv\u00e4ndning hela dagen. N\u00e4r batteriet \u00e4r slut \u00e4r det bara att koppla in en Type-C-kabel f\u00f6r snabbladdning (ca 45-60 minuter till full laddning). <\/p>\n","protected":false},"excerpt":{"rendered":"[html_block id=\"38779\"]\n","protected":false},"featured_media":38832,"comment_status":"open","ping_status":"closed","template":"","meta":{"iawp_total_views":0},"product_brand":[],"product_cat":[1001],"product_tag":[],"class_list":{"0":"post-38995","1":"product","2":"type-product","3":"status-publish","4":"has-post-thumbnail","6":"product_cat-fizzy-150k-150000-puffs-15-i-1-engangs-uppladdningsbar-vape","8":"first","9":"instock","10":"sale","11":"shipping-taxable","12":"purchasable","13":"product-type-variable"},"yoast_head":"<!-- This site is optimized with the Yoast SEO Premium plugin v24.8 (Yoast SEO v27.4) - https:\/\/yoast.com\/product\/yoast-seo-premium-wordpress\/ -->\n<title>Red Bull &amp; Blueberry Ice | Fizzy 150K Puffs Vape - 15-i-1-smaker<\/title>\n<meta name=\"description\" content=\"Njut av Fizzy 150K Puffs eng\u00e5ngsvape med Red Bull, Strawberry Kiwi Pomegranate, Blueberry Ice och Pineapple Coconut. 150 000 puffar, rik smakutg\u00e5ng.\" \/>\n<meta name=\"robots\" content=\"index, follow, max-snippet:-1, max-image-preview:large, max-video-preview:-1\" \/>\n<link rel=\"canonical\" href=\"https:\/\/fizzyvape.eu\/sv\/produkt\/150k-puffs-red-bull-strawberry-kiwi-pomegranate-blueberry-ice-pineapple-coconut\/\" \/>\n<meta property=\"og:locale\" content=\"sv_SE\" \/>\n<meta property=\"og:type\" content=\"article\" \/>\n<meta property=\"og:title\" content=\"150K Puffs - Red Bull &amp; Strawberry Kiwi Pomegranate &amp; Blueberry Ice &amp; Pineapple Coconut\" \/>\n<meta property=\"og:description\" content=\"Njut av Fizzy 150K Puffs eng\u00e5ngsvape med Red Bull, Strawberry Kiwi Pomegranate, Blueberry Ice och Pineapple Coconut. 150 000 puffar, rik smakutg\u00e5ng.\" \/>\n<meta property=\"og:url\" content=\"https:\/\/fizzyvape.eu\/sv\/produkt\/150k-puffs-red-bull-strawberry-kiwi-pomegranate-blueberry-ice-pineapple-coconut\/\" \/>\n<meta property=\"og:site_name\" content=\"fizzyvape.eu\" \/>\n<meta property=\"og:image\" content=\"https:\/\/fizzyvape.eu\/wp-content\/uploads\/2026\/01\/Fizzy-15-in-1-150K-Puffs-Rechargeable-Disposable-Vape-Flavors-3-1.jpg\" \/>\n\t<meta property=\"og:image:width\" content=\"1000\" \/>\n\t<meta property=\"og:image:height\" content=\"1000\" \/>\n\t<meta property=\"og:image:type\" content=\"image\/jpeg\" \/>\n<meta name=\"twitter:card\" content=\"summary_large_image\" \/>\n<meta name=\"twitter:label1\" content=\"Tillg\u00e4nglig\" \/>\n\t<meta name=\"twitter:data1\" content=\"I lager\" \/>\n<script type=\"application\/ld+json\" class=\"yoast-schema-graph\">{\"@context\":\"https:\\\/\\\/schema.org\",\"@graph\":[{\"@type\":\"WebPage\",\"@id\":\"https:\\\/\\\/fizzyvape.eu\\\/sv\\\/produkt\\\/150k-puffs-red-bull-strawberry-kiwi-pomegranate-blueberry-ice-pineapple-coconut\\\/\",\"url\":\"https:\\\/\\\/fizzyvape.eu\\\/sv\\\/produkt\\\/150k-puffs-red-bull-strawberry-kiwi-pomegranate-blueberry-ice-pineapple-coconut\\\/\",\"name\":\"Red Bull & Blueberry Ice | Fizzy 150K Puffs Vape - 15-i-1-smaker\",\"isPartOf\":{\"@id\":\"https:\\\/\\\/www.fizzyvape.eu\\\/sv\\\/#website\"},\"primaryImageOfPage\":{\"@id\":\"https:\\\/\\\/fizzyvape.eu\\\/sv\\\/produkt\\\/150k-puffs-red-bull-strawberry-kiwi-pomegranate-blueberry-ice-pineapple-coconut\\\/#primaryimage\"},\"image\":{\"@id\":\"https:\\\/\\\/fizzyvape.eu\\\/sv\\\/produkt\\\/150k-puffs-red-bull-strawberry-kiwi-pomegranate-blueberry-ice-pineapple-coconut\\\/#primaryimage\"},\"thumbnailUrl\":\"https:\\\/\\\/fizzyvape.eu\\\/wp-content\\\/uploads\\\/2026\\\/01\\\/Fizzy-15-in-1-150K-Puffs-Rechargeable-Disposable-Vape-Flavors-3-1.jpg\",\"datePublished\":\"2026-01-19T09:52:51+00:00\",\"description\":\"Njut av Fizzy 150K Puffs eng\u00e5ngsvape med Red Bull, Strawberry Kiwi Pomegranate, Blueberry Ice och Pineapple Coconut. 150 000 puffar, rik smakutg\u00e5ng.\",\"breadcrumb\":{\"@id\":\"https:\\\/\\\/fizzyvape.eu\\\/sv\\\/produkt\\\/150k-puffs-red-bull-strawberry-kiwi-pomegranate-blueberry-ice-pineapple-coconut\\\/#breadcrumb\"},\"inLanguage\":\"sv-SE\",\"potentialAction\":[{\"@type\":\"ReadAction\",\"target\":[\"https:\\\/\\\/fizzyvape.eu\\\/sv\\\/produkt\\\/150k-puffs-red-bull-strawberry-kiwi-pomegranate-blueberry-ice-pineapple-coconut\\\/\"]}]},{\"@type\":\"ImageObject\",\"inLanguage\":\"sv-SE\",\"@id\":\"https:\\\/\\\/fizzyvape.eu\\\/sv\\\/produkt\\\/150k-puffs-red-bull-strawberry-kiwi-pomegranate-blueberry-ice-pineapple-coconut\\\/#primaryimage\",\"url\":\"https:\\\/\\\/fizzyvape.eu\\\/wp-content\\\/uploads\\\/2026\\\/01\\\/Fizzy-15-in-1-150K-Puffs-Rechargeable-Disposable-Vape-Flavors-3-1.jpg\",\"contentUrl\":\"https:\\\/\\\/fizzyvape.eu\\\/wp-content\\\/uploads\\\/2026\\\/01\\\/Fizzy-15-in-1-150K-Puffs-Rechargeable-Disposable-Vape-Flavors-3-1.jpg\",\"width\":1000,\"height\":1000,\"caption\":\"Fizzy 15-in-1 150K Puffs Uppladdningsbar eng\u00e5ngs Vape Smaker 3\"},{\"@type\":\"BreadcrumbList\",\"@id\":\"https:\\\/\\\/fizzyvape.eu\\\/sv\\\/produkt\\\/150k-puffs-red-bull-strawberry-kiwi-pomegranate-blueberry-ice-pineapple-coconut\\\/#breadcrumb\",\"itemListElement\":[{\"@type\":\"ListItem\",\"position\":1,\"name\":\"Home\",\"item\":\"https:\\\/\\\/fizzyvape.eu\\\/sv\\\/\"},{\"@type\":\"ListItem\",\"position\":2,\"name\":\"Butik\",\"item\":\"https:\\\/\\\/fizzyvape.eu\\\/sv\\\/butik\\\/\"},{\"@type\":\"ListItem\",\"position\":3,\"name\":\"150K Puffs &#8211; Red Bull &amp; Strawberry Kiwi Pomegranate &amp; Blueberry Ice &amp; Pineapple Coconut\"}]},{\"@type\":\"WebSite\",\"@id\":\"https:\\\/\\\/www.fizzyvape.eu\\\/sv\\\/#website\",\"url\":\"https:\\\/\\\/www.fizzyvape.eu\\\/sv\\\/\",\"name\":\"fizzyvape.eu\",\"description\":\"Refreshing Vapes. Unforgettable Taste.\",\"publisher\":{\"@id\":\"https:\\\/\\\/www.fizzyvape.eu\\\/sv\\\/#organization\"},\"potentialAction\":[{\"@type\":\"SearchAction\",\"target\":{\"@type\":\"EntryPoint\",\"urlTemplate\":\"https:\\\/\\\/www.fizzyvape.eu\\\/sv\\\/?s={search_term_string}\"},\"query-input\":{\"@type\":\"PropertyValueSpecification\",\"valueRequired\":true,\"valueName\":\"search_term_string\"}}],\"inLanguage\":\"sv-SE\"},{\"@type\":\"Organization\",\"@id\":\"https:\\\/\\\/www.fizzyvape.eu\\\/sv\\\/#organization\",\"name\":\"fizzyvape.eu\",\"url\":\"https:\\\/\\\/www.fizzyvape.eu\\\/sv\\\/\",\"logo\":{\"@type\":\"ImageObject\",\"inLanguage\":\"sv-SE\",\"@id\":\"https:\\\/\\\/www.fizzyvape.eu\\\/sv\\\/#\\\/schema\\\/logo\\\/image\\\/\",\"url\":\"https:\\\/\\\/fizzyvape.eu\\\/wp-content\\\/uploads\\\/2019\\\/06\\\/print-1.svg\",\"contentUrl\":\"https:\\\/\\\/fizzyvape.eu\\\/wp-content\\\/uploads\\\/2019\\\/06\\\/print-1.svg\",\"width\":124,\"height\":37,\"caption\":\"fizzyvape.eu\"},\"image\":{\"@id\":\"https:\\\/\\\/www.fizzyvape.eu\\\/sv\\\/#\\\/schema\\\/logo\\\/image\\\/\"}}]}<\/script>\n<meta property=\"og:availability\" content=\"instock\" \/>\n<meta property=\"product:availability\" content=\"instock\" \/>\n<meta property=\"product:condition\" content=\"new\" \/>\n<!-- \/ Yoast SEO Premium plugin. -->","yoast_head_json":{"title":"Red Bull & Blueberry Ice | Fizzy 150K Puffs Vape - 15-i-1-smaker","description":"Njut av Fizzy 150K Puffs eng\u00e5ngsvape med Red Bull, Strawberry Kiwi Pomegranate, Blueberry Ice och Pineapple Coconut. 150 000 puffar, rik smakutg\u00e5ng.","robots":{"index":"index","follow":"follow","max-snippet":"max-snippet:-1","max-image-preview":"max-image-preview:large","max-video-preview":"max-video-preview:-1"},"canonical":"https:\/\/fizzyvape.eu\/sv\/produkt\/150k-puffs-red-bull-strawberry-kiwi-pomegranate-blueberry-ice-pineapple-coconut\/","og_locale":"sv_SE","og_type":"article","og_title":"150K Puffs - Red Bull &amp; Strawberry Kiwi Pomegranate &amp; Blueberry Ice &amp; Pineapple Coconut","og_description":"Njut av Fizzy 150K Puffs eng\u00e5ngsvape med Red Bull, Strawberry Kiwi Pomegranate, Blueberry Ice och Pineapple Coconut. 150 000 puffar, rik smakutg\u00e5ng.","og_url":"https:\/\/fizzyvape.eu\/sv\/produkt\/150k-puffs-red-bull-strawberry-kiwi-pomegranate-blueberry-ice-pineapple-coconut\/","og_site_name":"fizzyvape.eu","og_image":[{"width":1000,"height":1000,"url":"https:\/\/fizzyvape.eu\/wp-content\/uploads\/2026\/01\/Fizzy-15-in-1-150K-Puffs-Rechargeable-Disposable-Vape-Flavors-3-1.jpg","type":"image\/jpeg"}],"twitter_card":"summary_large_image","twitter_misc":{"Tillg\u00e4nglig":"I lager"},"schema":{"@context":"https:\/\/schema.org","@graph":[{"@type":"WebPage","@id":"https:\/\/fizzyvape.eu\/sv\/produkt\/150k-puffs-red-bull-strawberry-kiwi-pomegranate-blueberry-ice-pineapple-coconut\/","url":"https:\/\/fizzyvape.eu\/sv\/produkt\/150k-puffs-red-bull-strawberry-kiwi-pomegranate-blueberry-ice-pineapple-coconut\/","name":"Red Bull & Blueberry Ice | Fizzy 150K Puffs Vape - 15-i-1-smaker","isPartOf":{"@id":"https:\/\/www.fizzyvape.eu\/sv\/#website"},"primaryImageOfPage":{"@id":"https:\/\/fizzyvape.eu\/sv\/produkt\/150k-puffs-red-bull-strawberry-kiwi-pomegranate-blueberry-ice-pineapple-coconut\/#primaryimage"},"image":{"@id":"https:\/\/fizzyvape.eu\/sv\/produkt\/150k-puffs-red-bull-strawberry-kiwi-pomegranate-blueberry-ice-pineapple-coconut\/#primaryimage"},"thumbnailUrl":"https:\/\/fizzyvape.eu\/wp-content\/uploads\/2026\/01\/Fizzy-15-in-1-150K-Puffs-Rechargeable-Disposable-Vape-Flavors-3-1.jpg","datePublished":"2026-01-19T09:52:51+00:00","description":"Njut av Fizzy 150K Puffs eng\u00e5ngsvape med Red Bull, Strawberry Kiwi Pomegranate, Blueberry Ice och Pineapple Coconut. 150 000 puffar, rik smakutg\u00e5ng.","breadcrumb":{"@id":"https:\/\/fizzyvape.eu\/sv\/produkt\/150k-puffs-red-bull-strawberry-kiwi-pomegranate-blueberry-ice-pineapple-coconut\/#breadcrumb"},"inLanguage":"sv-SE","potentialAction":[{"@type":"ReadAction","target":["https:\/\/fizzyvape.eu\/sv\/produkt\/150k-puffs-red-bull-strawberry-kiwi-pomegranate-blueberry-ice-pineapple-coconut\/"]}]},{"@type":"ImageObject","inLanguage":"sv-SE","@id":"https:\/\/fizzyvape.eu\/sv\/produkt\/150k-puffs-red-bull-strawberry-kiwi-pomegranate-blueberry-ice-pineapple-coconut\/#primaryimage","url":"https:\/\/fizzyvape.eu\/wp-content\/uploads\/2026\/01\/Fizzy-15-in-1-150K-Puffs-Rechargeable-Disposable-Vape-Flavors-3-1.jpg","contentUrl":"https:\/\/fizzyvape.eu\/wp-content\/uploads\/2026\/01\/Fizzy-15-in-1-150K-Puffs-Rechargeable-Disposable-Vape-Flavors-3-1.jpg","width":1000,"height":1000,"caption":"Fizzy 15-in-1 150K Puffs Uppladdningsbar eng\u00e5ngs Vape Smaker 3"},{"@type":"BreadcrumbList","@id":"https:\/\/fizzyvape.eu\/sv\/produkt\/150k-puffs-red-bull-strawberry-kiwi-pomegranate-blueberry-ice-pineapple-coconut\/#breadcrumb","itemListElement":[{"@type":"ListItem","position":1,"name":"Home","item":"https:\/\/fizzyvape.eu\/sv\/"},{"@type":"ListItem","position":2,"name":"Butik","item":"https:\/\/fizzyvape.eu\/sv\/butik\/"},{"@type":"ListItem","position":3,"name":"150K Puffs &#8211; Red Bull &amp; Strawberry Kiwi Pomegranate &amp; Blueberry Ice &amp; Pineapple Coconut"}]},{"@type":"WebSite","@id":"https:\/\/www.fizzyvape.eu\/sv\/#website","url":"https:\/\/www.fizzyvape.eu\/sv\/","name":"fizzyvape.eu","description":"Refreshing Vapes. Unforgettable Taste.","publisher":{"@id":"https:\/\/www.fizzyvape.eu\/sv\/#organization"},"potentialAction":[{"@type":"SearchAction","target":{"@type":"EntryPoint","urlTemplate":"https:\/\/www.fizzyvape.eu\/sv\/?s={search_term_string}"},"query-input":{"@type":"PropertyValueSpecification","valueRequired":true,"valueName":"search_term_string"}}],"inLanguage":"sv-SE"},{"@type":"Organization","@id":"https:\/\/www.fizzyvape.eu\/sv\/#organization","name":"fizzyvape.eu","url":"https:\/\/www.fizzyvape.eu\/sv\/","logo":{"@type":"ImageObject","inLanguage":"sv-SE","@id":"https:\/\/www.fizzyvape.eu\/sv\/#\/schema\/logo\/image\/","url":"https:\/\/fizzyvape.eu\/wp-content\/uploads\/2019\/06\/print-1.svg","contentUrl":"https:\/\/fizzyvape.eu\/wp-content\/uploads\/2019\/06\/print-1.svg","width":124,"height":37,"caption":"fizzyvape.eu"},"image":{"@id":"https:\/\/www.fizzyvape.eu\/sv\/#\/schema\/logo\/image\/"}}]},"og_availability":"instock","product_availability":"instock","product_condition":"new"},"tiered_pricing_type":"fixed","tiered_pricing_fixed_rules":[],"tiered_pricing_product_settings":{"layout":"default","base_unit_name":{"singular":null,"plural":null},"default_variation":null},"tiered_pricing_minimum_quantity":null,"tiered_pricing_roles_data":[],"tiered_pricing_percentage_rules":[],"tiered_pricing_maximum_quantity":null,"tiered_pricing_quantity_step":null,"_links":{"self":[{"href":"https:\/\/fizzyvape.eu\/sv\/wp-json\/wp\/v2\/product\/38995","targetHints":{"allow":["GET"]}}],"collection":[{"href":"https:\/\/fizzyvape.eu\/sv\/wp-json\/wp\/v2\/product"}],"about":[{"href":"https:\/\/fizzyvape.eu\/sv\/wp-json\/wp\/v2\/types\/product"}],"replies":[{"embeddable":true,"href":"https:\/\/fizzyvape.eu\/sv\/wp-json\/wp\/v2\/comments?post=38995"}],"version-history":[{"count":0,"href":"https:\/\/fizzyvape.eu\/sv\/wp-json\/wp\/v2\/product\/38995\/revisions"}],"wp:featuredmedia":[{"embeddable":true,"href":"https:\/\/fizzyvape.eu\/sv\/wp-json\/wp\/v2\/media\/38832"}],"wp:attachment":[{"href":"https:\/\/fizzyvape.eu\/sv\/wp-json\/wp\/v2\/media?parent=38995"}],"wp:term":[{"taxonomy":"product_brand","embeddable":true,"href":"https:\/\/fizzyvape.eu\/sv\/wp-json\/wp\/v2\/product_brand?post=38995"},{"taxonomy":"product_cat","embeddable":true,"href":"https:\/\/fizzyvape.eu\/sv\/wp-json\/wp\/v2\/product_cat?post=38995"},{"taxonomy":"product_tag","embeddable":true,"href":"https:\/\/fizzyvape.eu\/sv\/wp-json\/wp\/v2\/product_tag?post=38995"}],"curies":[{"name":"wp","href":"https:\/\/api.w.org\/{rel}","templated":true}]}}