{"id":39114,"date":"2026-01-19T18:20:37","date_gmt":"2026-01-19T10:20:37","guid":{"rendered":"https:\/\/fizzyvape.eu\/product\/150k-puffs-blue-razz-rapsberry-watermelon-cherry-ice-strawberry-grape-passion-fruit-orange-peach\/"},"modified":"2026-01-19T18:20:37","modified_gmt":"2026-01-19T10:20:37","slug":"150k-puffs-blue-razz-rapsberry-watermelon-cherry-ice-strawberry-grape-passion-fruit-orange-peach","status":"publish","type":"product","link":"https:\/\/fizzyvape.eu\/sv\/produkt\/150k-puffs-blue-razz-rapsberry-watermelon-cherry-ice-strawberry-grape-passion-fruit-orange-peach\/","title":{"rendered":"150K Puffs &#8211; Blue Razz Rapsberry &amp; Watermelon Cherry Ice &amp; Strawberry Grape &amp;Passion Fruit Orange Peach"},"content":{"rendered":"<p><img decoding=\"async\" class=\"wp-image-38869 size-large\" src=\"https:\/\/fizzyvape.eu\/wp-content\/uploads\/2026\/01\/Fizzy-15-in-1-150K-Puffs-Rechargeable-Disposable-Vape-Flavors-8-1-800x800.jpg\" alt=\"Fizzy 15-in-1 150K Puffs Uppladdningsbar eng\u00e5ngs Vape Smaker 8\" width=\"800\" height=\"800\" srcset=\"https:\/\/fizzyvape.eu\/wp-content\/uploads\/2026\/01\/Fizzy-15-in-1-150K-Puffs-Rechargeable-Disposable-Vape-Flavors-8-1-800x800.jpg 800w, https:\/\/fizzyvape.eu\/wp-content\/uploads\/2026\/01\/Fizzy-15-in-1-150K-Puffs-Rechargeable-Disposable-Vape-Flavors-8-1-300x300.jpg 300w, https:\/\/fizzyvape.eu\/wp-content\/uploads\/2026\/01\/Fizzy-15-in-1-150K-Puffs-Rechargeable-Disposable-Vape-Flavors-8-1-150x150.jpg 150w, https:\/\/fizzyvape.eu\/wp-content\/uploads\/2026\/01\/Fizzy-15-in-1-150K-Puffs-Rechargeable-Disposable-Vape-Flavors-8-1-768x768.jpg 768w, https:\/\/fizzyvape.eu\/wp-content\/uploads\/2026\/01\/Fizzy-15-in-1-150K-Puffs-Rechargeable-Disposable-Vape-Flavors-8-1-100x100.jpg 100w, https:\/\/fizzyvape.eu\/wp-content\/uploads\/2026\/01\/Fizzy-15-in-1-150K-Puffs-Rechargeable-Disposable-Vape-Flavors-8-1-200x200.jpg 200w, https:\/\/fizzyvape.eu\/wp-content\/uploads\/2026\/01\/Fizzy-15-in-1-150K-Puffs-Rechargeable-Disposable-Vape-Flavors-8-1-400x400.jpg 400w, https:\/\/fizzyvape.eu\/wp-content\/uploads\/2026\/01\/Fizzy-15-in-1-150K-Puffs-Rechargeable-Disposable-Vape-Flavors-8-1-500x500.jpg 500w, https:\/\/fizzyvape.eu\/wp-content\/uploads\/2026\/01\/Fizzy-15-in-1-150K-Puffs-Rechargeable-Disposable-Vape-Flavors-8-1-430x430.jpg 430w, https:\/\/fizzyvape.eu\/wp-content\/uploads\/2026\/01\/Fizzy-15-in-1-150K-Puffs-Rechargeable-Disposable-Vape-Flavors-8-1-700x700.jpg 700w, https:\/\/fizzyvape.eu\/wp-content\/uploads\/2026\/01\/Fizzy-15-in-1-150K-Puffs-Rechargeable-Disposable-Vape-Flavors-8-1.jpg 1000w\" sizes=\"(max-width: 800px) 100vw, 800px\" \/><\/p>\n<h2>Fizzy 150K Puffs &#8211; Blue Razz Rapsberry &amp; Watermelon Cherry Ice &amp; Strawberry Grape &amp;Passion Fruit Orange Peach<\/h2>\n<p><b>Fizzy 150K Puffs eng\u00e5ngsvape<\/b> \u00e4r den ultimata l\u00f6sningen f\u00f6r <b>vapers<\/b> som vill ha allt. Med en massiv <b>80 ml e-v\u00e4tskebeh\u00e5llare<\/b> och v\u00e4rldens f\u00f6rsta <b>15-i-1 smarta v\u00e4xlingssystem<\/b> \u00e4r den h\u00e4r enheten byggd f\u00f6r att h\u00e5lla l\u00e4ngre och \u00f6vertr\u00e4ffa allt annat i din samling. Denna specifika utg\u00e5va erbjuder ett f\u00f6rstklassigt urval av syrliga b\u00e4r, frostade meloner och soldr\u00e4nkta exotiska frukter f\u00f6r en verkligt raffinerad upplevelse.  <\/p>\n<h2><b>\ud83c\udf08 Smakpaletten med 4 pinnar<\/b><\/h2>\n<p>Inuti denna <b>150K Puffs eng\u00e5ngs vape<\/b> har du fyra oberoende 20mL pods. Njut av dem som frist\u00e5ende smaker, eller anv\u00e4nd den smarta v\u00e4xeln f\u00f6r att <b>blanda dem till 15 unika hybridkombinationer<\/b>: <\/p>\n<ul>\n<li><b>\ud83e\uded0 Blue Razz Raspberry:<\/b> En livlig och syrlig explosion av bl\u00e5 hallon blandat med s\u00f6ta frukthallon.<\/li>\n<li><b>\ud83c\udf52 Vattenmelon K\u00f6rsb\u00e4r Is:<\/b> Saftig sommarvattenmelon m\u00f6ter s\u00f6ta m\u00f6rka k\u00f6rsb\u00e4r med en frysande arktisk finish.<\/li>\n<li><b>\ud83c\udf47 Jordgubbsdruva:<\/b> En rik, syltig blandning av solmogna jordgubbar och djupa, s\u00f6ta lila druvor.<\/li>\n<li><b>\ud83c\udf4a Passionsfrukt Apelsin Persika:<\/b> En citrusliknande, tropisk trio som ger en perfekt balans mellan syrlighet och sammetslen persikos\u00f6tma.<\/li>\n<\/ul>\n<p><img decoding=\"async\" class=\"wp-image-38407 size-full\" src=\"https:\/\/fizzyvape.eu\/wp-content\/uploads\/2025\/12\/Fizzy-150K-Puffs-Disposable-Vape-5-scaled.jpg\" alt=\"Fizzy 150K Puffs eng\u00e5ngsvape - 5\" width=\"1663\" height=\"2560\" srcset=\"https:\/\/fizzyvape.eu\/wp-content\/uploads\/2025\/12\/Fizzy-150K-Puffs-Disposable-Vape-5-scaled.jpg 1663w, https:\/\/fizzyvape.eu\/wp-content\/uploads\/2025\/12\/Fizzy-150K-Puffs-Disposable-Vape-5-195x300.jpg 195w, https:\/\/fizzyvape.eu\/wp-content\/uploads\/2025\/12\/Fizzy-150K-Puffs-Disposable-Vape-5-520x800.jpg 520w, https:\/\/fizzyvape.eu\/wp-content\/uploads\/2025\/12\/Fizzy-150K-Puffs-Disposable-Vape-5-768x1182.jpg 768w, https:\/\/fizzyvape.eu\/wp-content\/uploads\/2025\/12\/Fizzy-150K-Puffs-Disposable-Vape-5-998x1536.jpg 998w, https:\/\/fizzyvape.eu\/wp-content\/uploads\/2025\/12\/Fizzy-150K-Puffs-Disposable-Vape-5-1330x2048.jpg 1330w, https:\/\/fizzyvape.eu\/wp-content\/uploads\/2025\/12\/Fizzy-150K-Puffs-Disposable-Vape-5-430x662.jpg 430w, https:\/\/fizzyvape.eu\/wp-content\/uploads\/2025\/12\/Fizzy-150K-Puffs-Disposable-Vape-5-700x1078.jpg 700w, https:\/\/fizzyvape.eu\/wp-content\/uploads\/2025\/12\/Fizzy-150K-Puffs-Disposable-Vape-5-150x231.jpg 150w\" sizes=\"(max-width: 1663px) 100vw, 1663px\" \/><\/p>\n<h2><b>\ud83d\udce6 Specifikationer<\/b><\/h2>\n<table>\n<thead>\n<tr>\n<td><strong>Funktion<\/strong><\/td>\n<td><strong>B2B Teknisk data<\/strong><\/td>\n<\/tr>\n<\/thead>\n<tbody>\n<tr>\n<td><b>Antal puffar<\/b><\/td>\n<td>Upp till 150.000 puffar<\/td>\n<\/tr>\n<tr>\n<td><b>Kapacitet f\u00f6r e-v\u00e4tska<\/b><\/td>\n<td><b>80 ml totalt (20 ml x 4 oberoende dosor)<\/b><\/td>\n<\/tr>\n<tr>\n<td><b>Batteri<\/b><\/td>\n<td>1000 mAh ren kobolt (typ C uppladdningsbart)<\/td>\n<\/tr>\n<tr>\n<td><b>Smakmodi<\/b><\/td>\n<td><b>15 smarta kombinationer (A\/B\/C\/D + hybrider)<\/b><\/td>\n<\/tr>\n<tr>\n<td><b>Spolningssystem<\/b><\/td>\n<td>Quad-Mesh 1.0\u03a9 (h\u00f6g konsistent leverans)<\/td>\n<\/tr>\n<tr>\n<td><b>F\u00f6rpackningar<\/b><\/td>\n<td>Detaljhandelsf\u00e4rdiga displayl\u00e5dor<\/td>\n<\/tr>\n<\/tbody>\n<\/table>\n<h2><b>\ud83c\udfa8Fizzy<\/b>15-i-1 150K Puffs uppladdningsbar <strong>eng\u00e5ngsvape Smaklista<\/strong>:<\/h2>\n<ol>\n<li><a href=\"https:\/\/fizzyvape.eu\/sv\/produkt\/150k-puffs-watermelon-ice-red-bull-strawberry-raspberry-triple-melon-ice\/\">vattenmelonis &amp; red bull &amp; jordgubbshallon &amp; trippelmelonis<\/a><\/li>\n<li><a href=\"https:\/\/fizzyvape.eu\/sv\/produkt\/150k-puffs-strawberry-ice-kiwi-passion-fruit-guava-peach-mango-watermelon-grape-burst\/\">jordgubbsis &amp; kiwi passionsfrukt guava &amp; persika mango vattenmelon &amp; grape burst<\/a><\/li>\n<li><a href=\"https:\/\/fizzyvape.eu\/sv\/produkt\/150k-puffs-red-bull-strawberry-kiwi-pomegranate-blueberry-ice-pineapple-coconut\/\">red bull &amp; jordgubb kiwi granat\u00e4pple &amp; bl\u00e5b\u00e4r is &amp; ananas kokosn\u00f6t<\/a><\/li>\n<li><a href=\"https:\/\/fizzyvape.eu\/sv\/produkt\/150k-puffs-strawberry-kiwi-mixed-berry-watermelon-bubblegum-juicy-peach\/\">jordgubb kiwi &amp; blandade b\u00e4r &amp; vattenmelon bubbelgum &amp; saftig persika<\/a><\/li>\n<li><a href=\"https:\/\/fizzyvape.eu\/sv\/produkt\/150k-puffs-blabar-hallon-jordgubbsis-blue-razz-lemonade-vattenmelon-gummibjorn\/\">bl\u00e5b\u00e4r hallon &amp; jordgubbsis &amp; blue razz lemonad &amp; vattenmelon gummibj\u00f6rn<\/a><\/li>\n<li><a href=\"https:\/\/fizzyvape.eu\/sv\/produkt\/150k-puffs-tropical-fruit-punch-watermelon-raspberry-blueberry-coconut-strawberry-skittles\/\">tropisk fruktb\u00e5l &amp; vattenmelon hallon &amp; bl\u00e5b\u00e4r kokos &amp; jordgubb skittles<\/a><\/li>\n<li><a href=\"https:\/\/fizzyvape.eu\/sv\/produkt\/150k-puffs-love-66-strawberry-kiwi-watermelon-blueberry-raspberry-lemonade\/\">love 66 &amp; jordgubbar kiwi &amp; vattenmelon bl\u00e5b\u00e4r &amp; hallon lemonad<\/a><\/li>\n<li><a href=\"https:\/\/fizzyvape.eu\/sv\/produkt\/150k-puffs-blandade-bar-ananas-persika-passionsfrukt-fizzy-cola-jordgubb-hallon\/\">blandade b\u00e4r &amp; ananas persika passionsfrukt &amp; kolsyra &amp; jordgubbar hallon<\/a><\/li>\n<li><a href=\"https:\/\/fizzyvape.eu\/sv\/produkt\/150k-puffs-blue-razz-rapsberry-watermelon-cherry-ice-strawberry-grape-passion-fruit-orange-peach\/\">bl\u00e5 razz rapsb\u00e4r &amp; vattenmelon k\u00f6rsb\u00e4rsis &amp; jordgubbar druva &amp; passionsfrukt apelsin persika<\/a><\/li>\n<li><a href=\"https:\/\/fizzyvape.eu\/produkt\/fizzy-150k-puffs-fizzy-cherry-citrus-set\/\">bubblande k\u00f6rsb\u00e4r &amp; jordgubbar drakfrukt &amp; citron lime &amp; vattenmelon bl\u00e5b\u00e4r<\/a><\/li>\n<li><a href=\"https:\/\/fizzyvape.eu\/produkt\/fizzy-150k-puffs-vanilla-coke-berry-set\/\">jordgubb vanilj cola &amp; bl\u00e5b\u00e4r hallon &amp; vattenmelon is &amp; k\u00f6rsb\u00e4r b\u00e4r<\/a><\/li>\n<li><a href=\"https:\/\/fizzyvape.eu\/produkt\/fizzy-150k-puffs-mojito-ice-set\/\">bl\u00e5b\u00e4rsis &amp; jordgubbar vattenmelon &amp; mojito &amp; kiwi passionsfrukt guava<\/a><\/li>\n<\/ol>\n<h2><b>\u2753 Snabb FAQ<\/b><\/h2>\n<p><b>F: Hur f\u00e5r jag tillg\u00e5ng till alla 15 smakerna i Fizzy 150K?<\/b><\/p>\n<p>A: Du kan anv\u00e4nda de 4 smakerna (A, B, C, D) individuellt. Genom att v\u00e4lja &#8220;Combo&#8221;-l\u00e4gen p\u00e5 enheten kan du blanda A+B, B+C, A+C osv. och skapa ytterligare 11 hybrida smakprofiler, totalt 15! <\/p>\n<p><b>F: \u00c4r 150K Puffs eng\u00e5ngsvape \u00e4kta?<\/b><\/p>\n<p>S: Ja, det st\u00e4mmer. Varje Fizzy 150K inneh\u00e5ller en unik s\u00e4kerhetsskrapkod. Du kan verifiera din enhet p\u00e5 den officiella Fizzy-webbplatsen f\u00f6r att garantera dess \u00e4kthet.  <\/p>\n<p><b>Q: Vilket \u00e4r det b\u00e4sta s\u00e4ttet att ladda den?<\/b><\/p>\n<p>A: Anv\u00e4nd en standard Type-C-kabel och en 5V\/1A adapter. Undvik &#8220;snabbladdare&#8221; f\u00f6r telefoner med h\u00f6g effekt f\u00f6r att f\u00f6rl\u00e4nga livsl\u00e4ngden p\u00e5 1000 mAh-batteriet. <\/p>\n","protected":false},"excerpt":{"rendered":"[html_block id=\"38779\"]\n","protected":false},"featured_media":38877,"comment_status":"open","ping_status":"closed","template":"","meta":{"iawp_total_views":0},"product_brand":[],"product_cat":[1001],"product_tag":[],"class_list":{"0":"post-39114","1":"product","2":"type-product","3":"status-publish","4":"has-post-thumbnail","6":"product_cat-fizzy-150k-150000-puffs-15-i-1-engangs-uppladdningsbar-vape","8":"first","9":"instock","10":"sale","11":"shipping-taxable","12":"purchasable","13":"product-type-variable"},"yoast_head":"<!-- This site is optimized with the Yoast SEO Premium plugin v24.8 (Yoast SEO v27.4) - https:\/\/yoast.com\/product\/yoast-seo-premium-wordpress\/ -->\n<title>Fizzy Cola &amp; Mixed Berry | Fizzy 150K Puffs - 15-i-1-smaker<\/title>\n<meta name=\"description\" content=\"Prova Fizzy 150K Puffs eng\u00e5ngsvape med Mixed Berry, Pineapple Peach Passion Fruit, Fizzy Cola och Strawberry Raspberry. 150 000 puffar, dj\u00e4rva smaklager.\" \/>\n<meta name=\"robots\" content=\"index, follow, max-snippet:-1, max-image-preview:large, max-video-preview:-1\" \/>\n<link rel=\"canonical\" href=\"https:\/\/fizzyvape.eu\/sv\/produkt\/150k-puffs-blue-razz-rapsberry-watermelon-cherry-ice-strawberry-grape-passion-fruit-orange-peach\/\" \/>\n<meta property=\"og:locale\" content=\"sv_SE\" \/>\n<meta property=\"og:type\" content=\"article\" \/>\n<meta property=\"og:title\" content=\"150K Puffs - Blue Razz Rapsberry &amp; Watermelon Cherry Ice &amp; Strawberry Grape &amp;Passion Fruit Orange Peach\" \/>\n<meta property=\"og:description\" content=\"Prova Fizzy 150K Puffs eng\u00e5ngsvape med Mixed Berry, Pineapple Peach Passion Fruit, Fizzy Cola och Strawberry Raspberry. 150 000 puffar, dj\u00e4rva smaklager.\" \/>\n<meta property=\"og:url\" content=\"https:\/\/fizzyvape.eu\/sv\/produkt\/150k-puffs-blue-razz-rapsberry-watermelon-cherry-ice-strawberry-grape-passion-fruit-orange-peach\/\" \/>\n<meta property=\"og:site_name\" content=\"fizzyvape.eu\" \/>\n<meta property=\"og:image\" content=\"https:\/\/fizzyvape.eu\/wp-content\/uploads\/2026\/01\/Fizzy-15-in-1-150K-Puffs-Rechargeable-Disposable-Vape-Flavors-8-1.jpg\" \/>\n\t<meta property=\"og:image:width\" content=\"1000\" \/>\n\t<meta property=\"og:image:height\" content=\"1000\" \/>\n\t<meta property=\"og:image:type\" content=\"image\/jpeg\" \/>\n<meta name=\"twitter:card\" content=\"summary_large_image\" \/>\n<meta name=\"twitter:label1\" content=\"Tillg\u00e4nglig\" \/>\n\t<meta name=\"twitter:data1\" content=\"I lager\" \/>\n<script type=\"application\/ld+json\" class=\"yoast-schema-graph\">{\"@context\":\"https:\\\/\\\/schema.org\",\"@graph\":[{\"@type\":\"WebPage\",\"@id\":\"https:\\\/\\\/fizzyvape.eu\\\/sv\\\/produkt\\\/150k-puffs-blue-razz-rapsberry-watermelon-cherry-ice-strawberry-grape-passion-fruit-orange-peach\\\/\",\"url\":\"https:\\\/\\\/fizzyvape.eu\\\/sv\\\/produkt\\\/150k-puffs-blue-razz-rapsberry-watermelon-cherry-ice-strawberry-grape-passion-fruit-orange-peach\\\/\",\"name\":\"Fizzy Cola & Mixed Berry | Fizzy 150K Puffs - 15-i-1-smaker\",\"isPartOf\":{\"@id\":\"https:\\\/\\\/www.fizzyvape.eu\\\/sv\\\/#website\"},\"primaryImageOfPage\":{\"@id\":\"https:\\\/\\\/fizzyvape.eu\\\/sv\\\/produkt\\\/150k-puffs-blue-razz-rapsberry-watermelon-cherry-ice-strawberry-grape-passion-fruit-orange-peach\\\/#primaryimage\"},\"image\":{\"@id\":\"https:\\\/\\\/fizzyvape.eu\\\/sv\\\/produkt\\\/150k-puffs-blue-razz-rapsberry-watermelon-cherry-ice-strawberry-grape-passion-fruit-orange-peach\\\/#primaryimage\"},\"thumbnailUrl\":\"https:\\\/\\\/fizzyvape.eu\\\/wp-content\\\/uploads\\\/2026\\\/01\\\/Fizzy-15-in-1-150K-Puffs-Rechargeable-Disposable-Vape-Flavors-8-1.jpg\",\"datePublished\":\"2026-01-19T10:20:37+00:00\",\"description\":\"Prova Fizzy 150K Puffs eng\u00e5ngsvape med Mixed Berry, Pineapple Peach Passion Fruit, Fizzy Cola och Strawberry Raspberry. 150 000 puffar, dj\u00e4rva smaklager.\",\"breadcrumb\":{\"@id\":\"https:\\\/\\\/fizzyvape.eu\\\/sv\\\/produkt\\\/150k-puffs-blue-razz-rapsberry-watermelon-cherry-ice-strawberry-grape-passion-fruit-orange-peach\\\/#breadcrumb\"},\"inLanguage\":\"sv-SE\",\"potentialAction\":[{\"@type\":\"ReadAction\",\"target\":[\"https:\\\/\\\/fizzyvape.eu\\\/sv\\\/produkt\\\/150k-puffs-blue-razz-rapsberry-watermelon-cherry-ice-strawberry-grape-passion-fruit-orange-peach\\\/\"]}]},{\"@type\":\"ImageObject\",\"inLanguage\":\"sv-SE\",\"@id\":\"https:\\\/\\\/fizzyvape.eu\\\/sv\\\/produkt\\\/150k-puffs-blue-razz-rapsberry-watermelon-cherry-ice-strawberry-grape-passion-fruit-orange-peach\\\/#primaryimage\",\"url\":\"https:\\\/\\\/fizzyvape.eu\\\/wp-content\\\/uploads\\\/2026\\\/01\\\/Fizzy-15-in-1-150K-Puffs-Rechargeable-Disposable-Vape-Flavors-8-1.jpg\",\"contentUrl\":\"https:\\\/\\\/fizzyvape.eu\\\/wp-content\\\/uploads\\\/2026\\\/01\\\/Fizzy-15-in-1-150K-Puffs-Rechargeable-Disposable-Vape-Flavors-8-1.jpg\",\"width\":1000,\"height\":1000,\"caption\":\"Fizzy 15-in-1 150K Puffs Uppladdningsbar eng\u00e5ngs Vape Smaker 8\"},{\"@type\":\"BreadcrumbList\",\"@id\":\"https:\\\/\\\/fizzyvape.eu\\\/sv\\\/produkt\\\/150k-puffs-blue-razz-rapsberry-watermelon-cherry-ice-strawberry-grape-passion-fruit-orange-peach\\\/#breadcrumb\",\"itemListElement\":[{\"@type\":\"ListItem\",\"position\":1,\"name\":\"Home\",\"item\":\"https:\\\/\\\/fizzyvape.eu\\\/sv\\\/\"},{\"@type\":\"ListItem\",\"position\":2,\"name\":\"Butik\",\"item\":\"https:\\\/\\\/fizzyvape.eu\\\/sv\\\/butik\\\/\"},{\"@type\":\"ListItem\",\"position\":3,\"name\":\"150K Puffs &#8211; Blue Razz Rapsberry &amp; Watermelon Cherry Ice &amp; Strawberry Grape &amp;Passion Fruit Orange Peach\"}]},{\"@type\":\"WebSite\",\"@id\":\"https:\\\/\\\/www.fizzyvape.eu\\\/sv\\\/#website\",\"url\":\"https:\\\/\\\/www.fizzyvape.eu\\\/sv\\\/\",\"name\":\"fizzyvape.eu\",\"description\":\"Refreshing Vapes. Unforgettable Taste.\",\"publisher\":{\"@id\":\"https:\\\/\\\/www.fizzyvape.eu\\\/sv\\\/#organization\"},\"potentialAction\":[{\"@type\":\"SearchAction\",\"target\":{\"@type\":\"EntryPoint\",\"urlTemplate\":\"https:\\\/\\\/www.fizzyvape.eu\\\/sv\\\/?s={search_term_string}\"},\"query-input\":{\"@type\":\"PropertyValueSpecification\",\"valueRequired\":true,\"valueName\":\"search_term_string\"}}],\"inLanguage\":\"sv-SE\"},{\"@type\":\"Organization\",\"@id\":\"https:\\\/\\\/www.fizzyvape.eu\\\/sv\\\/#organization\",\"name\":\"fizzyvape.eu\",\"url\":\"https:\\\/\\\/www.fizzyvape.eu\\\/sv\\\/\",\"logo\":{\"@type\":\"ImageObject\",\"inLanguage\":\"sv-SE\",\"@id\":\"https:\\\/\\\/www.fizzyvape.eu\\\/sv\\\/#\\\/schema\\\/logo\\\/image\\\/\",\"url\":\"https:\\\/\\\/fizzyvape.eu\\\/wp-content\\\/uploads\\\/2019\\\/06\\\/print-1.svg\",\"contentUrl\":\"https:\\\/\\\/fizzyvape.eu\\\/wp-content\\\/uploads\\\/2019\\\/06\\\/print-1.svg\",\"width\":124,\"height\":37,\"caption\":\"fizzyvape.eu\"},\"image\":{\"@id\":\"https:\\\/\\\/www.fizzyvape.eu\\\/sv\\\/#\\\/schema\\\/logo\\\/image\\\/\"}}]}<\/script>\n<meta property=\"og:availability\" content=\"instock\" \/>\n<meta property=\"product:availability\" content=\"instock\" \/>\n<meta property=\"product:condition\" content=\"new\" \/>\n<!-- \/ Yoast SEO Premium plugin. -->","yoast_head_json":{"title":"Fizzy Cola & Mixed Berry | Fizzy 150K Puffs - 15-i-1-smaker","description":"Prova Fizzy 150K Puffs eng\u00e5ngsvape med Mixed Berry, Pineapple Peach Passion Fruit, Fizzy Cola och Strawberry Raspberry. 150 000 puffar, dj\u00e4rva smaklager.","robots":{"index":"index","follow":"follow","max-snippet":"max-snippet:-1","max-image-preview":"max-image-preview:large","max-video-preview":"max-video-preview:-1"},"canonical":"https:\/\/fizzyvape.eu\/sv\/produkt\/150k-puffs-blue-razz-rapsberry-watermelon-cherry-ice-strawberry-grape-passion-fruit-orange-peach\/","og_locale":"sv_SE","og_type":"article","og_title":"150K Puffs - Blue Razz Rapsberry &amp; Watermelon Cherry Ice &amp; Strawberry Grape &amp;Passion Fruit Orange Peach","og_description":"Prova Fizzy 150K Puffs eng\u00e5ngsvape med Mixed Berry, Pineapple Peach Passion Fruit, Fizzy Cola och Strawberry Raspberry. 150 000 puffar, dj\u00e4rva smaklager.","og_url":"https:\/\/fizzyvape.eu\/sv\/produkt\/150k-puffs-blue-razz-rapsberry-watermelon-cherry-ice-strawberry-grape-passion-fruit-orange-peach\/","og_site_name":"fizzyvape.eu","og_image":[{"width":1000,"height":1000,"url":"https:\/\/fizzyvape.eu\/wp-content\/uploads\/2026\/01\/Fizzy-15-in-1-150K-Puffs-Rechargeable-Disposable-Vape-Flavors-8-1.jpg","type":"image\/jpeg"}],"twitter_card":"summary_large_image","twitter_misc":{"Tillg\u00e4nglig":"I lager"},"schema":{"@context":"https:\/\/schema.org","@graph":[{"@type":"WebPage","@id":"https:\/\/fizzyvape.eu\/sv\/produkt\/150k-puffs-blue-razz-rapsberry-watermelon-cherry-ice-strawberry-grape-passion-fruit-orange-peach\/","url":"https:\/\/fizzyvape.eu\/sv\/produkt\/150k-puffs-blue-razz-rapsberry-watermelon-cherry-ice-strawberry-grape-passion-fruit-orange-peach\/","name":"Fizzy Cola & Mixed Berry | Fizzy 150K Puffs - 15-i-1-smaker","isPartOf":{"@id":"https:\/\/www.fizzyvape.eu\/sv\/#website"},"primaryImageOfPage":{"@id":"https:\/\/fizzyvape.eu\/sv\/produkt\/150k-puffs-blue-razz-rapsberry-watermelon-cherry-ice-strawberry-grape-passion-fruit-orange-peach\/#primaryimage"},"image":{"@id":"https:\/\/fizzyvape.eu\/sv\/produkt\/150k-puffs-blue-razz-rapsberry-watermelon-cherry-ice-strawberry-grape-passion-fruit-orange-peach\/#primaryimage"},"thumbnailUrl":"https:\/\/fizzyvape.eu\/wp-content\/uploads\/2026\/01\/Fizzy-15-in-1-150K-Puffs-Rechargeable-Disposable-Vape-Flavors-8-1.jpg","datePublished":"2026-01-19T10:20:37+00:00","description":"Prova Fizzy 150K Puffs eng\u00e5ngsvape med Mixed Berry, Pineapple Peach Passion Fruit, Fizzy Cola och Strawberry Raspberry. 150 000 puffar, dj\u00e4rva smaklager.","breadcrumb":{"@id":"https:\/\/fizzyvape.eu\/sv\/produkt\/150k-puffs-blue-razz-rapsberry-watermelon-cherry-ice-strawberry-grape-passion-fruit-orange-peach\/#breadcrumb"},"inLanguage":"sv-SE","potentialAction":[{"@type":"ReadAction","target":["https:\/\/fizzyvape.eu\/sv\/produkt\/150k-puffs-blue-razz-rapsberry-watermelon-cherry-ice-strawberry-grape-passion-fruit-orange-peach\/"]}]},{"@type":"ImageObject","inLanguage":"sv-SE","@id":"https:\/\/fizzyvape.eu\/sv\/produkt\/150k-puffs-blue-razz-rapsberry-watermelon-cherry-ice-strawberry-grape-passion-fruit-orange-peach\/#primaryimage","url":"https:\/\/fizzyvape.eu\/wp-content\/uploads\/2026\/01\/Fizzy-15-in-1-150K-Puffs-Rechargeable-Disposable-Vape-Flavors-8-1.jpg","contentUrl":"https:\/\/fizzyvape.eu\/wp-content\/uploads\/2026\/01\/Fizzy-15-in-1-150K-Puffs-Rechargeable-Disposable-Vape-Flavors-8-1.jpg","width":1000,"height":1000,"caption":"Fizzy 15-in-1 150K Puffs Uppladdningsbar eng\u00e5ngs Vape Smaker 8"},{"@type":"BreadcrumbList","@id":"https:\/\/fizzyvape.eu\/sv\/produkt\/150k-puffs-blue-razz-rapsberry-watermelon-cherry-ice-strawberry-grape-passion-fruit-orange-peach\/#breadcrumb","itemListElement":[{"@type":"ListItem","position":1,"name":"Home","item":"https:\/\/fizzyvape.eu\/sv\/"},{"@type":"ListItem","position":2,"name":"Butik","item":"https:\/\/fizzyvape.eu\/sv\/butik\/"},{"@type":"ListItem","position":3,"name":"150K Puffs &#8211; Blue Razz Rapsberry &amp; Watermelon Cherry Ice &amp; Strawberry Grape &amp;Passion Fruit Orange Peach"}]},{"@type":"WebSite","@id":"https:\/\/www.fizzyvape.eu\/sv\/#website","url":"https:\/\/www.fizzyvape.eu\/sv\/","name":"fizzyvape.eu","description":"Refreshing Vapes. Unforgettable Taste.","publisher":{"@id":"https:\/\/www.fizzyvape.eu\/sv\/#organization"},"potentialAction":[{"@type":"SearchAction","target":{"@type":"EntryPoint","urlTemplate":"https:\/\/www.fizzyvape.eu\/sv\/?s={search_term_string}"},"query-input":{"@type":"PropertyValueSpecification","valueRequired":true,"valueName":"search_term_string"}}],"inLanguage":"sv-SE"},{"@type":"Organization","@id":"https:\/\/www.fizzyvape.eu\/sv\/#organization","name":"fizzyvape.eu","url":"https:\/\/www.fizzyvape.eu\/sv\/","logo":{"@type":"ImageObject","inLanguage":"sv-SE","@id":"https:\/\/www.fizzyvape.eu\/sv\/#\/schema\/logo\/image\/","url":"https:\/\/fizzyvape.eu\/wp-content\/uploads\/2019\/06\/print-1.svg","contentUrl":"https:\/\/fizzyvape.eu\/wp-content\/uploads\/2019\/06\/print-1.svg","width":124,"height":37,"caption":"fizzyvape.eu"},"image":{"@id":"https:\/\/www.fizzyvape.eu\/sv\/#\/schema\/logo\/image\/"}}]},"og_availability":"instock","product_availability":"instock","product_condition":"new"},"tiered_pricing_type":"fixed","tiered_pricing_fixed_rules":[],"tiered_pricing_product_settings":{"layout":"default","base_unit_name":{"singular":null,"plural":null},"default_variation":null},"tiered_pricing_minimum_quantity":null,"tiered_pricing_roles_data":[],"tiered_pricing_percentage_rules":[],"tiered_pricing_maximum_quantity":null,"tiered_pricing_quantity_step":null,"_links":{"self":[{"href":"https:\/\/fizzyvape.eu\/sv\/wp-json\/wp\/v2\/product\/39114","targetHints":{"allow":["GET"]}}],"collection":[{"href":"https:\/\/fizzyvape.eu\/sv\/wp-json\/wp\/v2\/product"}],"about":[{"href":"https:\/\/fizzyvape.eu\/sv\/wp-json\/wp\/v2\/types\/product"}],"replies":[{"embeddable":true,"href":"https:\/\/fizzyvape.eu\/sv\/wp-json\/wp\/v2\/comments?post=39114"}],"version-history":[{"count":0,"href":"https:\/\/fizzyvape.eu\/sv\/wp-json\/wp\/v2\/product\/39114\/revisions"}],"wp:featuredmedia":[{"embeddable":true,"href":"https:\/\/fizzyvape.eu\/sv\/wp-json\/wp\/v2\/media\/38877"}],"wp:attachment":[{"href":"https:\/\/fizzyvape.eu\/sv\/wp-json\/wp\/v2\/media?parent=39114"}],"wp:term":[{"taxonomy":"product_brand","embeddable":true,"href":"https:\/\/fizzyvape.eu\/sv\/wp-json\/wp\/v2\/product_brand?post=39114"},{"taxonomy":"product_cat","embeddable":true,"href":"https:\/\/fizzyvape.eu\/sv\/wp-json\/wp\/v2\/product_cat?post=39114"},{"taxonomy":"product_tag","embeddable":true,"href":"https:\/\/fizzyvape.eu\/sv\/wp-json\/wp\/v2\/product_tag?post=39114"}],"curies":[{"name":"wp","href":"https:\/\/api.w.org\/{rel}","templated":true}]}}